{"id":2571,"date":"2016-11-09T09:25:08","date_gmt":"2016-11-09T08:25:08","guid":{"rendered":"https:\/\/www.arspan.com\/chi-siamo\/"},"modified":"2021-09-14T14:22:43","modified_gmt":"2021-09-14T12:22:43","slug":"qui-nous-sommes","status":"publish","type":"page","link":"https:\/\/www.arspan.com\/fr\/qui-nous-sommes\/","title":{"rendered":"Qui nous sommes"},"content":{"rendered":"\n<p>Notre soci\u00e9t\u00e9 na\u00eet au d\u00e9but des <strong>ann\u00e9es &rsquo;60<\/strong> de la fusion de deux entreprises fabricants de machines pour la <strong>r\u00e9alisation de gressins<\/strong> d\u00e9di\u00e9es au secteur artisanal. \u00c0 la fin des ann\u00e9es &rsquo;60 la soci\u00e9t\u00e9 s\u2019\u00e9tend au <strong>march\u00e9 fran\u00e7ais<\/strong> avec l\u2019acquisition d\u2019un producteur local et, ensuite, avec la construction de l\u2019\u00e9tablissement de Bellinzago Novarese, qui en constitue l\u2019actuel si\u00e8ge.<\/p>\n\n\n\n<p>Au cours des <strong>ann\u00e9es &rsquo;70<\/strong> elle se sp\u00e9cialise dans la r\u00e9alisation des <strong>installations pour la boulangerie et la p\u00e2tisserie industrielle<\/strong> et commence le parcours qui la portera \u00e0 assumer la structure actuelle, d\u00e9di\u00e9e principalement \u00e0 la conception, l&rsquo;ing\u00e9nierie, la construction, l&rsquo;assemblage et la commercialisation des machines et des installations.<\/p>\n\n\n\n<p>L\u2019entreprise s\u2019occupe donc de la production de <strong>machines et installations compl\u00e8tes et automatis\u00e9es<\/strong> pour le secteur de r\u00e9f\u00e9rence, \u00e0 couverture de toutes les \u00e9tapes de la production de nos clients, donc \u00e0 partir des <strong>groupes de t\u00eate de ligne<\/strong>, aux <strong>installations<\/strong> climatis\u00e9es <strong>pour la fermentation <\/strong>et aux <strong>installations <\/strong>pour la<strong> cuisson <\/strong>et le<strong> refroidissement<\/strong> des produits.<\/p>\n\n\n\n<p><strong>Notre proposition<\/strong> de machines et d\u2019installations inclut \u00e0 la fois l\u2019option tout compris (service cl\u00e9 en main) et les composants individuels, d\u00e9j\u00e0 pr\u00eats \u00e0 \u00eatre int\u00e9gr\u00e9es dans d\u2019autres contextes de production existants.<\/p>\n\n\n\n<p>Les machines et les installations sont r\u00e9alis\u00e9es \u00ab\u00a0ad hoc\u00a0\u00bb sur la base des <strong>demandes sp\u00e9cifiques et des exigences des clients,<\/strong> selon les volumes, formes et quantit\u00e9, qui sont les pr\u00e9requis par lesquels notre bureau technique \u00e9tudie le <strong>dimensionnement sur mesure<\/strong> des machines et des installations, pour r\u00e9pondre au mieux \u00e0 leurs besoins.<\/p>\n","protected":false},"excerpt":{"rendered":"<p>Notre soci\u00e9t\u00e9 na\u00eet au d\u00e9but des ann\u00e9es &rsquo;60 de la fusion de deux entreprises fabricants de machines pour la r\u00e9alisation de gressins d\u00e9di\u00e9es au secteur artisanal. \u00c0 la fin des ann\u00e9es &rsquo;60 la soci\u00e9t\u00e9 s\u2019\u00e9tend au march\u00e9 fran\u00e7ais avec l\u2019acquisition d\u2019un producteur local et, ensuite, avec la construction de l\u2019\u00e9tablissement de Bellinzago Novarese, qui en [&hellip;]<\/p>\n","protected":false},"author":1,"featured_media":17050,"parent":0,"menu_order":141,"comment_status":"closed","ping_status":"closed","template":"page-chi-siamo.php","meta":{"_acf_changed":false,"footnotes":""},"class_list":["post-2571","page","type-page","status-publish","has-post-thumbnail","hentry"],"acf":[],"yoast_head":"<!-- This site is optimized with the Yoast SEO plugin v27.6 - https:\/\/yoast.com\/product\/yoast-seo-wordpress\/ -->\n<title>Ars Pan Industriale\u00a0: histoire pr\u00e9sence sur les march\u00e9s italien et \u00e9tranger<\/title>\n<meta name=\"description\" content=\"L\u2019entreprise produit des machines compl\u00e8tes et automatis\u00e9es pour la panification : groupes de t\u00eate, installations climatis\u00e9es et installations de cuisson.\" \/>\n<meta name=\"robots\" content=\"index, follow, max-snippet:-1, max-image-preview:large, max-video-preview:-1\" \/>\n<link rel=\"canonical\" href=\"https:\/\/www.arspan.com\/fr\/qui-nous-sommes\/\" \/>\n<meta property=\"og:locale\" content=\"fr_FR\" \/>\n<meta property=\"og:type\" content=\"article\" \/>\n<meta property=\"og:title\" content=\"Ars Pan Industriale\u00a0: histoire pr\u00e9sence sur les march\u00e9s italien et \u00e9tranger\" \/>\n<meta property=\"og:description\" content=\"L\u2019entreprise produit des machines compl\u00e8tes et automatis\u00e9es pour la panification : groupes de t\u00eate, installations climatis\u00e9es et installations de cuisson.\" \/>\n<meta property=\"og:url\" content=\"https:\/\/www.arspan.com\/fr\/qui-nous-sommes\/\" \/>\n<meta property=\"og:site_name\" content=\"ArsPan\" \/>\n<meta property=\"article:modified_time\" content=\"2021-09-14T12:22:43+00:00\" \/>\n<meta property=\"og:image\" content=\"https:\/\/www.arspan.com\/wp-content\/uploads\/2021\/02\/Ars-pan-macchine-panificazione-azienda-esterno-4.jpg\" \/>\n\t<meta property=\"og:image:width\" content=\"1836\" \/>\n\t<meta property=\"og:image:height\" content=\"785\" \/>\n\t<meta property=\"og:image:type\" content=\"image\/jpeg\" \/>\n<meta name=\"twitter:card\" content=\"summary_large_image\" \/>\n<meta name=\"twitter:label1\" content=\"Dur\u00e9e de lecture estim\u00e9e\" \/>\n\t<meta name=\"twitter:data1\" content=\"2 minutes\" \/>\n<script type=\"application\/ld+json\" class=\"yoast-schema-graph\">{\"@context\":\"https:\\\/\\\/schema.org\",\"@graph\":[{\"@type\":\"WebPage\",\"@id\":\"https:\\\/\\\/www.arspan.com\\\/fr\\\/qui-nous-sommes\\\/\",\"url\":\"https:\\\/\\\/www.arspan.com\\\/fr\\\/qui-nous-sommes\\\/\",\"name\":\"Ars Pan Industriale\u00a0: histoire pr\u00e9sence sur les march\u00e9s italien et \u00e9tranger\",\"isPartOf\":{\"@id\":\"https:\\\/\\\/www.arspan.com\\\/en\\\/#website\"},\"primaryImageOfPage\":{\"@id\":\"https:\\\/\\\/www.arspan.com\\\/fr\\\/qui-nous-sommes\\\/#primaryimage\"},\"image\":{\"@id\":\"https:\\\/\\\/www.arspan.com\\\/fr\\\/qui-nous-sommes\\\/#primaryimage\"},\"thumbnailUrl\":\"https:\\\/\\\/www.arspan.com\\\/wp-content\\\/uploads\\\/2021\\\/02\\\/Ars-pan-macchine-panificazione-azienda-esterno-4.jpg\",\"datePublished\":\"2016-11-09T08:25:08+00:00\",\"dateModified\":\"2021-09-14T12:22:43+00:00\",\"description\":\"L\u2019entreprise produit des machines compl\u00e8tes et automatis\u00e9es pour la panification : groupes de t\u00eate, installations climatis\u00e9es et installations de cuisson.\",\"breadcrumb\":{\"@id\":\"https:\\\/\\\/www.arspan.com\\\/fr\\\/qui-nous-sommes\\\/#breadcrumb\"},\"inLanguage\":\"fr-FR\",\"potentialAction\":[{\"@type\":\"ReadAction\",\"target\":[\"https:\\\/\\\/www.arspan.com\\\/fr\\\/qui-nous-sommes\\\/\"]}]},{\"@type\":\"ImageObject\",\"inLanguage\":\"fr-FR\",\"@id\":\"https:\\\/\\\/www.arspan.com\\\/fr\\\/qui-nous-sommes\\\/#primaryimage\",\"url\":\"https:\\\/\\\/www.arspan.com\\\/wp-content\\\/uploads\\\/2021\\\/02\\\/Ars-pan-macchine-panificazione-azienda-esterno-4.jpg\",\"contentUrl\":\"https:\\\/\\\/www.arspan.com\\\/wp-content\\\/uploads\\\/2021\\\/02\\\/Ars-pan-macchine-panificazione-azienda-esterno-4.jpg\",\"width\":1836,\"height\":785},{\"@type\":\"BreadcrumbList\",\"@id\":\"https:\\\/\\\/www.arspan.com\\\/fr\\\/qui-nous-sommes\\\/#breadcrumb\",\"itemListElement\":[{\"@type\":\"ListItem\",\"position\":1,\"name\":\"\",\"item\":\"https:\\\/\\\/www.arspan.com\\\/fr\\\/\"},{\"@type\":\"ListItem\",\"position\":2,\"name\":\"Qui nous sommes\"}]},{\"@type\":\"WebSite\",\"@id\":\"https:\\\/\\\/www.arspan.com\\\/en\\\/#website\",\"url\":\"https:\\\/\\\/www.arspan.com\\\/en\\\/\",\"name\":\"ArsPan\",\"description\":\"\",\"publisher\":{\"@id\":\"https:\\\/\\\/www.arspan.com\\\/en\\\/#organization\"},\"potentialAction\":[{\"@type\":\"SearchAction\",\"target\":{\"@type\":\"EntryPoint\",\"urlTemplate\":\"https:\\\/\\\/www.arspan.com\\\/en\\\/?s={search_term_string}\"},\"query-input\":{\"@type\":\"PropertyValueSpecification\",\"valueRequired\":true,\"valueName\":\"search_term_string\"}}],\"inLanguage\":\"fr-FR\"},{\"@type\":\"Organization\",\"@id\":\"https:\\\/\\\/www.arspan.com\\\/en\\\/#organization\",\"name\":\"ARS PAN INDUSTRIALE s.r.l. a socio unico\",\"url\":\"https:\\\/\\\/www.arspan.com\\\/en\\\/\",\"logo\":{\"@type\":\"ImageObject\",\"inLanguage\":\"fr-FR\",\"@id\":\"https:\\\/\\\/www.arspan.com\\\/en\\\/#\\\/schema\\\/logo\\\/image\\\/\",\"url\":\"https:\\\/\\\/www.arspan.com\\\/wp-content\\\/uploads\\\/2020\\\/12\\\/logo_arspan.png\",\"contentUrl\":\"https:\\\/\\\/www.arspan.com\\\/wp-content\\\/uploads\\\/2020\\\/12\\\/logo_arspan.png\",\"width\":386,\"height\":123,\"caption\":\"ARS PAN INDUSTRIALE s.r.l. a socio unico\"},\"image\":{\"@id\":\"https:\\\/\\\/www.arspan.com\\\/en\\\/#\\\/schema\\\/logo\\\/image\\\/\"}}]}<\/script>\n<!-- \/ Yoast SEO plugin. -->","yoast_head_json":{"title":"Ars Pan Industriale\u00a0: histoire pr\u00e9sence sur les march\u00e9s italien et \u00e9tranger","description":"L\u2019entreprise produit des machines compl\u00e8tes et automatis\u00e9es pour la panification : groupes de t\u00eate, installations climatis\u00e9es et installations de cuisson.","robots":{"index":"index","follow":"follow","max-snippet":"max-snippet:-1","max-image-preview":"max-image-preview:large","max-video-preview":"max-video-preview:-1"},"canonical":"https:\/\/www.arspan.com\/fr\/qui-nous-sommes\/","og_locale":"fr_FR","og_type":"article","og_title":"Ars Pan Industriale\u00a0: histoire pr\u00e9sence sur les march\u00e9s italien et \u00e9tranger","og_description":"L\u2019entreprise produit des machines compl\u00e8tes et automatis\u00e9es pour la panification : groupes de t\u00eate, installations climatis\u00e9es et installations de cuisson.","og_url":"https:\/\/www.arspan.com\/fr\/qui-nous-sommes\/","og_site_name":"ArsPan","article_modified_time":"2021-09-14T12:22:43+00:00","og_image":[{"width":1836,"height":785,"url":"https:\/\/www.arspan.com\/wp-content\/uploads\/2021\/02\/Ars-pan-macchine-panificazione-azienda-esterno-4.jpg","type":"image\/jpeg"}],"twitter_card":"summary_large_image","twitter_misc":{"Dur\u00e9e de lecture estim\u00e9e":"2 minutes"},"schema":{"@context":"https:\/\/schema.org","@graph":[{"@type":"WebPage","@id":"https:\/\/www.arspan.com\/fr\/qui-nous-sommes\/","url":"https:\/\/www.arspan.com\/fr\/qui-nous-sommes\/","name":"Ars Pan Industriale\u00a0: histoire pr\u00e9sence sur les march\u00e9s italien et \u00e9tranger","isPartOf":{"@id":"https:\/\/www.arspan.com\/en\/#website"},"primaryImageOfPage":{"@id":"https:\/\/www.arspan.com\/fr\/qui-nous-sommes\/#primaryimage"},"image":{"@id":"https:\/\/www.arspan.com\/fr\/qui-nous-sommes\/#primaryimage"},"thumbnailUrl":"https:\/\/www.arspan.com\/wp-content\/uploads\/2021\/02\/Ars-pan-macchine-panificazione-azienda-esterno-4.jpg","datePublished":"2016-11-09T08:25:08+00:00","dateModified":"2021-09-14T12:22:43+00:00","description":"L\u2019entreprise produit des machines compl\u00e8tes et automatis\u00e9es pour la panification : groupes de t\u00eate, installations climatis\u00e9es et installations de cuisson.","breadcrumb":{"@id":"https:\/\/www.arspan.com\/fr\/qui-nous-sommes\/#breadcrumb"},"inLanguage":"fr-FR","potentialAction":[{"@type":"ReadAction","target":["https:\/\/www.arspan.com\/fr\/qui-nous-sommes\/"]}]},{"@type":"ImageObject","inLanguage":"fr-FR","@id":"https:\/\/www.arspan.com\/fr\/qui-nous-sommes\/#primaryimage","url":"https:\/\/www.arspan.com\/wp-content\/uploads\/2021\/02\/Ars-pan-macchine-panificazione-azienda-esterno-4.jpg","contentUrl":"https:\/\/www.arspan.com\/wp-content\/uploads\/2021\/02\/Ars-pan-macchine-panificazione-azienda-esterno-4.jpg","width":1836,"height":785},{"@type":"BreadcrumbList","@id":"https:\/\/www.arspan.com\/fr\/qui-nous-sommes\/#breadcrumb","itemListElement":[{"@type":"ListItem","position":1,"name":"","item":"https:\/\/www.arspan.com\/fr\/"},{"@type":"ListItem","position":2,"name":"Qui nous sommes"}]},{"@type":"WebSite","@id":"https:\/\/www.arspan.com\/en\/#website","url":"https:\/\/www.arspan.com\/en\/","name":"ArsPan","description":"","publisher":{"@id":"https:\/\/www.arspan.com\/en\/#organization"},"potentialAction":[{"@type":"SearchAction","target":{"@type":"EntryPoint","urlTemplate":"https:\/\/www.arspan.com\/en\/?s={search_term_string}"},"query-input":{"@type":"PropertyValueSpecification","valueRequired":true,"valueName":"search_term_string"}}],"inLanguage":"fr-FR"},{"@type":"Organization","@id":"https:\/\/www.arspan.com\/en\/#organization","name":"ARS PAN INDUSTRIALE s.r.l. a socio unico","url":"https:\/\/www.arspan.com\/en\/","logo":{"@type":"ImageObject","inLanguage":"fr-FR","@id":"https:\/\/www.arspan.com\/en\/#\/schema\/logo\/image\/","url":"https:\/\/www.arspan.com\/wp-content\/uploads\/2020\/12\/logo_arspan.png","contentUrl":"https:\/\/www.arspan.com\/wp-content\/uploads\/2020\/12\/logo_arspan.png","width":386,"height":123,"caption":"ARS PAN INDUSTRIALE s.r.l. a socio unico"},"image":{"@id":"https:\/\/www.arspan.com\/en\/#\/schema\/logo\/image\/"}}]}},"_links":{"self":[{"href":"https:\/\/www.arspan.com\/fr\/wp-json\/wp\/v2\/pages\/2571","targetHints":{"allow":["GET"]}}],"collection":[{"href":"https:\/\/www.arspan.com\/fr\/wp-json\/wp\/v2\/pages"}],"about":[{"href":"https:\/\/www.arspan.com\/fr\/wp-json\/wp\/v2\/types\/page"}],"author":[{"embeddable":true,"href":"https:\/\/www.arspan.com\/fr\/wp-json\/wp\/v2\/users\/1"}],"replies":[{"embeddable":true,"href":"https:\/\/www.arspan.com\/fr\/wp-json\/wp\/v2\/comments?post=2571"}],"version-history":[{"count":7,"href":"https:\/\/www.arspan.com\/fr\/wp-json\/wp\/v2\/pages\/2571\/revisions"}],"predecessor-version":[{"id":17667,"href":"https:\/\/www.arspan.com\/fr\/wp-json\/wp\/v2\/pages\/2571\/revisions\/17667"}],"wp:featuredmedia":[{"embeddable":true,"href":"https:\/\/www.arspan.com\/fr\/wp-json\/wp\/v2\/media\/17050"}],"wp:attachment":[{"href":"https:\/\/www.arspan.com\/fr\/wp-json\/wp\/v2\/media?parent=2571"}],"curies":[{"name":"wp","href":"https:\/\/api.w.org\/{rel}","templated":true}]}}