{"id":2581,"date":"2016-11-09T09:36:11","date_gmt":"2016-11-09T08:36:11","guid":{"rendered":"https:\/\/www.arspan.com\/prodotti\/ciabatte\/macchine-per-ciabatta\/"},"modified":"2022-03-02T14:59:45","modified_gmt":"2022-03-02T13:59:45","slug":"machine-pour-ciabatte","status":"publish","type":"page","link":"https:\/\/www.arspan.com\/fr\/produits\/ciabatte\/machine-pour-ciabatte\/","title":{"rendered":"Machine t\u00eate de ligne pour ciabatta"},"content":{"rendered":"\n<p>Nos machines pour <strong>ciabatta<\/strong> peuvent avoir une <strong><em>gamme<\/em> de production de 300kg\/h jusqu\u2019\u00e0 2500kg\/h<\/strong> de produit fini, qu\u2019il soit cuit ou pr\u00e9cuit. Les machines g\u00e8rent des p\u00e2tes doux (\u00e0 haut taux d&rsquo;hydratation) avec <strong>80% d\u2019eau<\/strong> et repos\u00e9es.<\/p>\n\n\n\n<p>Nos <strong>tr\u00e9mies<\/strong> et nos <strong>syst\u00e8mes de lamination <\/strong>sont con\u00e7us pour <strong>ne pas stresser les p\u00e2tes<\/strong> et garantir la pr\u00e9cision du poids. En effet, certaines machines peuvent \u00eatre \u00e9quip\u00e9es d\u2019un <strong>syst\u00e8me de contr\u00f4le du poids<\/strong>.<\/p>\n\n\n\n<p>Elles peuvent \u00eatre utilis\u00e9es dans des <strong>boulangeries artisanales<\/strong> ou combin\u00e9es \u00e0 des installations enti\u00e8rement automatiques pour la <strong>grande industrie<\/strong>.<\/p>\n","protected":false},"excerpt":{"rendered":"<p>Nos machines pour ciabatta peuvent avoir une gamme de production de 300kg\/h jusqu\u2019\u00e0 2500kg\/h de produit fini, qu\u2019il soit cuit ou pr\u00e9cuit. Les machines g\u00e8rent des p\u00e2tes doux (\u00e0 haut taux d&rsquo;hydratation) avec 80% d\u2019eau et repos\u00e9es. Nos tr\u00e9mies et nos syst\u00e8mes de lamination sont con\u00e7us pour ne pas stresser les p\u00e2tes et garantir la [&hellip;]<\/p>\n","protected":false},"author":1,"featured_media":16323,"parent":2578,"menu_order":3,"comment_status":"closed","ping_status":"closed","template":"page-tecnologia.php","meta":{"_acf_changed":false,"footnotes":""},"class_list":["post-2581","page","type-page","status-publish","has-post-thumbnail","hentry"],"acf":[],"yoast_head":"<!-- This site is optimized with the Yoast SEO plugin v27.5 - https:\/\/yoast.com\/product\/yoast-seo-wordpress\/ -->\n<title>Machine industrielle pour la production de ciabatte - Ars Pan Industriale<\/title>\n<meta name=\"description\" content=\"Nos machines peuvent avoir une gamme de production de 300kg\/h jusqu\u2019\u00e0 3000kg\/h et g\u00e8rent des p\u00e2tes molles et repos\u00e9es avec 80% d\u2019eau.\" \/>\n<meta name=\"robots\" content=\"index, follow, max-snippet:-1, max-image-preview:large, max-video-preview:-1\" \/>\n<link rel=\"canonical\" href=\"https:\/\/www.arspan.com\/fr\/produits\/ciabatte\/machine-pour-ciabatte\/\" \/>\n<meta property=\"og:locale\" content=\"fr_FR\" \/>\n<meta property=\"og:type\" content=\"article\" \/>\n<meta property=\"og:title\" content=\"Machine industrielle pour la production de ciabatte - Ars Pan Industriale\" \/>\n<meta property=\"og:description\" content=\"Nos machines peuvent avoir une gamme de production de 300kg\/h jusqu\u2019\u00e0 3000kg\/h et g\u00e8rent des p\u00e2tes molles et repos\u00e9es avec 80% d\u2019eau.\" \/>\n<meta property=\"og:url\" content=\"https:\/\/www.arspan.com\/fr\/produits\/ciabatte\/machine-pour-ciabatte\/\" \/>\n<meta property=\"og:site_name\" content=\"ArsPan\" \/>\n<meta property=\"article:modified_time\" content=\"2022-03-02T13:59:45+00:00\" \/>\n<meta property=\"og:image\" content=\"https:\/\/www.arspan.com\/wp-content\/uploads\/2021\/01\/arspan-macchina-di-testata-per-ciabatte-1.jpg\" \/>\n\t<meta property=\"og:image:width\" content=\"1710\" \/>\n\t<meta property=\"og:image:height\" content=\"848\" \/>\n\t<meta property=\"og:image:type\" content=\"image\/jpeg\" \/>\n<meta name=\"twitter:card\" content=\"summary_large_image\" \/>\n<meta name=\"twitter:label1\" content=\"Dur\u00e9e de lecture estim\u00e9e\" \/>\n\t<meta name=\"twitter:data1\" content=\"1 minute\" \/>\n<script type=\"application\/ld+json\" class=\"yoast-schema-graph\">{\"@context\":\"https:\\\/\\\/schema.org\",\"@graph\":[{\"@type\":\"WebPage\",\"@id\":\"https:\\\/\\\/www.arspan.com\\\/fr\\\/produits\\\/ciabatte\\\/machine-pour-ciabatte\\\/\",\"url\":\"https:\\\/\\\/www.arspan.com\\\/fr\\\/produits\\\/ciabatte\\\/machine-pour-ciabatte\\\/\",\"name\":\"Machine industrielle pour la production de ciabatte - Ars Pan Industriale\",\"isPartOf\":{\"@id\":\"https:\\\/\\\/www.arspan.com\\\/en\\\/#website\"},\"primaryImageOfPage\":{\"@id\":\"https:\\\/\\\/www.arspan.com\\\/fr\\\/produits\\\/ciabatte\\\/machine-pour-ciabatte\\\/#primaryimage\"},\"image\":{\"@id\":\"https:\\\/\\\/www.arspan.com\\\/fr\\\/produits\\\/ciabatte\\\/machine-pour-ciabatte\\\/#primaryimage\"},\"thumbnailUrl\":\"https:\\\/\\\/www.arspan.com\\\/wp-content\\\/uploads\\\/2021\\\/01\\\/arspan-macchina-di-testata-per-ciabatte-1.jpg\",\"datePublished\":\"2016-11-09T08:36:11+00:00\",\"dateModified\":\"2022-03-02T13:59:45+00:00\",\"description\":\"Nos machines peuvent avoir une gamme de production de 300kg\\\/h jusqu\u2019\u00e0 3000kg\\\/h et g\u00e8rent des p\u00e2tes molles et repos\u00e9es avec 80% d\u2019eau.\",\"breadcrumb\":{\"@id\":\"https:\\\/\\\/www.arspan.com\\\/fr\\\/produits\\\/ciabatte\\\/machine-pour-ciabatte\\\/#breadcrumb\"},\"inLanguage\":\"fr-FR\",\"potentialAction\":[{\"@type\":\"ReadAction\",\"target\":[\"https:\\\/\\\/www.arspan.com\\\/fr\\\/produits\\\/ciabatte\\\/machine-pour-ciabatte\\\/\"]}]},{\"@type\":\"ImageObject\",\"inLanguage\":\"fr-FR\",\"@id\":\"https:\\\/\\\/www.arspan.com\\\/fr\\\/produits\\\/ciabatte\\\/machine-pour-ciabatte\\\/#primaryimage\",\"url\":\"https:\\\/\\\/www.arspan.com\\\/wp-content\\\/uploads\\\/2021\\\/01\\\/arspan-macchina-di-testata-per-ciabatte-1.jpg\",\"contentUrl\":\"https:\\\/\\\/www.arspan.com\\\/wp-content\\\/uploads\\\/2021\\\/01\\\/arspan-macchina-di-testata-per-ciabatte-1.jpg\",\"width\":1710,\"height\":848},{\"@type\":\"BreadcrumbList\",\"@id\":\"https:\\\/\\\/www.arspan.com\\\/fr\\\/produits\\\/ciabatte\\\/machine-pour-ciabatte\\\/#breadcrumb\",\"itemListElement\":[{\"@type\":\"ListItem\",\"position\":1,\"name\":\"\",\"item\":\"https:\\\/\\\/www.arspan.com\\\/fr\\\/\"},{\"@type\":\"ListItem\",\"position\":2,\"name\":\"Produits\",\"item\":\"https:\\\/\\\/www.arspan.com\\\/fr\\\/produits\\\/\"},{\"@type\":\"ListItem\",\"position\":3,\"name\":\"Ciabatta\",\"item\":\"https:\\\/\\\/www.arspan.com\\\/fr\\\/produits\\\/ciabatte\\\/\"},{\"@type\":\"ListItem\",\"position\":4,\"name\":\"Machine t\u00eate de ligne pour ciabatta\"}]},{\"@type\":\"WebSite\",\"@id\":\"https:\\\/\\\/www.arspan.com\\\/en\\\/#website\",\"url\":\"https:\\\/\\\/www.arspan.com\\\/en\\\/\",\"name\":\"ArsPan\",\"description\":\"\",\"publisher\":{\"@id\":\"https:\\\/\\\/www.arspan.com\\\/en\\\/#organization\"},\"potentialAction\":[{\"@type\":\"SearchAction\",\"target\":{\"@type\":\"EntryPoint\",\"urlTemplate\":\"https:\\\/\\\/www.arspan.com\\\/en\\\/?s={search_term_string}\"},\"query-input\":{\"@type\":\"PropertyValueSpecification\",\"valueRequired\":true,\"valueName\":\"search_term_string\"}}],\"inLanguage\":\"fr-FR\"},{\"@type\":\"Organization\",\"@id\":\"https:\\\/\\\/www.arspan.com\\\/en\\\/#organization\",\"name\":\"ARS PAN INDUSTRIALE s.r.l. a socio unico\",\"url\":\"https:\\\/\\\/www.arspan.com\\\/en\\\/\",\"logo\":{\"@type\":\"ImageObject\",\"inLanguage\":\"fr-FR\",\"@id\":\"https:\\\/\\\/www.arspan.com\\\/en\\\/#\\\/schema\\\/logo\\\/image\\\/\",\"url\":\"https:\\\/\\\/www.arspan.com\\\/wp-content\\\/uploads\\\/2020\\\/12\\\/logo_arspan.png\",\"contentUrl\":\"https:\\\/\\\/www.arspan.com\\\/wp-content\\\/uploads\\\/2020\\\/12\\\/logo_arspan.png\",\"width\":386,\"height\":123,\"caption\":\"ARS PAN INDUSTRIALE s.r.l. a socio unico\"},\"image\":{\"@id\":\"https:\\\/\\\/www.arspan.com\\\/en\\\/#\\\/schema\\\/logo\\\/image\\\/\"}}]}<\/script>\n<!-- \/ Yoast SEO plugin. -->","yoast_head_json":{"title":"Machine industrielle pour la production de ciabatte - Ars Pan Industriale","description":"Nos machines peuvent avoir une gamme de production de 300kg\/h jusqu\u2019\u00e0 3000kg\/h et g\u00e8rent des p\u00e2tes molles et repos\u00e9es avec 80% d\u2019eau.","robots":{"index":"index","follow":"follow","max-snippet":"max-snippet:-1","max-image-preview":"max-image-preview:large","max-video-preview":"max-video-preview:-1"},"canonical":"https:\/\/www.arspan.com\/fr\/produits\/ciabatte\/machine-pour-ciabatte\/","og_locale":"fr_FR","og_type":"article","og_title":"Machine industrielle pour la production de ciabatte - Ars Pan Industriale","og_description":"Nos machines peuvent avoir une gamme de production de 300kg\/h jusqu\u2019\u00e0 3000kg\/h et g\u00e8rent des p\u00e2tes molles et repos\u00e9es avec 80% d\u2019eau.","og_url":"https:\/\/www.arspan.com\/fr\/produits\/ciabatte\/machine-pour-ciabatte\/","og_site_name":"ArsPan","article_modified_time":"2022-03-02T13:59:45+00:00","og_image":[{"width":1710,"height":848,"url":"https:\/\/www.arspan.com\/wp-content\/uploads\/2021\/01\/arspan-macchina-di-testata-per-ciabatte-1.jpg","type":"image\/jpeg"}],"twitter_card":"summary_large_image","twitter_misc":{"Dur\u00e9e de lecture estim\u00e9e":"1 minute"},"schema":{"@context":"https:\/\/schema.org","@graph":[{"@type":"WebPage","@id":"https:\/\/www.arspan.com\/fr\/produits\/ciabatte\/machine-pour-ciabatte\/","url":"https:\/\/www.arspan.com\/fr\/produits\/ciabatte\/machine-pour-ciabatte\/","name":"Machine industrielle pour la production de ciabatte - Ars Pan Industriale","isPartOf":{"@id":"https:\/\/www.arspan.com\/en\/#website"},"primaryImageOfPage":{"@id":"https:\/\/www.arspan.com\/fr\/produits\/ciabatte\/machine-pour-ciabatte\/#primaryimage"},"image":{"@id":"https:\/\/www.arspan.com\/fr\/produits\/ciabatte\/machine-pour-ciabatte\/#primaryimage"},"thumbnailUrl":"https:\/\/www.arspan.com\/wp-content\/uploads\/2021\/01\/arspan-macchina-di-testata-per-ciabatte-1.jpg","datePublished":"2016-11-09T08:36:11+00:00","dateModified":"2022-03-02T13:59:45+00:00","description":"Nos machines peuvent avoir une gamme de production de 300kg\/h jusqu\u2019\u00e0 3000kg\/h et g\u00e8rent des p\u00e2tes molles et repos\u00e9es avec 80% d\u2019eau.","breadcrumb":{"@id":"https:\/\/www.arspan.com\/fr\/produits\/ciabatte\/machine-pour-ciabatte\/#breadcrumb"},"inLanguage":"fr-FR","potentialAction":[{"@type":"ReadAction","target":["https:\/\/www.arspan.com\/fr\/produits\/ciabatte\/machine-pour-ciabatte\/"]}]},{"@type":"ImageObject","inLanguage":"fr-FR","@id":"https:\/\/www.arspan.com\/fr\/produits\/ciabatte\/machine-pour-ciabatte\/#primaryimage","url":"https:\/\/www.arspan.com\/wp-content\/uploads\/2021\/01\/arspan-macchina-di-testata-per-ciabatte-1.jpg","contentUrl":"https:\/\/www.arspan.com\/wp-content\/uploads\/2021\/01\/arspan-macchina-di-testata-per-ciabatte-1.jpg","width":1710,"height":848},{"@type":"BreadcrumbList","@id":"https:\/\/www.arspan.com\/fr\/produits\/ciabatte\/machine-pour-ciabatte\/#breadcrumb","itemListElement":[{"@type":"ListItem","position":1,"name":"","item":"https:\/\/www.arspan.com\/fr\/"},{"@type":"ListItem","position":2,"name":"Produits","item":"https:\/\/www.arspan.com\/fr\/produits\/"},{"@type":"ListItem","position":3,"name":"Ciabatta","item":"https:\/\/www.arspan.com\/fr\/produits\/ciabatte\/"},{"@type":"ListItem","position":4,"name":"Machine t\u00eate de ligne pour ciabatta"}]},{"@type":"WebSite","@id":"https:\/\/www.arspan.com\/en\/#website","url":"https:\/\/www.arspan.com\/en\/","name":"ArsPan","description":"","publisher":{"@id":"https:\/\/www.arspan.com\/en\/#organization"},"potentialAction":[{"@type":"SearchAction","target":{"@type":"EntryPoint","urlTemplate":"https:\/\/www.arspan.com\/en\/?s={search_term_string}"},"query-input":{"@type":"PropertyValueSpecification","valueRequired":true,"valueName":"search_term_string"}}],"inLanguage":"fr-FR"},{"@type":"Organization","@id":"https:\/\/www.arspan.com\/en\/#organization","name":"ARS PAN INDUSTRIALE s.r.l. a socio unico","url":"https:\/\/www.arspan.com\/en\/","logo":{"@type":"ImageObject","inLanguage":"fr-FR","@id":"https:\/\/www.arspan.com\/en\/#\/schema\/logo\/image\/","url":"https:\/\/www.arspan.com\/wp-content\/uploads\/2020\/12\/logo_arspan.png","contentUrl":"https:\/\/www.arspan.com\/wp-content\/uploads\/2020\/12\/logo_arspan.png","width":386,"height":123,"caption":"ARS PAN INDUSTRIALE s.r.l. a socio unico"},"image":{"@id":"https:\/\/www.arspan.com\/en\/#\/schema\/logo\/image\/"}}]}},"_links":{"self":[{"href":"https:\/\/www.arspan.com\/fr\/wp-json\/wp\/v2\/pages\/2581","targetHints":{"allow":["GET"]}}],"collection":[{"href":"https:\/\/www.arspan.com\/fr\/wp-json\/wp\/v2\/pages"}],"about":[{"href":"https:\/\/www.arspan.com\/fr\/wp-json\/wp\/v2\/types\/page"}],"author":[{"embeddable":true,"href":"https:\/\/www.arspan.com\/fr\/wp-json\/wp\/v2\/users\/1"}],"replies":[{"embeddable":true,"href":"https:\/\/www.arspan.com\/fr\/wp-json\/wp\/v2\/comments?post=2581"}],"version-history":[{"count":3,"href":"https:\/\/www.arspan.com\/fr\/wp-json\/wp\/v2\/pages\/2581\/revisions"}],"predecessor-version":[{"id":17391,"href":"https:\/\/www.arspan.com\/fr\/wp-json\/wp\/v2\/pages\/2581\/revisions\/17391"}],"up":[{"embeddable":true,"href":"https:\/\/www.arspan.com\/fr\/wp-json\/wp\/v2\/pages\/2578"}],"wp:featuredmedia":[{"embeddable":true,"href":"https:\/\/www.arspan.com\/fr\/wp-json\/wp\/v2\/media\/16323"}],"wp:attachment":[{"href":"https:\/\/www.arspan.com\/fr\/wp-json\/wp\/v2\/media?parent=2581"}],"curies":[{"name":"wp","href":"https:\/\/api.w.org\/{rel}","templated":true}]}}