{"id":6827,"date":"2016-12-16T17:22:52","date_gmt":"2016-12-16T16:22:52","guid":{"rendered":"https:\/\/www.arspan.com\/?page_id=6827"},"modified":"2021-09-14T16:53:49","modified_gmt":"2021-09-14T14:53:49","slug":"four-a-tunnel-pour-baguette","status":"publish","type":"page","link":"https:\/\/www.arspan.com\/fr\/produits\/baguette\/four-a-tunnel-pour-baguette\/","title":{"rendered":"Four \u00e0 tunnel pour la cuisson des baguettes"},"content":{"rendered":"<p><span style=\"font-size: inherit;\">Nos fours \u00e0 tunnel <\/span><strong style=\"font-size: inherit;\">cyclothermes<\/strong><span style=\"font-size: inherit;\"> pour la cuisson des <\/span><strong style=\"font-size: inherit;\">baguettes<\/strong><span style=\"font-size: inherit;\"> peuvent \u00eatre de diff\u00e9rentes largeurs et longueurs utiles, en fonction de espaces disponibles chez nos clients ou selon les volumes de produits demand\u00e9s, avec des <\/span><strong style=\"font-size: inherit;\">sols de cuisson jusqu\u2019\u00e0<\/strong> <strong style=\"font-size: inherit;\">140 m\u00e8tres carr\u00e9s<\/strong><span style=\"font-size: inherit;\">, et peuvent \u00eatre de trois types\u00a0:<\/span><\/p>\n<ul>\n<li>&#8211; sol de cuisson <strong>r\u00e9fractaire<\/strong><\/li>\n<li>&#8211; sol de cuisson en <strong>pierre volcanique \/ granit<\/strong> pour une cuisson plus artisanale<\/li>\n<li>&#8211; sol de cuisson avec<strong> tapis \u00e0 maille<\/strong> pour une cuisson plus \u00ab\u00a0douce\u00a0\u00bb ou une cuisson sur plaque<\/li>\n<\/ul>\n","protected":false},"excerpt":{"rendered":"<p>Nos fours \u00e0 tunnel cyclothermes pour la cuisson des baguettes peuvent \u00eatre de diff\u00e9rentes largeurs et longueurs utiles, en fonction de espaces disponibles chez nos clients ou selon les volumes de produits demand\u00e9s, avec des sols de cuisson jusqu\u2019\u00e0 140 m\u00e8tres carr\u00e9s, et peuvent \u00eatre de trois types\u00a0: &#8211; sol de cuisson r\u00e9fractaire &#8211; sol [&hellip;]<\/p>\n","protected":false},"author":1,"featured_media":16314,"parent":6816,"menu_order":103,"comment_status":"closed","ping_status":"closed","template":"page-tecnologia.php","meta":{"_acf_changed":false,"footnotes":""},"class_list":["post-6827","page","type-page","status-publish","has-post-thumbnail","hentry"],"acf":[],"yoast_head":"<!-- This site is optimized with the Yoast SEO plugin v27.4 - https:\/\/yoast.com\/product\/yoast-seo-wordpress\/ -->\n<title>Four \u00e0 tunnel pour la production de baguettes &#8211; Ars Pan Industriale<\/title>\n<meta name=\"description\" content=\"Nos fours \u00e0 tunnel pour la production de baguettes peuvent \u00eatre de diff\u00e9rentes largeurs et longueurs avec trois types de sols de cuisson.\" \/>\n<meta name=\"robots\" content=\"index, follow, max-snippet:-1, max-image-preview:large, max-video-preview:-1\" \/>\n<link rel=\"canonical\" href=\"https:\/\/www.arspan.com\/fr\/produits\/baguette\/four-a-tunnel-pour-baguette\/\" \/>\n<meta property=\"og:locale\" content=\"fr_FR\" \/>\n<meta property=\"og:type\" content=\"article\" \/>\n<meta property=\"og:title\" content=\"Four \u00e0 tunnel pour la production de baguettes &#8211; Ars Pan Industriale\" \/>\n<meta property=\"og:description\" content=\"Nos fours \u00e0 tunnel pour la production de baguettes peuvent \u00eatre de diff\u00e9rentes largeurs et longueurs avec trois types de sols de cuisson.\" \/>\n<meta property=\"og:url\" content=\"https:\/\/www.arspan.com\/fr\/produits\/baguette\/four-a-tunnel-pour-baguette\/\" \/>\n<meta property=\"og:site_name\" content=\"ArsPan\" \/>\n<meta property=\"article:modified_time\" content=\"2021-09-14T14:53:49+00:00\" \/>\n<meta property=\"og:image\" content=\"https:\/\/www.arspan.com\/wp-content\/uploads\/2021\/01\/arspan-forno-a-tunnel-di-cottura2500-1500.png\" \/>\n\t<meta property=\"og:image:width\" content=\"2500\" \/>\n\t<meta property=\"og:image:height\" content=\"1500\" \/>\n\t<meta property=\"og:image:type\" content=\"image\/png\" \/>\n<meta name=\"twitter:card\" content=\"summary_large_image\" \/>\n<meta name=\"twitter:label1\" content=\"Dur\u00e9e de lecture estim\u00e9e\" \/>\n\t<meta name=\"twitter:data1\" content=\"1 minute\" \/>\n<script type=\"application\/ld+json\" class=\"yoast-schema-graph\">{\"@context\":\"https:\\\/\\\/schema.org\",\"@graph\":[{\"@type\":\"WebPage\",\"@id\":\"https:\\\/\\\/www.arspan.com\\\/fr\\\/produits\\\/baguette\\\/four-a-tunnel-pour-baguette\\\/\",\"url\":\"https:\\\/\\\/www.arspan.com\\\/fr\\\/produits\\\/baguette\\\/four-a-tunnel-pour-baguette\\\/\",\"name\":\"Four \u00e0 tunnel pour la production de baguettes &#8211; Ars Pan Industriale\",\"isPartOf\":{\"@id\":\"https:\\\/\\\/www.arspan.com\\\/en\\\/#website\"},\"primaryImageOfPage\":{\"@id\":\"https:\\\/\\\/www.arspan.com\\\/fr\\\/produits\\\/baguette\\\/four-a-tunnel-pour-baguette\\\/#primaryimage\"},\"image\":{\"@id\":\"https:\\\/\\\/www.arspan.com\\\/fr\\\/produits\\\/baguette\\\/four-a-tunnel-pour-baguette\\\/#primaryimage\"},\"thumbnailUrl\":\"https:\\\/\\\/www.arspan.com\\\/wp-content\\\/uploads\\\/2021\\\/01\\\/arspan-forno-a-tunnel-di-cottura2500-1500.png\",\"datePublished\":\"2016-12-16T16:22:52+00:00\",\"dateModified\":\"2021-09-14T14:53:49+00:00\",\"description\":\"Nos fours \u00e0 tunnel pour la production de baguettes peuvent \u00eatre de diff\u00e9rentes largeurs et longueurs avec trois types de sols de cuisson.\",\"breadcrumb\":{\"@id\":\"https:\\\/\\\/www.arspan.com\\\/fr\\\/produits\\\/baguette\\\/four-a-tunnel-pour-baguette\\\/#breadcrumb\"},\"inLanguage\":\"fr-FR\",\"potentialAction\":[{\"@type\":\"ReadAction\",\"target\":[\"https:\\\/\\\/www.arspan.com\\\/fr\\\/produits\\\/baguette\\\/four-a-tunnel-pour-baguette\\\/\"]}]},{\"@type\":\"ImageObject\",\"inLanguage\":\"fr-FR\",\"@id\":\"https:\\\/\\\/www.arspan.com\\\/fr\\\/produits\\\/baguette\\\/four-a-tunnel-pour-baguette\\\/#primaryimage\",\"url\":\"https:\\\/\\\/www.arspan.com\\\/wp-content\\\/uploads\\\/2021\\\/01\\\/arspan-forno-a-tunnel-di-cottura2500-1500.png\",\"contentUrl\":\"https:\\\/\\\/www.arspan.com\\\/wp-content\\\/uploads\\\/2021\\\/01\\\/arspan-forno-a-tunnel-di-cottura2500-1500.png\",\"width\":2500,\"height\":1500},{\"@type\":\"BreadcrumbList\",\"@id\":\"https:\\\/\\\/www.arspan.com\\\/fr\\\/produits\\\/baguette\\\/four-a-tunnel-pour-baguette\\\/#breadcrumb\",\"itemListElement\":[{\"@type\":\"ListItem\",\"position\":1,\"name\":\"\",\"item\":\"https:\\\/\\\/www.arspan.com\\\/fr\\\/\"},{\"@type\":\"ListItem\",\"position\":2,\"name\":\"Produits\",\"item\":\"https:\\\/\\\/www.arspan.com\\\/fr\\\/produits\\\/\"},{\"@type\":\"ListItem\",\"position\":3,\"name\":\"Baguettes\",\"item\":\"https:\\\/\\\/www.arspan.com\\\/fr\\\/produits\\\/baguette\\\/\"},{\"@type\":\"ListItem\",\"position\":4,\"name\":\"Four \u00e0 tunnel pour la cuisson des baguettes\"}]},{\"@type\":\"WebSite\",\"@id\":\"https:\\\/\\\/www.arspan.com\\\/en\\\/#website\",\"url\":\"https:\\\/\\\/www.arspan.com\\\/en\\\/\",\"name\":\"ArsPan\",\"description\":\"\",\"publisher\":{\"@id\":\"https:\\\/\\\/www.arspan.com\\\/en\\\/#organization\"},\"potentialAction\":[{\"@type\":\"SearchAction\",\"target\":{\"@type\":\"EntryPoint\",\"urlTemplate\":\"https:\\\/\\\/www.arspan.com\\\/en\\\/?s={search_term_string}\"},\"query-input\":{\"@type\":\"PropertyValueSpecification\",\"valueRequired\":true,\"valueName\":\"search_term_string\"}}],\"inLanguage\":\"fr-FR\"},{\"@type\":\"Organization\",\"@id\":\"https:\\\/\\\/www.arspan.com\\\/en\\\/#organization\",\"name\":\"ARS PAN INDUSTRIALE s.r.l. a socio unico\",\"url\":\"https:\\\/\\\/www.arspan.com\\\/en\\\/\",\"logo\":{\"@type\":\"ImageObject\",\"inLanguage\":\"fr-FR\",\"@id\":\"https:\\\/\\\/www.arspan.com\\\/en\\\/#\\\/schema\\\/logo\\\/image\\\/\",\"url\":\"https:\\\/\\\/www.arspan.com\\\/wp-content\\\/uploads\\\/2020\\\/12\\\/logo_arspan.png\",\"contentUrl\":\"https:\\\/\\\/www.arspan.com\\\/wp-content\\\/uploads\\\/2020\\\/12\\\/logo_arspan.png\",\"width\":386,\"height\":123,\"caption\":\"ARS PAN INDUSTRIALE s.r.l. a socio unico\"},\"image\":{\"@id\":\"https:\\\/\\\/www.arspan.com\\\/en\\\/#\\\/schema\\\/logo\\\/image\\\/\"}}]}<\/script>\n<!-- \/ Yoast SEO plugin. -->","yoast_head_json":{"title":"Four \u00e0 tunnel pour la production de baguettes &#8211; Ars Pan Industriale","description":"Nos fours \u00e0 tunnel pour la production de baguettes peuvent \u00eatre de diff\u00e9rentes largeurs et longueurs avec trois types de sols de cuisson.","robots":{"index":"index","follow":"follow","max-snippet":"max-snippet:-1","max-image-preview":"max-image-preview:large","max-video-preview":"max-video-preview:-1"},"canonical":"https:\/\/www.arspan.com\/fr\/produits\/baguette\/four-a-tunnel-pour-baguette\/","og_locale":"fr_FR","og_type":"article","og_title":"Four \u00e0 tunnel pour la production de baguettes &#8211; Ars Pan Industriale","og_description":"Nos fours \u00e0 tunnel pour la production de baguettes peuvent \u00eatre de diff\u00e9rentes largeurs et longueurs avec trois types de sols de cuisson.","og_url":"https:\/\/www.arspan.com\/fr\/produits\/baguette\/four-a-tunnel-pour-baguette\/","og_site_name":"ArsPan","article_modified_time":"2021-09-14T14:53:49+00:00","og_image":[{"width":2500,"height":1500,"url":"https:\/\/www.arspan.com\/wp-content\/uploads\/2021\/01\/arspan-forno-a-tunnel-di-cottura2500-1500.png","type":"image\/png"}],"twitter_card":"summary_large_image","twitter_misc":{"Dur\u00e9e de lecture estim\u00e9e":"1 minute"},"schema":{"@context":"https:\/\/schema.org","@graph":[{"@type":"WebPage","@id":"https:\/\/www.arspan.com\/fr\/produits\/baguette\/four-a-tunnel-pour-baguette\/","url":"https:\/\/www.arspan.com\/fr\/produits\/baguette\/four-a-tunnel-pour-baguette\/","name":"Four \u00e0 tunnel pour la production de baguettes &#8211; Ars Pan Industriale","isPartOf":{"@id":"https:\/\/www.arspan.com\/en\/#website"},"primaryImageOfPage":{"@id":"https:\/\/www.arspan.com\/fr\/produits\/baguette\/four-a-tunnel-pour-baguette\/#primaryimage"},"image":{"@id":"https:\/\/www.arspan.com\/fr\/produits\/baguette\/four-a-tunnel-pour-baguette\/#primaryimage"},"thumbnailUrl":"https:\/\/www.arspan.com\/wp-content\/uploads\/2021\/01\/arspan-forno-a-tunnel-di-cottura2500-1500.png","datePublished":"2016-12-16T16:22:52+00:00","dateModified":"2021-09-14T14:53:49+00:00","description":"Nos fours \u00e0 tunnel pour la production de baguettes peuvent \u00eatre de diff\u00e9rentes largeurs et longueurs avec trois types de sols de cuisson.","breadcrumb":{"@id":"https:\/\/www.arspan.com\/fr\/produits\/baguette\/four-a-tunnel-pour-baguette\/#breadcrumb"},"inLanguage":"fr-FR","potentialAction":[{"@type":"ReadAction","target":["https:\/\/www.arspan.com\/fr\/produits\/baguette\/four-a-tunnel-pour-baguette\/"]}]},{"@type":"ImageObject","inLanguage":"fr-FR","@id":"https:\/\/www.arspan.com\/fr\/produits\/baguette\/four-a-tunnel-pour-baguette\/#primaryimage","url":"https:\/\/www.arspan.com\/wp-content\/uploads\/2021\/01\/arspan-forno-a-tunnel-di-cottura2500-1500.png","contentUrl":"https:\/\/www.arspan.com\/wp-content\/uploads\/2021\/01\/arspan-forno-a-tunnel-di-cottura2500-1500.png","width":2500,"height":1500},{"@type":"BreadcrumbList","@id":"https:\/\/www.arspan.com\/fr\/produits\/baguette\/four-a-tunnel-pour-baguette\/#breadcrumb","itemListElement":[{"@type":"ListItem","position":1,"name":"","item":"https:\/\/www.arspan.com\/fr\/"},{"@type":"ListItem","position":2,"name":"Produits","item":"https:\/\/www.arspan.com\/fr\/produits\/"},{"@type":"ListItem","position":3,"name":"Baguettes","item":"https:\/\/www.arspan.com\/fr\/produits\/baguette\/"},{"@type":"ListItem","position":4,"name":"Four \u00e0 tunnel pour la cuisson des baguettes"}]},{"@type":"WebSite","@id":"https:\/\/www.arspan.com\/en\/#website","url":"https:\/\/www.arspan.com\/en\/","name":"ArsPan","description":"","publisher":{"@id":"https:\/\/www.arspan.com\/en\/#organization"},"potentialAction":[{"@type":"SearchAction","target":{"@type":"EntryPoint","urlTemplate":"https:\/\/www.arspan.com\/en\/?s={search_term_string}"},"query-input":{"@type":"PropertyValueSpecification","valueRequired":true,"valueName":"search_term_string"}}],"inLanguage":"fr-FR"},{"@type":"Organization","@id":"https:\/\/www.arspan.com\/en\/#organization","name":"ARS PAN INDUSTRIALE s.r.l. a socio unico","url":"https:\/\/www.arspan.com\/en\/","logo":{"@type":"ImageObject","inLanguage":"fr-FR","@id":"https:\/\/www.arspan.com\/en\/#\/schema\/logo\/image\/","url":"https:\/\/www.arspan.com\/wp-content\/uploads\/2020\/12\/logo_arspan.png","contentUrl":"https:\/\/www.arspan.com\/wp-content\/uploads\/2020\/12\/logo_arspan.png","width":386,"height":123,"caption":"ARS PAN INDUSTRIALE s.r.l. a socio unico"},"image":{"@id":"https:\/\/www.arspan.com\/en\/#\/schema\/logo\/image\/"}}]}},"_links":{"self":[{"href":"https:\/\/www.arspan.com\/fr\/wp-json\/wp\/v2\/pages\/6827","targetHints":{"allow":["GET"]}}],"collection":[{"href":"https:\/\/www.arspan.com\/fr\/wp-json\/wp\/v2\/pages"}],"about":[{"href":"https:\/\/www.arspan.com\/fr\/wp-json\/wp\/v2\/types\/page"}],"author":[{"embeddable":true,"href":"https:\/\/www.arspan.com\/fr\/wp-json\/wp\/v2\/users\/1"}],"replies":[{"embeddable":true,"href":"https:\/\/www.arspan.com\/fr\/wp-json\/wp\/v2\/comments?post=6827"}],"version-history":[{"count":5,"href":"https:\/\/www.arspan.com\/fr\/wp-json\/wp\/v2\/pages\/6827\/revisions"}],"predecessor-version":[{"id":17670,"href":"https:\/\/www.arspan.com\/fr\/wp-json\/wp\/v2\/pages\/6827\/revisions\/17670"}],"up":[{"embeddable":true,"href":"https:\/\/www.arspan.com\/fr\/wp-json\/wp\/v2\/pages\/6816"}],"wp:featuredmedia":[{"embeddable":true,"href":"https:\/\/www.arspan.com\/fr\/wp-json\/wp\/v2\/media\/16314"}],"wp:attachment":[{"href":"https:\/\/www.arspan.com\/fr\/wp-json\/wp\/v2\/media?parent=6827"}],"curies":[{"name":"wp","href":"https:\/\/api.w.org\/{rel}","templated":true}]}}