{"id":6835,"date":"2016-12-20T10:09:18","date_gmt":"2016-12-20T09:09:18","guid":{"rendered":"https:\/\/www.arspan.com\/?page_id=6835"},"modified":"2021-08-16T12:26:14","modified_gmt":"2021-08-16T10:26:14","slug":"machine-de-tete-fougasses","status":"publish","type":"page","link":"https:\/\/www.arspan.com\/fr\/produits\/fougasses\/machine-de-tete-fougasses\/","title":{"rendered":"Machine t\u00eate de ligne pour fougasse"},"content":{"rendered":"<p>Le processus de formation de la fougasse pr\u00e9voit <strong>deux facon de faire <\/strong>de celle-ci:<\/p>\n<ul>\n<li>fougasse provenant d\u2019une <strong>boule de p\u00e2te<\/strong>, ensuite repos\u00e9e, aplatie et arondi\u00a0en plusieurs \u00e9tapes<\/li>\n<li>fougasse provenant d\u2019une <strong>bande de p\u00e2te lamin\u00e9e<\/strong>, avec une phase ult\u00e9rieure de coupe circulaire ou rectangulaire<\/li>\n<\/ul>\n<p>Les deux facon de faire diff\u00e8rent par le <strong>r\u00e9sultat final<\/strong> d\u00e9sir\u00e9 d\u2019une fougasse plus ou moins alv\u00e9ol\u00e9e et, par cons\u00e9quent, plus ou moins rustique.<\/p>\n<p>Nos machines t\u00eate de ligne pour fougasse peuvent avoir une <strong><em>gamme<\/em> de production de 600 fougasse\/heure jusqu\u2019\u00e0 12.000 fougasse\/heure<\/strong>. Elles g\u00e8rent des p\u00e2tes doux (avec un haut taux d&rsquo;hydratation) avec <strong>80% d\u2019eau <\/strong>et repos\u00e9s. Nos tr\u00e9mies et nos syst\u00e8mes de lamination sont con\u00e7us pour ne pas stresser les p\u00e2tes et garantir une pr\u00e9cision du poids.<\/p>\n<p>Elles peuvent \u00eatre utilis\u00e9es dans des <strong>boulangeries artisanales<\/strong> ou combin\u00e9es \u00e0 des installations enti\u00e8rement automatiques pour la <strong>grande industrie.<\/strong><\/p>\n<p>Les machines peuvent \u00eatre \u00e9quip\u00e9es de <strong>distributeurs de sel, de saumure et d\u2019huile<\/strong> n\u00e9cessaires au processus de fermentation ou de cuisson.<\/p>\n<p><iframe loading=\"lazy\" src=\"https:\/\/www.youtube.com\/embed\/6jxLADlO_0g\" width=\"560\" height=\"315\" frameborder=\"0\" allowfullscreen=\"allowfullscreen\" data-mce-fragment=\"1\"><\/iframe><\/p>\n","protected":false},"excerpt":{"rendered":"<p>Le processus de formation de la fougasse pr\u00e9voit deux facon de faire de celle-ci: fougasse provenant d\u2019une boule de p\u00e2te, ensuite repos\u00e9e, aplatie et arondi\u00a0en plusieurs \u00e9tapes fougasse provenant d\u2019une bande de p\u00e2te lamin\u00e9e, avec une phase ult\u00e9rieure de coupe circulaire ou rectangulaire Les deux facon de faire diff\u00e8rent par le r\u00e9sultat final d\u00e9sir\u00e9 d\u2019une [&hellip;]<\/p>\n","protected":false},"author":1,"featured_media":11352,"parent":6834,"menu_order":29,"comment_status":"closed","ping_status":"closed","template":"page-tecnologia.php","meta":{"_acf_changed":false,"footnotes":""},"class_list":["post-6835","page","type-page","status-publish","has-post-thumbnail","hentry"],"acf":[],"yoast_head":"<!-- This site is optimized with the Yoast SEO plugin v27.6 - https:\/\/yoast.com\/product\/yoast-seo-wordpress\/ -->\n<title>Machine t\u00eate de ligne pour fougasse &#8211; Ars Pan Industriale<\/title>\n<meta name=\"description\" content=\"Nos machines pour fougasse peuvent avoir une gamme de production allant jusqu\u2019\u00e0 500 plats\/h. Pour en savoir plus contactez-nous \u27060321 987788.\" \/>\n<meta name=\"robots\" content=\"index, follow, max-snippet:-1, max-image-preview:large, max-video-preview:-1\" \/>\n<link rel=\"canonical\" href=\"https:\/\/www.arspan.com\/fr\/produits\/fougasses\/machine-de-tete-fougasses\/\" \/>\n<meta property=\"og:locale\" content=\"fr_FR\" \/>\n<meta property=\"og:type\" content=\"article\" \/>\n<meta property=\"og:title\" content=\"Machine t\u00eate de ligne pour fougasse &#8211; Ars Pan Industriale\" \/>\n<meta property=\"og:description\" content=\"Nos machines pour fougasse peuvent avoir une gamme de production allant jusqu\u2019\u00e0 500 plats\/h. Pour en savoir plus contactez-nous \u27060321 987788.\" \/>\n<meta property=\"og:url\" content=\"https:\/\/www.arspan.com\/fr\/produits\/fougasses\/machine-de-tete-fougasses\/\" \/>\n<meta property=\"og:site_name\" content=\"ArsPan\" \/>\n<meta property=\"article:modified_time\" content=\"2021-08-16T10:26:14+00:00\" \/>\n<meta property=\"og:image\" content=\"https:\/\/www.arspan.com\/wp-content\/uploads\/2020\/12\/arspan-macchina-di-testata-per-focacce.jpg\" \/>\n\t<meta property=\"og:image:width\" content=\"1709\" \/>\n\t<meta property=\"og:image:height\" content=\"848\" \/>\n\t<meta property=\"og:image:type\" content=\"image\/jpeg\" \/>\n<meta name=\"twitter:card\" content=\"summary_large_image\" \/>\n<meta name=\"twitter:label1\" content=\"Dur\u00e9e de lecture estim\u00e9e\" \/>\n\t<meta name=\"twitter:data1\" content=\"1 minute\" \/>\n<script type=\"application\/ld+json\" class=\"yoast-schema-graph\">{\"@context\":\"https:\\\/\\\/schema.org\",\"@graph\":[{\"@type\":\"WebPage\",\"@id\":\"https:\\\/\\\/www.arspan.com\\\/fr\\\/produits\\\/fougasses\\\/machine-de-tete-fougasses\\\/\",\"url\":\"https:\\\/\\\/www.arspan.com\\\/fr\\\/produits\\\/fougasses\\\/machine-de-tete-fougasses\\\/\",\"name\":\"Machine t\u00eate de ligne pour fougasse &#8211; Ars Pan Industriale\",\"isPartOf\":{\"@id\":\"https:\\\/\\\/www.arspan.com\\\/en\\\/#website\"},\"primaryImageOfPage\":{\"@id\":\"https:\\\/\\\/www.arspan.com\\\/fr\\\/produits\\\/fougasses\\\/machine-de-tete-fougasses\\\/#primaryimage\"},\"image\":{\"@id\":\"https:\\\/\\\/www.arspan.com\\\/fr\\\/produits\\\/fougasses\\\/machine-de-tete-fougasses\\\/#primaryimage\"},\"thumbnailUrl\":\"https:\\\/\\\/www.arspan.com\\\/wp-content\\\/uploads\\\/2020\\\/12\\\/arspan-macchina-di-testata-per-focacce.jpg\",\"datePublished\":\"2016-12-20T09:09:18+00:00\",\"dateModified\":\"2021-08-16T10:26:14+00:00\",\"description\":\"Nos machines pour fougasse peuvent avoir une gamme de production allant jusqu\u2019\u00e0 500 plats\\\/h. Pour en savoir plus contactez-nous \u27060321 987788.\",\"breadcrumb\":{\"@id\":\"https:\\\/\\\/www.arspan.com\\\/fr\\\/produits\\\/fougasses\\\/machine-de-tete-fougasses\\\/#breadcrumb\"},\"inLanguage\":\"fr-FR\",\"potentialAction\":[{\"@type\":\"ReadAction\",\"target\":[\"https:\\\/\\\/www.arspan.com\\\/fr\\\/produits\\\/fougasses\\\/machine-de-tete-fougasses\\\/\"]}]},{\"@type\":\"ImageObject\",\"inLanguage\":\"fr-FR\",\"@id\":\"https:\\\/\\\/www.arspan.com\\\/fr\\\/produits\\\/fougasses\\\/machine-de-tete-fougasses\\\/#primaryimage\",\"url\":\"https:\\\/\\\/www.arspan.com\\\/wp-content\\\/uploads\\\/2020\\\/12\\\/arspan-macchina-di-testata-per-focacce.jpg\",\"contentUrl\":\"https:\\\/\\\/www.arspan.com\\\/wp-content\\\/uploads\\\/2020\\\/12\\\/arspan-macchina-di-testata-per-focacce.jpg\",\"width\":1709,\"height\":848},{\"@type\":\"BreadcrumbList\",\"@id\":\"https:\\\/\\\/www.arspan.com\\\/fr\\\/produits\\\/fougasses\\\/machine-de-tete-fougasses\\\/#breadcrumb\",\"itemListElement\":[{\"@type\":\"ListItem\",\"position\":1,\"name\":\"\",\"item\":\"https:\\\/\\\/www.arspan.com\\\/fr\\\/\"},{\"@type\":\"ListItem\",\"position\":2,\"name\":\"Produits\",\"item\":\"https:\\\/\\\/www.arspan.com\\\/fr\\\/produits\\\/\"},{\"@type\":\"ListItem\",\"position\":3,\"name\":\"Fougasse\",\"item\":\"https:\\\/\\\/www.arspan.com\\\/fr\\\/produits\\\/fougasses\\\/\"},{\"@type\":\"ListItem\",\"position\":4,\"name\":\"Machine t\u00eate de ligne pour fougasse\"}]},{\"@type\":\"WebSite\",\"@id\":\"https:\\\/\\\/www.arspan.com\\\/en\\\/#website\",\"url\":\"https:\\\/\\\/www.arspan.com\\\/en\\\/\",\"name\":\"ArsPan\",\"description\":\"\",\"publisher\":{\"@id\":\"https:\\\/\\\/www.arspan.com\\\/en\\\/#organization\"},\"potentialAction\":[{\"@type\":\"SearchAction\",\"target\":{\"@type\":\"EntryPoint\",\"urlTemplate\":\"https:\\\/\\\/www.arspan.com\\\/en\\\/?s={search_term_string}\"},\"query-input\":{\"@type\":\"PropertyValueSpecification\",\"valueRequired\":true,\"valueName\":\"search_term_string\"}}],\"inLanguage\":\"fr-FR\"},{\"@type\":\"Organization\",\"@id\":\"https:\\\/\\\/www.arspan.com\\\/en\\\/#organization\",\"name\":\"ARS PAN INDUSTRIALE s.r.l. a socio unico\",\"url\":\"https:\\\/\\\/www.arspan.com\\\/en\\\/\",\"logo\":{\"@type\":\"ImageObject\",\"inLanguage\":\"fr-FR\",\"@id\":\"https:\\\/\\\/www.arspan.com\\\/en\\\/#\\\/schema\\\/logo\\\/image\\\/\",\"url\":\"https:\\\/\\\/www.arspan.com\\\/wp-content\\\/uploads\\\/2020\\\/12\\\/logo_arspan.png\",\"contentUrl\":\"https:\\\/\\\/www.arspan.com\\\/wp-content\\\/uploads\\\/2020\\\/12\\\/logo_arspan.png\",\"width\":386,\"height\":123,\"caption\":\"ARS PAN INDUSTRIALE s.r.l. a socio unico\"},\"image\":{\"@id\":\"https:\\\/\\\/www.arspan.com\\\/en\\\/#\\\/schema\\\/logo\\\/image\\\/\"}}]}<\/script>\n<!-- \/ Yoast SEO plugin. -->","yoast_head_json":{"title":"Machine t\u00eate de ligne pour fougasse &#8211; Ars Pan Industriale","description":"Nos machines pour fougasse peuvent avoir une gamme de production allant jusqu\u2019\u00e0 500 plats\/h. Pour en savoir plus contactez-nous \u27060321 987788.","robots":{"index":"index","follow":"follow","max-snippet":"max-snippet:-1","max-image-preview":"max-image-preview:large","max-video-preview":"max-video-preview:-1"},"canonical":"https:\/\/www.arspan.com\/fr\/produits\/fougasses\/machine-de-tete-fougasses\/","og_locale":"fr_FR","og_type":"article","og_title":"Machine t\u00eate de ligne pour fougasse &#8211; Ars Pan Industriale","og_description":"Nos machines pour fougasse peuvent avoir une gamme de production allant jusqu\u2019\u00e0 500 plats\/h. Pour en savoir plus contactez-nous \u27060321 987788.","og_url":"https:\/\/www.arspan.com\/fr\/produits\/fougasses\/machine-de-tete-fougasses\/","og_site_name":"ArsPan","article_modified_time":"2021-08-16T10:26:14+00:00","og_image":[{"width":1709,"height":848,"url":"https:\/\/www.arspan.com\/wp-content\/uploads\/2020\/12\/arspan-macchina-di-testata-per-focacce.jpg","type":"image\/jpeg"}],"twitter_card":"summary_large_image","twitter_misc":{"Dur\u00e9e de lecture estim\u00e9e":"1 minute"},"schema":{"@context":"https:\/\/schema.org","@graph":[{"@type":"WebPage","@id":"https:\/\/www.arspan.com\/fr\/produits\/fougasses\/machine-de-tete-fougasses\/","url":"https:\/\/www.arspan.com\/fr\/produits\/fougasses\/machine-de-tete-fougasses\/","name":"Machine t\u00eate de ligne pour fougasse &#8211; Ars Pan Industriale","isPartOf":{"@id":"https:\/\/www.arspan.com\/en\/#website"},"primaryImageOfPage":{"@id":"https:\/\/www.arspan.com\/fr\/produits\/fougasses\/machine-de-tete-fougasses\/#primaryimage"},"image":{"@id":"https:\/\/www.arspan.com\/fr\/produits\/fougasses\/machine-de-tete-fougasses\/#primaryimage"},"thumbnailUrl":"https:\/\/www.arspan.com\/wp-content\/uploads\/2020\/12\/arspan-macchina-di-testata-per-focacce.jpg","datePublished":"2016-12-20T09:09:18+00:00","dateModified":"2021-08-16T10:26:14+00:00","description":"Nos machines pour fougasse peuvent avoir une gamme de production allant jusqu\u2019\u00e0 500 plats\/h. Pour en savoir plus contactez-nous \u27060321 987788.","breadcrumb":{"@id":"https:\/\/www.arspan.com\/fr\/produits\/fougasses\/machine-de-tete-fougasses\/#breadcrumb"},"inLanguage":"fr-FR","potentialAction":[{"@type":"ReadAction","target":["https:\/\/www.arspan.com\/fr\/produits\/fougasses\/machine-de-tete-fougasses\/"]}]},{"@type":"ImageObject","inLanguage":"fr-FR","@id":"https:\/\/www.arspan.com\/fr\/produits\/fougasses\/machine-de-tete-fougasses\/#primaryimage","url":"https:\/\/www.arspan.com\/wp-content\/uploads\/2020\/12\/arspan-macchina-di-testata-per-focacce.jpg","contentUrl":"https:\/\/www.arspan.com\/wp-content\/uploads\/2020\/12\/arspan-macchina-di-testata-per-focacce.jpg","width":1709,"height":848},{"@type":"BreadcrumbList","@id":"https:\/\/www.arspan.com\/fr\/produits\/fougasses\/machine-de-tete-fougasses\/#breadcrumb","itemListElement":[{"@type":"ListItem","position":1,"name":"","item":"https:\/\/www.arspan.com\/fr\/"},{"@type":"ListItem","position":2,"name":"Produits","item":"https:\/\/www.arspan.com\/fr\/produits\/"},{"@type":"ListItem","position":3,"name":"Fougasse","item":"https:\/\/www.arspan.com\/fr\/produits\/fougasses\/"},{"@type":"ListItem","position":4,"name":"Machine t\u00eate de ligne pour fougasse"}]},{"@type":"WebSite","@id":"https:\/\/www.arspan.com\/en\/#website","url":"https:\/\/www.arspan.com\/en\/","name":"ArsPan","description":"","publisher":{"@id":"https:\/\/www.arspan.com\/en\/#organization"},"potentialAction":[{"@type":"SearchAction","target":{"@type":"EntryPoint","urlTemplate":"https:\/\/www.arspan.com\/en\/?s={search_term_string}"},"query-input":{"@type":"PropertyValueSpecification","valueRequired":true,"valueName":"search_term_string"}}],"inLanguage":"fr-FR"},{"@type":"Organization","@id":"https:\/\/www.arspan.com\/en\/#organization","name":"ARS PAN INDUSTRIALE s.r.l. a socio unico","url":"https:\/\/www.arspan.com\/en\/","logo":{"@type":"ImageObject","inLanguage":"fr-FR","@id":"https:\/\/www.arspan.com\/en\/#\/schema\/logo\/image\/","url":"https:\/\/www.arspan.com\/wp-content\/uploads\/2020\/12\/logo_arspan.png","contentUrl":"https:\/\/www.arspan.com\/wp-content\/uploads\/2020\/12\/logo_arspan.png","width":386,"height":123,"caption":"ARS PAN INDUSTRIALE s.r.l. a socio unico"},"image":{"@id":"https:\/\/www.arspan.com\/en\/#\/schema\/logo\/image\/"}}]}},"_links":{"self":[{"href":"https:\/\/www.arspan.com\/fr\/wp-json\/wp\/v2\/pages\/6835","targetHints":{"allow":["GET"]}}],"collection":[{"href":"https:\/\/www.arspan.com\/fr\/wp-json\/wp\/v2\/pages"}],"about":[{"href":"https:\/\/www.arspan.com\/fr\/wp-json\/wp\/v2\/types\/page"}],"author":[{"embeddable":true,"href":"https:\/\/www.arspan.com\/fr\/wp-json\/wp\/v2\/users\/1"}],"replies":[{"embeddable":true,"href":"https:\/\/www.arspan.com\/fr\/wp-json\/wp\/v2\/comments?post=6835"}],"version-history":[{"count":5,"href":"https:\/\/www.arspan.com\/fr\/wp-json\/wp\/v2\/pages\/6835\/revisions"}],"predecessor-version":[{"id":17429,"href":"https:\/\/www.arspan.com\/fr\/wp-json\/wp\/v2\/pages\/6835\/revisions\/17429"}],"up":[{"embeddable":true,"href":"https:\/\/www.arspan.com\/fr\/wp-json\/wp\/v2\/pages\/6834"}],"wp:featuredmedia":[{"embeddable":true,"href":"https:\/\/www.arspan.com\/fr\/wp-json\/wp\/v2\/media\/11352"}],"wp:attachment":[{"href":"https:\/\/www.arspan.com\/fr\/wp-json\/wp\/v2\/media?parent=6835"}],"curies":[{"name":"wp","href":"https:\/\/api.w.org\/{rel}","templated":true}]}}