{"id":6836,"date":"2017-03-20T16:08:57","date_gmt":"2017-03-20T15:08:57","guid":{"rendered":"https:\/\/www.arspan.com\/?page_id=6836"},"modified":"2021-08-16T12:03:47","modified_gmt":"2021-08-16T10:03:47","slug":"etuve-de-fermentation-fougasses","status":"publish","type":"page","link":"https:\/\/www.arspan.com\/fr\/produits\/fougasses\/etuve-de-fermentation-fougasses\/","title":{"rendered":"Etuve de fermentation pour fougasse"},"content":{"rendered":"<p>N\u00f4tres \u00e9tuves automatiques pour la fermentation de la<strong> fougasse<\/strong> peuvent \u00eatre de diff\u00e9rents types\u00a0:<\/p>\n<ul>\n<li><strong>statiques<\/strong><\/li>\n<li>dynamiques avec <strong>solution \u00ab\u00a0noria\u00a0\u00bb<\/strong> pour plaques \/ peels board (donc avec chargement automatique pour plaques\/peels board)<\/li>\n<li>dynamiques avec <strong>solution \u00e0 plateaux lisses <\/strong>avec chargement \u00e0 tapis r\u00e9tractable et enfourneur<\/li>\n<\/ul>\n<p>Elles sont \u00e9quip\u00e9es d&rsquo;un <strong>group de<\/strong> <strong>climatisation<\/strong> avec gestion de la temp\u00e9rature et de l\u2019humidit\u00e9 au moyen de <strong>PLC.<\/strong><\/p>\n","protected":false},"excerpt":{"rendered":"<p>N\u00f4tres \u00e9tuves automatiques pour la fermentation de la fougasse peuvent \u00eatre de diff\u00e9rents types\u00a0: statiques dynamiques avec solution \u00ab\u00a0noria\u00a0\u00bb pour plaques \/ peels board (donc avec chargement automatique pour plaques\/peels board) dynamiques avec solution \u00e0 plateaux lisses avec chargement \u00e0 tapis r\u00e9tractable et enfourneur Elles sont \u00e9quip\u00e9es d&rsquo;un group de climatisation avec gestion de la [&hellip;]<\/p>\n","protected":false},"author":1,"featured_media":11358,"parent":6834,"menu_order":32,"comment_status":"closed","ping_status":"closed","template":"page-tecnologia.php","meta":{"_acf_changed":false,"footnotes":""},"class_list":["post-6836","page","type-page","status-publish","has-post-thumbnail","hentry"],"acf":[],"yoast_head":"<!-- This site is optimized with the Yoast SEO plugin v27.5 - https:\/\/yoast.com\/product\/yoast-seo-wordpress\/ -->\n<title>Etuve de fermentation pour fougasse &#8211; Ars Pan Industriale<\/title>\n<meta name=\"description\" content=\"N\u00f4tres \u00e9tuves automatiques pour le levage de la fougasse peuvent \u00eatre statiques, dynamiques avec solution &quot;noria&quot; ou \u00e0 plats. \u279c D\u00e9couvrez-les\" \/>\n<meta name=\"robots\" content=\"index, follow, max-snippet:-1, max-image-preview:large, max-video-preview:-1\" \/>\n<link rel=\"canonical\" href=\"https:\/\/www.arspan.com\/fr\/produits\/fougasses\/etuve-de-fermentation-fougasses\/\" \/>\n<meta property=\"og:locale\" content=\"fr_FR\" \/>\n<meta property=\"og:type\" content=\"article\" \/>\n<meta property=\"og:title\" content=\"Etuve de fermentation pour fougasse &#8211; Ars Pan Industriale\" \/>\n<meta property=\"og:description\" content=\"N\u00f4tres \u00e9tuves automatiques pour le levage de la fougasse peuvent \u00eatre statiques, dynamiques avec solution &quot;noria&quot; ou \u00e0 plats. \u279c D\u00e9couvrez-les\" \/>\n<meta property=\"og:url\" content=\"https:\/\/www.arspan.com\/fr\/produits\/fougasses\/etuve-de-fermentation-fougasses\/\" \/>\n<meta property=\"og:site_name\" content=\"ArsPan\" \/>\n<meta property=\"article:modified_time\" content=\"2021-08-16T10:03:47+00:00\" \/>\n<meta property=\"og:image\" content=\"https:\/\/www.arspan.com\/wp-content\/uploads\/2020\/12\/cella-valle1.jpg\" \/>\n\t<meta property=\"og:image:width\" content=\"1768\" \/>\n\t<meta property=\"og:image:height\" content=\"858\" \/>\n\t<meta property=\"og:image:type\" content=\"image\/jpeg\" \/>\n<meta name=\"twitter:card\" content=\"summary_large_image\" \/>\n<meta name=\"twitter:label1\" content=\"Dur\u00e9e de lecture estim\u00e9e\" \/>\n\t<meta name=\"twitter:data1\" content=\"1 minute\" \/>\n<script type=\"application\/ld+json\" class=\"yoast-schema-graph\">{\"@context\":\"https:\\\/\\\/schema.org\",\"@graph\":[{\"@type\":\"WebPage\",\"@id\":\"https:\\\/\\\/www.arspan.com\\\/fr\\\/produits\\\/fougasses\\\/etuve-de-fermentation-fougasses\\\/\",\"url\":\"https:\\\/\\\/www.arspan.com\\\/fr\\\/produits\\\/fougasses\\\/etuve-de-fermentation-fougasses\\\/\",\"name\":\"Etuve de fermentation pour fougasse &#8211; Ars Pan Industriale\",\"isPartOf\":{\"@id\":\"https:\\\/\\\/www.arspan.com\\\/en\\\/#website\"},\"primaryImageOfPage\":{\"@id\":\"https:\\\/\\\/www.arspan.com\\\/fr\\\/produits\\\/fougasses\\\/etuve-de-fermentation-fougasses\\\/#primaryimage\"},\"image\":{\"@id\":\"https:\\\/\\\/www.arspan.com\\\/fr\\\/produits\\\/fougasses\\\/etuve-de-fermentation-fougasses\\\/#primaryimage\"},\"thumbnailUrl\":\"https:\\\/\\\/www.arspan.com\\\/wp-content\\\/uploads\\\/2020\\\/12\\\/cella-valle1.jpg\",\"datePublished\":\"2017-03-20T15:08:57+00:00\",\"dateModified\":\"2021-08-16T10:03:47+00:00\",\"description\":\"N\u00f4tres \u00e9tuves automatiques pour le levage de la fougasse peuvent \u00eatre statiques, dynamiques avec solution \\\"noria\\\" ou \u00e0 plats. \u279c D\u00e9couvrez-les\",\"breadcrumb\":{\"@id\":\"https:\\\/\\\/www.arspan.com\\\/fr\\\/produits\\\/fougasses\\\/etuve-de-fermentation-fougasses\\\/#breadcrumb\"},\"inLanguage\":\"fr-FR\",\"potentialAction\":[{\"@type\":\"ReadAction\",\"target\":[\"https:\\\/\\\/www.arspan.com\\\/fr\\\/produits\\\/fougasses\\\/etuve-de-fermentation-fougasses\\\/\"]}]},{\"@type\":\"ImageObject\",\"inLanguage\":\"fr-FR\",\"@id\":\"https:\\\/\\\/www.arspan.com\\\/fr\\\/produits\\\/fougasses\\\/etuve-de-fermentation-fougasses\\\/#primaryimage\",\"url\":\"https:\\\/\\\/www.arspan.com\\\/wp-content\\\/uploads\\\/2020\\\/12\\\/cella-valle1.jpg\",\"contentUrl\":\"https:\\\/\\\/www.arspan.com\\\/wp-content\\\/uploads\\\/2020\\\/12\\\/cella-valle1.jpg\",\"width\":1768,\"height\":858},{\"@type\":\"BreadcrumbList\",\"@id\":\"https:\\\/\\\/www.arspan.com\\\/fr\\\/produits\\\/fougasses\\\/etuve-de-fermentation-fougasses\\\/#breadcrumb\",\"itemListElement\":[{\"@type\":\"ListItem\",\"position\":1,\"name\":\"\",\"item\":\"https:\\\/\\\/www.arspan.com\\\/fr\\\/\"},{\"@type\":\"ListItem\",\"position\":2,\"name\":\"Produits\",\"item\":\"https:\\\/\\\/www.arspan.com\\\/fr\\\/produits\\\/\"},{\"@type\":\"ListItem\",\"position\":3,\"name\":\"Fougasse\",\"item\":\"https:\\\/\\\/www.arspan.com\\\/fr\\\/produits\\\/fougasses\\\/\"},{\"@type\":\"ListItem\",\"position\":4,\"name\":\"Etuve de fermentation pour fougasse\"}]},{\"@type\":\"WebSite\",\"@id\":\"https:\\\/\\\/www.arspan.com\\\/en\\\/#website\",\"url\":\"https:\\\/\\\/www.arspan.com\\\/en\\\/\",\"name\":\"ArsPan\",\"description\":\"\",\"publisher\":{\"@id\":\"https:\\\/\\\/www.arspan.com\\\/en\\\/#organization\"},\"potentialAction\":[{\"@type\":\"SearchAction\",\"target\":{\"@type\":\"EntryPoint\",\"urlTemplate\":\"https:\\\/\\\/www.arspan.com\\\/en\\\/?s={search_term_string}\"},\"query-input\":{\"@type\":\"PropertyValueSpecification\",\"valueRequired\":true,\"valueName\":\"search_term_string\"}}],\"inLanguage\":\"fr-FR\"},{\"@type\":\"Organization\",\"@id\":\"https:\\\/\\\/www.arspan.com\\\/en\\\/#organization\",\"name\":\"ARS PAN INDUSTRIALE s.r.l. a socio unico\",\"url\":\"https:\\\/\\\/www.arspan.com\\\/en\\\/\",\"logo\":{\"@type\":\"ImageObject\",\"inLanguage\":\"fr-FR\",\"@id\":\"https:\\\/\\\/www.arspan.com\\\/en\\\/#\\\/schema\\\/logo\\\/image\\\/\",\"url\":\"https:\\\/\\\/www.arspan.com\\\/wp-content\\\/uploads\\\/2020\\\/12\\\/logo_arspan.png\",\"contentUrl\":\"https:\\\/\\\/www.arspan.com\\\/wp-content\\\/uploads\\\/2020\\\/12\\\/logo_arspan.png\",\"width\":386,\"height\":123,\"caption\":\"ARS PAN INDUSTRIALE s.r.l. a socio unico\"},\"image\":{\"@id\":\"https:\\\/\\\/www.arspan.com\\\/en\\\/#\\\/schema\\\/logo\\\/image\\\/\"}}]}<\/script>\n<!-- \/ Yoast SEO plugin. -->","yoast_head_json":{"title":"Etuve de fermentation pour fougasse &#8211; Ars Pan Industriale","description":"N\u00f4tres \u00e9tuves automatiques pour le levage de la fougasse peuvent \u00eatre statiques, dynamiques avec solution \"noria\" ou \u00e0 plats. \u279c D\u00e9couvrez-les","robots":{"index":"index","follow":"follow","max-snippet":"max-snippet:-1","max-image-preview":"max-image-preview:large","max-video-preview":"max-video-preview:-1"},"canonical":"https:\/\/www.arspan.com\/fr\/produits\/fougasses\/etuve-de-fermentation-fougasses\/","og_locale":"fr_FR","og_type":"article","og_title":"Etuve de fermentation pour fougasse &#8211; Ars Pan Industriale","og_description":"N\u00f4tres \u00e9tuves automatiques pour le levage de la fougasse peuvent \u00eatre statiques, dynamiques avec solution \"noria\" ou \u00e0 plats. \u279c D\u00e9couvrez-les","og_url":"https:\/\/www.arspan.com\/fr\/produits\/fougasses\/etuve-de-fermentation-fougasses\/","og_site_name":"ArsPan","article_modified_time":"2021-08-16T10:03:47+00:00","og_image":[{"width":1768,"height":858,"url":"https:\/\/www.arspan.com\/wp-content\/uploads\/2020\/12\/cella-valle1.jpg","type":"image\/jpeg"}],"twitter_card":"summary_large_image","twitter_misc":{"Dur\u00e9e de lecture estim\u00e9e":"1 minute"},"schema":{"@context":"https:\/\/schema.org","@graph":[{"@type":"WebPage","@id":"https:\/\/www.arspan.com\/fr\/produits\/fougasses\/etuve-de-fermentation-fougasses\/","url":"https:\/\/www.arspan.com\/fr\/produits\/fougasses\/etuve-de-fermentation-fougasses\/","name":"Etuve de fermentation pour fougasse &#8211; Ars Pan Industriale","isPartOf":{"@id":"https:\/\/www.arspan.com\/en\/#website"},"primaryImageOfPage":{"@id":"https:\/\/www.arspan.com\/fr\/produits\/fougasses\/etuve-de-fermentation-fougasses\/#primaryimage"},"image":{"@id":"https:\/\/www.arspan.com\/fr\/produits\/fougasses\/etuve-de-fermentation-fougasses\/#primaryimage"},"thumbnailUrl":"https:\/\/www.arspan.com\/wp-content\/uploads\/2020\/12\/cella-valle1.jpg","datePublished":"2017-03-20T15:08:57+00:00","dateModified":"2021-08-16T10:03:47+00:00","description":"N\u00f4tres \u00e9tuves automatiques pour le levage de la fougasse peuvent \u00eatre statiques, dynamiques avec solution \"noria\" ou \u00e0 plats. \u279c D\u00e9couvrez-les","breadcrumb":{"@id":"https:\/\/www.arspan.com\/fr\/produits\/fougasses\/etuve-de-fermentation-fougasses\/#breadcrumb"},"inLanguage":"fr-FR","potentialAction":[{"@type":"ReadAction","target":["https:\/\/www.arspan.com\/fr\/produits\/fougasses\/etuve-de-fermentation-fougasses\/"]}]},{"@type":"ImageObject","inLanguage":"fr-FR","@id":"https:\/\/www.arspan.com\/fr\/produits\/fougasses\/etuve-de-fermentation-fougasses\/#primaryimage","url":"https:\/\/www.arspan.com\/wp-content\/uploads\/2020\/12\/cella-valle1.jpg","contentUrl":"https:\/\/www.arspan.com\/wp-content\/uploads\/2020\/12\/cella-valle1.jpg","width":1768,"height":858},{"@type":"BreadcrumbList","@id":"https:\/\/www.arspan.com\/fr\/produits\/fougasses\/etuve-de-fermentation-fougasses\/#breadcrumb","itemListElement":[{"@type":"ListItem","position":1,"name":"","item":"https:\/\/www.arspan.com\/fr\/"},{"@type":"ListItem","position":2,"name":"Produits","item":"https:\/\/www.arspan.com\/fr\/produits\/"},{"@type":"ListItem","position":3,"name":"Fougasse","item":"https:\/\/www.arspan.com\/fr\/produits\/fougasses\/"},{"@type":"ListItem","position":4,"name":"Etuve de fermentation pour fougasse"}]},{"@type":"WebSite","@id":"https:\/\/www.arspan.com\/en\/#website","url":"https:\/\/www.arspan.com\/en\/","name":"ArsPan","description":"","publisher":{"@id":"https:\/\/www.arspan.com\/en\/#organization"},"potentialAction":[{"@type":"SearchAction","target":{"@type":"EntryPoint","urlTemplate":"https:\/\/www.arspan.com\/en\/?s={search_term_string}"},"query-input":{"@type":"PropertyValueSpecification","valueRequired":true,"valueName":"search_term_string"}}],"inLanguage":"fr-FR"},{"@type":"Organization","@id":"https:\/\/www.arspan.com\/en\/#organization","name":"ARS PAN INDUSTRIALE s.r.l. a socio unico","url":"https:\/\/www.arspan.com\/en\/","logo":{"@type":"ImageObject","inLanguage":"fr-FR","@id":"https:\/\/www.arspan.com\/en\/#\/schema\/logo\/image\/","url":"https:\/\/www.arspan.com\/wp-content\/uploads\/2020\/12\/logo_arspan.png","contentUrl":"https:\/\/www.arspan.com\/wp-content\/uploads\/2020\/12\/logo_arspan.png","width":386,"height":123,"caption":"ARS PAN INDUSTRIALE s.r.l. a socio unico"},"image":{"@id":"https:\/\/www.arspan.com\/en\/#\/schema\/logo\/image\/"}}]}},"_links":{"self":[{"href":"https:\/\/www.arspan.com\/fr\/wp-json\/wp\/v2\/pages\/6836","targetHints":{"allow":["GET"]}}],"collection":[{"href":"https:\/\/www.arspan.com\/fr\/wp-json\/wp\/v2\/pages"}],"about":[{"href":"https:\/\/www.arspan.com\/fr\/wp-json\/wp\/v2\/types\/page"}],"author":[{"embeddable":true,"href":"https:\/\/www.arspan.com\/fr\/wp-json\/wp\/v2\/users\/1"}],"replies":[{"embeddable":true,"href":"https:\/\/www.arspan.com\/fr\/wp-json\/wp\/v2\/comments?post=6836"}],"version-history":[{"count":5,"href":"https:\/\/www.arspan.com\/fr\/wp-json\/wp\/v2\/pages\/6836\/revisions"}],"predecessor-version":[{"id":17416,"href":"https:\/\/www.arspan.com\/fr\/wp-json\/wp\/v2\/pages\/6836\/revisions\/17416"}],"up":[{"embeddable":true,"href":"https:\/\/www.arspan.com\/fr\/wp-json\/wp\/v2\/pages\/6834"}],"wp:featuredmedia":[{"embeddable":true,"href":"https:\/\/www.arspan.com\/fr\/wp-json\/wp\/v2\/media\/11358"}],"wp:attachment":[{"href":"https:\/\/www.arspan.com\/fr\/wp-json\/wp\/v2\/media?parent=6836"}],"curies":[{"name":"wp","href":"https:\/\/api.w.org\/{rel}","templated":true}]}}