{"id":6858,"date":"2016-11-09T14:52:44","date_gmt":"2016-11-09T13:52:44","guid":{"rendered":"https:\/\/www.arspan.com\/?page_id=6858"},"modified":"2021-08-16T14:51:14","modified_gmt":"2021-08-16T12:51:14","slug":"gressins","status":"publish","type":"page","link":"https:\/\/www.arspan.com\/fr\/produits\/gressins\/","title":{"rendered":"Gressins"},"content":{"rendered":"\n<h2 class=\"wp-block-heading\"><strong>Caract\u00e9ristiques du produit<\/strong><\/h2>\n\n\n\n<p>Le <strong>gressin<\/strong> est l\u2019un des produits les plus c\u00e9l\u00e8bres et populaires de la gastronomie de Turin et l\u2019un des plus connus de la cuisine italienne \u00e0 l\u2019\u00e9tranger.<\/p>\n\n\n\n<p>Le succ\u00e8s des gressins fut particuli\u00e8rement rapide, tant pour la digestibilit\u00e9 accrue par rapport au pain ordinaire que pour la possibilit\u00e9 d\u2019\u00eatre conserv\u00e9 pendant plusieurs semaines sans aucune d\u00e9t\u00e9rioration. La forme de gressin la plus ancienne et la plus traditionnelle est sans aucun doute le <strong>robat\u00e0 (prononciation&nbsp;: rubat\u00e0)<\/strong> qui en pi\u00e9montais signifie \u00ab\u00a0tomb\u00e9\u00a0\u00bb (ou m\u00eame roul\u00e9), de longueur variable de 15 \u00e0 40 cm, facilement reconnaissable pour sa caract\u00e9ristique nodosit\u00e9.<\/p>\n\n\n\n<p>D\u2019autres types de gressins sont le \u00ab\u00a0<strong>stampato<\/strong>\u00ab\u00a0, cr\u00e9\u00e9 par l\u2019extrusion de la p\u00e2te \u00e0 travers des rouleaux avec des gorges, le <strong>\u00ab\u00a0stirato\u00a0\u00bb pour la largeur<\/strong>, cr\u00e9\u00e9 par l&rsquo;allongement d\u2019une bande de p\u00e2te jusqu\u2019\u00e0 quelques m\u00e8tres et, enfin, <strong>le \u00ab\u00a0stirato\u00a0\u00bb pour la longueur<\/strong>, cr\u00e9\u00e9 par l&rsquo;allongement d\u2019une bande continue de p\u00e2te pour le long apr\u00e8s le processus de fermentation.<\/p>\n\n\n\n<h2 class=\"wp-block-heading\">Ars Pan Industriale technologie de production<\/h2>\n\n\n\n<p>Notre \u00e9quipement pour la production des gressins comprend toutes les phases du processus :<\/p>\n\n\n\n<ul class=\"wp-block-list\"><li>Machine t\u00eate de ligne pour gressins<\/li><li>Etuve de fermentation pour gressins<\/li><li>Four \u00e0 tunnel pour la cuisson des gressins<\/li><li>Automatismes pour l\u2019ach\u00e8vement automatique de la ligne<\/li><\/ul>\n","protected":false},"excerpt":{"rendered":"<p>Caract\u00e9ristiques du produit Le gressin est l\u2019un des produits les plus c\u00e9l\u00e8bres et populaires de la gastronomie de Turin et l\u2019un des plus connus de la cuisine italienne \u00e0 l\u2019\u00e9tranger. Le succ\u00e8s des gressins fut particuli\u00e8rement rapide, tant pour la digestibilit\u00e9 accrue par rapport au pain ordinaire que pour la possibilit\u00e9 d\u2019\u00eatre conserv\u00e9 pendant plusieurs [&hellip;]<\/p>\n","protected":false},"author":1,"featured_media":6446,"parent":7092,"menu_order":159,"comment_status":"closed","ping_status":"closed","template":"page-prodotti.php","meta":{"_acf_changed":false,"footnotes":""},"class_list":["post-6858","page","type-page","status-publish","has-post-thumbnail","hentry"],"acf":[],"yoast_head":"<!-- This site is optimized with the Yoast SEO plugin v27.5 - https:\/\/yoast.com\/product\/yoast-seo-wordpress\/ -->\n<title>Gressins: caract\u00e9ristiques, technologie de production &#8211; Ars Pan Industriale<\/title>\n<meta name=\"description\" content=\"Le gressin est l\u2019un des produits les plus c\u00e9l\u00e8bres et populaires de la gastronomie de Turin et l\u2019un des plus connus de la cuisine italienne.\" \/>\n<meta name=\"robots\" content=\"index, follow, max-snippet:-1, max-image-preview:large, max-video-preview:-1\" \/>\n<link rel=\"canonical\" href=\"https:\/\/www.arspan.com\/fr\/produits\/gressins\/\" \/>\n<meta property=\"og:locale\" content=\"fr_FR\" \/>\n<meta property=\"og:type\" content=\"article\" \/>\n<meta property=\"og:title\" content=\"Gressins: caract\u00e9ristiques, technologie de production &#8211; Ars Pan Industriale\" \/>\n<meta property=\"og:description\" content=\"Le gressin est l\u2019un des produits les plus c\u00e9l\u00e8bres et populaires de la gastronomie de Turin et l\u2019un des plus connus de la cuisine italienne.\" \/>\n<meta property=\"og:url\" content=\"https:\/\/www.arspan.com\/fr\/produits\/gressins\/\" \/>\n<meta property=\"og:site_name\" content=\"ArsPan\" \/>\n<meta property=\"article:modified_time\" content=\"2021-08-16T12:51:14+00:00\" \/>\n<meta property=\"og:image\" content=\"https:\/\/www.arspan.com\/wp-content\/uploads\/2020\/12\/arspan_grissini.jpg\" \/>\n\t<meta property=\"og:image:width\" content=\"1920\" \/>\n\t<meta property=\"og:image:height\" content=\"1080\" \/>\n\t<meta property=\"og:image:type\" content=\"image\/jpeg\" \/>\n<meta name=\"twitter:card\" content=\"summary_large_image\" \/>\n<meta name=\"twitter:label1\" content=\"Dur\u00e9e de lecture estim\u00e9e\" \/>\n\t<meta name=\"twitter:data1\" content=\"1 minute\" \/>\n<script type=\"application\/ld+json\" class=\"yoast-schema-graph\">{\"@context\":\"https:\\\/\\\/schema.org\",\"@graph\":[{\"@type\":\"WebPage\",\"@id\":\"https:\\\/\\\/www.arspan.com\\\/fr\\\/produits\\\/gressins\\\/\",\"url\":\"https:\\\/\\\/www.arspan.com\\\/fr\\\/produits\\\/gressins\\\/\",\"name\":\"Gressins: caract\u00e9ristiques, technologie de production &#8211; Ars Pan Industriale\",\"isPartOf\":{\"@id\":\"https:\\\/\\\/www.arspan.com\\\/en\\\/#website\"},\"primaryImageOfPage\":{\"@id\":\"https:\\\/\\\/www.arspan.com\\\/fr\\\/produits\\\/gressins\\\/#primaryimage\"},\"image\":{\"@id\":\"https:\\\/\\\/www.arspan.com\\\/fr\\\/produits\\\/gressins\\\/#primaryimage\"},\"thumbnailUrl\":\"https:\\\/\\\/www.arspan.com\\\/wp-content\\\/uploads\\\/2020\\\/12\\\/arspan_grissini.jpg\",\"datePublished\":\"2016-11-09T13:52:44+00:00\",\"dateModified\":\"2021-08-16T12:51:14+00:00\",\"description\":\"Le gressin est l\u2019un des produits les plus c\u00e9l\u00e8bres et populaires de la gastronomie de Turin et l\u2019un des plus connus de la cuisine italienne.\",\"breadcrumb\":{\"@id\":\"https:\\\/\\\/www.arspan.com\\\/fr\\\/produits\\\/gressins\\\/#breadcrumb\"},\"inLanguage\":\"fr-FR\",\"potentialAction\":[{\"@type\":\"ReadAction\",\"target\":[\"https:\\\/\\\/www.arspan.com\\\/fr\\\/produits\\\/gressins\\\/\"]}]},{\"@type\":\"ImageObject\",\"inLanguage\":\"fr-FR\",\"@id\":\"https:\\\/\\\/www.arspan.com\\\/fr\\\/produits\\\/gressins\\\/#primaryimage\",\"url\":\"https:\\\/\\\/www.arspan.com\\\/wp-content\\\/uploads\\\/2020\\\/12\\\/arspan_grissini.jpg\",\"contentUrl\":\"https:\\\/\\\/www.arspan.com\\\/wp-content\\\/uploads\\\/2020\\\/12\\\/arspan_grissini.jpg\",\"width\":1920,\"height\":1080},{\"@type\":\"BreadcrumbList\",\"@id\":\"https:\\\/\\\/www.arspan.com\\\/fr\\\/produits\\\/gressins\\\/#breadcrumb\",\"itemListElement\":[{\"@type\":\"ListItem\",\"position\":1,\"name\":\"\",\"item\":\"https:\\\/\\\/www.arspan.com\\\/fr\\\/\"},{\"@type\":\"ListItem\",\"position\":2,\"name\":\"Produits\",\"item\":\"https:\\\/\\\/www.arspan.com\\\/fr\\\/produits\\\/\"},{\"@type\":\"ListItem\",\"position\":3,\"name\":\"Gressins\"}]},{\"@type\":\"WebSite\",\"@id\":\"https:\\\/\\\/www.arspan.com\\\/en\\\/#website\",\"url\":\"https:\\\/\\\/www.arspan.com\\\/en\\\/\",\"name\":\"ArsPan\",\"description\":\"\",\"publisher\":{\"@id\":\"https:\\\/\\\/www.arspan.com\\\/en\\\/#organization\"},\"potentialAction\":[{\"@type\":\"SearchAction\",\"target\":{\"@type\":\"EntryPoint\",\"urlTemplate\":\"https:\\\/\\\/www.arspan.com\\\/en\\\/?s={search_term_string}\"},\"query-input\":{\"@type\":\"PropertyValueSpecification\",\"valueRequired\":true,\"valueName\":\"search_term_string\"}}],\"inLanguage\":\"fr-FR\"},{\"@type\":\"Organization\",\"@id\":\"https:\\\/\\\/www.arspan.com\\\/en\\\/#organization\",\"name\":\"ARS PAN INDUSTRIALE s.r.l. a socio unico\",\"url\":\"https:\\\/\\\/www.arspan.com\\\/en\\\/\",\"logo\":{\"@type\":\"ImageObject\",\"inLanguage\":\"fr-FR\",\"@id\":\"https:\\\/\\\/www.arspan.com\\\/en\\\/#\\\/schema\\\/logo\\\/image\\\/\",\"url\":\"https:\\\/\\\/www.arspan.com\\\/wp-content\\\/uploads\\\/2020\\\/12\\\/logo_arspan.png\",\"contentUrl\":\"https:\\\/\\\/www.arspan.com\\\/wp-content\\\/uploads\\\/2020\\\/12\\\/logo_arspan.png\",\"width\":386,\"height\":123,\"caption\":\"ARS PAN INDUSTRIALE s.r.l. a socio unico\"},\"image\":{\"@id\":\"https:\\\/\\\/www.arspan.com\\\/en\\\/#\\\/schema\\\/logo\\\/image\\\/\"}}]}<\/script>\n<!-- \/ Yoast SEO plugin. -->","yoast_head_json":{"title":"Gressins: caract\u00e9ristiques, technologie de production &#8211; Ars Pan Industriale","description":"Le gressin est l\u2019un des produits les plus c\u00e9l\u00e8bres et populaires de la gastronomie de Turin et l\u2019un des plus connus de la cuisine italienne.","robots":{"index":"index","follow":"follow","max-snippet":"max-snippet:-1","max-image-preview":"max-image-preview:large","max-video-preview":"max-video-preview:-1"},"canonical":"https:\/\/www.arspan.com\/fr\/produits\/gressins\/","og_locale":"fr_FR","og_type":"article","og_title":"Gressins: caract\u00e9ristiques, technologie de production &#8211; Ars Pan Industriale","og_description":"Le gressin est l\u2019un des produits les plus c\u00e9l\u00e8bres et populaires de la gastronomie de Turin et l\u2019un des plus connus de la cuisine italienne.","og_url":"https:\/\/www.arspan.com\/fr\/produits\/gressins\/","og_site_name":"ArsPan","article_modified_time":"2021-08-16T12:51:14+00:00","og_image":[{"width":1920,"height":1080,"url":"https:\/\/www.arspan.com\/wp-content\/uploads\/2020\/12\/arspan_grissini.jpg","type":"image\/jpeg"}],"twitter_card":"summary_large_image","twitter_misc":{"Dur\u00e9e de lecture estim\u00e9e":"1 minute"},"schema":{"@context":"https:\/\/schema.org","@graph":[{"@type":"WebPage","@id":"https:\/\/www.arspan.com\/fr\/produits\/gressins\/","url":"https:\/\/www.arspan.com\/fr\/produits\/gressins\/","name":"Gressins: caract\u00e9ristiques, technologie de production &#8211; Ars Pan Industriale","isPartOf":{"@id":"https:\/\/www.arspan.com\/en\/#website"},"primaryImageOfPage":{"@id":"https:\/\/www.arspan.com\/fr\/produits\/gressins\/#primaryimage"},"image":{"@id":"https:\/\/www.arspan.com\/fr\/produits\/gressins\/#primaryimage"},"thumbnailUrl":"https:\/\/www.arspan.com\/wp-content\/uploads\/2020\/12\/arspan_grissini.jpg","datePublished":"2016-11-09T13:52:44+00:00","dateModified":"2021-08-16T12:51:14+00:00","description":"Le gressin est l\u2019un des produits les plus c\u00e9l\u00e8bres et populaires de la gastronomie de Turin et l\u2019un des plus connus de la cuisine italienne.","breadcrumb":{"@id":"https:\/\/www.arspan.com\/fr\/produits\/gressins\/#breadcrumb"},"inLanguage":"fr-FR","potentialAction":[{"@type":"ReadAction","target":["https:\/\/www.arspan.com\/fr\/produits\/gressins\/"]}]},{"@type":"ImageObject","inLanguage":"fr-FR","@id":"https:\/\/www.arspan.com\/fr\/produits\/gressins\/#primaryimage","url":"https:\/\/www.arspan.com\/wp-content\/uploads\/2020\/12\/arspan_grissini.jpg","contentUrl":"https:\/\/www.arspan.com\/wp-content\/uploads\/2020\/12\/arspan_grissini.jpg","width":1920,"height":1080},{"@type":"BreadcrumbList","@id":"https:\/\/www.arspan.com\/fr\/produits\/gressins\/#breadcrumb","itemListElement":[{"@type":"ListItem","position":1,"name":"","item":"https:\/\/www.arspan.com\/fr\/"},{"@type":"ListItem","position":2,"name":"Produits","item":"https:\/\/www.arspan.com\/fr\/produits\/"},{"@type":"ListItem","position":3,"name":"Gressins"}]},{"@type":"WebSite","@id":"https:\/\/www.arspan.com\/en\/#website","url":"https:\/\/www.arspan.com\/en\/","name":"ArsPan","description":"","publisher":{"@id":"https:\/\/www.arspan.com\/en\/#organization"},"potentialAction":[{"@type":"SearchAction","target":{"@type":"EntryPoint","urlTemplate":"https:\/\/www.arspan.com\/en\/?s={search_term_string}"},"query-input":{"@type":"PropertyValueSpecification","valueRequired":true,"valueName":"search_term_string"}}],"inLanguage":"fr-FR"},{"@type":"Organization","@id":"https:\/\/www.arspan.com\/en\/#organization","name":"ARS PAN INDUSTRIALE s.r.l. a socio unico","url":"https:\/\/www.arspan.com\/en\/","logo":{"@type":"ImageObject","inLanguage":"fr-FR","@id":"https:\/\/www.arspan.com\/en\/#\/schema\/logo\/image\/","url":"https:\/\/www.arspan.com\/wp-content\/uploads\/2020\/12\/logo_arspan.png","contentUrl":"https:\/\/www.arspan.com\/wp-content\/uploads\/2020\/12\/logo_arspan.png","width":386,"height":123,"caption":"ARS PAN INDUSTRIALE s.r.l. a socio unico"},"image":{"@id":"https:\/\/www.arspan.com\/en\/#\/schema\/logo\/image\/"}}]}},"_links":{"self":[{"href":"https:\/\/www.arspan.com\/fr\/wp-json\/wp\/v2\/pages\/6858","targetHints":{"allow":["GET"]}}],"collection":[{"href":"https:\/\/www.arspan.com\/fr\/wp-json\/wp\/v2\/pages"}],"about":[{"href":"https:\/\/www.arspan.com\/fr\/wp-json\/wp\/v2\/types\/page"}],"author":[{"embeddable":true,"href":"https:\/\/www.arspan.com\/fr\/wp-json\/wp\/v2\/users\/1"}],"replies":[{"embeddable":true,"href":"https:\/\/www.arspan.com\/fr\/wp-json\/wp\/v2\/comments?post=6858"}],"version-history":[{"count":4,"href":"https:\/\/www.arspan.com\/fr\/wp-json\/wp\/v2\/pages\/6858\/revisions"}],"predecessor-version":[{"id":17440,"href":"https:\/\/www.arspan.com\/fr\/wp-json\/wp\/v2\/pages\/6858\/revisions\/17440"}],"up":[{"embeddable":true,"href":"https:\/\/www.arspan.com\/fr\/wp-json\/wp\/v2\/pages\/7092"}],"wp:featuredmedia":[{"embeddable":true,"href":"https:\/\/www.arspan.com\/fr\/wp-json\/wp\/v2\/media\/6446"}],"wp:attachment":[{"href":"https:\/\/www.arspan.com\/fr\/wp-json\/wp\/v2\/media?parent=6858"}],"curies":[{"name":"wp","href":"https:\/\/api.w.org\/{rel}","templated":true}]}}