{"id":6859,"date":"2016-12-20T11:19:31","date_gmt":"2016-12-20T10:19:31","guid":{"rendered":"https:\/\/www.arspan.com\/?page_id=6859"},"modified":"2021-08-16T14:56:37","modified_gmt":"2021-08-16T12:56:37","slug":"machine-de-tete-gressins","status":"publish","type":"page","link":"https:\/\/www.arspan.com\/fr\/produits\/gressins\/machine-de-tete-gressins\/","title":{"rendered":"Machine t\u00eate de ligne pour gressins"},"content":{"rendered":"<p>La proposition de nos machines compl\u00e8te la demande de production de\u00a0:<\/p>\n<ul>\n<li><strong>gressins \u00ab\u00a0stampati\u00a0\u00bb<\/strong>, avec d\u00e9p\u00f4t de gressin sur la plaque avec gorges<\/li>\n<li><strong>gressin \u00ab\u00a0stirato\u00a0\u00bb pour la longueur<\/strong>, avec cr\u00e9ation de la bande de p\u00e2te envoy\u00e9e \u00e0 la cuisson et \u00e9tirement ult\u00e9rieur devant le four \u00e0 tunnel<\/li>\n<li><strong>gressin \u00ab\u00a0stirato\u00a0\u00bb pour le largeur<\/strong>, avec cr\u00e9ation de la bande de p\u00e2te et envoy\u00e9e directement au four \u00e0 tunnel<\/li>\n<\/ul>\n<p>Toutes nos machines produisent de 50 \u00e0 400 kg\/h de produit fini en fonction de leur largeur utile de travail.<\/p>\n\n\n<figure class=\"wp-block-embed is-type-video is-provider-youtube wp-block-embed-youtube wp-embed-aspect-16-9 wp-has-aspect-ratio\"><div class=\"wp-block-embed__wrapper\">\n<iframe loading=\"lazy\" title=\"Ars Pan Industriale: Impianto Automatico per Crostini \/ Grissini\" width=\"500\" height=\"281\" src=\"https:\/\/www.youtube.com\/embed\/bo0pWqOWq5s?start=1&#038;feature=oembed\" frameborder=\"0\" allow=\"accelerometer; autoplay; clipboard-write; encrypted-media; gyroscope; picture-in-picture; web-share\" referrerpolicy=\"strict-origin-when-cross-origin\" allowfullscreen><\/iframe>\n<\/div><\/figure>\n","protected":false},"excerpt":{"rendered":"<p>La proposition de nos machines compl\u00e8te la demande de production de\u00a0: gressins \u00ab\u00a0stampati\u00a0\u00bb, avec d\u00e9p\u00f4t de gressin sur la plaque avec gorges gressin \u00ab\u00a0stirato\u00a0\u00bb pour la longueur, avec cr\u00e9ation de la bande de p\u00e2te envoy\u00e9e \u00e0 la cuisson et \u00e9tirement ult\u00e9rieur devant le four \u00e0 tunnel gressin \u00ab\u00a0stirato\u00a0\u00bb pour le largeur, avec cr\u00e9ation de la [&hellip;]<\/p>\n","protected":false},"author":1,"featured_media":15278,"parent":6858,"menu_order":44,"comment_status":"closed","ping_status":"closed","template":"page-tecnologia.php","meta":{"_acf_changed":false,"footnotes":""},"class_list":["post-6859","page","type-page","status-publish","has-post-thumbnail","hentry"],"acf":[],"yoast_head":"<!-- This site is optimized with the Yoast SEO plugin v27.6 - https:\/\/yoast.com\/product\/yoast-seo-wordpress\/ -->\n<title>Machine t\u00eate de ligne pour gressins &#8211; Ars Pan Industriale<\/title>\n<meta name=\"description\" content=\"La proposition de nos machines compl\u00e8te la demande de production de gressins imprim\u00e9s, repass\u00e9s pour le longue ou pour le large.\" \/>\n<meta name=\"robots\" content=\"index, follow, max-snippet:-1, max-image-preview:large, max-video-preview:-1\" \/>\n<link rel=\"canonical\" href=\"https:\/\/www.arspan.com\/fr\/produits\/gressins\/machine-de-tete-gressins\/\" \/>\n<meta property=\"og:locale\" content=\"fr_FR\" \/>\n<meta property=\"og:type\" content=\"article\" \/>\n<meta property=\"og:title\" content=\"Machine t\u00eate de ligne pour gressins &#8211; Ars Pan Industriale\" \/>\n<meta property=\"og:description\" content=\"La proposition de nos machines compl\u00e8te la demande de production de gressins imprim\u00e9s, repass\u00e9s pour le longue ou pour le large.\" \/>\n<meta property=\"og:url\" content=\"https:\/\/www.arspan.com\/fr\/produits\/gressins\/machine-de-tete-gressins\/\" \/>\n<meta property=\"og:site_name\" content=\"ArsPan\" \/>\n<meta property=\"article:modified_time\" content=\"2021-08-16T12:56:37+00:00\" \/>\n<meta property=\"og:image\" content=\"https:\/\/www.arspan.com\/wp-content\/uploads\/2021\/01\/arspan-macchina-di-testata-per-grissini-breadsticks-grissins.jpg\" \/>\n\t<meta property=\"og:image:width\" content=\"1768\" \/>\n\t<meta property=\"og:image:height\" content=\"858\" \/>\n\t<meta property=\"og:image:type\" content=\"image\/jpeg\" \/>\n<meta name=\"twitter:card\" content=\"summary_large_image\" \/>\n<meta name=\"twitter:label1\" content=\"Dur\u00e9e de lecture estim\u00e9e\" \/>\n\t<meta name=\"twitter:data1\" content=\"1 minute\" \/>\n<script type=\"application\/ld+json\" class=\"yoast-schema-graph\">{\"@context\":\"https:\\\/\\\/schema.org\",\"@graph\":[{\"@type\":\"WebPage\",\"@id\":\"https:\\\/\\\/www.arspan.com\\\/fr\\\/produits\\\/gressins\\\/machine-de-tete-gressins\\\/\",\"url\":\"https:\\\/\\\/www.arspan.com\\\/fr\\\/produits\\\/gressins\\\/machine-de-tete-gressins\\\/\",\"name\":\"Machine t\u00eate de ligne pour gressins &#8211; Ars Pan Industriale\",\"isPartOf\":{\"@id\":\"https:\\\/\\\/www.arspan.com\\\/en\\\/#website\"},\"primaryImageOfPage\":{\"@id\":\"https:\\\/\\\/www.arspan.com\\\/fr\\\/produits\\\/gressins\\\/machine-de-tete-gressins\\\/#primaryimage\"},\"image\":{\"@id\":\"https:\\\/\\\/www.arspan.com\\\/fr\\\/produits\\\/gressins\\\/machine-de-tete-gressins\\\/#primaryimage\"},\"thumbnailUrl\":\"https:\\\/\\\/www.arspan.com\\\/wp-content\\\/uploads\\\/2021\\\/01\\\/arspan-macchina-di-testata-per-grissini-breadsticks-grissins.jpg\",\"datePublished\":\"2016-12-20T10:19:31+00:00\",\"dateModified\":\"2021-08-16T12:56:37+00:00\",\"description\":\"La proposition de nos machines compl\u00e8te la demande de production de gressins imprim\u00e9s, repass\u00e9s pour le longue ou pour le large.\",\"breadcrumb\":{\"@id\":\"https:\\\/\\\/www.arspan.com\\\/fr\\\/produits\\\/gressins\\\/machine-de-tete-gressins\\\/#breadcrumb\"},\"inLanguage\":\"fr-FR\",\"potentialAction\":[{\"@type\":\"ReadAction\",\"target\":[\"https:\\\/\\\/www.arspan.com\\\/fr\\\/produits\\\/gressins\\\/machine-de-tete-gressins\\\/\"]}]},{\"@type\":\"ImageObject\",\"inLanguage\":\"fr-FR\",\"@id\":\"https:\\\/\\\/www.arspan.com\\\/fr\\\/produits\\\/gressins\\\/machine-de-tete-gressins\\\/#primaryimage\",\"url\":\"https:\\\/\\\/www.arspan.com\\\/wp-content\\\/uploads\\\/2021\\\/01\\\/arspan-macchina-di-testata-per-grissini-breadsticks-grissins.jpg\",\"contentUrl\":\"https:\\\/\\\/www.arspan.com\\\/wp-content\\\/uploads\\\/2021\\\/01\\\/arspan-macchina-di-testata-per-grissini-breadsticks-grissins.jpg\",\"width\":1768,\"height\":858},{\"@type\":\"BreadcrumbList\",\"@id\":\"https:\\\/\\\/www.arspan.com\\\/fr\\\/produits\\\/gressins\\\/machine-de-tete-gressins\\\/#breadcrumb\",\"itemListElement\":[{\"@type\":\"ListItem\",\"position\":1,\"name\":\"\",\"item\":\"https:\\\/\\\/www.arspan.com\\\/fr\\\/\"},{\"@type\":\"ListItem\",\"position\":2,\"name\":\"Produits\",\"item\":\"https:\\\/\\\/www.arspan.com\\\/fr\\\/produits\\\/\"},{\"@type\":\"ListItem\",\"position\":3,\"name\":\"Gressins\",\"item\":\"https:\\\/\\\/www.arspan.com\\\/fr\\\/produits\\\/gressins\\\/\"},{\"@type\":\"ListItem\",\"position\":4,\"name\":\"Machine t\u00eate de ligne pour gressins\"}]},{\"@type\":\"WebSite\",\"@id\":\"https:\\\/\\\/www.arspan.com\\\/en\\\/#website\",\"url\":\"https:\\\/\\\/www.arspan.com\\\/en\\\/\",\"name\":\"ArsPan\",\"description\":\"\",\"publisher\":{\"@id\":\"https:\\\/\\\/www.arspan.com\\\/en\\\/#organization\"},\"potentialAction\":[{\"@type\":\"SearchAction\",\"target\":{\"@type\":\"EntryPoint\",\"urlTemplate\":\"https:\\\/\\\/www.arspan.com\\\/en\\\/?s={search_term_string}\"},\"query-input\":{\"@type\":\"PropertyValueSpecification\",\"valueRequired\":true,\"valueName\":\"search_term_string\"}}],\"inLanguage\":\"fr-FR\"},{\"@type\":\"Organization\",\"@id\":\"https:\\\/\\\/www.arspan.com\\\/en\\\/#organization\",\"name\":\"ARS PAN INDUSTRIALE s.r.l. a socio unico\",\"url\":\"https:\\\/\\\/www.arspan.com\\\/en\\\/\",\"logo\":{\"@type\":\"ImageObject\",\"inLanguage\":\"fr-FR\",\"@id\":\"https:\\\/\\\/www.arspan.com\\\/en\\\/#\\\/schema\\\/logo\\\/image\\\/\",\"url\":\"https:\\\/\\\/www.arspan.com\\\/wp-content\\\/uploads\\\/2020\\\/12\\\/logo_arspan.png\",\"contentUrl\":\"https:\\\/\\\/www.arspan.com\\\/wp-content\\\/uploads\\\/2020\\\/12\\\/logo_arspan.png\",\"width\":386,\"height\":123,\"caption\":\"ARS PAN INDUSTRIALE s.r.l. a socio unico\"},\"image\":{\"@id\":\"https:\\\/\\\/www.arspan.com\\\/en\\\/#\\\/schema\\\/logo\\\/image\\\/\"}}]}<\/script>\n<!-- \/ Yoast SEO plugin. -->","yoast_head_json":{"title":"Machine t\u00eate de ligne pour gressins &#8211; Ars Pan Industriale","description":"La proposition de nos machines compl\u00e8te la demande de production de gressins imprim\u00e9s, repass\u00e9s pour le longue ou pour le large.","robots":{"index":"index","follow":"follow","max-snippet":"max-snippet:-1","max-image-preview":"max-image-preview:large","max-video-preview":"max-video-preview:-1"},"canonical":"https:\/\/www.arspan.com\/fr\/produits\/gressins\/machine-de-tete-gressins\/","og_locale":"fr_FR","og_type":"article","og_title":"Machine t\u00eate de ligne pour gressins &#8211; Ars Pan Industriale","og_description":"La proposition de nos machines compl\u00e8te la demande de production de gressins imprim\u00e9s, repass\u00e9s pour le longue ou pour le large.","og_url":"https:\/\/www.arspan.com\/fr\/produits\/gressins\/machine-de-tete-gressins\/","og_site_name":"ArsPan","article_modified_time":"2021-08-16T12:56:37+00:00","og_image":[{"width":1768,"height":858,"url":"https:\/\/www.arspan.com\/wp-content\/uploads\/2021\/01\/arspan-macchina-di-testata-per-grissini-breadsticks-grissins.jpg","type":"image\/jpeg"}],"twitter_card":"summary_large_image","twitter_misc":{"Dur\u00e9e de lecture estim\u00e9e":"1 minute"},"schema":{"@context":"https:\/\/schema.org","@graph":[{"@type":"WebPage","@id":"https:\/\/www.arspan.com\/fr\/produits\/gressins\/machine-de-tete-gressins\/","url":"https:\/\/www.arspan.com\/fr\/produits\/gressins\/machine-de-tete-gressins\/","name":"Machine t\u00eate de ligne pour gressins &#8211; Ars Pan Industriale","isPartOf":{"@id":"https:\/\/www.arspan.com\/en\/#website"},"primaryImageOfPage":{"@id":"https:\/\/www.arspan.com\/fr\/produits\/gressins\/machine-de-tete-gressins\/#primaryimage"},"image":{"@id":"https:\/\/www.arspan.com\/fr\/produits\/gressins\/machine-de-tete-gressins\/#primaryimage"},"thumbnailUrl":"https:\/\/www.arspan.com\/wp-content\/uploads\/2021\/01\/arspan-macchina-di-testata-per-grissini-breadsticks-grissins.jpg","datePublished":"2016-12-20T10:19:31+00:00","dateModified":"2021-08-16T12:56:37+00:00","description":"La proposition de nos machines compl\u00e8te la demande de production de gressins imprim\u00e9s, repass\u00e9s pour le longue ou pour le large.","breadcrumb":{"@id":"https:\/\/www.arspan.com\/fr\/produits\/gressins\/machine-de-tete-gressins\/#breadcrumb"},"inLanguage":"fr-FR","potentialAction":[{"@type":"ReadAction","target":["https:\/\/www.arspan.com\/fr\/produits\/gressins\/machine-de-tete-gressins\/"]}]},{"@type":"ImageObject","inLanguage":"fr-FR","@id":"https:\/\/www.arspan.com\/fr\/produits\/gressins\/machine-de-tete-gressins\/#primaryimage","url":"https:\/\/www.arspan.com\/wp-content\/uploads\/2021\/01\/arspan-macchina-di-testata-per-grissini-breadsticks-grissins.jpg","contentUrl":"https:\/\/www.arspan.com\/wp-content\/uploads\/2021\/01\/arspan-macchina-di-testata-per-grissini-breadsticks-grissins.jpg","width":1768,"height":858},{"@type":"BreadcrumbList","@id":"https:\/\/www.arspan.com\/fr\/produits\/gressins\/machine-de-tete-gressins\/#breadcrumb","itemListElement":[{"@type":"ListItem","position":1,"name":"","item":"https:\/\/www.arspan.com\/fr\/"},{"@type":"ListItem","position":2,"name":"Produits","item":"https:\/\/www.arspan.com\/fr\/produits\/"},{"@type":"ListItem","position":3,"name":"Gressins","item":"https:\/\/www.arspan.com\/fr\/produits\/gressins\/"},{"@type":"ListItem","position":4,"name":"Machine t\u00eate de ligne pour gressins"}]},{"@type":"WebSite","@id":"https:\/\/www.arspan.com\/en\/#website","url":"https:\/\/www.arspan.com\/en\/","name":"ArsPan","description":"","publisher":{"@id":"https:\/\/www.arspan.com\/en\/#organization"},"potentialAction":[{"@type":"SearchAction","target":{"@type":"EntryPoint","urlTemplate":"https:\/\/www.arspan.com\/en\/?s={search_term_string}"},"query-input":{"@type":"PropertyValueSpecification","valueRequired":true,"valueName":"search_term_string"}}],"inLanguage":"fr-FR"},{"@type":"Organization","@id":"https:\/\/www.arspan.com\/en\/#organization","name":"ARS PAN INDUSTRIALE s.r.l. a socio unico","url":"https:\/\/www.arspan.com\/en\/","logo":{"@type":"ImageObject","inLanguage":"fr-FR","@id":"https:\/\/www.arspan.com\/en\/#\/schema\/logo\/image\/","url":"https:\/\/www.arspan.com\/wp-content\/uploads\/2020\/12\/logo_arspan.png","contentUrl":"https:\/\/www.arspan.com\/wp-content\/uploads\/2020\/12\/logo_arspan.png","width":386,"height":123,"caption":"ARS PAN INDUSTRIALE s.r.l. a socio unico"},"image":{"@id":"https:\/\/www.arspan.com\/en\/#\/schema\/logo\/image\/"}}]}},"_links":{"self":[{"href":"https:\/\/www.arspan.com\/fr\/wp-json\/wp\/v2\/pages\/6859","targetHints":{"allow":["GET"]}}],"collection":[{"href":"https:\/\/www.arspan.com\/fr\/wp-json\/wp\/v2\/pages"}],"about":[{"href":"https:\/\/www.arspan.com\/fr\/wp-json\/wp\/v2\/types\/page"}],"author":[{"embeddable":true,"href":"https:\/\/www.arspan.com\/fr\/wp-json\/wp\/v2\/users\/1"}],"replies":[{"embeddable":true,"href":"https:\/\/www.arspan.com\/fr\/wp-json\/wp\/v2\/comments?post=6859"}],"version-history":[{"count":6,"href":"https:\/\/www.arspan.com\/fr\/wp-json\/wp\/v2\/pages\/6859\/revisions"}],"predecessor-version":[{"id":17442,"href":"https:\/\/www.arspan.com\/fr\/wp-json\/wp\/v2\/pages\/6859\/revisions\/17442"}],"up":[{"embeddable":true,"href":"https:\/\/www.arspan.com\/fr\/wp-json\/wp\/v2\/pages\/6858"}],"wp:featuredmedia":[{"embeddable":true,"href":"https:\/\/www.arspan.com\/fr\/wp-json\/wp\/v2\/media\/15278"}],"wp:attachment":[{"href":"https:\/\/www.arspan.com\/fr\/wp-json\/wp\/v2\/media?parent=6859"}],"curies":[{"name":"wp","href":"https:\/\/api.w.org\/{rel}","templated":true}]}}