{"id":6862,"date":"2020-11-12T17:45:20","date_gmt":"2020-11-12T16:45:20","guid":{"rendered":"https:\/\/www.arspan.com\/?page_id=6862"},"modified":"2021-08-16T15:06:39","modified_gmt":"2021-08-16T13:06:39","slug":"achevement-ligne-automatique","status":"publish","type":"page","link":"https:\/\/www.arspan.com\/fr\/produits\/gressins\/achevement-ligne-automatique\/","title":{"rendered":"Automatismes pour l&rsquo;ach\u00e8vement automatique de la ligne"},"content":{"rendered":"<p>Pour compl\u00e9ter une ligne automatique pour les gressins, on utilise des automatismes tels que\u00a0:<\/p>\n<ul>\n<li><strong>coupeuse \u00e0 ultrasons<\/strong> pour la formation de gressins \u00ab\u00a0stampati\u00a0\u00bb courts<\/li>\n<li><strong>distributeurs de grains<\/strong> (s\u00e9same, pavot, etc&#8230;)<\/li>\n<li><strong>distributeurs de sel<\/strong> \u00e0 l\u2019entr\u00e9e du four \u00e0 tunnel de cuisson<\/li>\n<li><strong>syst\u00e8mes de d\u00e9chargement produit<\/strong> des plaques apr\u00e8s refroidissement, \u00e0\u00a0 la fois ordonn\u00e9 et en vrac<\/li>\n<li><strong>syst\u00e8mes d\u2019alignement<\/strong> gressin pour le conditionnement<\/li>\n<li><strong>Tour de stockage<\/strong> plaques\u00a0<\/li>\n<\/ul>\n\n\n<figure class=\"wp-block-embed is-type-video is-provider-youtube wp-block-embed-youtube wp-embed-aspect-16-9 wp-has-aspect-ratio\"><div class=\"wp-block-embed__wrapper\">\n<iframe loading=\"lazy\" title=\"Ars Pan Industriale: Impianto Automatico per Crostini \/ Grissini\" width=\"500\" height=\"281\" src=\"https:\/\/www.youtube.com\/embed\/bo0pWqOWq5s?start=1&#038;feature=oembed\" frameborder=\"0\" allow=\"accelerometer; autoplay; clipboard-write; encrypted-media; gyroscope; picture-in-picture; web-share\" referrerpolicy=\"strict-origin-when-cross-origin\" allowfullscreen><\/iframe>\n<\/div><\/figure>\n","protected":false},"excerpt":{"rendered":"<p>Pour compl\u00e9ter une ligne automatique pour les gressins, on utilise des automatismes tels que\u00a0: coupeuse \u00e0 ultrasons pour la formation de gressins \u00ab\u00a0stampati\u00a0\u00bb courts distributeurs de grains (s\u00e9same, pavot, etc&#8230;) distributeurs de sel \u00e0 l\u2019entr\u00e9e du four \u00e0 tunnel de cuisson syst\u00e8mes de d\u00e9chargement produit des plaques apr\u00e8s refroidissement, \u00e0\u00a0 la fois ordonn\u00e9 et en [&hellip;]<\/p>\n","protected":false},"author":1,"featured_media":16285,"parent":6858,"menu_order":135,"comment_status":"closed","ping_status":"closed","template":"page-tecnologia.php","meta":{"_acf_changed":false,"footnotes":""},"class_list":["post-6862","page","type-page","status-publish","has-post-thumbnail","hentry"],"acf":[],"yoast_head":"<!-- This site is optimized with the Yoast SEO plugin v27.5 - https:\/\/yoast.com\/product\/yoast-seo-wordpress\/ -->\n<title>Automatismes pour l&#039;ach\u00e8vement automatique de la ligne pour gressins &#8211; Ars Pan Industriale<\/title>\n<meta name=\"description\" content=\"Pour compl\u00e9ter une ligne automatique pour les gressins on utilise des automatismes tels que : coupeuse \u00e0 ultrasons et distributeurs de sel.\" \/>\n<meta name=\"robots\" content=\"index, follow, max-snippet:-1, max-image-preview:large, max-video-preview:-1\" \/>\n<link rel=\"canonical\" href=\"https:\/\/www.arspan.com\/fr\/produits\/gressins\/achevement-ligne-automatique\/\" \/>\n<meta property=\"og:locale\" content=\"fr_FR\" \/>\n<meta property=\"og:type\" content=\"article\" \/>\n<meta property=\"og:title\" content=\"Automatismes pour l&#039;ach\u00e8vement automatique de la ligne pour gressins &#8211; Ars Pan Industriale\" \/>\n<meta property=\"og:description\" content=\"Pour compl\u00e9ter une ligne automatique pour les gressins on utilise des automatismes tels que : coupeuse \u00e0 ultrasons et distributeurs de sel.\" \/>\n<meta property=\"og:url\" content=\"https:\/\/www.arspan.com\/fr\/produits\/gressins\/achevement-ligne-automatique\/\" \/>\n<meta property=\"og:site_name\" content=\"ArsPan\" \/>\n<meta property=\"article:modified_time\" content=\"2021-08-16T13:06:39+00:00\" \/>\n<meta property=\"og:image\" content=\"https:\/\/www.arspan.com\/wp-content\/uploads\/2021\/01\/4-arspan-distributore-digranaglia-automatismo-di-completamento-linea-automatica-per-grissini-breadsticks-ligne-automatique-automatic-line.jpg\" \/>\n\t<meta property=\"og:image:width\" content=\"1920\" \/>\n\t<meta property=\"og:image:height\" content=\"1080\" \/>\n\t<meta property=\"og:image:type\" content=\"image\/jpeg\" \/>\n<meta name=\"twitter:card\" content=\"summary_large_image\" \/>\n<meta name=\"twitter:label1\" content=\"Dur\u00e9e de lecture estim\u00e9e\" \/>\n\t<meta name=\"twitter:data1\" content=\"1 minute\" \/>\n<script type=\"application\/ld+json\" class=\"yoast-schema-graph\">{\"@context\":\"https:\\\/\\\/schema.org\",\"@graph\":[{\"@type\":\"WebPage\",\"@id\":\"https:\\\/\\\/www.arspan.com\\\/fr\\\/produits\\\/gressins\\\/achevement-ligne-automatique\\\/\",\"url\":\"https:\\\/\\\/www.arspan.com\\\/fr\\\/produits\\\/gressins\\\/achevement-ligne-automatique\\\/\",\"name\":\"Automatismes pour l'ach\u00e8vement automatique de la ligne pour gressins &#8211; Ars Pan Industriale\",\"isPartOf\":{\"@id\":\"https:\\\/\\\/www.arspan.com\\\/en\\\/#website\"},\"primaryImageOfPage\":{\"@id\":\"https:\\\/\\\/www.arspan.com\\\/fr\\\/produits\\\/gressins\\\/achevement-ligne-automatique\\\/#primaryimage\"},\"image\":{\"@id\":\"https:\\\/\\\/www.arspan.com\\\/fr\\\/produits\\\/gressins\\\/achevement-ligne-automatique\\\/#primaryimage\"},\"thumbnailUrl\":\"https:\\\/\\\/www.arspan.com\\\/wp-content\\\/uploads\\\/2021\\\/01\\\/4-arspan-distributore-digranaglia-automatismo-di-completamento-linea-automatica-per-grissini-breadsticks-ligne-automatique-automatic-line.jpg\",\"datePublished\":\"2020-11-12T16:45:20+00:00\",\"dateModified\":\"2021-08-16T13:06:39+00:00\",\"description\":\"Pour compl\u00e9ter une ligne automatique pour les gressins on utilise des automatismes tels que : coupeuse \u00e0 ultrasons et distributeurs de sel.\",\"breadcrumb\":{\"@id\":\"https:\\\/\\\/www.arspan.com\\\/fr\\\/produits\\\/gressins\\\/achevement-ligne-automatique\\\/#breadcrumb\"},\"inLanguage\":\"fr-FR\",\"potentialAction\":[{\"@type\":\"ReadAction\",\"target\":[\"https:\\\/\\\/www.arspan.com\\\/fr\\\/produits\\\/gressins\\\/achevement-ligne-automatique\\\/\"]}]},{\"@type\":\"ImageObject\",\"inLanguage\":\"fr-FR\",\"@id\":\"https:\\\/\\\/www.arspan.com\\\/fr\\\/produits\\\/gressins\\\/achevement-ligne-automatique\\\/#primaryimage\",\"url\":\"https:\\\/\\\/www.arspan.com\\\/wp-content\\\/uploads\\\/2021\\\/01\\\/4-arspan-distributore-digranaglia-automatismo-di-completamento-linea-automatica-per-grissini-breadsticks-ligne-automatique-automatic-line.jpg\",\"contentUrl\":\"https:\\\/\\\/www.arspan.com\\\/wp-content\\\/uploads\\\/2021\\\/01\\\/4-arspan-distributore-digranaglia-automatismo-di-completamento-linea-automatica-per-grissini-breadsticks-ligne-automatique-automatic-line.jpg\",\"width\":1920,\"height\":1080},{\"@type\":\"BreadcrumbList\",\"@id\":\"https:\\\/\\\/www.arspan.com\\\/fr\\\/produits\\\/gressins\\\/achevement-ligne-automatique\\\/#breadcrumb\",\"itemListElement\":[{\"@type\":\"ListItem\",\"position\":1,\"name\":\"\",\"item\":\"https:\\\/\\\/www.arspan.com\\\/fr\\\/\"},{\"@type\":\"ListItem\",\"position\":2,\"name\":\"Produits\",\"item\":\"https:\\\/\\\/www.arspan.com\\\/fr\\\/produits\\\/\"},{\"@type\":\"ListItem\",\"position\":3,\"name\":\"Gressins\",\"item\":\"https:\\\/\\\/www.arspan.com\\\/fr\\\/produits\\\/gressins\\\/\"},{\"@type\":\"ListItem\",\"position\":4,\"name\":\"Automatismes pour l&#8217;ach\u00e8vement automatique de la ligne\"}]},{\"@type\":\"WebSite\",\"@id\":\"https:\\\/\\\/www.arspan.com\\\/en\\\/#website\",\"url\":\"https:\\\/\\\/www.arspan.com\\\/en\\\/\",\"name\":\"ArsPan\",\"description\":\"\",\"publisher\":{\"@id\":\"https:\\\/\\\/www.arspan.com\\\/en\\\/#organization\"},\"potentialAction\":[{\"@type\":\"SearchAction\",\"target\":{\"@type\":\"EntryPoint\",\"urlTemplate\":\"https:\\\/\\\/www.arspan.com\\\/en\\\/?s={search_term_string}\"},\"query-input\":{\"@type\":\"PropertyValueSpecification\",\"valueRequired\":true,\"valueName\":\"search_term_string\"}}],\"inLanguage\":\"fr-FR\"},{\"@type\":\"Organization\",\"@id\":\"https:\\\/\\\/www.arspan.com\\\/en\\\/#organization\",\"name\":\"ARS PAN INDUSTRIALE s.r.l. a socio unico\",\"url\":\"https:\\\/\\\/www.arspan.com\\\/en\\\/\",\"logo\":{\"@type\":\"ImageObject\",\"inLanguage\":\"fr-FR\",\"@id\":\"https:\\\/\\\/www.arspan.com\\\/en\\\/#\\\/schema\\\/logo\\\/image\\\/\",\"url\":\"https:\\\/\\\/www.arspan.com\\\/wp-content\\\/uploads\\\/2020\\\/12\\\/logo_arspan.png\",\"contentUrl\":\"https:\\\/\\\/www.arspan.com\\\/wp-content\\\/uploads\\\/2020\\\/12\\\/logo_arspan.png\",\"width\":386,\"height\":123,\"caption\":\"ARS PAN INDUSTRIALE s.r.l. a socio unico\"},\"image\":{\"@id\":\"https:\\\/\\\/www.arspan.com\\\/en\\\/#\\\/schema\\\/logo\\\/image\\\/\"}}]}<\/script>\n<!-- \/ Yoast SEO plugin. -->","yoast_head_json":{"title":"Automatismes pour l'ach\u00e8vement automatique de la ligne pour gressins &#8211; Ars Pan Industriale","description":"Pour compl\u00e9ter une ligne automatique pour les gressins on utilise des automatismes tels que : coupeuse \u00e0 ultrasons et distributeurs de sel.","robots":{"index":"index","follow":"follow","max-snippet":"max-snippet:-1","max-image-preview":"max-image-preview:large","max-video-preview":"max-video-preview:-1"},"canonical":"https:\/\/www.arspan.com\/fr\/produits\/gressins\/achevement-ligne-automatique\/","og_locale":"fr_FR","og_type":"article","og_title":"Automatismes pour l'ach\u00e8vement automatique de la ligne pour gressins &#8211; Ars Pan Industriale","og_description":"Pour compl\u00e9ter une ligne automatique pour les gressins on utilise des automatismes tels que : coupeuse \u00e0 ultrasons et distributeurs de sel.","og_url":"https:\/\/www.arspan.com\/fr\/produits\/gressins\/achevement-ligne-automatique\/","og_site_name":"ArsPan","article_modified_time":"2021-08-16T13:06:39+00:00","og_image":[{"width":1920,"height":1080,"url":"https:\/\/www.arspan.com\/wp-content\/uploads\/2021\/01\/4-arspan-distributore-digranaglia-automatismo-di-completamento-linea-automatica-per-grissini-breadsticks-ligne-automatique-automatic-line.jpg","type":"image\/jpeg"}],"twitter_card":"summary_large_image","twitter_misc":{"Dur\u00e9e de lecture estim\u00e9e":"1 minute"},"schema":{"@context":"https:\/\/schema.org","@graph":[{"@type":"WebPage","@id":"https:\/\/www.arspan.com\/fr\/produits\/gressins\/achevement-ligne-automatique\/","url":"https:\/\/www.arspan.com\/fr\/produits\/gressins\/achevement-ligne-automatique\/","name":"Automatismes pour l'ach\u00e8vement automatique de la ligne pour gressins &#8211; Ars Pan Industriale","isPartOf":{"@id":"https:\/\/www.arspan.com\/en\/#website"},"primaryImageOfPage":{"@id":"https:\/\/www.arspan.com\/fr\/produits\/gressins\/achevement-ligne-automatique\/#primaryimage"},"image":{"@id":"https:\/\/www.arspan.com\/fr\/produits\/gressins\/achevement-ligne-automatique\/#primaryimage"},"thumbnailUrl":"https:\/\/www.arspan.com\/wp-content\/uploads\/2021\/01\/4-arspan-distributore-digranaglia-automatismo-di-completamento-linea-automatica-per-grissini-breadsticks-ligne-automatique-automatic-line.jpg","datePublished":"2020-11-12T16:45:20+00:00","dateModified":"2021-08-16T13:06:39+00:00","description":"Pour compl\u00e9ter une ligne automatique pour les gressins on utilise des automatismes tels que : coupeuse \u00e0 ultrasons et distributeurs de sel.","breadcrumb":{"@id":"https:\/\/www.arspan.com\/fr\/produits\/gressins\/achevement-ligne-automatique\/#breadcrumb"},"inLanguage":"fr-FR","potentialAction":[{"@type":"ReadAction","target":["https:\/\/www.arspan.com\/fr\/produits\/gressins\/achevement-ligne-automatique\/"]}]},{"@type":"ImageObject","inLanguage":"fr-FR","@id":"https:\/\/www.arspan.com\/fr\/produits\/gressins\/achevement-ligne-automatique\/#primaryimage","url":"https:\/\/www.arspan.com\/wp-content\/uploads\/2021\/01\/4-arspan-distributore-digranaglia-automatismo-di-completamento-linea-automatica-per-grissini-breadsticks-ligne-automatique-automatic-line.jpg","contentUrl":"https:\/\/www.arspan.com\/wp-content\/uploads\/2021\/01\/4-arspan-distributore-digranaglia-automatismo-di-completamento-linea-automatica-per-grissini-breadsticks-ligne-automatique-automatic-line.jpg","width":1920,"height":1080},{"@type":"BreadcrumbList","@id":"https:\/\/www.arspan.com\/fr\/produits\/gressins\/achevement-ligne-automatique\/#breadcrumb","itemListElement":[{"@type":"ListItem","position":1,"name":"","item":"https:\/\/www.arspan.com\/fr\/"},{"@type":"ListItem","position":2,"name":"Produits","item":"https:\/\/www.arspan.com\/fr\/produits\/"},{"@type":"ListItem","position":3,"name":"Gressins","item":"https:\/\/www.arspan.com\/fr\/produits\/gressins\/"},{"@type":"ListItem","position":4,"name":"Automatismes pour l&#8217;ach\u00e8vement automatique de la ligne"}]},{"@type":"WebSite","@id":"https:\/\/www.arspan.com\/en\/#website","url":"https:\/\/www.arspan.com\/en\/","name":"ArsPan","description":"","publisher":{"@id":"https:\/\/www.arspan.com\/en\/#organization"},"potentialAction":[{"@type":"SearchAction","target":{"@type":"EntryPoint","urlTemplate":"https:\/\/www.arspan.com\/en\/?s={search_term_string}"},"query-input":{"@type":"PropertyValueSpecification","valueRequired":true,"valueName":"search_term_string"}}],"inLanguage":"fr-FR"},{"@type":"Organization","@id":"https:\/\/www.arspan.com\/en\/#organization","name":"ARS PAN INDUSTRIALE s.r.l. a socio unico","url":"https:\/\/www.arspan.com\/en\/","logo":{"@type":"ImageObject","inLanguage":"fr-FR","@id":"https:\/\/www.arspan.com\/en\/#\/schema\/logo\/image\/","url":"https:\/\/www.arspan.com\/wp-content\/uploads\/2020\/12\/logo_arspan.png","contentUrl":"https:\/\/www.arspan.com\/wp-content\/uploads\/2020\/12\/logo_arspan.png","width":386,"height":123,"caption":"ARS PAN INDUSTRIALE s.r.l. a socio unico"},"image":{"@id":"https:\/\/www.arspan.com\/en\/#\/schema\/logo\/image\/"}}]}},"_links":{"self":[{"href":"https:\/\/www.arspan.com\/fr\/wp-json\/wp\/v2\/pages\/6862","targetHints":{"allow":["GET"]}}],"collection":[{"href":"https:\/\/www.arspan.com\/fr\/wp-json\/wp\/v2\/pages"}],"about":[{"href":"https:\/\/www.arspan.com\/fr\/wp-json\/wp\/v2\/types\/page"}],"author":[{"embeddable":true,"href":"https:\/\/www.arspan.com\/fr\/wp-json\/wp\/v2\/users\/1"}],"replies":[{"embeddable":true,"href":"https:\/\/www.arspan.com\/fr\/wp-json\/wp\/v2\/comments?post=6862"}],"version-history":[{"count":6,"href":"https:\/\/www.arspan.com\/fr\/wp-json\/wp\/v2\/pages\/6862\/revisions"}],"predecessor-version":[{"id":17451,"href":"https:\/\/www.arspan.com\/fr\/wp-json\/wp\/v2\/pages\/6862\/revisions\/17451"}],"up":[{"embeddable":true,"href":"https:\/\/www.arspan.com\/fr\/wp-json\/wp\/v2\/pages\/6858"}],"wp:featuredmedia":[{"embeddable":true,"href":"https:\/\/www.arspan.com\/fr\/wp-json\/wp\/v2\/media\/16285"}],"wp:attachment":[{"href":"https:\/\/www.arspan.com\/fr\/wp-json\/wp\/v2\/media?parent=6862"}],"curies":[{"name":"wp","href":"https:\/\/api.w.org\/{rel}","templated":true}]}}