{"id":6880,"date":"2016-11-09T14:55:49","date_gmt":"2016-11-09T13:55:49","guid":{"rendered":"https:\/\/www.arspan.com\/?page_id=6880"},"modified":"2021-08-16T15:13:12","modified_gmt":"2021-08-16T13:13:12","slug":"pane-speciale","status":"publish","type":"page","link":"https:\/\/www.arspan.com\/fr\/produits\/pane-speciale\/","title":{"rendered":"Pains Sp\u00e9ciaux"},"content":{"rendered":"\n<h2 class=\"wp-block-heading\"><strong>Caract\u00e9ristiques du produit<\/strong><\/h2>\n\n\n\n<p>Suivant la <strong>tradition italienne<\/strong>, o\u00f9 pour chaque r\u00e9gion et localit\u00e9 nous pouvons trouver des <strong>pains typiques locaux<\/strong>, dans la cat\u00e9gorie des pains sp\u00e9ciaux nous faisons rentrer tous ces types de pains probablement moins connus au niveau international, mais qui restent des produits de haute qualit\u00e9 et tr\u00e8s appr\u00e9ci\u00e9s.<\/p>\n\n\n\n<p>Cette cat\u00e9gorie comprends des produits tels que la \u00ab\u00a0<strong>rosetta\u00a0\u00bb<\/strong>, le <strong>\u00ab\u00a0filone\u00a0\u00bb<\/strong>, le <strong>\u00ab\u00a0bastoncino\u00a0\u00bb<\/strong>, la <strong>\u00ab\u00a0tartaruga\u00a0\u00bb<\/strong>, le <strong>\u00ab\u00a0pane tondo\u00a0\u00bb<\/strong> (appel\u00e9 pain de campagne) et le <strong>\u00ab\u00a0pane avvolto\u00a0\u00bb<\/strong>.<\/p>\n\n\n\n<h2 class=\"wp-block-heading\">&nbsp;<\/h2>\n\n\n\n<h2 class=\"wp-block-heading\">Ars Pan Industriale technologie de production<\/h2>\n\n\n\n<p>Notre \u00e9quipement pour la production des pains sp\u00e9ciaux comprend toutes les phases du processus :<\/p>\n\n\n\n<ul class=\"wp-block-list\"><li>Machine t\u00eate de ligne pour pains sp\u00e9ciaux<\/li><li>Etuve de fermentation pour pains sp\u00e9ciaux<\/li><li>Four \u00e0 tunnel pour la cuisson des pains sp\u00e9ciaux<\/li><li>Automatismes pour l\u2019ach\u00e8vement automatique de la ligne<\/li><\/ul>\n","protected":false},"excerpt":{"rendered":"<p>Caract\u00e9ristiques du produit Suivant la tradition italienne, o\u00f9 pour chaque r\u00e9gion et localit\u00e9 nous pouvons trouver des pains typiques locaux, dans la cat\u00e9gorie des pains sp\u00e9ciaux nous faisons rentrer tous ces types de pains probablement moins connus au niveau international, mais qui restent des produits de haute qualit\u00e9 et tr\u00e8s appr\u00e9ci\u00e9s. Cette cat\u00e9gorie comprends des [&hellip;]<\/p>\n","protected":false},"author":1,"featured_media":6456,"parent":7092,"menu_order":162,"comment_status":"closed","ping_status":"closed","template":"page-prodotti.php","meta":{"_acf_changed":false,"footnotes":""},"class_list":["post-6880","page","type-page","status-publish","has-post-thumbnail","hentry"],"acf":[],"yoast_head":"<!-- This site is optimized with the Yoast SEO plugin v27.5 - https:\/\/yoast.com\/product\/yoast-seo-wordpress\/ -->\n<title>Pains Sp\u00e9ciaux: caract\u00e9ristiques, technologie production &#8211; Ars Pan Industriale<\/title>\n<meta name=\"description\" content=\"Dans cette cat\u00e9gorie nous faisons rentrer des types de pains moins connus au niveau international, mais de haute qualit\u00e9 et tr\u00e8s appr\u00e9ci\u00e9s.\" \/>\n<meta name=\"robots\" content=\"index, follow, max-snippet:-1, max-image-preview:large, max-video-preview:-1\" \/>\n<link rel=\"canonical\" href=\"https:\/\/www.arspan.com\/fr\/produits\/pane-speciale\/\" \/>\n<meta property=\"og:locale\" content=\"fr_FR\" \/>\n<meta property=\"og:type\" content=\"article\" \/>\n<meta property=\"og:title\" content=\"Pains Sp\u00e9ciaux: caract\u00e9ristiques, technologie production &#8211; Ars Pan Industriale\" \/>\n<meta property=\"og:description\" content=\"Dans cette cat\u00e9gorie nous faisons rentrer des types de pains moins connus au niveau international, mais de haute qualit\u00e9 et tr\u00e8s appr\u00e9ci\u00e9s.\" \/>\n<meta property=\"og:url\" content=\"https:\/\/www.arspan.com\/fr\/produits\/pane-speciale\/\" \/>\n<meta property=\"og:site_name\" content=\"ArsPan\" \/>\n<meta property=\"article:modified_time\" content=\"2021-08-16T13:13:12+00:00\" \/>\n<meta property=\"og:image\" content=\"https:\/\/www.arspan.com\/wp-content\/uploads\/2020\/12\/arspan_panespeciale.jpg\" \/>\n\t<meta property=\"og:image:width\" content=\"1920\" \/>\n\t<meta property=\"og:image:height\" content=\"1080\" \/>\n\t<meta property=\"og:image:type\" content=\"image\/jpeg\" \/>\n<meta name=\"twitter:card\" content=\"summary_large_image\" \/>\n<meta name=\"twitter:label1\" content=\"Dur\u00e9e de lecture estim\u00e9e\" \/>\n\t<meta name=\"twitter:data1\" content=\"1 minute\" \/>\n<script type=\"application\/ld+json\" class=\"yoast-schema-graph\">{\"@context\":\"https:\\\/\\\/schema.org\",\"@graph\":[{\"@type\":\"WebPage\",\"@id\":\"https:\\\/\\\/www.arspan.com\\\/fr\\\/produits\\\/pane-speciale\\\/\",\"url\":\"https:\\\/\\\/www.arspan.com\\\/fr\\\/produits\\\/pane-speciale\\\/\",\"name\":\"Pains Sp\u00e9ciaux: caract\u00e9ristiques, technologie production &#8211; Ars Pan Industriale\",\"isPartOf\":{\"@id\":\"https:\\\/\\\/www.arspan.com\\\/en\\\/#website\"},\"primaryImageOfPage\":{\"@id\":\"https:\\\/\\\/www.arspan.com\\\/fr\\\/produits\\\/pane-speciale\\\/#primaryimage\"},\"image\":{\"@id\":\"https:\\\/\\\/www.arspan.com\\\/fr\\\/produits\\\/pane-speciale\\\/#primaryimage\"},\"thumbnailUrl\":\"https:\\\/\\\/www.arspan.com\\\/wp-content\\\/uploads\\\/2020\\\/12\\\/arspan_panespeciale.jpg\",\"datePublished\":\"2016-11-09T13:55:49+00:00\",\"dateModified\":\"2021-08-16T13:13:12+00:00\",\"description\":\"Dans cette cat\u00e9gorie nous faisons rentrer des types de pains moins connus au niveau international, mais de haute qualit\u00e9 et tr\u00e8s appr\u00e9ci\u00e9s.\",\"breadcrumb\":{\"@id\":\"https:\\\/\\\/www.arspan.com\\\/fr\\\/produits\\\/pane-speciale\\\/#breadcrumb\"},\"inLanguage\":\"fr-FR\",\"potentialAction\":[{\"@type\":\"ReadAction\",\"target\":[\"https:\\\/\\\/www.arspan.com\\\/fr\\\/produits\\\/pane-speciale\\\/\"]}]},{\"@type\":\"ImageObject\",\"inLanguage\":\"fr-FR\",\"@id\":\"https:\\\/\\\/www.arspan.com\\\/fr\\\/produits\\\/pane-speciale\\\/#primaryimage\",\"url\":\"https:\\\/\\\/www.arspan.com\\\/wp-content\\\/uploads\\\/2020\\\/12\\\/arspan_panespeciale.jpg\",\"contentUrl\":\"https:\\\/\\\/www.arspan.com\\\/wp-content\\\/uploads\\\/2020\\\/12\\\/arspan_panespeciale.jpg\",\"width\":1920,\"height\":1080},{\"@type\":\"BreadcrumbList\",\"@id\":\"https:\\\/\\\/www.arspan.com\\\/fr\\\/produits\\\/pane-speciale\\\/#breadcrumb\",\"itemListElement\":[{\"@type\":\"ListItem\",\"position\":1,\"name\":\"\",\"item\":\"https:\\\/\\\/www.arspan.com\\\/fr\\\/\"},{\"@type\":\"ListItem\",\"position\":2,\"name\":\"Produits\",\"item\":\"https:\\\/\\\/www.arspan.com\\\/fr\\\/produits\\\/\"},{\"@type\":\"ListItem\",\"position\":3,\"name\":\"Pains Sp\u00e9ciaux\"}]},{\"@type\":\"WebSite\",\"@id\":\"https:\\\/\\\/www.arspan.com\\\/en\\\/#website\",\"url\":\"https:\\\/\\\/www.arspan.com\\\/en\\\/\",\"name\":\"ArsPan\",\"description\":\"\",\"publisher\":{\"@id\":\"https:\\\/\\\/www.arspan.com\\\/en\\\/#organization\"},\"potentialAction\":[{\"@type\":\"SearchAction\",\"target\":{\"@type\":\"EntryPoint\",\"urlTemplate\":\"https:\\\/\\\/www.arspan.com\\\/en\\\/?s={search_term_string}\"},\"query-input\":{\"@type\":\"PropertyValueSpecification\",\"valueRequired\":true,\"valueName\":\"search_term_string\"}}],\"inLanguage\":\"fr-FR\"},{\"@type\":\"Organization\",\"@id\":\"https:\\\/\\\/www.arspan.com\\\/en\\\/#organization\",\"name\":\"ARS PAN INDUSTRIALE s.r.l. a socio unico\",\"url\":\"https:\\\/\\\/www.arspan.com\\\/en\\\/\",\"logo\":{\"@type\":\"ImageObject\",\"inLanguage\":\"fr-FR\",\"@id\":\"https:\\\/\\\/www.arspan.com\\\/en\\\/#\\\/schema\\\/logo\\\/image\\\/\",\"url\":\"https:\\\/\\\/www.arspan.com\\\/wp-content\\\/uploads\\\/2020\\\/12\\\/logo_arspan.png\",\"contentUrl\":\"https:\\\/\\\/www.arspan.com\\\/wp-content\\\/uploads\\\/2020\\\/12\\\/logo_arspan.png\",\"width\":386,\"height\":123,\"caption\":\"ARS PAN INDUSTRIALE s.r.l. a socio unico\"},\"image\":{\"@id\":\"https:\\\/\\\/www.arspan.com\\\/en\\\/#\\\/schema\\\/logo\\\/image\\\/\"}}]}<\/script>\n<!-- \/ Yoast SEO plugin. -->","yoast_head_json":{"title":"Pains Sp\u00e9ciaux: caract\u00e9ristiques, technologie production &#8211; Ars Pan Industriale","description":"Dans cette cat\u00e9gorie nous faisons rentrer des types de pains moins connus au niveau international, mais de haute qualit\u00e9 et tr\u00e8s appr\u00e9ci\u00e9s.","robots":{"index":"index","follow":"follow","max-snippet":"max-snippet:-1","max-image-preview":"max-image-preview:large","max-video-preview":"max-video-preview:-1"},"canonical":"https:\/\/www.arspan.com\/fr\/produits\/pane-speciale\/","og_locale":"fr_FR","og_type":"article","og_title":"Pains Sp\u00e9ciaux: caract\u00e9ristiques, technologie production &#8211; Ars Pan Industriale","og_description":"Dans cette cat\u00e9gorie nous faisons rentrer des types de pains moins connus au niveau international, mais de haute qualit\u00e9 et tr\u00e8s appr\u00e9ci\u00e9s.","og_url":"https:\/\/www.arspan.com\/fr\/produits\/pane-speciale\/","og_site_name":"ArsPan","article_modified_time":"2021-08-16T13:13:12+00:00","og_image":[{"width":1920,"height":1080,"url":"https:\/\/www.arspan.com\/wp-content\/uploads\/2020\/12\/arspan_panespeciale.jpg","type":"image\/jpeg"}],"twitter_card":"summary_large_image","twitter_misc":{"Dur\u00e9e de lecture estim\u00e9e":"1 minute"},"schema":{"@context":"https:\/\/schema.org","@graph":[{"@type":"WebPage","@id":"https:\/\/www.arspan.com\/fr\/produits\/pane-speciale\/","url":"https:\/\/www.arspan.com\/fr\/produits\/pane-speciale\/","name":"Pains Sp\u00e9ciaux: caract\u00e9ristiques, technologie production &#8211; Ars Pan Industriale","isPartOf":{"@id":"https:\/\/www.arspan.com\/en\/#website"},"primaryImageOfPage":{"@id":"https:\/\/www.arspan.com\/fr\/produits\/pane-speciale\/#primaryimage"},"image":{"@id":"https:\/\/www.arspan.com\/fr\/produits\/pane-speciale\/#primaryimage"},"thumbnailUrl":"https:\/\/www.arspan.com\/wp-content\/uploads\/2020\/12\/arspan_panespeciale.jpg","datePublished":"2016-11-09T13:55:49+00:00","dateModified":"2021-08-16T13:13:12+00:00","description":"Dans cette cat\u00e9gorie nous faisons rentrer des types de pains moins connus au niveau international, mais de haute qualit\u00e9 et tr\u00e8s appr\u00e9ci\u00e9s.","breadcrumb":{"@id":"https:\/\/www.arspan.com\/fr\/produits\/pane-speciale\/#breadcrumb"},"inLanguage":"fr-FR","potentialAction":[{"@type":"ReadAction","target":["https:\/\/www.arspan.com\/fr\/produits\/pane-speciale\/"]}]},{"@type":"ImageObject","inLanguage":"fr-FR","@id":"https:\/\/www.arspan.com\/fr\/produits\/pane-speciale\/#primaryimage","url":"https:\/\/www.arspan.com\/wp-content\/uploads\/2020\/12\/arspan_panespeciale.jpg","contentUrl":"https:\/\/www.arspan.com\/wp-content\/uploads\/2020\/12\/arspan_panespeciale.jpg","width":1920,"height":1080},{"@type":"BreadcrumbList","@id":"https:\/\/www.arspan.com\/fr\/produits\/pane-speciale\/#breadcrumb","itemListElement":[{"@type":"ListItem","position":1,"name":"","item":"https:\/\/www.arspan.com\/fr\/"},{"@type":"ListItem","position":2,"name":"Produits","item":"https:\/\/www.arspan.com\/fr\/produits\/"},{"@type":"ListItem","position":3,"name":"Pains Sp\u00e9ciaux"}]},{"@type":"WebSite","@id":"https:\/\/www.arspan.com\/en\/#website","url":"https:\/\/www.arspan.com\/en\/","name":"ArsPan","description":"","publisher":{"@id":"https:\/\/www.arspan.com\/en\/#organization"},"potentialAction":[{"@type":"SearchAction","target":{"@type":"EntryPoint","urlTemplate":"https:\/\/www.arspan.com\/en\/?s={search_term_string}"},"query-input":{"@type":"PropertyValueSpecification","valueRequired":true,"valueName":"search_term_string"}}],"inLanguage":"fr-FR"},{"@type":"Organization","@id":"https:\/\/www.arspan.com\/en\/#organization","name":"ARS PAN INDUSTRIALE s.r.l. a socio unico","url":"https:\/\/www.arspan.com\/en\/","logo":{"@type":"ImageObject","inLanguage":"fr-FR","@id":"https:\/\/www.arspan.com\/en\/#\/schema\/logo\/image\/","url":"https:\/\/www.arspan.com\/wp-content\/uploads\/2020\/12\/logo_arspan.png","contentUrl":"https:\/\/www.arspan.com\/wp-content\/uploads\/2020\/12\/logo_arspan.png","width":386,"height":123,"caption":"ARS PAN INDUSTRIALE s.r.l. a socio unico"},"image":{"@id":"https:\/\/www.arspan.com\/en\/#\/schema\/logo\/image\/"}}]}},"_links":{"self":[{"href":"https:\/\/www.arspan.com\/fr\/wp-json\/wp\/v2\/pages\/6880","targetHints":{"allow":["GET"]}}],"collection":[{"href":"https:\/\/www.arspan.com\/fr\/wp-json\/wp\/v2\/pages"}],"about":[{"href":"https:\/\/www.arspan.com\/fr\/wp-json\/wp\/v2\/types\/page"}],"author":[{"embeddable":true,"href":"https:\/\/www.arspan.com\/fr\/wp-json\/wp\/v2\/users\/1"}],"replies":[{"embeddable":true,"href":"https:\/\/www.arspan.com\/fr\/wp-json\/wp\/v2\/comments?post=6880"}],"version-history":[{"count":4,"href":"https:\/\/www.arspan.com\/fr\/wp-json\/wp\/v2\/pages\/6880\/revisions"}],"predecessor-version":[{"id":17453,"href":"https:\/\/www.arspan.com\/fr\/wp-json\/wp\/v2\/pages\/6880\/revisions\/17453"}],"up":[{"embeddable":true,"href":"https:\/\/www.arspan.com\/fr\/wp-json\/wp\/v2\/pages\/7092"}],"wp:featuredmedia":[{"embeddable":true,"href":"https:\/\/www.arspan.com\/fr\/wp-json\/wp\/v2\/media\/6456"}],"wp:attachment":[{"href":"https:\/\/www.arspan.com\/fr\/wp-json\/wp\/v2\/media?parent=6880"}],"curies":[{"name":"wp","href":"https:\/\/api.w.org\/{rel}","templated":true}]}}