{"id":6883,"date":"2017-01-23T10:34:23","date_gmt":"2017-01-23T09:34:23","guid":{"rendered":"https:\/\/www.arspan.com\/?page_id=6883"},"modified":"2021-08-16T15:33:44","modified_gmt":"2021-08-16T13:33:44","slug":"pain-de-mie-biscottes","status":"publish","type":"page","link":"https:\/\/www.arspan.com\/fr\/produits\/pain-de-mie-biscottes\/","title":{"rendered":"Pain de mie \/ Biscottes"},"content":{"rendered":"\n<h2 class=\"wp-block-heading\">Caract\u00e9ristique du produit<\/h2>\n\n\n\n<p>Le <strong>pain de mie<\/strong> (pain carr\u00e9) est un type de pain contenant souvent du beurre ou des graisses v\u00e9g\u00e9tales, g\u00e9n\u00e9ralement utilis\u00e9 pour la pr\u00e9paration de toasts ou pour le grillage en g\u00e9n\u00e9ral.<\/p>\n\n\n\n<p>Le pain de mie, une fois refroidi et tranch\u00e9, il est grill\u00e9 de mani\u00e8re appropri\u00e9e, donnant origine aux <strong>biscottes<\/strong>, traditionnellement consomm\u00e9es pendant le <strong>petit d\u00e9jeuner<\/strong>.<\/p>\n\n\n\n<h2 class=\"wp-block-heading\">Ars Pan Industriale technologie de production<\/h2>\n\n\n\n<p>Notre \u00e9quipement pour la production du pain de mie et des biscottes comprend toutes les phases du processus :<\/p>\n\n\n\n<ul class=\"wp-block-list\"><li>Machine t\u00eate de ligne pour pain de mie<\/li><li>Etuve de fermentation pour pain de mie<\/li><li>Four \u00e0 tunnel pour la cuisson du pain de mie<\/li><li>Four \u00e0 tunnel pour le grillage des biscottes<\/li><li>Automatismes pour l\u2019ach\u00e8vement automatique de la ligne<\/li><\/ul>\n","protected":false},"excerpt":{"rendered":"<p>Caract\u00e9ristique du produit Le pain de mie (pain carr\u00e9) est un type de pain contenant souvent du beurre ou des graisses v\u00e9g\u00e9tales, g\u00e9n\u00e9ralement utilis\u00e9 pour la pr\u00e9paration de toasts ou pour le grillage en g\u00e9n\u00e9ral. Le pain de mie, une fois refroidi et tranch\u00e9, il est grill\u00e9 de mani\u00e8re appropri\u00e9e, donnant origine aux biscottes, traditionnellement [&hellip;]<\/p>\n","protected":false},"author":1,"featured_media":6469,"parent":7092,"menu_order":165,"comment_status":"closed","ping_status":"closed","template":"page-prodotti.php","meta":{"_acf_changed":false,"footnotes":""},"class_list":["post-6883","page","type-page","status-publish","has-post-thumbnail","hentry"],"acf":[],"yoast_head":"<!-- This site is optimized with the Yoast SEO plugin v27.6 - https:\/\/yoast.com\/product\/yoast-seo-wordpress\/ -->\n<title>Pain de mie \/ Biscottes &#8211; Ars Pan Industriale<\/title>\n<meta name=\"description\" content=\"Le pain de mie est un type de pain contenant souvent du beurre ou des graisses v\u00e9g\u00e9tales qui, une fois refroidi et grill\u00e9 donne naissance \u00e0 la biscotte.\" \/>\n<meta name=\"robots\" content=\"index, follow, max-snippet:-1, max-image-preview:large, max-video-preview:-1\" \/>\n<link rel=\"canonical\" href=\"https:\/\/www.arspan.com\/fr\/produits\/pain-de-mie-biscottes\/\" \/>\n<meta property=\"og:locale\" content=\"fr_FR\" \/>\n<meta property=\"og:type\" content=\"article\" \/>\n<meta property=\"og:title\" content=\"Pain de mie \/ Biscottes &#8211; Ars Pan Industriale\" \/>\n<meta property=\"og:description\" content=\"Le pain de mie est un type de pain contenant souvent du beurre ou des graisses v\u00e9g\u00e9tales qui, une fois refroidi et grill\u00e9 donne naissance \u00e0 la biscotte.\" \/>\n<meta property=\"og:url\" content=\"https:\/\/www.arspan.com\/fr\/produits\/pain-de-mie-biscottes\/\" \/>\n<meta property=\"og:site_name\" content=\"ArsPan\" \/>\n<meta property=\"article:modified_time\" content=\"2021-08-16T13:33:44+00:00\" \/>\n<meta property=\"og:image\" content=\"https:\/\/www.arspan.com\/wp-content\/uploads\/2020\/12\/arspan_fette-biscottate-pancarre.jpg\" \/>\n\t<meta property=\"og:image:width\" content=\"1920\" \/>\n\t<meta property=\"og:image:height\" content=\"1080\" \/>\n\t<meta property=\"og:image:type\" content=\"image\/jpeg\" \/>\n<meta name=\"twitter:card\" content=\"summary_large_image\" \/>\n<meta name=\"twitter:label1\" content=\"Dur\u00e9e de lecture estim\u00e9e\" \/>\n\t<meta name=\"twitter:data1\" content=\"1 minute\" \/>\n<script type=\"application\/ld+json\" class=\"yoast-schema-graph\">{\"@context\":\"https:\\\/\\\/schema.org\",\"@graph\":[{\"@type\":\"WebPage\",\"@id\":\"https:\\\/\\\/www.arspan.com\\\/fr\\\/produits\\\/pain-de-mie-biscottes\\\/\",\"url\":\"https:\\\/\\\/www.arspan.com\\\/fr\\\/produits\\\/pain-de-mie-biscottes\\\/\",\"name\":\"Pain de mie \\\/ Biscottes &#8211; Ars Pan Industriale\",\"isPartOf\":{\"@id\":\"https:\\\/\\\/www.arspan.com\\\/en\\\/#website\"},\"primaryImageOfPage\":{\"@id\":\"https:\\\/\\\/www.arspan.com\\\/fr\\\/produits\\\/pain-de-mie-biscottes\\\/#primaryimage\"},\"image\":{\"@id\":\"https:\\\/\\\/www.arspan.com\\\/fr\\\/produits\\\/pain-de-mie-biscottes\\\/#primaryimage\"},\"thumbnailUrl\":\"https:\\\/\\\/www.arspan.com\\\/wp-content\\\/uploads\\\/2020\\\/12\\\/arspan_fette-biscottate-pancarre.jpg\",\"datePublished\":\"2017-01-23T09:34:23+00:00\",\"dateModified\":\"2021-08-16T13:33:44+00:00\",\"description\":\"Le pain de mie est un type de pain contenant souvent du beurre ou des graisses v\u00e9g\u00e9tales qui, une fois refroidi et grill\u00e9 donne naissance \u00e0 la biscotte.\",\"breadcrumb\":{\"@id\":\"https:\\\/\\\/www.arspan.com\\\/fr\\\/produits\\\/pain-de-mie-biscottes\\\/#breadcrumb\"},\"inLanguage\":\"fr-FR\",\"potentialAction\":[{\"@type\":\"ReadAction\",\"target\":[\"https:\\\/\\\/www.arspan.com\\\/fr\\\/produits\\\/pain-de-mie-biscottes\\\/\"]}]},{\"@type\":\"ImageObject\",\"inLanguage\":\"fr-FR\",\"@id\":\"https:\\\/\\\/www.arspan.com\\\/fr\\\/produits\\\/pain-de-mie-biscottes\\\/#primaryimage\",\"url\":\"https:\\\/\\\/www.arspan.com\\\/wp-content\\\/uploads\\\/2020\\\/12\\\/arspan_fette-biscottate-pancarre.jpg\",\"contentUrl\":\"https:\\\/\\\/www.arspan.com\\\/wp-content\\\/uploads\\\/2020\\\/12\\\/arspan_fette-biscottate-pancarre.jpg\",\"width\":1920,\"height\":1080},{\"@type\":\"BreadcrumbList\",\"@id\":\"https:\\\/\\\/www.arspan.com\\\/fr\\\/produits\\\/pain-de-mie-biscottes\\\/#breadcrumb\",\"itemListElement\":[{\"@type\":\"ListItem\",\"position\":1,\"name\":\"\",\"item\":\"https:\\\/\\\/www.arspan.com\\\/fr\\\/\"},{\"@type\":\"ListItem\",\"position\":2,\"name\":\"Produits\",\"item\":\"https:\\\/\\\/www.arspan.com\\\/fr\\\/produits\\\/\"},{\"@type\":\"ListItem\",\"position\":3,\"name\":\"Pain de mie \\\/ Biscottes\"}]},{\"@type\":\"WebSite\",\"@id\":\"https:\\\/\\\/www.arspan.com\\\/en\\\/#website\",\"url\":\"https:\\\/\\\/www.arspan.com\\\/en\\\/\",\"name\":\"ArsPan\",\"description\":\"\",\"publisher\":{\"@id\":\"https:\\\/\\\/www.arspan.com\\\/en\\\/#organization\"},\"potentialAction\":[{\"@type\":\"SearchAction\",\"target\":{\"@type\":\"EntryPoint\",\"urlTemplate\":\"https:\\\/\\\/www.arspan.com\\\/en\\\/?s={search_term_string}\"},\"query-input\":{\"@type\":\"PropertyValueSpecification\",\"valueRequired\":true,\"valueName\":\"search_term_string\"}}],\"inLanguage\":\"fr-FR\"},{\"@type\":\"Organization\",\"@id\":\"https:\\\/\\\/www.arspan.com\\\/en\\\/#organization\",\"name\":\"ARS PAN INDUSTRIALE s.r.l. a socio unico\",\"url\":\"https:\\\/\\\/www.arspan.com\\\/en\\\/\",\"logo\":{\"@type\":\"ImageObject\",\"inLanguage\":\"fr-FR\",\"@id\":\"https:\\\/\\\/www.arspan.com\\\/en\\\/#\\\/schema\\\/logo\\\/image\\\/\",\"url\":\"https:\\\/\\\/www.arspan.com\\\/wp-content\\\/uploads\\\/2020\\\/12\\\/logo_arspan.png\",\"contentUrl\":\"https:\\\/\\\/www.arspan.com\\\/wp-content\\\/uploads\\\/2020\\\/12\\\/logo_arspan.png\",\"width\":386,\"height\":123,\"caption\":\"ARS PAN INDUSTRIALE s.r.l. a socio unico\"},\"image\":{\"@id\":\"https:\\\/\\\/www.arspan.com\\\/en\\\/#\\\/schema\\\/logo\\\/image\\\/\"}}]}<\/script>\n<!-- \/ Yoast SEO plugin. -->","yoast_head_json":{"title":"Pain de mie \/ Biscottes &#8211; Ars Pan Industriale","description":"Le pain de mie est un type de pain contenant souvent du beurre ou des graisses v\u00e9g\u00e9tales qui, une fois refroidi et grill\u00e9 donne naissance \u00e0 la biscotte.","robots":{"index":"index","follow":"follow","max-snippet":"max-snippet:-1","max-image-preview":"max-image-preview:large","max-video-preview":"max-video-preview:-1"},"canonical":"https:\/\/www.arspan.com\/fr\/produits\/pain-de-mie-biscottes\/","og_locale":"fr_FR","og_type":"article","og_title":"Pain de mie \/ Biscottes &#8211; Ars Pan Industriale","og_description":"Le pain de mie est un type de pain contenant souvent du beurre ou des graisses v\u00e9g\u00e9tales qui, une fois refroidi et grill\u00e9 donne naissance \u00e0 la biscotte.","og_url":"https:\/\/www.arspan.com\/fr\/produits\/pain-de-mie-biscottes\/","og_site_name":"ArsPan","article_modified_time":"2021-08-16T13:33:44+00:00","og_image":[{"width":1920,"height":1080,"url":"https:\/\/www.arspan.com\/wp-content\/uploads\/2020\/12\/arspan_fette-biscottate-pancarre.jpg","type":"image\/jpeg"}],"twitter_card":"summary_large_image","twitter_misc":{"Dur\u00e9e de lecture estim\u00e9e":"1 minute"},"schema":{"@context":"https:\/\/schema.org","@graph":[{"@type":"WebPage","@id":"https:\/\/www.arspan.com\/fr\/produits\/pain-de-mie-biscottes\/","url":"https:\/\/www.arspan.com\/fr\/produits\/pain-de-mie-biscottes\/","name":"Pain de mie \/ Biscottes &#8211; Ars Pan Industriale","isPartOf":{"@id":"https:\/\/www.arspan.com\/en\/#website"},"primaryImageOfPage":{"@id":"https:\/\/www.arspan.com\/fr\/produits\/pain-de-mie-biscottes\/#primaryimage"},"image":{"@id":"https:\/\/www.arspan.com\/fr\/produits\/pain-de-mie-biscottes\/#primaryimage"},"thumbnailUrl":"https:\/\/www.arspan.com\/wp-content\/uploads\/2020\/12\/arspan_fette-biscottate-pancarre.jpg","datePublished":"2017-01-23T09:34:23+00:00","dateModified":"2021-08-16T13:33:44+00:00","description":"Le pain de mie est un type de pain contenant souvent du beurre ou des graisses v\u00e9g\u00e9tales qui, une fois refroidi et grill\u00e9 donne naissance \u00e0 la biscotte.","breadcrumb":{"@id":"https:\/\/www.arspan.com\/fr\/produits\/pain-de-mie-biscottes\/#breadcrumb"},"inLanguage":"fr-FR","potentialAction":[{"@type":"ReadAction","target":["https:\/\/www.arspan.com\/fr\/produits\/pain-de-mie-biscottes\/"]}]},{"@type":"ImageObject","inLanguage":"fr-FR","@id":"https:\/\/www.arspan.com\/fr\/produits\/pain-de-mie-biscottes\/#primaryimage","url":"https:\/\/www.arspan.com\/wp-content\/uploads\/2020\/12\/arspan_fette-biscottate-pancarre.jpg","contentUrl":"https:\/\/www.arspan.com\/wp-content\/uploads\/2020\/12\/arspan_fette-biscottate-pancarre.jpg","width":1920,"height":1080},{"@type":"BreadcrumbList","@id":"https:\/\/www.arspan.com\/fr\/produits\/pain-de-mie-biscottes\/#breadcrumb","itemListElement":[{"@type":"ListItem","position":1,"name":"","item":"https:\/\/www.arspan.com\/fr\/"},{"@type":"ListItem","position":2,"name":"Produits","item":"https:\/\/www.arspan.com\/fr\/produits\/"},{"@type":"ListItem","position":3,"name":"Pain de mie \/ Biscottes"}]},{"@type":"WebSite","@id":"https:\/\/www.arspan.com\/en\/#website","url":"https:\/\/www.arspan.com\/en\/","name":"ArsPan","description":"","publisher":{"@id":"https:\/\/www.arspan.com\/en\/#organization"},"potentialAction":[{"@type":"SearchAction","target":{"@type":"EntryPoint","urlTemplate":"https:\/\/www.arspan.com\/en\/?s={search_term_string}"},"query-input":{"@type":"PropertyValueSpecification","valueRequired":true,"valueName":"search_term_string"}}],"inLanguage":"fr-FR"},{"@type":"Organization","@id":"https:\/\/www.arspan.com\/en\/#organization","name":"ARS PAN INDUSTRIALE s.r.l. a socio unico","url":"https:\/\/www.arspan.com\/en\/","logo":{"@type":"ImageObject","inLanguage":"fr-FR","@id":"https:\/\/www.arspan.com\/en\/#\/schema\/logo\/image\/","url":"https:\/\/www.arspan.com\/wp-content\/uploads\/2020\/12\/logo_arspan.png","contentUrl":"https:\/\/www.arspan.com\/wp-content\/uploads\/2020\/12\/logo_arspan.png","width":386,"height":123,"caption":"ARS PAN INDUSTRIALE s.r.l. a socio unico"},"image":{"@id":"https:\/\/www.arspan.com\/en\/#\/schema\/logo\/image\/"}}]}},"_links":{"self":[{"href":"https:\/\/www.arspan.com\/fr\/wp-json\/wp\/v2\/pages\/6883","targetHints":{"allow":["GET"]}}],"collection":[{"href":"https:\/\/www.arspan.com\/fr\/wp-json\/wp\/v2\/pages"}],"about":[{"href":"https:\/\/www.arspan.com\/fr\/wp-json\/wp\/v2\/types\/page"}],"author":[{"embeddable":true,"href":"https:\/\/www.arspan.com\/fr\/wp-json\/wp\/v2\/users\/1"}],"replies":[{"embeddable":true,"href":"https:\/\/www.arspan.com\/fr\/wp-json\/wp\/v2\/comments?post=6883"}],"version-history":[{"count":6,"href":"https:\/\/www.arspan.com\/fr\/wp-json\/wp\/v2\/pages\/6883\/revisions"}],"predecessor-version":[{"id":17469,"href":"https:\/\/www.arspan.com\/fr\/wp-json\/wp\/v2\/pages\/6883\/revisions\/17469"}],"up":[{"embeddable":true,"href":"https:\/\/www.arspan.com\/fr\/wp-json\/wp\/v2\/pages\/7092"}],"wp:featuredmedia":[{"embeddable":true,"href":"https:\/\/www.arspan.com\/fr\/wp-json\/wp\/v2\/media\/6469"}],"wp:attachment":[{"href":"https:\/\/www.arspan.com\/fr\/wp-json\/wp\/v2\/media?parent=6883"}],"curies":[{"name":"wp","href":"https:\/\/api.w.org\/{rel}","templated":true}]}}