{"id":6885,"date":"2020-11-13T14:58:20","date_gmt":"2020-11-13T13:58:20","guid":{"rendered":"https:\/\/www.arspan.com\/?page_id=6885"},"modified":"2021-08-16T16:02:45","modified_gmt":"2021-08-16T14:02:45","slug":"etuve-fermentation-pain-de-mie","status":"publish","type":"page","link":"https:\/\/www.arspan.com\/fr\/produits\/pain-de-mie-biscottes\/etuve-fermentation-pain-de-mie\/","title":{"rendered":"Etuve de fermentation pour pain de mie"},"content":{"rendered":"\n<p>Nos \u00e9tuves automatiques pour la fermentation du pain de mie peuvent \u00eatre de diff\u00e9rents types&nbsp;:<\/p>\n\n\n\n<ul class=\"wp-block-list\"><li><strong>statiques\u00a0<\/strong><\/li><li>dynamique avec <strong>solution \u00e0 <strong>plateaux avec peignes<\/strong> pour le transport de moule<\/strong> avec chargement automatique<\/li><\/ul>\n\n\n\n<p>Elles sont \u00e9quip\u00e9es d<strong>&lsquo;un group de<\/strong> <strong>climatisation<\/strong> avec gestion de la temp\u00e9rature et de l\u2019humidit\u00e9 au moyen de <strong>PLC.<\/strong><\/p>\n","protected":false},"excerpt":{"rendered":"<p>Nos \u00e9tuves automatiques pour la fermentation du pain de mie peuvent \u00eatre de diff\u00e9rents types&nbsp;: statiques\u00a0 dynamique avec solution \u00e0 plateaux avec peignes pour le transport de moule avec chargement automatique Elles sont \u00e9quip\u00e9es d&lsquo;un group de climatisation avec gestion de la temp\u00e9rature et de l\u2019humidit\u00e9 au moyen de PLC.<\/p>\n","protected":false},"author":1,"featured_media":15290,"parent":6883,"menu_order":81,"comment_status":"closed","ping_status":"closed","template":"page-tecnologia.php","meta":{"_acf_changed":false,"footnotes":""},"class_list":["post-6885","page","type-page","status-publish","has-post-thumbnail","hentry"],"acf":[],"yoast_head":"<!-- This site is optimized with the Yoast SEO plugin v27.5 - https:\/\/yoast.com\/product\/yoast-seo-wordpress\/ -->\n<title>Etuve de fermentation pour pain de mie &#8211; Ars Pan Industriale<\/title>\n<meta name=\"description\" content=\"Nos \u00e9tuves automatiques pour la fermentation du pain de mie peuvent \u00eatre statiques ou dynamique avec solution \u00e0 plats pour support de moule.\" \/>\n<meta name=\"robots\" content=\"index, follow, max-snippet:-1, max-image-preview:large, max-video-preview:-1\" \/>\n<link rel=\"canonical\" href=\"https:\/\/www.arspan.com\/fr\/produits\/pain-de-mie-biscottes\/etuve-fermentation-pain-de-mie\/\" \/>\n<meta property=\"og:locale\" content=\"fr_FR\" \/>\n<meta property=\"og:type\" content=\"article\" \/>\n<meta property=\"og:title\" content=\"Etuve de fermentation pour pain de mie &#8211; Ars Pan Industriale\" \/>\n<meta property=\"og:description\" content=\"Nos \u00e9tuves automatiques pour la fermentation du pain de mie peuvent \u00eatre statiques ou dynamique avec solution \u00e0 plats pour support de moule.\" \/>\n<meta property=\"og:url\" content=\"https:\/\/www.arspan.com\/fr\/produits\/pain-de-mie-biscottes\/etuve-fermentation-pain-de-mie\/\" \/>\n<meta property=\"og:site_name\" content=\"ArsPan\" \/>\n<meta property=\"article:modified_time\" content=\"2021-08-16T14:02:45+00:00\" \/>\n<meta property=\"og:image\" content=\"https:\/\/www.arspan.com\/wp-content\/uploads\/2021\/01\/arspan-cella-di-lievitazione-per-pane-speciale-special-bread-pain-special.jpg\" \/>\n\t<meta property=\"og:image:width\" content=\"1768\" \/>\n\t<meta property=\"og:image:height\" content=\"858\" \/>\n\t<meta property=\"og:image:type\" content=\"image\/jpeg\" \/>\n<meta name=\"twitter:card\" content=\"summary_large_image\" \/>\n<meta name=\"twitter:label1\" content=\"Dur\u00e9e de lecture estim\u00e9e\" \/>\n\t<meta name=\"twitter:data1\" content=\"1 minute\" \/>\n<script type=\"application\/ld+json\" class=\"yoast-schema-graph\">{\"@context\":\"https:\\\/\\\/schema.org\",\"@graph\":[{\"@type\":\"WebPage\",\"@id\":\"https:\\\/\\\/www.arspan.com\\\/fr\\\/produits\\\/pain-de-mie-biscottes\\\/etuve-fermentation-pain-de-mie\\\/\",\"url\":\"https:\\\/\\\/www.arspan.com\\\/fr\\\/produits\\\/pain-de-mie-biscottes\\\/etuve-fermentation-pain-de-mie\\\/\",\"name\":\"Etuve de fermentation pour pain de mie &#8211; Ars Pan Industriale\",\"isPartOf\":{\"@id\":\"https:\\\/\\\/www.arspan.com\\\/en\\\/#website\"},\"primaryImageOfPage\":{\"@id\":\"https:\\\/\\\/www.arspan.com\\\/fr\\\/produits\\\/pain-de-mie-biscottes\\\/etuve-fermentation-pain-de-mie\\\/#primaryimage\"},\"image\":{\"@id\":\"https:\\\/\\\/www.arspan.com\\\/fr\\\/produits\\\/pain-de-mie-biscottes\\\/etuve-fermentation-pain-de-mie\\\/#primaryimage\"},\"thumbnailUrl\":\"https:\\\/\\\/www.arspan.com\\\/wp-content\\\/uploads\\\/2021\\\/01\\\/arspan-cella-di-lievitazione-per-pane-speciale-special-bread-pain-special.jpg\",\"datePublished\":\"2020-11-13T13:58:20+00:00\",\"dateModified\":\"2021-08-16T14:02:45+00:00\",\"description\":\"Nos \u00e9tuves automatiques pour la fermentation du pain de mie peuvent \u00eatre statiques ou dynamique avec solution \u00e0 plats pour support de moule.\",\"breadcrumb\":{\"@id\":\"https:\\\/\\\/www.arspan.com\\\/fr\\\/produits\\\/pain-de-mie-biscottes\\\/etuve-fermentation-pain-de-mie\\\/#breadcrumb\"},\"inLanguage\":\"fr-FR\",\"potentialAction\":[{\"@type\":\"ReadAction\",\"target\":[\"https:\\\/\\\/www.arspan.com\\\/fr\\\/produits\\\/pain-de-mie-biscottes\\\/etuve-fermentation-pain-de-mie\\\/\"]}]},{\"@type\":\"ImageObject\",\"inLanguage\":\"fr-FR\",\"@id\":\"https:\\\/\\\/www.arspan.com\\\/fr\\\/produits\\\/pain-de-mie-biscottes\\\/etuve-fermentation-pain-de-mie\\\/#primaryimage\",\"url\":\"https:\\\/\\\/www.arspan.com\\\/wp-content\\\/uploads\\\/2021\\\/01\\\/arspan-cella-di-lievitazione-per-pane-speciale-special-bread-pain-special.jpg\",\"contentUrl\":\"https:\\\/\\\/www.arspan.com\\\/wp-content\\\/uploads\\\/2021\\\/01\\\/arspan-cella-di-lievitazione-per-pane-speciale-special-bread-pain-special.jpg\",\"width\":1768,\"height\":858},{\"@type\":\"BreadcrumbList\",\"@id\":\"https:\\\/\\\/www.arspan.com\\\/fr\\\/produits\\\/pain-de-mie-biscottes\\\/etuve-fermentation-pain-de-mie\\\/#breadcrumb\",\"itemListElement\":[{\"@type\":\"ListItem\",\"position\":1,\"name\":\"\",\"item\":\"https:\\\/\\\/www.arspan.com\\\/fr\\\/\"},{\"@type\":\"ListItem\",\"position\":2,\"name\":\"Produits\",\"item\":\"https:\\\/\\\/www.arspan.com\\\/fr\\\/produits\\\/\"},{\"@type\":\"ListItem\",\"position\":3,\"name\":\"Pain de mie \\\/ Biscottes\",\"item\":\"https:\\\/\\\/www.arspan.com\\\/fr\\\/produits\\\/pain-de-mie-biscottes\\\/\"},{\"@type\":\"ListItem\",\"position\":4,\"name\":\"Etuve de fermentation pour pain de mie\"}]},{\"@type\":\"WebSite\",\"@id\":\"https:\\\/\\\/www.arspan.com\\\/en\\\/#website\",\"url\":\"https:\\\/\\\/www.arspan.com\\\/en\\\/\",\"name\":\"ArsPan\",\"description\":\"\",\"publisher\":{\"@id\":\"https:\\\/\\\/www.arspan.com\\\/en\\\/#organization\"},\"potentialAction\":[{\"@type\":\"SearchAction\",\"target\":{\"@type\":\"EntryPoint\",\"urlTemplate\":\"https:\\\/\\\/www.arspan.com\\\/en\\\/?s={search_term_string}\"},\"query-input\":{\"@type\":\"PropertyValueSpecification\",\"valueRequired\":true,\"valueName\":\"search_term_string\"}}],\"inLanguage\":\"fr-FR\"},{\"@type\":\"Organization\",\"@id\":\"https:\\\/\\\/www.arspan.com\\\/en\\\/#organization\",\"name\":\"ARS PAN INDUSTRIALE s.r.l. a socio unico\",\"url\":\"https:\\\/\\\/www.arspan.com\\\/en\\\/\",\"logo\":{\"@type\":\"ImageObject\",\"inLanguage\":\"fr-FR\",\"@id\":\"https:\\\/\\\/www.arspan.com\\\/en\\\/#\\\/schema\\\/logo\\\/image\\\/\",\"url\":\"https:\\\/\\\/www.arspan.com\\\/wp-content\\\/uploads\\\/2020\\\/12\\\/logo_arspan.png\",\"contentUrl\":\"https:\\\/\\\/www.arspan.com\\\/wp-content\\\/uploads\\\/2020\\\/12\\\/logo_arspan.png\",\"width\":386,\"height\":123,\"caption\":\"ARS PAN INDUSTRIALE s.r.l. a socio unico\"},\"image\":{\"@id\":\"https:\\\/\\\/www.arspan.com\\\/en\\\/#\\\/schema\\\/logo\\\/image\\\/\"}}]}<\/script>\n<!-- \/ Yoast SEO plugin. -->","yoast_head_json":{"title":"Etuve de fermentation pour pain de mie &#8211; Ars Pan Industriale","description":"Nos \u00e9tuves automatiques pour la fermentation du pain de mie peuvent \u00eatre statiques ou dynamique avec solution \u00e0 plats pour support de moule.","robots":{"index":"index","follow":"follow","max-snippet":"max-snippet:-1","max-image-preview":"max-image-preview:large","max-video-preview":"max-video-preview:-1"},"canonical":"https:\/\/www.arspan.com\/fr\/produits\/pain-de-mie-biscottes\/etuve-fermentation-pain-de-mie\/","og_locale":"fr_FR","og_type":"article","og_title":"Etuve de fermentation pour pain de mie &#8211; Ars Pan Industriale","og_description":"Nos \u00e9tuves automatiques pour la fermentation du pain de mie peuvent \u00eatre statiques ou dynamique avec solution \u00e0 plats pour support de moule.","og_url":"https:\/\/www.arspan.com\/fr\/produits\/pain-de-mie-biscottes\/etuve-fermentation-pain-de-mie\/","og_site_name":"ArsPan","article_modified_time":"2021-08-16T14:02:45+00:00","og_image":[{"width":1768,"height":858,"url":"https:\/\/www.arspan.com\/wp-content\/uploads\/2021\/01\/arspan-cella-di-lievitazione-per-pane-speciale-special-bread-pain-special.jpg","type":"image\/jpeg"}],"twitter_card":"summary_large_image","twitter_misc":{"Dur\u00e9e de lecture estim\u00e9e":"1 minute"},"schema":{"@context":"https:\/\/schema.org","@graph":[{"@type":"WebPage","@id":"https:\/\/www.arspan.com\/fr\/produits\/pain-de-mie-biscottes\/etuve-fermentation-pain-de-mie\/","url":"https:\/\/www.arspan.com\/fr\/produits\/pain-de-mie-biscottes\/etuve-fermentation-pain-de-mie\/","name":"Etuve de fermentation pour pain de mie &#8211; Ars Pan Industriale","isPartOf":{"@id":"https:\/\/www.arspan.com\/en\/#website"},"primaryImageOfPage":{"@id":"https:\/\/www.arspan.com\/fr\/produits\/pain-de-mie-biscottes\/etuve-fermentation-pain-de-mie\/#primaryimage"},"image":{"@id":"https:\/\/www.arspan.com\/fr\/produits\/pain-de-mie-biscottes\/etuve-fermentation-pain-de-mie\/#primaryimage"},"thumbnailUrl":"https:\/\/www.arspan.com\/wp-content\/uploads\/2021\/01\/arspan-cella-di-lievitazione-per-pane-speciale-special-bread-pain-special.jpg","datePublished":"2020-11-13T13:58:20+00:00","dateModified":"2021-08-16T14:02:45+00:00","description":"Nos \u00e9tuves automatiques pour la fermentation du pain de mie peuvent \u00eatre statiques ou dynamique avec solution \u00e0 plats pour support de moule.","breadcrumb":{"@id":"https:\/\/www.arspan.com\/fr\/produits\/pain-de-mie-biscottes\/etuve-fermentation-pain-de-mie\/#breadcrumb"},"inLanguage":"fr-FR","potentialAction":[{"@type":"ReadAction","target":["https:\/\/www.arspan.com\/fr\/produits\/pain-de-mie-biscottes\/etuve-fermentation-pain-de-mie\/"]}]},{"@type":"ImageObject","inLanguage":"fr-FR","@id":"https:\/\/www.arspan.com\/fr\/produits\/pain-de-mie-biscottes\/etuve-fermentation-pain-de-mie\/#primaryimage","url":"https:\/\/www.arspan.com\/wp-content\/uploads\/2021\/01\/arspan-cella-di-lievitazione-per-pane-speciale-special-bread-pain-special.jpg","contentUrl":"https:\/\/www.arspan.com\/wp-content\/uploads\/2021\/01\/arspan-cella-di-lievitazione-per-pane-speciale-special-bread-pain-special.jpg","width":1768,"height":858},{"@type":"BreadcrumbList","@id":"https:\/\/www.arspan.com\/fr\/produits\/pain-de-mie-biscottes\/etuve-fermentation-pain-de-mie\/#breadcrumb","itemListElement":[{"@type":"ListItem","position":1,"name":"","item":"https:\/\/www.arspan.com\/fr\/"},{"@type":"ListItem","position":2,"name":"Produits","item":"https:\/\/www.arspan.com\/fr\/produits\/"},{"@type":"ListItem","position":3,"name":"Pain de mie \/ Biscottes","item":"https:\/\/www.arspan.com\/fr\/produits\/pain-de-mie-biscottes\/"},{"@type":"ListItem","position":4,"name":"Etuve de fermentation pour pain de mie"}]},{"@type":"WebSite","@id":"https:\/\/www.arspan.com\/en\/#website","url":"https:\/\/www.arspan.com\/en\/","name":"ArsPan","description":"","publisher":{"@id":"https:\/\/www.arspan.com\/en\/#organization"},"potentialAction":[{"@type":"SearchAction","target":{"@type":"EntryPoint","urlTemplate":"https:\/\/www.arspan.com\/en\/?s={search_term_string}"},"query-input":{"@type":"PropertyValueSpecification","valueRequired":true,"valueName":"search_term_string"}}],"inLanguage":"fr-FR"},{"@type":"Organization","@id":"https:\/\/www.arspan.com\/en\/#organization","name":"ARS PAN INDUSTRIALE s.r.l. a socio unico","url":"https:\/\/www.arspan.com\/en\/","logo":{"@type":"ImageObject","inLanguage":"fr-FR","@id":"https:\/\/www.arspan.com\/en\/#\/schema\/logo\/image\/","url":"https:\/\/www.arspan.com\/wp-content\/uploads\/2020\/12\/logo_arspan.png","contentUrl":"https:\/\/www.arspan.com\/wp-content\/uploads\/2020\/12\/logo_arspan.png","width":386,"height":123,"caption":"ARS PAN INDUSTRIALE s.r.l. a socio unico"},"image":{"@id":"https:\/\/www.arspan.com\/en\/#\/schema\/logo\/image\/"}}]}},"_links":{"self":[{"href":"https:\/\/www.arspan.com\/fr\/wp-json\/wp\/v2\/pages\/6885","targetHints":{"allow":["GET"]}}],"collection":[{"href":"https:\/\/www.arspan.com\/fr\/wp-json\/wp\/v2\/pages"}],"about":[{"href":"https:\/\/www.arspan.com\/fr\/wp-json\/wp\/v2\/types\/page"}],"author":[{"embeddable":true,"href":"https:\/\/www.arspan.com\/fr\/wp-json\/wp\/v2\/users\/1"}],"replies":[{"embeddable":true,"href":"https:\/\/www.arspan.com\/fr\/wp-json\/wp\/v2\/comments?post=6885"}],"version-history":[{"count":5,"href":"https:\/\/www.arspan.com\/fr\/wp-json\/wp\/v2\/pages\/6885\/revisions"}],"predecessor-version":[{"id":17486,"href":"https:\/\/www.arspan.com\/fr\/wp-json\/wp\/v2\/pages\/6885\/revisions\/17486"}],"up":[{"embeddable":true,"href":"https:\/\/www.arspan.com\/fr\/wp-json\/wp\/v2\/pages\/6883"}],"wp:featuredmedia":[{"embeddable":true,"href":"https:\/\/www.arspan.com\/fr\/wp-json\/wp\/v2\/media\/15290"}],"wp:attachment":[{"href":"https:\/\/www.arspan.com\/fr\/wp-json\/wp\/v2\/media?parent=6885"}],"curies":[{"name":"wp","href":"https:\/\/api.w.org\/{rel}","templated":true}]}}