{"id":6888,"date":"2020-11-16T16:14:49","date_gmt":"2020-11-16T15:14:49","guid":{"rendered":"https:\/\/www.arspan.com\/?page_id=6888"},"modified":"2021-08-16T15:56:35","modified_gmt":"2021-08-16T13:56:35","slug":"hot-dog-et-hamburger","status":"publish","type":"page","link":"https:\/\/www.arspan.com\/fr\/produits\/hot-dog-et-hamburger\/","title":{"rendered":"Hot dog et Hamburger"},"content":{"rendered":"\n<h2 class=\"wp-block-heading\">Caract\u00e9ristique du produit<\/h2>\n\n\n\n<p><strong>Le hot-dog et le hamburger<\/strong> sont typiquement des <strong>pains doux<\/strong>, le premier ayant une forme allong\u00e9e, tandis que le deuxi\u00e8me a une forme ronde.<\/p>\n\n\n\n<p>Ce sont des types de pain li\u00e9s \u00e0 la <strong>tradition anglo-saxonne&nbsp;:<\/strong><\/p>\n\n\n\n<ul class=\"wp-block-list\"><li>l&rsquo;hamburger est <strong>coup\u00e9<\/strong> en deux pour \u00eatre farci et consomm\u00e9 comme un <strong>sandwich<\/strong><\/li><li>l&rsquo;hot-dog, par contre, est souvent <strong>perfor\u00e9<\/strong> pour l\u2019insertion d\u2019une saucisse et de ses sauces.<\/li><\/ul>\n\n\n\n<h2 class=\"wp-block-heading\">Ars Pan Industriale technologie de production<\/h2>\n\n\n\n<p>Notre \u00e9quipement pour la production de l&rsquo;hamburger et de l&rsquo;hot dog comprend toutes les phases du processus :<\/p>\n\n\n\n<ul class=\"wp-block-list\"><li>Machine t\u00eate de ligne pour hamburger\/hot dog<\/li><li>Etuve de fermentation pour hamburger\/hot dog<\/li><li>Four \u00e0 tunnel pour la cuisson de l&rsquo;hamburger\/hot dog<\/li><li>Automatismes pour l\u2019ach\u00e8vement automatique de la ligne<\/li><\/ul>\n","protected":false},"excerpt":{"rendered":"<p>Caract\u00e9ristique du produit Le hot-dog et le hamburger sont typiquement des pains doux, le premier ayant une forme allong\u00e9e, tandis que le deuxi\u00e8me a une forme ronde. Ce sont des types de pain li\u00e9s \u00e0 la tradition anglo-saxonne&nbsp;: l&rsquo;hamburger est coup\u00e9 en deux pour \u00eatre farci et consomm\u00e9 comme un sandwich l&rsquo;hot-dog, par contre, est [&hellip;]<\/p>\n","protected":false},"author":1,"featured_media":6549,"parent":7092,"menu_order":168,"comment_status":"closed","ping_status":"closed","template":"page-prodotti.php","meta":{"_acf_changed":false,"footnotes":""},"class_list":["post-6888","page","type-page","status-publish","has-post-thumbnail","hentry"],"acf":[],"yoast_head":"<!-- This site is optimized with the Yoast SEO plugin v27.5 - https:\/\/yoast.com\/product\/yoast-seo-wordpress\/ -->\n<title>Hot dog et Hamburger &#8211; Ars Pan Industriale<\/title>\n<meta name=\"description\" content=\"Le hot-dog et le hamburger sont deux produits de pain doux : le premier ayant une forme allong\u00e9e, tandis que le second a une forme ronde.\" \/>\n<meta name=\"robots\" content=\"index, follow, max-snippet:-1, max-image-preview:large, max-video-preview:-1\" \/>\n<link rel=\"canonical\" href=\"https:\/\/www.arspan.com\/fr\/produits\/hot-dog-et-hamburger\/\" \/>\n<meta property=\"og:locale\" content=\"fr_FR\" \/>\n<meta property=\"og:type\" content=\"article\" \/>\n<meta property=\"og:title\" content=\"Hot dog et Hamburger &#8211; Ars Pan Industriale\" \/>\n<meta property=\"og:description\" content=\"Le hot-dog et le hamburger sont deux produits de pain doux : le premier ayant une forme allong\u00e9e, tandis que le second a une forme ronde.\" \/>\n<meta property=\"og:url\" content=\"https:\/\/www.arspan.com\/fr\/produits\/hot-dog-et-hamburger\/\" \/>\n<meta property=\"og:site_name\" content=\"ArsPan\" \/>\n<meta property=\"article:modified_time\" content=\"2021-08-16T13:56:35+00:00\" \/>\n<meta property=\"og:image\" content=\"https:\/\/www.arspan.com\/wp-content\/uploads\/2020\/12\/arspan_hamburger_hotdog.jpg\" \/>\n\t<meta property=\"og:image:width\" content=\"1920\" \/>\n\t<meta property=\"og:image:height\" content=\"1080\" \/>\n\t<meta property=\"og:image:type\" content=\"image\/jpeg\" \/>\n<meta name=\"twitter:card\" content=\"summary_large_image\" \/>\n<meta name=\"twitter:label1\" content=\"Dur\u00e9e de lecture estim\u00e9e\" \/>\n\t<meta name=\"twitter:data1\" content=\"1 minute\" \/>\n<script type=\"application\/ld+json\" class=\"yoast-schema-graph\">{\"@context\":\"https:\\\/\\\/schema.org\",\"@graph\":[{\"@type\":\"WebPage\",\"@id\":\"https:\\\/\\\/www.arspan.com\\\/fr\\\/produits\\\/hot-dog-et-hamburger\\\/\",\"url\":\"https:\\\/\\\/www.arspan.com\\\/fr\\\/produits\\\/hot-dog-et-hamburger\\\/\",\"name\":\"Hot dog et Hamburger &#8211; Ars Pan Industriale\",\"isPartOf\":{\"@id\":\"https:\\\/\\\/www.arspan.com\\\/en\\\/#website\"},\"primaryImageOfPage\":{\"@id\":\"https:\\\/\\\/www.arspan.com\\\/fr\\\/produits\\\/hot-dog-et-hamburger\\\/#primaryimage\"},\"image\":{\"@id\":\"https:\\\/\\\/www.arspan.com\\\/fr\\\/produits\\\/hot-dog-et-hamburger\\\/#primaryimage\"},\"thumbnailUrl\":\"https:\\\/\\\/www.arspan.com\\\/wp-content\\\/uploads\\\/2020\\\/12\\\/arspan_hamburger_hotdog.jpg\",\"datePublished\":\"2020-11-16T15:14:49+00:00\",\"dateModified\":\"2021-08-16T13:56:35+00:00\",\"description\":\"Le hot-dog et le hamburger sont deux produits de pain doux : le premier ayant une forme allong\u00e9e, tandis que le second a une forme ronde.\",\"breadcrumb\":{\"@id\":\"https:\\\/\\\/www.arspan.com\\\/fr\\\/produits\\\/hot-dog-et-hamburger\\\/#breadcrumb\"},\"inLanguage\":\"fr-FR\",\"potentialAction\":[{\"@type\":\"ReadAction\",\"target\":[\"https:\\\/\\\/www.arspan.com\\\/fr\\\/produits\\\/hot-dog-et-hamburger\\\/\"]}]},{\"@type\":\"ImageObject\",\"inLanguage\":\"fr-FR\",\"@id\":\"https:\\\/\\\/www.arspan.com\\\/fr\\\/produits\\\/hot-dog-et-hamburger\\\/#primaryimage\",\"url\":\"https:\\\/\\\/www.arspan.com\\\/wp-content\\\/uploads\\\/2020\\\/12\\\/arspan_hamburger_hotdog.jpg\",\"contentUrl\":\"https:\\\/\\\/www.arspan.com\\\/wp-content\\\/uploads\\\/2020\\\/12\\\/arspan_hamburger_hotdog.jpg\",\"width\":1920,\"height\":1080},{\"@type\":\"BreadcrumbList\",\"@id\":\"https:\\\/\\\/www.arspan.com\\\/fr\\\/produits\\\/hot-dog-et-hamburger\\\/#breadcrumb\",\"itemListElement\":[{\"@type\":\"ListItem\",\"position\":1,\"name\":\"\",\"item\":\"https:\\\/\\\/www.arspan.com\\\/fr\\\/\"},{\"@type\":\"ListItem\",\"position\":2,\"name\":\"Produits\",\"item\":\"https:\\\/\\\/www.arspan.com\\\/fr\\\/produits\\\/\"},{\"@type\":\"ListItem\",\"position\":3,\"name\":\"Hot dog et Hamburger\"}]},{\"@type\":\"WebSite\",\"@id\":\"https:\\\/\\\/www.arspan.com\\\/en\\\/#website\",\"url\":\"https:\\\/\\\/www.arspan.com\\\/en\\\/\",\"name\":\"ArsPan\",\"description\":\"\",\"publisher\":{\"@id\":\"https:\\\/\\\/www.arspan.com\\\/en\\\/#organization\"},\"potentialAction\":[{\"@type\":\"SearchAction\",\"target\":{\"@type\":\"EntryPoint\",\"urlTemplate\":\"https:\\\/\\\/www.arspan.com\\\/en\\\/?s={search_term_string}\"},\"query-input\":{\"@type\":\"PropertyValueSpecification\",\"valueRequired\":true,\"valueName\":\"search_term_string\"}}],\"inLanguage\":\"fr-FR\"},{\"@type\":\"Organization\",\"@id\":\"https:\\\/\\\/www.arspan.com\\\/en\\\/#organization\",\"name\":\"ARS PAN INDUSTRIALE s.r.l. a socio unico\",\"url\":\"https:\\\/\\\/www.arspan.com\\\/en\\\/\",\"logo\":{\"@type\":\"ImageObject\",\"inLanguage\":\"fr-FR\",\"@id\":\"https:\\\/\\\/www.arspan.com\\\/en\\\/#\\\/schema\\\/logo\\\/image\\\/\",\"url\":\"https:\\\/\\\/www.arspan.com\\\/wp-content\\\/uploads\\\/2020\\\/12\\\/logo_arspan.png\",\"contentUrl\":\"https:\\\/\\\/www.arspan.com\\\/wp-content\\\/uploads\\\/2020\\\/12\\\/logo_arspan.png\",\"width\":386,\"height\":123,\"caption\":\"ARS PAN INDUSTRIALE s.r.l. a socio unico\"},\"image\":{\"@id\":\"https:\\\/\\\/www.arspan.com\\\/en\\\/#\\\/schema\\\/logo\\\/image\\\/\"}}]}<\/script>\n<!-- \/ Yoast SEO plugin. -->","yoast_head_json":{"title":"Hot dog et Hamburger &#8211; Ars Pan Industriale","description":"Le hot-dog et le hamburger sont deux produits de pain doux : le premier ayant une forme allong\u00e9e, tandis que le second a une forme ronde.","robots":{"index":"index","follow":"follow","max-snippet":"max-snippet:-1","max-image-preview":"max-image-preview:large","max-video-preview":"max-video-preview:-1"},"canonical":"https:\/\/www.arspan.com\/fr\/produits\/hot-dog-et-hamburger\/","og_locale":"fr_FR","og_type":"article","og_title":"Hot dog et Hamburger &#8211; Ars Pan Industriale","og_description":"Le hot-dog et le hamburger sont deux produits de pain doux : le premier ayant une forme allong\u00e9e, tandis que le second a une forme ronde.","og_url":"https:\/\/www.arspan.com\/fr\/produits\/hot-dog-et-hamburger\/","og_site_name":"ArsPan","article_modified_time":"2021-08-16T13:56:35+00:00","og_image":[{"width":1920,"height":1080,"url":"https:\/\/www.arspan.com\/wp-content\/uploads\/2020\/12\/arspan_hamburger_hotdog.jpg","type":"image\/jpeg"}],"twitter_card":"summary_large_image","twitter_misc":{"Dur\u00e9e de lecture estim\u00e9e":"1 minute"},"schema":{"@context":"https:\/\/schema.org","@graph":[{"@type":"WebPage","@id":"https:\/\/www.arspan.com\/fr\/produits\/hot-dog-et-hamburger\/","url":"https:\/\/www.arspan.com\/fr\/produits\/hot-dog-et-hamburger\/","name":"Hot dog et Hamburger &#8211; Ars Pan Industriale","isPartOf":{"@id":"https:\/\/www.arspan.com\/en\/#website"},"primaryImageOfPage":{"@id":"https:\/\/www.arspan.com\/fr\/produits\/hot-dog-et-hamburger\/#primaryimage"},"image":{"@id":"https:\/\/www.arspan.com\/fr\/produits\/hot-dog-et-hamburger\/#primaryimage"},"thumbnailUrl":"https:\/\/www.arspan.com\/wp-content\/uploads\/2020\/12\/arspan_hamburger_hotdog.jpg","datePublished":"2020-11-16T15:14:49+00:00","dateModified":"2021-08-16T13:56:35+00:00","description":"Le hot-dog et le hamburger sont deux produits de pain doux : le premier ayant une forme allong\u00e9e, tandis que le second a une forme ronde.","breadcrumb":{"@id":"https:\/\/www.arspan.com\/fr\/produits\/hot-dog-et-hamburger\/#breadcrumb"},"inLanguage":"fr-FR","potentialAction":[{"@type":"ReadAction","target":["https:\/\/www.arspan.com\/fr\/produits\/hot-dog-et-hamburger\/"]}]},{"@type":"ImageObject","inLanguage":"fr-FR","@id":"https:\/\/www.arspan.com\/fr\/produits\/hot-dog-et-hamburger\/#primaryimage","url":"https:\/\/www.arspan.com\/wp-content\/uploads\/2020\/12\/arspan_hamburger_hotdog.jpg","contentUrl":"https:\/\/www.arspan.com\/wp-content\/uploads\/2020\/12\/arspan_hamburger_hotdog.jpg","width":1920,"height":1080},{"@type":"BreadcrumbList","@id":"https:\/\/www.arspan.com\/fr\/produits\/hot-dog-et-hamburger\/#breadcrumb","itemListElement":[{"@type":"ListItem","position":1,"name":"","item":"https:\/\/www.arspan.com\/fr\/"},{"@type":"ListItem","position":2,"name":"Produits","item":"https:\/\/www.arspan.com\/fr\/produits\/"},{"@type":"ListItem","position":3,"name":"Hot dog et Hamburger"}]},{"@type":"WebSite","@id":"https:\/\/www.arspan.com\/en\/#website","url":"https:\/\/www.arspan.com\/en\/","name":"ArsPan","description":"","publisher":{"@id":"https:\/\/www.arspan.com\/en\/#organization"},"potentialAction":[{"@type":"SearchAction","target":{"@type":"EntryPoint","urlTemplate":"https:\/\/www.arspan.com\/en\/?s={search_term_string}"},"query-input":{"@type":"PropertyValueSpecification","valueRequired":true,"valueName":"search_term_string"}}],"inLanguage":"fr-FR"},{"@type":"Organization","@id":"https:\/\/www.arspan.com\/en\/#organization","name":"ARS PAN INDUSTRIALE s.r.l. a socio unico","url":"https:\/\/www.arspan.com\/en\/","logo":{"@type":"ImageObject","inLanguage":"fr-FR","@id":"https:\/\/www.arspan.com\/en\/#\/schema\/logo\/image\/","url":"https:\/\/www.arspan.com\/wp-content\/uploads\/2020\/12\/logo_arspan.png","contentUrl":"https:\/\/www.arspan.com\/wp-content\/uploads\/2020\/12\/logo_arspan.png","width":386,"height":123,"caption":"ARS PAN INDUSTRIALE s.r.l. a socio unico"},"image":{"@id":"https:\/\/www.arspan.com\/en\/#\/schema\/logo\/image\/"}}]}},"_links":{"self":[{"href":"https:\/\/www.arspan.com\/fr\/wp-json\/wp\/v2\/pages\/6888","targetHints":{"allow":["GET"]}}],"collection":[{"href":"https:\/\/www.arspan.com\/fr\/wp-json\/wp\/v2\/pages"}],"about":[{"href":"https:\/\/www.arspan.com\/fr\/wp-json\/wp\/v2\/types\/page"}],"author":[{"embeddable":true,"href":"https:\/\/www.arspan.com\/fr\/wp-json\/wp\/v2\/users\/1"}],"replies":[{"embeddable":true,"href":"https:\/\/www.arspan.com\/fr\/wp-json\/wp\/v2\/comments?post=6888"}],"version-history":[{"count":5,"href":"https:\/\/www.arspan.com\/fr\/wp-json\/wp\/v2\/pages\/6888\/revisions"}],"predecessor-version":[{"id":17479,"href":"https:\/\/www.arspan.com\/fr\/wp-json\/wp\/v2\/pages\/6888\/revisions\/17479"}],"up":[{"embeddable":true,"href":"https:\/\/www.arspan.com\/fr\/wp-json\/wp\/v2\/pages\/7092"}],"wp:featuredmedia":[{"embeddable":true,"href":"https:\/\/www.arspan.com\/fr\/wp-json\/wp\/v2\/media\/6549"}],"wp:attachment":[{"href":"https:\/\/www.arspan.com\/fr\/wp-json\/wp\/v2\/media?parent=6888"}],"curies":[{"name":"wp","href":"https:\/\/api.w.org\/{rel}","templated":true}]}}