{"id":6890,"date":"2020-11-16T16:20:09","date_gmt":"2020-11-16T15:20:09","guid":{"rendered":"https:\/\/www.arspan.com\/?page_id=6890"},"modified":"2021-08-16T15:58:51","modified_gmt":"2021-08-16T13:58:51","slug":"machine-de-formage-hot-dog-hamburger","status":"publish","type":"page","link":"https:\/\/www.arspan.com\/fr\/produits\/hot-dog-et-hamburger\/machine-de-formage-hot-dog-hamburger\/","title":{"rendered":"Machine t\u00eate de ligne pour hot dog\/hamburger"},"content":{"rendered":"\n<p><strong>Machines diviseuses \/ bouleuses<\/strong> sont utilis\u00e9s pour la cr\u00e9ation des boules de p\u00e2te avec les poids d\u00e9sir\u00e9s. Les machines peuvent \u00eatre <strong>\u00e0 plusieurs pistes de sortie<\/strong> (de deux \u00e0 huit pistes), avec une productivit\u00e9 indicative jusqu\u2019\u00e0 <strong>2000 pi\u00e8ces \/ heure par piste<\/strong>.<\/p>\n\n\n\n<p>Les machines diviseuses\/bouleuses sont compl\u00e9t\u00e9es avec des <strong>\u00ab\u00a0pinners\u00a0\u00bb<\/strong> pour la correcte formation de l&rsquo;hot dog \/ hamburger.<\/p>\n\n\n\n<figure class=\"wp-block-embed is-type-video is-provider-youtube wp-block-embed-youtube wp-embed-aspect-16-9 wp-has-aspect-ratio\"><div class=\"wp-block-embed__wrapper\">\n<iframe loading=\"lazy\" title=\"Ars Pan Industriale: Linea semiautomatica per Hamburger \/ Bagel \/ Hot Dog\" width=\"500\" height=\"281\" src=\"https:\/\/www.youtube.com\/embed\/xqxYQMaDGX8?start=1&#038;feature=oembed\" frameborder=\"0\" allow=\"accelerometer; autoplay; clipboard-write; encrypted-media; gyroscope; picture-in-picture; web-share\" referrerpolicy=\"strict-origin-when-cross-origin\" allowfullscreen><\/iframe>\n<\/div><\/figure>\n","protected":false},"excerpt":{"rendered":"<p>Machines diviseuses \/ bouleuses sont utilis\u00e9s pour la cr\u00e9ation des boules de p\u00e2te avec les poids d\u00e9sir\u00e9s. Les machines peuvent \u00eatre \u00e0 plusieurs pistes de sortie (de deux \u00e0 huit pistes), avec une productivit\u00e9 indicative jusqu\u2019\u00e0 2000 pi\u00e8ces \/ heure par piste. Les machines diviseuses\/bouleuses sont compl\u00e9t\u00e9es avec des \u00ab\u00a0pinners\u00a0\u00bb pour la correcte formation de [&hellip;]<\/p>\n","protected":false},"author":1,"featured_media":15293,"parent":6888,"menu_order":56,"comment_status":"closed","ping_status":"closed","template":"page-tecnologia.php","meta":{"_acf_changed":false,"footnotes":""},"class_list":["post-6890","page","type-page","status-publish","has-post-thumbnail","hentry"],"acf":[],"yoast_head":"<!-- This site is optimized with the Yoast SEO plugin v27.5 - https:\/\/yoast.com\/product\/yoast-seo-wordpress\/ -->\n<title>Machine t\u00eate de ligne pour hot dog\/hamburger &#8211; Ars Pan Industriale<\/title>\n<meta name=\"description\" content=\"Machines diviseuses\/bouleuses sont utilis\u00e9s pour la cr\u00e9ation des boules de p\u00e2te : elles peuvent \u00eatre \u00e0 plusieurs pistes de sortie.\" \/>\n<meta name=\"robots\" content=\"index, follow, max-snippet:-1, max-image-preview:large, max-video-preview:-1\" \/>\n<link rel=\"canonical\" href=\"https:\/\/www.arspan.com\/fr\/produits\/hot-dog-et-hamburger\/machine-de-formage-hot-dog-hamburger\/\" \/>\n<meta property=\"og:locale\" content=\"fr_FR\" \/>\n<meta property=\"og:type\" content=\"article\" \/>\n<meta property=\"og:title\" content=\"Machine t\u00eate de ligne pour hot dog\/hamburger &#8211; Ars Pan Industriale\" \/>\n<meta property=\"og:description\" content=\"Machines diviseuses\/bouleuses sont utilis\u00e9s pour la cr\u00e9ation des boules de p\u00e2te : elles peuvent \u00eatre \u00e0 plusieurs pistes de sortie.\" \/>\n<meta property=\"og:url\" content=\"https:\/\/www.arspan.com\/fr\/produits\/hot-dog-et-hamburger\/machine-de-formage-hot-dog-hamburger\/\" \/>\n<meta property=\"og:site_name\" content=\"ArsPan\" \/>\n<meta property=\"article:modified_time\" content=\"2021-08-16T13:58:51+00:00\" \/>\n<meta property=\"og:image\" content=\"https:\/\/www.arspan.com\/wp-content\/uploads\/2021\/01\/arspan-macchina-di-testata-per-pancarre-toasted-bread-fette-biscottate.jpg\" \/>\n\t<meta property=\"og:image:width\" content=\"1709\" \/>\n\t<meta property=\"og:image:height\" content=\"848\" \/>\n\t<meta property=\"og:image:type\" content=\"image\/jpeg\" \/>\n<meta name=\"twitter:card\" content=\"summary_large_image\" \/>\n<meta name=\"twitter:label1\" content=\"Dur\u00e9e de lecture estim\u00e9e\" \/>\n\t<meta name=\"twitter:data1\" content=\"1 minute\" \/>\n<script type=\"application\/ld+json\" class=\"yoast-schema-graph\">{\"@context\":\"https:\\\/\\\/schema.org\",\"@graph\":[{\"@type\":\"WebPage\",\"@id\":\"https:\\\/\\\/www.arspan.com\\\/fr\\\/produits\\\/hot-dog-et-hamburger\\\/machine-de-formage-hot-dog-hamburger\\\/\",\"url\":\"https:\\\/\\\/www.arspan.com\\\/fr\\\/produits\\\/hot-dog-et-hamburger\\\/machine-de-formage-hot-dog-hamburger\\\/\",\"name\":\"Machine t\u00eate de ligne pour hot dog\\\/hamburger &#8211; Ars Pan Industriale\",\"isPartOf\":{\"@id\":\"https:\\\/\\\/www.arspan.com\\\/en\\\/#website\"},\"primaryImageOfPage\":{\"@id\":\"https:\\\/\\\/www.arspan.com\\\/fr\\\/produits\\\/hot-dog-et-hamburger\\\/machine-de-formage-hot-dog-hamburger\\\/#primaryimage\"},\"image\":{\"@id\":\"https:\\\/\\\/www.arspan.com\\\/fr\\\/produits\\\/hot-dog-et-hamburger\\\/machine-de-formage-hot-dog-hamburger\\\/#primaryimage\"},\"thumbnailUrl\":\"https:\\\/\\\/www.arspan.com\\\/wp-content\\\/uploads\\\/2021\\\/01\\\/arspan-macchina-di-testata-per-pancarre-toasted-bread-fette-biscottate.jpg\",\"datePublished\":\"2020-11-16T15:20:09+00:00\",\"dateModified\":\"2021-08-16T13:58:51+00:00\",\"description\":\"Machines diviseuses\\\/bouleuses sont utilis\u00e9s pour la cr\u00e9ation des boules de p\u00e2te : elles peuvent \u00eatre \u00e0 plusieurs pistes de sortie.\",\"breadcrumb\":{\"@id\":\"https:\\\/\\\/www.arspan.com\\\/fr\\\/produits\\\/hot-dog-et-hamburger\\\/machine-de-formage-hot-dog-hamburger\\\/#breadcrumb\"},\"inLanguage\":\"fr-FR\",\"potentialAction\":[{\"@type\":\"ReadAction\",\"target\":[\"https:\\\/\\\/www.arspan.com\\\/fr\\\/produits\\\/hot-dog-et-hamburger\\\/machine-de-formage-hot-dog-hamburger\\\/\"]}]},{\"@type\":\"ImageObject\",\"inLanguage\":\"fr-FR\",\"@id\":\"https:\\\/\\\/www.arspan.com\\\/fr\\\/produits\\\/hot-dog-et-hamburger\\\/machine-de-formage-hot-dog-hamburger\\\/#primaryimage\",\"url\":\"https:\\\/\\\/www.arspan.com\\\/wp-content\\\/uploads\\\/2021\\\/01\\\/arspan-macchina-di-testata-per-pancarre-toasted-bread-fette-biscottate.jpg\",\"contentUrl\":\"https:\\\/\\\/www.arspan.com\\\/wp-content\\\/uploads\\\/2021\\\/01\\\/arspan-macchina-di-testata-per-pancarre-toasted-bread-fette-biscottate.jpg\",\"width\":1709,\"height\":848},{\"@type\":\"BreadcrumbList\",\"@id\":\"https:\\\/\\\/www.arspan.com\\\/fr\\\/produits\\\/hot-dog-et-hamburger\\\/machine-de-formage-hot-dog-hamburger\\\/#breadcrumb\",\"itemListElement\":[{\"@type\":\"ListItem\",\"position\":1,\"name\":\"\",\"item\":\"https:\\\/\\\/www.arspan.com\\\/fr\\\/\"},{\"@type\":\"ListItem\",\"position\":2,\"name\":\"Produits\",\"item\":\"https:\\\/\\\/www.arspan.com\\\/fr\\\/produits\\\/\"},{\"@type\":\"ListItem\",\"position\":3,\"name\":\"Hot dog et Hamburger\",\"item\":\"https:\\\/\\\/www.arspan.com\\\/fr\\\/produits\\\/hot-dog-et-hamburger\\\/\"},{\"@type\":\"ListItem\",\"position\":4,\"name\":\"Machine t\u00eate de ligne pour hot dog\\\/hamburger\"}]},{\"@type\":\"WebSite\",\"@id\":\"https:\\\/\\\/www.arspan.com\\\/en\\\/#website\",\"url\":\"https:\\\/\\\/www.arspan.com\\\/en\\\/\",\"name\":\"ArsPan\",\"description\":\"\",\"publisher\":{\"@id\":\"https:\\\/\\\/www.arspan.com\\\/en\\\/#organization\"},\"potentialAction\":[{\"@type\":\"SearchAction\",\"target\":{\"@type\":\"EntryPoint\",\"urlTemplate\":\"https:\\\/\\\/www.arspan.com\\\/en\\\/?s={search_term_string}\"},\"query-input\":{\"@type\":\"PropertyValueSpecification\",\"valueRequired\":true,\"valueName\":\"search_term_string\"}}],\"inLanguage\":\"fr-FR\"},{\"@type\":\"Organization\",\"@id\":\"https:\\\/\\\/www.arspan.com\\\/en\\\/#organization\",\"name\":\"ARS PAN INDUSTRIALE s.r.l. a socio unico\",\"url\":\"https:\\\/\\\/www.arspan.com\\\/en\\\/\",\"logo\":{\"@type\":\"ImageObject\",\"inLanguage\":\"fr-FR\",\"@id\":\"https:\\\/\\\/www.arspan.com\\\/en\\\/#\\\/schema\\\/logo\\\/image\\\/\",\"url\":\"https:\\\/\\\/www.arspan.com\\\/wp-content\\\/uploads\\\/2020\\\/12\\\/logo_arspan.png\",\"contentUrl\":\"https:\\\/\\\/www.arspan.com\\\/wp-content\\\/uploads\\\/2020\\\/12\\\/logo_arspan.png\",\"width\":386,\"height\":123,\"caption\":\"ARS PAN INDUSTRIALE s.r.l. a socio unico\"},\"image\":{\"@id\":\"https:\\\/\\\/www.arspan.com\\\/en\\\/#\\\/schema\\\/logo\\\/image\\\/\"}}]}<\/script>\n<!-- \/ Yoast SEO plugin. -->","yoast_head_json":{"title":"Machine t\u00eate de ligne pour hot dog\/hamburger &#8211; Ars Pan Industriale","description":"Machines diviseuses\/bouleuses sont utilis\u00e9s pour la cr\u00e9ation des boules de p\u00e2te : elles peuvent \u00eatre \u00e0 plusieurs pistes de sortie.","robots":{"index":"index","follow":"follow","max-snippet":"max-snippet:-1","max-image-preview":"max-image-preview:large","max-video-preview":"max-video-preview:-1"},"canonical":"https:\/\/www.arspan.com\/fr\/produits\/hot-dog-et-hamburger\/machine-de-formage-hot-dog-hamburger\/","og_locale":"fr_FR","og_type":"article","og_title":"Machine t\u00eate de ligne pour hot dog\/hamburger &#8211; Ars Pan Industriale","og_description":"Machines diviseuses\/bouleuses sont utilis\u00e9s pour la cr\u00e9ation des boules de p\u00e2te : elles peuvent \u00eatre \u00e0 plusieurs pistes de sortie.","og_url":"https:\/\/www.arspan.com\/fr\/produits\/hot-dog-et-hamburger\/machine-de-formage-hot-dog-hamburger\/","og_site_name":"ArsPan","article_modified_time":"2021-08-16T13:58:51+00:00","og_image":[{"width":1709,"height":848,"url":"https:\/\/www.arspan.com\/wp-content\/uploads\/2021\/01\/arspan-macchina-di-testata-per-pancarre-toasted-bread-fette-biscottate.jpg","type":"image\/jpeg"}],"twitter_card":"summary_large_image","twitter_misc":{"Dur\u00e9e de lecture estim\u00e9e":"1 minute"},"schema":{"@context":"https:\/\/schema.org","@graph":[{"@type":"WebPage","@id":"https:\/\/www.arspan.com\/fr\/produits\/hot-dog-et-hamburger\/machine-de-formage-hot-dog-hamburger\/","url":"https:\/\/www.arspan.com\/fr\/produits\/hot-dog-et-hamburger\/machine-de-formage-hot-dog-hamburger\/","name":"Machine t\u00eate de ligne pour hot dog\/hamburger &#8211; Ars Pan Industriale","isPartOf":{"@id":"https:\/\/www.arspan.com\/en\/#website"},"primaryImageOfPage":{"@id":"https:\/\/www.arspan.com\/fr\/produits\/hot-dog-et-hamburger\/machine-de-formage-hot-dog-hamburger\/#primaryimage"},"image":{"@id":"https:\/\/www.arspan.com\/fr\/produits\/hot-dog-et-hamburger\/machine-de-formage-hot-dog-hamburger\/#primaryimage"},"thumbnailUrl":"https:\/\/www.arspan.com\/wp-content\/uploads\/2021\/01\/arspan-macchina-di-testata-per-pancarre-toasted-bread-fette-biscottate.jpg","datePublished":"2020-11-16T15:20:09+00:00","dateModified":"2021-08-16T13:58:51+00:00","description":"Machines diviseuses\/bouleuses sont utilis\u00e9s pour la cr\u00e9ation des boules de p\u00e2te : elles peuvent \u00eatre \u00e0 plusieurs pistes de sortie.","breadcrumb":{"@id":"https:\/\/www.arspan.com\/fr\/produits\/hot-dog-et-hamburger\/machine-de-formage-hot-dog-hamburger\/#breadcrumb"},"inLanguage":"fr-FR","potentialAction":[{"@type":"ReadAction","target":["https:\/\/www.arspan.com\/fr\/produits\/hot-dog-et-hamburger\/machine-de-formage-hot-dog-hamburger\/"]}]},{"@type":"ImageObject","inLanguage":"fr-FR","@id":"https:\/\/www.arspan.com\/fr\/produits\/hot-dog-et-hamburger\/machine-de-formage-hot-dog-hamburger\/#primaryimage","url":"https:\/\/www.arspan.com\/wp-content\/uploads\/2021\/01\/arspan-macchina-di-testata-per-pancarre-toasted-bread-fette-biscottate.jpg","contentUrl":"https:\/\/www.arspan.com\/wp-content\/uploads\/2021\/01\/arspan-macchina-di-testata-per-pancarre-toasted-bread-fette-biscottate.jpg","width":1709,"height":848},{"@type":"BreadcrumbList","@id":"https:\/\/www.arspan.com\/fr\/produits\/hot-dog-et-hamburger\/machine-de-formage-hot-dog-hamburger\/#breadcrumb","itemListElement":[{"@type":"ListItem","position":1,"name":"","item":"https:\/\/www.arspan.com\/fr\/"},{"@type":"ListItem","position":2,"name":"Produits","item":"https:\/\/www.arspan.com\/fr\/produits\/"},{"@type":"ListItem","position":3,"name":"Hot dog et Hamburger","item":"https:\/\/www.arspan.com\/fr\/produits\/hot-dog-et-hamburger\/"},{"@type":"ListItem","position":4,"name":"Machine t\u00eate de ligne pour hot dog\/hamburger"}]},{"@type":"WebSite","@id":"https:\/\/www.arspan.com\/en\/#website","url":"https:\/\/www.arspan.com\/en\/","name":"ArsPan","description":"","publisher":{"@id":"https:\/\/www.arspan.com\/en\/#organization"},"potentialAction":[{"@type":"SearchAction","target":{"@type":"EntryPoint","urlTemplate":"https:\/\/www.arspan.com\/en\/?s={search_term_string}"},"query-input":{"@type":"PropertyValueSpecification","valueRequired":true,"valueName":"search_term_string"}}],"inLanguage":"fr-FR"},{"@type":"Organization","@id":"https:\/\/www.arspan.com\/en\/#organization","name":"ARS PAN INDUSTRIALE s.r.l. a socio unico","url":"https:\/\/www.arspan.com\/en\/","logo":{"@type":"ImageObject","inLanguage":"fr-FR","@id":"https:\/\/www.arspan.com\/en\/#\/schema\/logo\/image\/","url":"https:\/\/www.arspan.com\/wp-content\/uploads\/2020\/12\/logo_arspan.png","contentUrl":"https:\/\/www.arspan.com\/wp-content\/uploads\/2020\/12\/logo_arspan.png","width":386,"height":123,"caption":"ARS PAN INDUSTRIALE s.r.l. a socio unico"},"image":{"@id":"https:\/\/www.arspan.com\/en\/#\/schema\/logo\/image\/"}}]}},"_links":{"self":[{"href":"https:\/\/www.arspan.com\/fr\/wp-json\/wp\/v2\/pages\/6890","targetHints":{"allow":["GET"]}}],"collection":[{"href":"https:\/\/www.arspan.com\/fr\/wp-json\/wp\/v2\/pages"}],"about":[{"href":"https:\/\/www.arspan.com\/fr\/wp-json\/wp\/v2\/types\/page"}],"author":[{"embeddable":true,"href":"https:\/\/www.arspan.com\/fr\/wp-json\/wp\/v2\/users\/1"}],"replies":[{"embeddable":true,"href":"https:\/\/www.arspan.com\/fr\/wp-json\/wp\/v2\/comments?post=6890"}],"version-history":[{"count":7,"href":"https:\/\/www.arspan.com\/fr\/wp-json\/wp\/v2\/pages\/6890\/revisions"}],"predecessor-version":[{"id":17482,"href":"https:\/\/www.arspan.com\/fr\/wp-json\/wp\/v2\/pages\/6890\/revisions\/17482"}],"up":[{"embeddable":true,"href":"https:\/\/www.arspan.com\/fr\/wp-json\/wp\/v2\/pages\/6888"}],"wp:featuredmedia":[{"embeddable":true,"href":"https:\/\/www.arspan.com\/fr\/wp-json\/wp\/v2\/media\/15293"}],"wp:attachment":[{"href":"https:\/\/www.arspan.com\/fr\/wp-json\/wp\/v2\/media?parent=6890"}],"curies":[{"name":"wp","href":"https:\/\/api.w.org\/{rel}","templated":true}]}}