{"id":6892,"date":"2020-11-16T16:59:35","date_gmt":"2020-11-16T15:59:35","guid":{"rendered":"https:\/\/www.arspan.com\/?page_id=6892"},"modified":"2021-08-16T16:07:27","modified_gmt":"2021-08-16T14:07:27","slug":"achevement-ligne-automatique","status":"publish","type":"page","link":"https:\/\/www.arspan.com\/fr\/produits\/hot-dog-et-hamburger\/achevement-ligne-automatique\/","title":{"rendered":"Automatismes pour l&rsquo;ach\u00e8vement automatique de la ligne"},"content":{"rendered":"\n<p>Pour compl\u00e9ter une ligne automatique pour <strong>hot-dogs \/ hamburgers<\/strong> sont utilis\u00e9s des automatismes tels que&nbsp;:<\/p>\n\n\n\n<ul class=\"wp-block-list\"><li><strong>tapis r\u00e9tractables<\/strong> pour le correct <strong>chargement<\/strong> des hot-dogs \/ hamburgers sur les supports de fermentation<\/li><li><strong>distributeurs de grains<\/strong> (s\u00e9same, pavot, etc&#8230;) \u00e0 l\u2019entr\u00e9e ou \u00e0 la sortie de l&rsquo;\u00e9tuve de fermentation<\/li><li><strong>tours de refroidissement<\/strong> pour plaques<\/li><li><strong>robot de deplaquage \u00e0 ventouse<\/strong> pour vidage des plaques<\/li><\/ul>\n\n\n\n<figure class=\"wp-block-embed is-type-video is-provider-youtube wp-block-embed-youtube wp-embed-aspect-16-9 wp-has-aspect-ratio\"><div class=\"wp-block-embed__wrapper\">\n<iframe loading=\"lazy\" title=\"Ars Pan Industriale: Linea semiautomatica per Hamburger \/ Bagel \/ Hot Dog\" width=\"500\" height=\"281\" src=\"https:\/\/www.youtube.com\/embed\/xqxYQMaDGX8?start=1&#038;feature=oembed\" frameborder=\"0\" allow=\"accelerometer; autoplay; clipboard-write; encrypted-media; gyroscope; picture-in-picture; web-share\" referrerpolicy=\"strict-origin-when-cross-origin\" allowfullscreen><\/iframe>\n<\/div><\/figure>\n","protected":false},"excerpt":{"rendered":"<p>Pour compl\u00e9ter une ligne automatique pour hot-dogs \/ hamburgers sont utilis\u00e9s des automatismes tels que&nbsp;: tapis r\u00e9tractables pour le correct chargement des hot-dogs \/ hamburgers sur les supports de fermentation distributeurs de grains (s\u00e9same, pavot, etc&#8230;) \u00e0 l\u2019entr\u00e9e ou \u00e0 la sortie de l&rsquo;\u00e9tuve de fermentation tours de refroidissement pour plaques robot de deplaquage \u00e0 [&hellip;]<\/p>\n","protected":false},"author":1,"featured_media":11458,"parent":6888,"menu_order":110,"comment_status":"closed","ping_status":"closed","template":"page-tecnologia.php","meta":{"_acf_changed":false,"footnotes":""},"class_list":["post-6892","page","type-page","status-publish","has-post-thumbnail","hentry"],"acf":[],"yoast_head":"<!-- This site is optimized with the Yoast SEO plugin v27.4 - https:\/\/yoast.com\/product\/yoast-seo-wordpress\/ -->\n<title>Automatismes pour l&#039;ach\u00e8vement automatique de la ligne: hot dog\/hamburger &#8211; Ars Pan Industriale<\/title>\n<meta name=\"description\" content=\"Pour compl\u00e9ter une ligne automatique pour hot-dogs \/ hamburgers sont utilis\u00e9s des diff\u00e9rents types d&#039;automatismes : \u2706 0321 98778 pour info.\" \/>\n<meta name=\"robots\" content=\"index, follow, max-snippet:-1, max-image-preview:large, max-video-preview:-1\" \/>\n<link rel=\"canonical\" href=\"https:\/\/www.arspan.com\/fr\/produits\/hot-dog-et-hamburger\/achevement-ligne-automatique\/\" \/>\n<meta property=\"og:locale\" content=\"fr_FR\" \/>\n<meta property=\"og:type\" content=\"article\" \/>\n<meta property=\"og:title\" content=\"Automatismes pour l&#039;ach\u00e8vement automatique de la ligne: hot dog\/hamburger &#8211; Ars Pan Industriale\" \/>\n<meta property=\"og:description\" content=\"Pour compl\u00e9ter une ligne automatique pour hot-dogs \/ hamburgers sont utilis\u00e9s des diff\u00e9rents types d&#039;automatismes : \u2706 0321 98778 pour info.\" \/>\n<meta property=\"og:url\" content=\"https:\/\/www.arspan.com\/fr\/produits\/hot-dog-et-hamburger\/achevement-ligne-automatique\/\" \/>\n<meta property=\"og:site_name\" content=\"ArsPan\" \/>\n<meta property=\"article:modified_time\" content=\"2021-08-16T14:07:27+00:00\" \/>\n<meta property=\"og:image\" content=\"https:\/\/www.arspan.com\/wp-content\/uploads\/2020\/12\/pinner-factory.jpg\" \/>\n\t<meta property=\"og:image:width\" content=\"1709\" \/>\n\t<meta property=\"og:image:height\" content=\"848\" \/>\n\t<meta property=\"og:image:type\" content=\"image\/jpeg\" \/>\n<meta name=\"twitter:card\" content=\"summary_large_image\" \/>\n<meta name=\"twitter:label1\" content=\"Dur\u00e9e de lecture estim\u00e9e\" \/>\n\t<meta name=\"twitter:data1\" content=\"1 minute\" \/>\n<script type=\"application\/ld+json\" class=\"yoast-schema-graph\">{\"@context\":\"https:\\\/\\\/schema.org\",\"@graph\":[{\"@type\":\"WebPage\",\"@id\":\"https:\\\/\\\/www.arspan.com\\\/fr\\\/produits\\\/hot-dog-et-hamburger\\\/achevement-ligne-automatique\\\/\",\"url\":\"https:\\\/\\\/www.arspan.com\\\/fr\\\/produits\\\/hot-dog-et-hamburger\\\/achevement-ligne-automatique\\\/\",\"name\":\"Automatismes pour l'ach\u00e8vement automatique de la ligne: hot dog\\\/hamburger &#8211; Ars Pan Industriale\",\"isPartOf\":{\"@id\":\"https:\\\/\\\/www.arspan.com\\\/en\\\/#website\"},\"primaryImageOfPage\":{\"@id\":\"https:\\\/\\\/www.arspan.com\\\/fr\\\/produits\\\/hot-dog-et-hamburger\\\/achevement-ligne-automatique\\\/#primaryimage\"},\"image\":{\"@id\":\"https:\\\/\\\/www.arspan.com\\\/fr\\\/produits\\\/hot-dog-et-hamburger\\\/achevement-ligne-automatique\\\/#primaryimage\"},\"thumbnailUrl\":\"https:\\\/\\\/www.arspan.com\\\/wp-content\\\/uploads\\\/2020\\\/12\\\/pinner-factory.jpg\",\"datePublished\":\"2020-11-16T15:59:35+00:00\",\"dateModified\":\"2021-08-16T14:07:27+00:00\",\"description\":\"Pour compl\u00e9ter une ligne automatique pour hot-dogs \\\/ hamburgers sont utilis\u00e9s des diff\u00e9rents types d'automatismes : \u2706 0321 98778 pour info.\",\"breadcrumb\":{\"@id\":\"https:\\\/\\\/www.arspan.com\\\/fr\\\/produits\\\/hot-dog-et-hamburger\\\/achevement-ligne-automatique\\\/#breadcrumb\"},\"inLanguage\":\"fr-FR\",\"potentialAction\":[{\"@type\":\"ReadAction\",\"target\":[\"https:\\\/\\\/www.arspan.com\\\/fr\\\/produits\\\/hot-dog-et-hamburger\\\/achevement-ligne-automatique\\\/\"]}]},{\"@type\":\"ImageObject\",\"inLanguage\":\"fr-FR\",\"@id\":\"https:\\\/\\\/www.arspan.com\\\/fr\\\/produits\\\/hot-dog-et-hamburger\\\/achevement-ligne-automatique\\\/#primaryimage\",\"url\":\"https:\\\/\\\/www.arspan.com\\\/wp-content\\\/uploads\\\/2020\\\/12\\\/pinner-factory.jpg\",\"contentUrl\":\"https:\\\/\\\/www.arspan.com\\\/wp-content\\\/uploads\\\/2020\\\/12\\\/pinner-factory.jpg\",\"width\":1709,\"height\":848},{\"@type\":\"BreadcrumbList\",\"@id\":\"https:\\\/\\\/www.arspan.com\\\/fr\\\/produits\\\/hot-dog-et-hamburger\\\/achevement-ligne-automatique\\\/#breadcrumb\",\"itemListElement\":[{\"@type\":\"ListItem\",\"position\":1,\"name\":\"\",\"item\":\"https:\\\/\\\/www.arspan.com\\\/fr\\\/\"},{\"@type\":\"ListItem\",\"position\":2,\"name\":\"Produits\",\"item\":\"https:\\\/\\\/www.arspan.com\\\/fr\\\/produits\\\/\"},{\"@type\":\"ListItem\",\"position\":3,\"name\":\"Hot dog et Hamburger\",\"item\":\"https:\\\/\\\/www.arspan.com\\\/fr\\\/produits\\\/hot-dog-et-hamburger\\\/\"},{\"@type\":\"ListItem\",\"position\":4,\"name\":\"Automatismes pour l&#8217;ach\u00e8vement automatique de la ligne\"}]},{\"@type\":\"WebSite\",\"@id\":\"https:\\\/\\\/www.arspan.com\\\/en\\\/#website\",\"url\":\"https:\\\/\\\/www.arspan.com\\\/en\\\/\",\"name\":\"ArsPan\",\"description\":\"\",\"publisher\":{\"@id\":\"https:\\\/\\\/www.arspan.com\\\/en\\\/#organization\"},\"potentialAction\":[{\"@type\":\"SearchAction\",\"target\":{\"@type\":\"EntryPoint\",\"urlTemplate\":\"https:\\\/\\\/www.arspan.com\\\/en\\\/?s={search_term_string}\"},\"query-input\":{\"@type\":\"PropertyValueSpecification\",\"valueRequired\":true,\"valueName\":\"search_term_string\"}}],\"inLanguage\":\"fr-FR\"},{\"@type\":\"Organization\",\"@id\":\"https:\\\/\\\/www.arspan.com\\\/en\\\/#organization\",\"name\":\"ARS PAN INDUSTRIALE s.r.l. a socio unico\",\"url\":\"https:\\\/\\\/www.arspan.com\\\/en\\\/\",\"logo\":{\"@type\":\"ImageObject\",\"inLanguage\":\"fr-FR\",\"@id\":\"https:\\\/\\\/www.arspan.com\\\/en\\\/#\\\/schema\\\/logo\\\/image\\\/\",\"url\":\"https:\\\/\\\/www.arspan.com\\\/wp-content\\\/uploads\\\/2020\\\/12\\\/logo_arspan.png\",\"contentUrl\":\"https:\\\/\\\/www.arspan.com\\\/wp-content\\\/uploads\\\/2020\\\/12\\\/logo_arspan.png\",\"width\":386,\"height\":123,\"caption\":\"ARS PAN INDUSTRIALE s.r.l. a socio unico\"},\"image\":{\"@id\":\"https:\\\/\\\/www.arspan.com\\\/en\\\/#\\\/schema\\\/logo\\\/image\\\/\"}}]}<\/script>\n<!-- \/ Yoast SEO plugin. -->","yoast_head_json":{"title":"Automatismes pour l'ach\u00e8vement automatique de la ligne: hot dog\/hamburger &#8211; Ars Pan Industriale","description":"Pour compl\u00e9ter une ligne automatique pour hot-dogs \/ hamburgers sont utilis\u00e9s des diff\u00e9rents types d'automatismes : \u2706 0321 98778 pour info.","robots":{"index":"index","follow":"follow","max-snippet":"max-snippet:-1","max-image-preview":"max-image-preview:large","max-video-preview":"max-video-preview:-1"},"canonical":"https:\/\/www.arspan.com\/fr\/produits\/hot-dog-et-hamburger\/achevement-ligne-automatique\/","og_locale":"fr_FR","og_type":"article","og_title":"Automatismes pour l'ach\u00e8vement automatique de la ligne: hot dog\/hamburger &#8211; Ars Pan Industriale","og_description":"Pour compl\u00e9ter une ligne automatique pour hot-dogs \/ hamburgers sont utilis\u00e9s des diff\u00e9rents types d'automatismes : \u2706 0321 98778 pour info.","og_url":"https:\/\/www.arspan.com\/fr\/produits\/hot-dog-et-hamburger\/achevement-ligne-automatique\/","og_site_name":"ArsPan","article_modified_time":"2021-08-16T14:07:27+00:00","og_image":[{"width":1709,"height":848,"url":"https:\/\/www.arspan.com\/wp-content\/uploads\/2020\/12\/pinner-factory.jpg","type":"image\/jpeg"}],"twitter_card":"summary_large_image","twitter_misc":{"Dur\u00e9e de lecture estim\u00e9e":"1 minute"},"schema":{"@context":"https:\/\/schema.org","@graph":[{"@type":"WebPage","@id":"https:\/\/www.arspan.com\/fr\/produits\/hot-dog-et-hamburger\/achevement-ligne-automatique\/","url":"https:\/\/www.arspan.com\/fr\/produits\/hot-dog-et-hamburger\/achevement-ligne-automatique\/","name":"Automatismes pour l'ach\u00e8vement automatique de la ligne: hot dog\/hamburger &#8211; Ars Pan Industriale","isPartOf":{"@id":"https:\/\/www.arspan.com\/en\/#website"},"primaryImageOfPage":{"@id":"https:\/\/www.arspan.com\/fr\/produits\/hot-dog-et-hamburger\/achevement-ligne-automatique\/#primaryimage"},"image":{"@id":"https:\/\/www.arspan.com\/fr\/produits\/hot-dog-et-hamburger\/achevement-ligne-automatique\/#primaryimage"},"thumbnailUrl":"https:\/\/www.arspan.com\/wp-content\/uploads\/2020\/12\/pinner-factory.jpg","datePublished":"2020-11-16T15:59:35+00:00","dateModified":"2021-08-16T14:07:27+00:00","description":"Pour compl\u00e9ter une ligne automatique pour hot-dogs \/ hamburgers sont utilis\u00e9s des diff\u00e9rents types d'automatismes : \u2706 0321 98778 pour info.","breadcrumb":{"@id":"https:\/\/www.arspan.com\/fr\/produits\/hot-dog-et-hamburger\/achevement-ligne-automatique\/#breadcrumb"},"inLanguage":"fr-FR","potentialAction":[{"@type":"ReadAction","target":["https:\/\/www.arspan.com\/fr\/produits\/hot-dog-et-hamburger\/achevement-ligne-automatique\/"]}]},{"@type":"ImageObject","inLanguage":"fr-FR","@id":"https:\/\/www.arspan.com\/fr\/produits\/hot-dog-et-hamburger\/achevement-ligne-automatique\/#primaryimage","url":"https:\/\/www.arspan.com\/wp-content\/uploads\/2020\/12\/pinner-factory.jpg","contentUrl":"https:\/\/www.arspan.com\/wp-content\/uploads\/2020\/12\/pinner-factory.jpg","width":1709,"height":848},{"@type":"BreadcrumbList","@id":"https:\/\/www.arspan.com\/fr\/produits\/hot-dog-et-hamburger\/achevement-ligne-automatique\/#breadcrumb","itemListElement":[{"@type":"ListItem","position":1,"name":"","item":"https:\/\/www.arspan.com\/fr\/"},{"@type":"ListItem","position":2,"name":"Produits","item":"https:\/\/www.arspan.com\/fr\/produits\/"},{"@type":"ListItem","position":3,"name":"Hot dog et Hamburger","item":"https:\/\/www.arspan.com\/fr\/produits\/hot-dog-et-hamburger\/"},{"@type":"ListItem","position":4,"name":"Automatismes pour l&#8217;ach\u00e8vement automatique de la ligne"}]},{"@type":"WebSite","@id":"https:\/\/www.arspan.com\/en\/#website","url":"https:\/\/www.arspan.com\/en\/","name":"ArsPan","description":"","publisher":{"@id":"https:\/\/www.arspan.com\/en\/#organization"},"potentialAction":[{"@type":"SearchAction","target":{"@type":"EntryPoint","urlTemplate":"https:\/\/www.arspan.com\/en\/?s={search_term_string}"},"query-input":{"@type":"PropertyValueSpecification","valueRequired":true,"valueName":"search_term_string"}}],"inLanguage":"fr-FR"},{"@type":"Organization","@id":"https:\/\/www.arspan.com\/en\/#organization","name":"ARS PAN INDUSTRIALE s.r.l. a socio unico","url":"https:\/\/www.arspan.com\/en\/","logo":{"@type":"ImageObject","inLanguage":"fr-FR","@id":"https:\/\/www.arspan.com\/en\/#\/schema\/logo\/image\/","url":"https:\/\/www.arspan.com\/wp-content\/uploads\/2020\/12\/logo_arspan.png","contentUrl":"https:\/\/www.arspan.com\/wp-content\/uploads\/2020\/12\/logo_arspan.png","width":386,"height":123,"caption":"ARS PAN INDUSTRIALE s.r.l. a socio unico"},"image":{"@id":"https:\/\/www.arspan.com\/en\/#\/schema\/logo\/image\/"}}]}},"_links":{"self":[{"href":"https:\/\/www.arspan.com\/fr\/wp-json\/wp\/v2\/pages\/6892","targetHints":{"allow":["GET"]}}],"collection":[{"href":"https:\/\/www.arspan.com\/fr\/wp-json\/wp\/v2\/pages"}],"about":[{"href":"https:\/\/www.arspan.com\/fr\/wp-json\/wp\/v2\/types\/page"}],"author":[{"embeddable":true,"href":"https:\/\/www.arspan.com\/fr\/wp-json\/wp\/v2\/users\/1"}],"replies":[{"embeddable":true,"href":"https:\/\/www.arspan.com\/fr\/wp-json\/wp\/v2\/comments?post=6892"}],"version-history":[{"count":4,"href":"https:\/\/www.arspan.com\/fr\/wp-json\/wp\/v2\/pages\/6892\/revisions"}],"predecessor-version":[{"id":17490,"href":"https:\/\/www.arspan.com\/fr\/wp-json\/wp\/v2\/pages\/6892\/revisions\/17490"}],"up":[{"embeddable":true,"href":"https:\/\/www.arspan.com\/fr\/wp-json\/wp\/v2\/pages\/6888"}],"wp:featuredmedia":[{"embeddable":true,"href":"https:\/\/www.arspan.com\/fr\/wp-json\/wp\/v2\/media\/11458"}],"wp:attachment":[{"href":"https:\/\/www.arspan.com\/fr\/wp-json\/wp\/v2\/media?parent=6892"}],"curies":[{"name":"wp","href":"https:\/\/api.w.org\/{rel}","templated":true}]}}