{"id":6905,"date":"2016-11-09T14:57:29","date_gmt":"2016-11-09T13:57:29","guid":{"rendered":"https:\/\/www.arspan.com\/?page_id=6905"},"modified":"2021-08-16T16:18:02","modified_gmt":"2021-08-16T14:18:02","slug":"biscuits","status":"publish","type":"page","link":"https:\/\/www.arspan.com\/fr\/produits\/biscuits\/","title":{"rendered":"Biscuits"},"content":{"rendered":"\n<h2 class=\"wp-block-heading\">Caract\u00e9ristiques du produit<\/h2>\n\n\n\n<p>Le <strong>biscuit<\/strong> est une pr\u00e9paration de p\u00e2tisserie douce, de diff\u00e9rents formes g\u00e9om\u00e9triques et diversement d\u00e9cor\u00e9e, habituellement cuite dans le four jusqu\u2019\u00e0 perdre presque toute trace d\u2019humidit\u00e9.<\/p>\n\n\n\n<p>Les biscuits sont une <strong>pr\u00e9paration ancienne<\/strong>, caract\u00e9ris\u00e9es par une forte pr\u00e9sence du <strong>miel<\/strong> (\u00e0 l\u2019origine) ou du <strong>sucre<\/strong> (plus r\u00e9cemment) et par une cuisson compl\u00e8te au four\u00a0: deux caract\u00e9ristiques qui les rendaient conservables m\u00eame pendant de longues p\u00e9riodes.<\/p>\n\n\n\n<p>Les biscuits sont g\u00e9n\u00e9ralement \u00e0 base de <strong>farine, d\u2019\u0153uf, de beurre, de sucre, de bicarbonate d\u2019ammonium<\/strong> et \u00e9ventuellement de <strong>levure<\/strong> et <strong>d\u2019ar\u00f4mes divers<\/strong>.<\/p>\n\n\n\n<h2 class=\"wp-block-heading\">Ars Pan Industriale technologie de production<\/h2>\n\n\n\n<p>Notre \u00e9quipement pour la production des biscuits comprend toutes les phases du processus :<\/p>\n\n\n\n<ul class=\"wp-block-list\"><li>Machine doseuse ou \u00e0 extrusion pour biscuits<\/li><li>Four \u00e0 tunnel de cuisson pour biscuits<\/li><li>Four \u00e0 tunnel de sechage pour biscuits<\/li><li>Automatismes pour l\u2019ach\u00e8vement automatique de la ligne<\/li><\/ul>\n","protected":false},"excerpt":{"rendered":"<p>Caract\u00e9ristiques du produit Le biscuit est une pr\u00e9paration de p\u00e2tisserie douce, de diff\u00e9rents formes g\u00e9om\u00e9triques et diversement d\u00e9cor\u00e9e, habituellement cuite dans le four jusqu\u2019\u00e0 perdre presque toute trace d\u2019humidit\u00e9. Les biscuits sont une pr\u00e9paration ancienne, caract\u00e9ris\u00e9es par une forte pr\u00e9sence du miel (\u00e0 l\u2019origine) ou du sucre (plus r\u00e9cemment) et par une cuisson compl\u00e8te au [&hellip;]<\/p>\n","protected":false},"author":1,"featured_media":6473,"parent":7092,"menu_order":173,"comment_status":"closed","ping_status":"closed","template":"page-prodotti.php","meta":{"_acf_changed":false,"footnotes":""},"class_list":["post-6905","page","type-page","status-publish","has-post-thumbnail","hentry"],"acf":[],"yoast_head":"<!-- This site is optimized with the Yoast SEO plugin v27.5 - https:\/\/yoast.com\/product\/yoast-seo-wordpress\/ -->\n<title>Biscuits: caract\u00e9ristiques et technologie de production &#8211; Ars Pan Industriale<\/title>\n<meta name=\"description\" content=\"Les biscuits sont une pr\u00e9paration ancienne, caract\u00e9ris\u00e9e par une forte pr\u00e9sence du miel ou du sucre et par une cuisson compl\u00e8te au four.\" \/>\n<meta name=\"robots\" content=\"index, follow, max-snippet:-1, max-image-preview:large, max-video-preview:-1\" \/>\n<link rel=\"canonical\" href=\"https:\/\/www.arspan.com\/fr\/produits\/biscuits\/\" \/>\n<meta property=\"og:locale\" content=\"fr_FR\" \/>\n<meta property=\"og:type\" content=\"article\" \/>\n<meta property=\"og:title\" content=\"Biscuits: caract\u00e9ristiques et technologie de production &#8211; Ars Pan Industriale\" \/>\n<meta property=\"og:description\" content=\"Les biscuits sont une pr\u00e9paration ancienne, caract\u00e9ris\u00e9e par une forte pr\u00e9sence du miel ou du sucre et par une cuisson compl\u00e8te au four.\" \/>\n<meta property=\"og:url\" content=\"https:\/\/www.arspan.com\/fr\/produits\/biscuits\/\" \/>\n<meta property=\"og:site_name\" content=\"ArsPan\" \/>\n<meta property=\"article:modified_time\" content=\"2021-08-16T14:18:02+00:00\" \/>\n<meta property=\"og:image\" content=\"https:\/\/www.arspan.com\/wp-content\/uploads\/2020\/12\/arspan_biscottipavesini.jpg\" \/>\n\t<meta property=\"og:image:width\" content=\"1920\" \/>\n\t<meta property=\"og:image:height\" content=\"1080\" \/>\n\t<meta property=\"og:image:type\" content=\"image\/jpeg\" \/>\n<meta name=\"twitter:card\" content=\"summary_large_image\" \/>\n<meta name=\"twitter:label1\" content=\"Dur\u00e9e de lecture estim\u00e9e\" \/>\n\t<meta name=\"twitter:data1\" content=\"1 minute\" \/>\n<script type=\"application\/ld+json\" class=\"yoast-schema-graph\">{\"@context\":\"https:\\\/\\\/schema.org\",\"@graph\":[{\"@type\":\"WebPage\",\"@id\":\"https:\\\/\\\/www.arspan.com\\\/fr\\\/produits\\\/biscuits\\\/\",\"url\":\"https:\\\/\\\/www.arspan.com\\\/fr\\\/produits\\\/biscuits\\\/\",\"name\":\"Biscuits: caract\u00e9ristiques et technologie de production &#8211; Ars Pan Industriale\",\"isPartOf\":{\"@id\":\"https:\\\/\\\/www.arspan.com\\\/en\\\/#website\"},\"primaryImageOfPage\":{\"@id\":\"https:\\\/\\\/www.arspan.com\\\/fr\\\/produits\\\/biscuits\\\/#primaryimage\"},\"image\":{\"@id\":\"https:\\\/\\\/www.arspan.com\\\/fr\\\/produits\\\/biscuits\\\/#primaryimage\"},\"thumbnailUrl\":\"https:\\\/\\\/www.arspan.com\\\/wp-content\\\/uploads\\\/2020\\\/12\\\/arspan_biscottipavesini.jpg\",\"datePublished\":\"2016-11-09T13:57:29+00:00\",\"dateModified\":\"2021-08-16T14:18:02+00:00\",\"description\":\"Les biscuits sont une pr\u00e9paration ancienne, caract\u00e9ris\u00e9e par une forte pr\u00e9sence du miel ou du sucre et par une cuisson compl\u00e8te au four.\",\"breadcrumb\":{\"@id\":\"https:\\\/\\\/www.arspan.com\\\/fr\\\/produits\\\/biscuits\\\/#breadcrumb\"},\"inLanguage\":\"fr-FR\",\"potentialAction\":[{\"@type\":\"ReadAction\",\"target\":[\"https:\\\/\\\/www.arspan.com\\\/fr\\\/produits\\\/biscuits\\\/\"]}]},{\"@type\":\"ImageObject\",\"inLanguage\":\"fr-FR\",\"@id\":\"https:\\\/\\\/www.arspan.com\\\/fr\\\/produits\\\/biscuits\\\/#primaryimage\",\"url\":\"https:\\\/\\\/www.arspan.com\\\/wp-content\\\/uploads\\\/2020\\\/12\\\/arspan_biscottipavesini.jpg\",\"contentUrl\":\"https:\\\/\\\/www.arspan.com\\\/wp-content\\\/uploads\\\/2020\\\/12\\\/arspan_biscottipavesini.jpg\",\"width\":1920,\"height\":1080},{\"@type\":\"BreadcrumbList\",\"@id\":\"https:\\\/\\\/www.arspan.com\\\/fr\\\/produits\\\/biscuits\\\/#breadcrumb\",\"itemListElement\":[{\"@type\":\"ListItem\",\"position\":1,\"name\":\"\",\"item\":\"https:\\\/\\\/www.arspan.com\\\/fr\\\/\"},{\"@type\":\"ListItem\",\"position\":2,\"name\":\"Produits\",\"item\":\"https:\\\/\\\/www.arspan.com\\\/fr\\\/produits\\\/\"},{\"@type\":\"ListItem\",\"position\":3,\"name\":\"Biscuits\"}]},{\"@type\":\"WebSite\",\"@id\":\"https:\\\/\\\/www.arspan.com\\\/en\\\/#website\",\"url\":\"https:\\\/\\\/www.arspan.com\\\/en\\\/\",\"name\":\"ArsPan\",\"description\":\"\",\"publisher\":{\"@id\":\"https:\\\/\\\/www.arspan.com\\\/en\\\/#organization\"},\"potentialAction\":[{\"@type\":\"SearchAction\",\"target\":{\"@type\":\"EntryPoint\",\"urlTemplate\":\"https:\\\/\\\/www.arspan.com\\\/en\\\/?s={search_term_string}\"},\"query-input\":{\"@type\":\"PropertyValueSpecification\",\"valueRequired\":true,\"valueName\":\"search_term_string\"}}],\"inLanguage\":\"fr-FR\"},{\"@type\":\"Organization\",\"@id\":\"https:\\\/\\\/www.arspan.com\\\/en\\\/#organization\",\"name\":\"ARS PAN INDUSTRIALE s.r.l. a socio unico\",\"url\":\"https:\\\/\\\/www.arspan.com\\\/en\\\/\",\"logo\":{\"@type\":\"ImageObject\",\"inLanguage\":\"fr-FR\",\"@id\":\"https:\\\/\\\/www.arspan.com\\\/en\\\/#\\\/schema\\\/logo\\\/image\\\/\",\"url\":\"https:\\\/\\\/www.arspan.com\\\/wp-content\\\/uploads\\\/2020\\\/12\\\/logo_arspan.png\",\"contentUrl\":\"https:\\\/\\\/www.arspan.com\\\/wp-content\\\/uploads\\\/2020\\\/12\\\/logo_arspan.png\",\"width\":386,\"height\":123,\"caption\":\"ARS PAN INDUSTRIALE s.r.l. a socio unico\"},\"image\":{\"@id\":\"https:\\\/\\\/www.arspan.com\\\/en\\\/#\\\/schema\\\/logo\\\/image\\\/\"}}]}<\/script>\n<!-- \/ Yoast SEO plugin. -->","yoast_head_json":{"title":"Biscuits: caract\u00e9ristiques et technologie de production &#8211; Ars Pan Industriale","description":"Les biscuits sont une pr\u00e9paration ancienne, caract\u00e9ris\u00e9e par une forte pr\u00e9sence du miel ou du sucre et par une cuisson compl\u00e8te au four.","robots":{"index":"index","follow":"follow","max-snippet":"max-snippet:-1","max-image-preview":"max-image-preview:large","max-video-preview":"max-video-preview:-1"},"canonical":"https:\/\/www.arspan.com\/fr\/produits\/biscuits\/","og_locale":"fr_FR","og_type":"article","og_title":"Biscuits: caract\u00e9ristiques et technologie de production &#8211; Ars Pan Industriale","og_description":"Les biscuits sont une pr\u00e9paration ancienne, caract\u00e9ris\u00e9e par une forte pr\u00e9sence du miel ou du sucre et par une cuisson compl\u00e8te au four.","og_url":"https:\/\/www.arspan.com\/fr\/produits\/biscuits\/","og_site_name":"ArsPan","article_modified_time":"2021-08-16T14:18:02+00:00","og_image":[{"width":1920,"height":1080,"url":"https:\/\/www.arspan.com\/wp-content\/uploads\/2020\/12\/arspan_biscottipavesini.jpg","type":"image\/jpeg"}],"twitter_card":"summary_large_image","twitter_misc":{"Dur\u00e9e de lecture estim\u00e9e":"1 minute"},"schema":{"@context":"https:\/\/schema.org","@graph":[{"@type":"WebPage","@id":"https:\/\/www.arspan.com\/fr\/produits\/biscuits\/","url":"https:\/\/www.arspan.com\/fr\/produits\/biscuits\/","name":"Biscuits: caract\u00e9ristiques et technologie de production &#8211; Ars Pan Industriale","isPartOf":{"@id":"https:\/\/www.arspan.com\/en\/#website"},"primaryImageOfPage":{"@id":"https:\/\/www.arspan.com\/fr\/produits\/biscuits\/#primaryimage"},"image":{"@id":"https:\/\/www.arspan.com\/fr\/produits\/biscuits\/#primaryimage"},"thumbnailUrl":"https:\/\/www.arspan.com\/wp-content\/uploads\/2020\/12\/arspan_biscottipavesini.jpg","datePublished":"2016-11-09T13:57:29+00:00","dateModified":"2021-08-16T14:18:02+00:00","description":"Les biscuits sont une pr\u00e9paration ancienne, caract\u00e9ris\u00e9e par une forte pr\u00e9sence du miel ou du sucre et par une cuisson compl\u00e8te au four.","breadcrumb":{"@id":"https:\/\/www.arspan.com\/fr\/produits\/biscuits\/#breadcrumb"},"inLanguage":"fr-FR","potentialAction":[{"@type":"ReadAction","target":["https:\/\/www.arspan.com\/fr\/produits\/biscuits\/"]}]},{"@type":"ImageObject","inLanguage":"fr-FR","@id":"https:\/\/www.arspan.com\/fr\/produits\/biscuits\/#primaryimage","url":"https:\/\/www.arspan.com\/wp-content\/uploads\/2020\/12\/arspan_biscottipavesini.jpg","contentUrl":"https:\/\/www.arspan.com\/wp-content\/uploads\/2020\/12\/arspan_biscottipavesini.jpg","width":1920,"height":1080},{"@type":"BreadcrumbList","@id":"https:\/\/www.arspan.com\/fr\/produits\/biscuits\/#breadcrumb","itemListElement":[{"@type":"ListItem","position":1,"name":"","item":"https:\/\/www.arspan.com\/fr\/"},{"@type":"ListItem","position":2,"name":"Produits","item":"https:\/\/www.arspan.com\/fr\/produits\/"},{"@type":"ListItem","position":3,"name":"Biscuits"}]},{"@type":"WebSite","@id":"https:\/\/www.arspan.com\/en\/#website","url":"https:\/\/www.arspan.com\/en\/","name":"ArsPan","description":"","publisher":{"@id":"https:\/\/www.arspan.com\/en\/#organization"},"potentialAction":[{"@type":"SearchAction","target":{"@type":"EntryPoint","urlTemplate":"https:\/\/www.arspan.com\/en\/?s={search_term_string}"},"query-input":{"@type":"PropertyValueSpecification","valueRequired":true,"valueName":"search_term_string"}}],"inLanguage":"fr-FR"},{"@type":"Organization","@id":"https:\/\/www.arspan.com\/en\/#organization","name":"ARS PAN INDUSTRIALE s.r.l. a socio unico","url":"https:\/\/www.arspan.com\/en\/","logo":{"@type":"ImageObject","inLanguage":"fr-FR","@id":"https:\/\/www.arspan.com\/en\/#\/schema\/logo\/image\/","url":"https:\/\/www.arspan.com\/wp-content\/uploads\/2020\/12\/logo_arspan.png","contentUrl":"https:\/\/www.arspan.com\/wp-content\/uploads\/2020\/12\/logo_arspan.png","width":386,"height":123,"caption":"ARS PAN INDUSTRIALE s.r.l. a socio unico"},"image":{"@id":"https:\/\/www.arspan.com\/en\/#\/schema\/logo\/image\/"}}]}},"_links":{"self":[{"href":"https:\/\/www.arspan.com\/fr\/wp-json\/wp\/v2\/pages\/6905","targetHints":{"allow":["GET"]}}],"collection":[{"href":"https:\/\/www.arspan.com\/fr\/wp-json\/wp\/v2\/pages"}],"about":[{"href":"https:\/\/www.arspan.com\/fr\/wp-json\/wp\/v2\/types\/page"}],"author":[{"embeddable":true,"href":"https:\/\/www.arspan.com\/fr\/wp-json\/wp\/v2\/users\/1"}],"replies":[{"embeddable":true,"href":"https:\/\/www.arspan.com\/fr\/wp-json\/wp\/v2\/comments?post=6905"}],"version-history":[{"count":4,"href":"https:\/\/www.arspan.com\/fr\/wp-json\/wp\/v2\/pages\/6905\/revisions"}],"predecessor-version":[{"id":17492,"href":"https:\/\/www.arspan.com\/fr\/wp-json\/wp\/v2\/pages\/6905\/revisions\/17492"}],"up":[{"embeddable":true,"href":"https:\/\/www.arspan.com\/fr\/wp-json\/wp\/v2\/pages\/7092"}],"wp:featuredmedia":[{"embeddable":true,"href":"https:\/\/www.arspan.com\/fr\/wp-json\/wp\/v2\/media\/6473"}],"wp:attachment":[{"href":"https:\/\/www.arspan.com\/fr\/wp-json\/wp\/v2\/media?parent=6905"}],"curies":[{"name":"wp","href":"https:\/\/api.w.org\/{rel}","templated":true}]}}