{"id":6907,"date":"2016-12-20T12:19:34","date_gmt":"2016-12-20T11:19:34","guid":{"rendered":"https:\/\/www.arspan.com\/?page_id=6907"},"modified":"2021-08-16T16:25:15","modified_gmt":"2021-08-16T14:25:15","slug":"four-a-tunnel-pour-biscuits","status":"publish","type":"page","link":"https:\/\/www.arspan.com\/fr\/produits\/biscuits\/four-a-tunnel-pour-biscuits\/","title":{"rendered":"Four \u00e0 tunnel pour la cuisson et le sechage des biscuits"},"content":{"rendered":"\n<p>Nos fours \u00e0 tunnel <strong>cyclothermes<\/strong> ou <strong>\u00e9lectriques, <\/strong>pour la cuisson et le sechage des biscuits, peuvent \u00eatre de diff\u00e9rentes largeurs et longueurs utiles, selon les espaces disponibles chez nos clients ou selon les volumes de produits demand\u00e9s, avec des <strong>sols de cuisson<\/strong> qui peuvent \u00eatre de diff\u00e9rents types\u00a0:<\/p>\n\n\n\n<ul class=\"wp-block-list\"><li>sol de cuisson avec <strong>des papier sp\u00e9ciaux<\/strong><\/li><li>sol <strong>\u00e0 tapis \u00e0 maille <\/strong>pour une cuisson plus \u00ab\u00a0douce\u00a0\u00bb ou sur plaque<\/li><li>sol de cuisson en acier <strong>\u00e0 bande Sandvik<\/strong><\/li><li>sol <strong>\u00e0 tapis \u00e0 maille<\/strong> pour un correct sechage<\/li><\/ul>\n\n\n\n<p><iframe loading=\"lazy\" src=\"https:\/\/www.youtube.com\/embed\/BEe1Eo244X8\" width=\"560\" height=\"315\" frameborder=\"0\" allowfullscreen=\"allowfullscreen\" data-mce-fragment=\"1\"><\/iframe><\/p>\n","protected":false},"excerpt":{"rendered":"<p>Nos fours \u00e0 tunnel cyclothermes ou \u00e9lectriques, pour la cuisson et le sechage des biscuits, peuvent \u00eatre de diff\u00e9rentes largeurs et longueurs utiles, selon les espaces disponibles chez nos clients ou selon les volumes de produits demand\u00e9s, avec des sols de cuisson qui peuvent \u00eatre de diff\u00e9rents types\u00a0: sol de cuisson avec des papier sp\u00e9ciaux [&hellip;]<\/p>\n","protected":false},"author":1,"featured_media":16314,"parent":6905,"menu_order":94,"comment_status":"closed","ping_status":"closed","template":"page-tecnologia.php","meta":{"_acf_changed":false,"footnotes":""},"class_list":["post-6907","page","type-page","status-publish","has-post-thumbnail","hentry"],"acf":[],"yoast_head":"<!-- This site is optimized with the Yoast SEO plugin v27.5 - https:\/\/yoast.com\/product\/yoast-seo-wordpress\/ -->\n<title>Four \u00e0 tunnel pour la production de biscuits &#8211; Ars Pan Industriale<\/title>\n<meta name=\"description\" content=\"Nos fours \u00e0 tunnel cyclothermes pour biscuits peuvent \u00eatre de diff\u00e9rentes largeurs et longueurs avec cinq types de sols de cuisson.\" \/>\n<meta name=\"robots\" content=\"index, follow, max-snippet:-1, max-image-preview:large, max-video-preview:-1\" \/>\n<link rel=\"canonical\" href=\"https:\/\/www.arspan.com\/fr\/produits\/biscuits\/four-a-tunnel-pour-biscuits\/\" \/>\n<meta property=\"og:locale\" content=\"fr_FR\" \/>\n<meta property=\"og:type\" content=\"article\" \/>\n<meta property=\"og:title\" content=\"Four \u00e0 tunnel pour la production de biscuits &#8211; Ars Pan Industriale\" \/>\n<meta property=\"og:description\" content=\"Nos fours \u00e0 tunnel cyclothermes pour biscuits peuvent \u00eatre de diff\u00e9rentes largeurs et longueurs avec cinq types de sols de cuisson.\" \/>\n<meta property=\"og:url\" content=\"https:\/\/www.arspan.com\/fr\/produits\/biscuits\/four-a-tunnel-pour-biscuits\/\" \/>\n<meta property=\"og:site_name\" content=\"ArsPan\" \/>\n<meta property=\"article:modified_time\" content=\"2021-08-16T14:25:15+00:00\" \/>\n<meta property=\"og:image\" content=\"https:\/\/www.arspan.com\/wp-content\/uploads\/2021\/01\/arspan-forno-a-tunnel-di-cottura2500-1500.png\" \/>\n\t<meta property=\"og:image:width\" content=\"2500\" \/>\n\t<meta property=\"og:image:height\" content=\"1500\" \/>\n\t<meta property=\"og:image:type\" content=\"image\/png\" \/>\n<meta name=\"twitter:card\" content=\"summary_large_image\" \/>\n<meta name=\"twitter:label1\" content=\"Dur\u00e9e de lecture estim\u00e9e\" \/>\n\t<meta name=\"twitter:data1\" content=\"1 minute\" \/>\n<script type=\"application\/ld+json\" class=\"yoast-schema-graph\">{\"@context\":\"https:\\\/\\\/schema.org\",\"@graph\":[{\"@type\":\"WebPage\",\"@id\":\"https:\\\/\\\/www.arspan.com\\\/fr\\\/produits\\\/biscuits\\\/four-a-tunnel-pour-biscuits\\\/\",\"url\":\"https:\\\/\\\/www.arspan.com\\\/fr\\\/produits\\\/biscuits\\\/four-a-tunnel-pour-biscuits\\\/\",\"name\":\"Four \u00e0 tunnel pour la production de biscuits &#8211; Ars Pan Industriale\",\"isPartOf\":{\"@id\":\"https:\\\/\\\/www.arspan.com\\\/en\\\/#website\"},\"primaryImageOfPage\":{\"@id\":\"https:\\\/\\\/www.arspan.com\\\/fr\\\/produits\\\/biscuits\\\/four-a-tunnel-pour-biscuits\\\/#primaryimage\"},\"image\":{\"@id\":\"https:\\\/\\\/www.arspan.com\\\/fr\\\/produits\\\/biscuits\\\/four-a-tunnel-pour-biscuits\\\/#primaryimage\"},\"thumbnailUrl\":\"https:\\\/\\\/www.arspan.com\\\/wp-content\\\/uploads\\\/2021\\\/01\\\/arspan-forno-a-tunnel-di-cottura2500-1500.png\",\"datePublished\":\"2016-12-20T11:19:34+00:00\",\"dateModified\":\"2021-08-16T14:25:15+00:00\",\"description\":\"Nos fours \u00e0 tunnel cyclothermes pour biscuits peuvent \u00eatre de diff\u00e9rentes largeurs et longueurs avec cinq types de sols de cuisson.\",\"breadcrumb\":{\"@id\":\"https:\\\/\\\/www.arspan.com\\\/fr\\\/produits\\\/biscuits\\\/four-a-tunnel-pour-biscuits\\\/#breadcrumb\"},\"inLanguage\":\"fr-FR\",\"potentialAction\":[{\"@type\":\"ReadAction\",\"target\":[\"https:\\\/\\\/www.arspan.com\\\/fr\\\/produits\\\/biscuits\\\/four-a-tunnel-pour-biscuits\\\/\"]}]},{\"@type\":\"ImageObject\",\"inLanguage\":\"fr-FR\",\"@id\":\"https:\\\/\\\/www.arspan.com\\\/fr\\\/produits\\\/biscuits\\\/four-a-tunnel-pour-biscuits\\\/#primaryimage\",\"url\":\"https:\\\/\\\/www.arspan.com\\\/wp-content\\\/uploads\\\/2021\\\/01\\\/arspan-forno-a-tunnel-di-cottura2500-1500.png\",\"contentUrl\":\"https:\\\/\\\/www.arspan.com\\\/wp-content\\\/uploads\\\/2021\\\/01\\\/arspan-forno-a-tunnel-di-cottura2500-1500.png\",\"width\":2500,\"height\":1500},{\"@type\":\"BreadcrumbList\",\"@id\":\"https:\\\/\\\/www.arspan.com\\\/fr\\\/produits\\\/biscuits\\\/four-a-tunnel-pour-biscuits\\\/#breadcrumb\",\"itemListElement\":[{\"@type\":\"ListItem\",\"position\":1,\"name\":\"\",\"item\":\"https:\\\/\\\/www.arspan.com\\\/fr\\\/\"},{\"@type\":\"ListItem\",\"position\":2,\"name\":\"Produits\",\"item\":\"https:\\\/\\\/www.arspan.com\\\/fr\\\/produits\\\/\"},{\"@type\":\"ListItem\",\"position\":3,\"name\":\"Biscuits\",\"item\":\"https:\\\/\\\/www.arspan.com\\\/fr\\\/produits\\\/biscuits\\\/\"},{\"@type\":\"ListItem\",\"position\":4,\"name\":\"Four \u00e0 tunnel pour la cuisson et le sechage des biscuits\"}]},{\"@type\":\"WebSite\",\"@id\":\"https:\\\/\\\/www.arspan.com\\\/en\\\/#website\",\"url\":\"https:\\\/\\\/www.arspan.com\\\/en\\\/\",\"name\":\"ArsPan\",\"description\":\"\",\"publisher\":{\"@id\":\"https:\\\/\\\/www.arspan.com\\\/en\\\/#organization\"},\"potentialAction\":[{\"@type\":\"SearchAction\",\"target\":{\"@type\":\"EntryPoint\",\"urlTemplate\":\"https:\\\/\\\/www.arspan.com\\\/en\\\/?s={search_term_string}\"},\"query-input\":{\"@type\":\"PropertyValueSpecification\",\"valueRequired\":true,\"valueName\":\"search_term_string\"}}],\"inLanguage\":\"fr-FR\"},{\"@type\":\"Organization\",\"@id\":\"https:\\\/\\\/www.arspan.com\\\/en\\\/#organization\",\"name\":\"ARS PAN INDUSTRIALE s.r.l. a socio unico\",\"url\":\"https:\\\/\\\/www.arspan.com\\\/en\\\/\",\"logo\":{\"@type\":\"ImageObject\",\"inLanguage\":\"fr-FR\",\"@id\":\"https:\\\/\\\/www.arspan.com\\\/en\\\/#\\\/schema\\\/logo\\\/image\\\/\",\"url\":\"https:\\\/\\\/www.arspan.com\\\/wp-content\\\/uploads\\\/2020\\\/12\\\/logo_arspan.png\",\"contentUrl\":\"https:\\\/\\\/www.arspan.com\\\/wp-content\\\/uploads\\\/2020\\\/12\\\/logo_arspan.png\",\"width\":386,\"height\":123,\"caption\":\"ARS PAN INDUSTRIALE s.r.l. a socio unico\"},\"image\":{\"@id\":\"https:\\\/\\\/www.arspan.com\\\/en\\\/#\\\/schema\\\/logo\\\/image\\\/\"}}]}<\/script>\n<!-- \/ Yoast SEO plugin. -->","yoast_head_json":{"title":"Four \u00e0 tunnel pour la production de biscuits &#8211; Ars Pan Industriale","description":"Nos fours \u00e0 tunnel cyclothermes pour biscuits peuvent \u00eatre de diff\u00e9rentes largeurs et longueurs avec cinq types de sols de cuisson.","robots":{"index":"index","follow":"follow","max-snippet":"max-snippet:-1","max-image-preview":"max-image-preview:large","max-video-preview":"max-video-preview:-1"},"canonical":"https:\/\/www.arspan.com\/fr\/produits\/biscuits\/four-a-tunnel-pour-biscuits\/","og_locale":"fr_FR","og_type":"article","og_title":"Four \u00e0 tunnel pour la production de biscuits &#8211; Ars Pan Industriale","og_description":"Nos fours \u00e0 tunnel cyclothermes pour biscuits peuvent \u00eatre de diff\u00e9rentes largeurs et longueurs avec cinq types de sols de cuisson.","og_url":"https:\/\/www.arspan.com\/fr\/produits\/biscuits\/four-a-tunnel-pour-biscuits\/","og_site_name":"ArsPan","article_modified_time":"2021-08-16T14:25:15+00:00","og_image":[{"width":2500,"height":1500,"url":"https:\/\/www.arspan.com\/wp-content\/uploads\/2021\/01\/arspan-forno-a-tunnel-di-cottura2500-1500.png","type":"image\/png"}],"twitter_card":"summary_large_image","twitter_misc":{"Dur\u00e9e de lecture estim\u00e9e":"1 minute"},"schema":{"@context":"https:\/\/schema.org","@graph":[{"@type":"WebPage","@id":"https:\/\/www.arspan.com\/fr\/produits\/biscuits\/four-a-tunnel-pour-biscuits\/","url":"https:\/\/www.arspan.com\/fr\/produits\/biscuits\/four-a-tunnel-pour-biscuits\/","name":"Four \u00e0 tunnel pour la production de biscuits &#8211; Ars Pan Industriale","isPartOf":{"@id":"https:\/\/www.arspan.com\/en\/#website"},"primaryImageOfPage":{"@id":"https:\/\/www.arspan.com\/fr\/produits\/biscuits\/four-a-tunnel-pour-biscuits\/#primaryimage"},"image":{"@id":"https:\/\/www.arspan.com\/fr\/produits\/biscuits\/four-a-tunnel-pour-biscuits\/#primaryimage"},"thumbnailUrl":"https:\/\/www.arspan.com\/wp-content\/uploads\/2021\/01\/arspan-forno-a-tunnel-di-cottura2500-1500.png","datePublished":"2016-12-20T11:19:34+00:00","dateModified":"2021-08-16T14:25:15+00:00","description":"Nos fours \u00e0 tunnel cyclothermes pour biscuits peuvent \u00eatre de diff\u00e9rentes largeurs et longueurs avec cinq types de sols de cuisson.","breadcrumb":{"@id":"https:\/\/www.arspan.com\/fr\/produits\/biscuits\/four-a-tunnel-pour-biscuits\/#breadcrumb"},"inLanguage":"fr-FR","potentialAction":[{"@type":"ReadAction","target":["https:\/\/www.arspan.com\/fr\/produits\/biscuits\/four-a-tunnel-pour-biscuits\/"]}]},{"@type":"ImageObject","inLanguage":"fr-FR","@id":"https:\/\/www.arspan.com\/fr\/produits\/biscuits\/four-a-tunnel-pour-biscuits\/#primaryimage","url":"https:\/\/www.arspan.com\/wp-content\/uploads\/2021\/01\/arspan-forno-a-tunnel-di-cottura2500-1500.png","contentUrl":"https:\/\/www.arspan.com\/wp-content\/uploads\/2021\/01\/arspan-forno-a-tunnel-di-cottura2500-1500.png","width":2500,"height":1500},{"@type":"BreadcrumbList","@id":"https:\/\/www.arspan.com\/fr\/produits\/biscuits\/four-a-tunnel-pour-biscuits\/#breadcrumb","itemListElement":[{"@type":"ListItem","position":1,"name":"","item":"https:\/\/www.arspan.com\/fr\/"},{"@type":"ListItem","position":2,"name":"Produits","item":"https:\/\/www.arspan.com\/fr\/produits\/"},{"@type":"ListItem","position":3,"name":"Biscuits","item":"https:\/\/www.arspan.com\/fr\/produits\/biscuits\/"},{"@type":"ListItem","position":4,"name":"Four \u00e0 tunnel pour la cuisson et le sechage des biscuits"}]},{"@type":"WebSite","@id":"https:\/\/www.arspan.com\/en\/#website","url":"https:\/\/www.arspan.com\/en\/","name":"ArsPan","description":"","publisher":{"@id":"https:\/\/www.arspan.com\/en\/#organization"},"potentialAction":[{"@type":"SearchAction","target":{"@type":"EntryPoint","urlTemplate":"https:\/\/www.arspan.com\/en\/?s={search_term_string}"},"query-input":{"@type":"PropertyValueSpecification","valueRequired":true,"valueName":"search_term_string"}}],"inLanguage":"fr-FR"},{"@type":"Organization","@id":"https:\/\/www.arspan.com\/en\/#organization","name":"ARS PAN INDUSTRIALE s.r.l. a socio unico","url":"https:\/\/www.arspan.com\/en\/","logo":{"@type":"ImageObject","inLanguage":"fr-FR","@id":"https:\/\/www.arspan.com\/en\/#\/schema\/logo\/image\/","url":"https:\/\/www.arspan.com\/wp-content\/uploads\/2020\/12\/logo_arspan.png","contentUrl":"https:\/\/www.arspan.com\/wp-content\/uploads\/2020\/12\/logo_arspan.png","width":386,"height":123,"caption":"ARS PAN INDUSTRIALE s.r.l. a socio unico"},"image":{"@id":"https:\/\/www.arspan.com\/en\/#\/schema\/logo\/image\/"}}]}},"_links":{"self":[{"href":"https:\/\/www.arspan.com\/fr\/wp-json\/wp\/v2\/pages\/6907","targetHints":{"allow":["GET"]}}],"collection":[{"href":"https:\/\/www.arspan.com\/fr\/wp-json\/wp\/v2\/pages"}],"about":[{"href":"https:\/\/www.arspan.com\/fr\/wp-json\/wp\/v2\/types\/page"}],"author":[{"embeddable":true,"href":"https:\/\/www.arspan.com\/fr\/wp-json\/wp\/v2\/users\/1"}],"replies":[{"embeddable":true,"href":"https:\/\/www.arspan.com\/fr\/wp-json\/wp\/v2\/comments?post=6907"}],"version-history":[{"count":4,"href":"https:\/\/www.arspan.com\/fr\/wp-json\/wp\/v2\/pages\/6907\/revisions"}],"predecessor-version":[{"id":17496,"href":"https:\/\/www.arspan.com\/fr\/wp-json\/wp\/v2\/pages\/6907\/revisions\/17496"}],"up":[{"embeddable":true,"href":"https:\/\/www.arspan.com\/fr\/wp-json\/wp\/v2\/pages\/6905"}],"wp:featuredmedia":[{"embeddable":true,"href":"https:\/\/www.arspan.com\/fr\/wp-json\/wp\/v2\/media\/16314"}],"wp:attachment":[{"href":"https:\/\/www.arspan.com\/fr\/wp-json\/wp\/v2\/media?parent=6907"}],"curies":[{"name":"wp","href":"https:\/\/api.w.org\/{rel}","templated":true}]}}