{"id":6909,"date":"2016-11-09T15:01:13","date_gmt":"2016-11-09T14:01:13","guid":{"rendered":"https:\/\/www.arspan.com\/?page_id=6909"},"modified":"2021-09-13T16:23:52","modified_gmt":"2021-09-13T14:23:52","slug":"macaron","status":"publish","type":"page","link":"https:\/\/www.arspan.com\/fr\/produits\/macaron\/","title":{"rendered":"Macaron"},"content":{"rendered":"\n<h2 class=\"wp-block-heading\"><br>Caract\u00e9ristique du produit<\/h2>\n\n\n\n<p>Le <strong>macaron<\/strong> est un petit dessert typiquement fran\u00e7ais, compos\u00e9 de deux \u00ab\u00a0biscuits\u00a0\u00bb, farcis de cr\u00e8mes de diff\u00e9rentes saveurs.<\/p>\n\n\n\n<p>La <strong>caract\u00e9ristique typique<\/strong> du produit est sa <strong>texture croustillante<\/strong> ext\u00e9rieure et sa <strong>douceur<\/strong> int\u00e9rieure.<\/p>\n\n\n\n<p>Le <strong>macaron fran\u00e7ais<\/strong> peut \u00eatre trouv\u00e9 dans une plus grande vari\u00e9t\u00e9 de saveurs, soit au go\u00fbts <strong>traditionnelles<\/strong> (framboise, chocolat, etc&#8230;) qu&rsquo;aux go\u00fbts plus <strong>innovants<\/strong>.<\/p>\n\n\n\n<h2 class=\"wp-block-heading\">Ars Pan Industriale technologie de production<\/h2>\n\n\n\n<p>Notre equipement pour la production de macarons comprends la cuisson, le dosage et le robot d&rsquo;accouplement:<\/p>\n\n\n\n<ul class=\"wp-block-list\"><li>Machine doseuse pour cr\u00e8mes<\/li><li>Robot d&rsquo;accouplement<\/li><\/ul>\n","protected":false},"excerpt":{"rendered":"<p>Caract\u00e9ristique du produit Le macaron est un petit dessert typiquement fran\u00e7ais, compos\u00e9 de deux \u00ab\u00a0biscuits\u00a0\u00bb, farcis de cr\u00e8mes de diff\u00e9rentes saveurs. La caract\u00e9ristique typique du produit est sa texture croustillante ext\u00e9rieure et sa douceur int\u00e9rieure. Le macaron fran\u00e7ais peut \u00eatre trouv\u00e9 dans une plus grande vari\u00e9t\u00e9 de saveurs, soit au go\u00fbts traditionnelles (framboise, chocolat, etc&#8230;) [&hellip;]<\/p>\n","protected":false},"author":1,"featured_media":6486,"parent":7092,"menu_order":176,"comment_status":"closed","ping_status":"closed","template":"page-prodotti.php","meta":{"_acf_changed":false,"footnotes":""},"class_list":["post-6909","page","type-page","status-publish","has-post-thumbnail","hentry"],"acf":[],"yoast_head":"<!-- This site is optimized with the Yoast SEO plugin v27.4 - https:\/\/yoast.com\/product\/yoast-seo-wordpress\/ -->\n<title>Macaron: caract\u00e9ristiques, technologie de production &#8211; Ars Pan Industriale<\/title>\n<meta name=\"description\" content=\"Le macaron est un petit dessert typiquement fran\u00e7ais, compos\u00e9 de deux &quot;biscuits&quot;, farcis de cr\u00e8mes de diff\u00e9rentes saveurs. \u2706 0321 987788\" \/>\n<meta name=\"robots\" content=\"index, follow, max-snippet:-1, max-image-preview:large, max-video-preview:-1\" \/>\n<link rel=\"canonical\" href=\"https:\/\/www.arspan.com\/fr\/produits\/macaron\/\" \/>\n<meta property=\"og:locale\" content=\"fr_FR\" \/>\n<meta property=\"og:type\" content=\"article\" \/>\n<meta property=\"og:title\" content=\"Macaron: caract\u00e9ristiques, technologie de production &#8211; Ars Pan Industriale\" \/>\n<meta property=\"og:description\" content=\"Le macaron est un petit dessert typiquement fran\u00e7ais, compos\u00e9 de deux &quot;biscuits&quot;, farcis de cr\u00e8mes de diff\u00e9rentes saveurs. \u2706 0321 987788\" \/>\n<meta property=\"og:url\" content=\"https:\/\/www.arspan.com\/fr\/produits\/macaron\/\" \/>\n<meta property=\"og:site_name\" content=\"ArsPan\" \/>\n<meta property=\"article:modified_time\" content=\"2021-09-13T14:23:52+00:00\" \/>\n<meta property=\"og:image\" content=\"https:\/\/www.arspan.com\/wp-content\/uploads\/2020\/12\/arspan_macaron-cioccolato.jpg\" \/>\n\t<meta property=\"og:image:width\" content=\"1920\" \/>\n\t<meta property=\"og:image:height\" content=\"1080\" \/>\n\t<meta property=\"og:image:type\" content=\"image\/jpeg\" \/>\n<meta name=\"twitter:card\" content=\"summary_large_image\" \/>\n<meta name=\"twitter:label1\" content=\"Dur\u00e9e de lecture estim\u00e9e\" \/>\n\t<meta name=\"twitter:data1\" content=\"1 minute\" \/>\n<script type=\"application\/ld+json\" class=\"yoast-schema-graph\">{\"@context\":\"https:\\\/\\\/schema.org\",\"@graph\":[{\"@type\":\"WebPage\",\"@id\":\"https:\\\/\\\/www.arspan.com\\\/fr\\\/produits\\\/macaron\\\/\",\"url\":\"https:\\\/\\\/www.arspan.com\\\/fr\\\/produits\\\/macaron\\\/\",\"name\":\"Macaron: caract\u00e9ristiques, technologie de production &#8211; Ars Pan Industriale\",\"isPartOf\":{\"@id\":\"https:\\\/\\\/www.arspan.com\\\/en\\\/#website\"},\"primaryImageOfPage\":{\"@id\":\"https:\\\/\\\/www.arspan.com\\\/fr\\\/produits\\\/macaron\\\/#primaryimage\"},\"image\":{\"@id\":\"https:\\\/\\\/www.arspan.com\\\/fr\\\/produits\\\/macaron\\\/#primaryimage\"},\"thumbnailUrl\":\"https:\\\/\\\/www.arspan.com\\\/wp-content\\\/uploads\\\/2020\\\/12\\\/arspan_macaron-cioccolato.jpg\",\"datePublished\":\"2016-11-09T14:01:13+00:00\",\"dateModified\":\"2021-09-13T14:23:52+00:00\",\"description\":\"Le macaron est un petit dessert typiquement fran\u00e7ais, compos\u00e9 de deux \\\"biscuits\\\", farcis de cr\u00e8mes de diff\u00e9rentes saveurs. \u2706 0321 987788\",\"breadcrumb\":{\"@id\":\"https:\\\/\\\/www.arspan.com\\\/fr\\\/produits\\\/macaron\\\/#breadcrumb\"},\"inLanguage\":\"fr-FR\",\"potentialAction\":[{\"@type\":\"ReadAction\",\"target\":[\"https:\\\/\\\/www.arspan.com\\\/fr\\\/produits\\\/macaron\\\/\"]}]},{\"@type\":\"ImageObject\",\"inLanguage\":\"fr-FR\",\"@id\":\"https:\\\/\\\/www.arspan.com\\\/fr\\\/produits\\\/macaron\\\/#primaryimage\",\"url\":\"https:\\\/\\\/www.arspan.com\\\/wp-content\\\/uploads\\\/2020\\\/12\\\/arspan_macaron-cioccolato.jpg\",\"contentUrl\":\"https:\\\/\\\/www.arspan.com\\\/wp-content\\\/uploads\\\/2020\\\/12\\\/arspan_macaron-cioccolato.jpg\",\"width\":1920,\"height\":1080},{\"@type\":\"BreadcrumbList\",\"@id\":\"https:\\\/\\\/www.arspan.com\\\/fr\\\/produits\\\/macaron\\\/#breadcrumb\",\"itemListElement\":[{\"@type\":\"ListItem\",\"position\":1,\"name\":\"\",\"item\":\"https:\\\/\\\/www.arspan.com\\\/fr\\\/\"},{\"@type\":\"ListItem\",\"position\":2,\"name\":\"Produits\",\"item\":\"https:\\\/\\\/www.arspan.com\\\/fr\\\/produits\\\/\"},{\"@type\":\"ListItem\",\"position\":3,\"name\":\"Macaron\"}]},{\"@type\":\"WebSite\",\"@id\":\"https:\\\/\\\/www.arspan.com\\\/en\\\/#website\",\"url\":\"https:\\\/\\\/www.arspan.com\\\/en\\\/\",\"name\":\"ArsPan\",\"description\":\"\",\"publisher\":{\"@id\":\"https:\\\/\\\/www.arspan.com\\\/en\\\/#organization\"},\"potentialAction\":[{\"@type\":\"SearchAction\",\"target\":{\"@type\":\"EntryPoint\",\"urlTemplate\":\"https:\\\/\\\/www.arspan.com\\\/en\\\/?s={search_term_string}\"},\"query-input\":{\"@type\":\"PropertyValueSpecification\",\"valueRequired\":true,\"valueName\":\"search_term_string\"}}],\"inLanguage\":\"fr-FR\"},{\"@type\":\"Organization\",\"@id\":\"https:\\\/\\\/www.arspan.com\\\/en\\\/#organization\",\"name\":\"ARS PAN INDUSTRIALE s.r.l. a socio unico\",\"url\":\"https:\\\/\\\/www.arspan.com\\\/en\\\/\",\"logo\":{\"@type\":\"ImageObject\",\"inLanguage\":\"fr-FR\",\"@id\":\"https:\\\/\\\/www.arspan.com\\\/en\\\/#\\\/schema\\\/logo\\\/image\\\/\",\"url\":\"https:\\\/\\\/www.arspan.com\\\/wp-content\\\/uploads\\\/2020\\\/12\\\/logo_arspan.png\",\"contentUrl\":\"https:\\\/\\\/www.arspan.com\\\/wp-content\\\/uploads\\\/2020\\\/12\\\/logo_arspan.png\",\"width\":386,\"height\":123,\"caption\":\"ARS PAN INDUSTRIALE s.r.l. a socio unico\"},\"image\":{\"@id\":\"https:\\\/\\\/www.arspan.com\\\/en\\\/#\\\/schema\\\/logo\\\/image\\\/\"}}]}<\/script>\n<!-- \/ Yoast SEO plugin. -->","yoast_head_json":{"title":"Macaron: caract\u00e9ristiques, technologie de production &#8211; Ars Pan Industriale","description":"Le macaron est un petit dessert typiquement fran\u00e7ais, compos\u00e9 de deux \"biscuits\", farcis de cr\u00e8mes de diff\u00e9rentes saveurs. \u2706 0321 987788","robots":{"index":"index","follow":"follow","max-snippet":"max-snippet:-1","max-image-preview":"max-image-preview:large","max-video-preview":"max-video-preview:-1"},"canonical":"https:\/\/www.arspan.com\/fr\/produits\/macaron\/","og_locale":"fr_FR","og_type":"article","og_title":"Macaron: caract\u00e9ristiques, technologie de production &#8211; Ars Pan Industriale","og_description":"Le macaron est un petit dessert typiquement fran\u00e7ais, compos\u00e9 de deux \"biscuits\", farcis de cr\u00e8mes de diff\u00e9rentes saveurs. \u2706 0321 987788","og_url":"https:\/\/www.arspan.com\/fr\/produits\/macaron\/","og_site_name":"ArsPan","article_modified_time":"2021-09-13T14:23:52+00:00","og_image":[{"width":1920,"height":1080,"url":"https:\/\/www.arspan.com\/wp-content\/uploads\/2020\/12\/arspan_macaron-cioccolato.jpg","type":"image\/jpeg"}],"twitter_card":"summary_large_image","twitter_misc":{"Dur\u00e9e de lecture estim\u00e9e":"1 minute"},"schema":{"@context":"https:\/\/schema.org","@graph":[{"@type":"WebPage","@id":"https:\/\/www.arspan.com\/fr\/produits\/macaron\/","url":"https:\/\/www.arspan.com\/fr\/produits\/macaron\/","name":"Macaron: caract\u00e9ristiques, technologie de production &#8211; Ars Pan Industriale","isPartOf":{"@id":"https:\/\/www.arspan.com\/en\/#website"},"primaryImageOfPage":{"@id":"https:\/\/www.arspan.com\/fr\/produits\/macaron\/#primaryimage"},"image":{"@id":"https:\/\/www.arspan.com\/fr\/produits\/macaron\/#primaryimage"},"thumbnailUrl":"https:\/\/www.arspan.com\/wp-content\/uploads\/2020\/12\/arspan_macaron-cioccolato.jpg","datePublished":"2016-11-09T14:01:13+00:00","dateModified":"2021-09-13T14:23:52+00:00","description":"Le macaron est un petit dessert typiquement fran\u00e7ais, compos\u00e9 de deux \"biscuits\", farcis de cr\u00e8mes de diff\u00e9rentes saveurs. \u2706 0321 987788","breadcrumb":{"@id":"https:\/\/www.arspan.com\/fr\/produits\/macaron\/#breadcrumb"},"inLanguage":"fr-FR","potentialAction":[{"@type":"ReadAction","target":["https:\/\/www.arspan.com\/fr\/produits\/macaron\/"]}]},{"@type":"ImageObject","inLanguage":"fr-FR","@id":"https:\/\/www.arspan.com\/fr\/produits\/macaron\/#primaryimage","url":"https:\/\/www.arspan.com\/wp-content\/uploads\/2020\/12\/arspan_macaron-cioccolato.jpg","contentUrl":"https:\/\/www.arspan.com\/wp-content\/uploads\/2020\/12\/arspan_macaron-cioccolato.jpg","width":1920,"height":1080},{"@type":"BreadcrumbList","@id":"https:\/\/www.arspan.com\/fr\/produits\/macaron\/#breadcrumb","itemListElement":[{"@type":"ListItem","position":1,"name":"","item":"https:\/\/www.arspan.com\/fr\/"},{"@type":"ListItem","position":2,"name":"Produits","item":"https:\/\/www.arspan.com\/fr\/produits\/"},{"@type":"ListItem","position":3,"name":"Macaron"}]},{"@type":"WebSite","@id":"https:\/\/www.arspan.com\/en\/#website","url":"https:\/\/www.arspan.com\/en\/","name":"ArsPan","description":"","publisher":{"@id":"https:\/\/www.arspan.com\/en\/#organization"},"potentialAction":[{"@type":"SearchAction","target":{"@type":"EntryPoint","urlTemplate":"https:\/\/www.arspan.com\/en\/?s={search_term_string}"},"query-input":{"@type":"PropertyValueSpecification","valueRequired":true,"valueName":"search_term_string"}}],"inLanguage":"fr-FR"},{"@type":"Organization","@id":"https:\/\/www.arspan.com\/en\/#organization","name":"ARS PAN INDUSTRIALE s.r.l. a socio unico","url":"https:\/\/www.arspan.com\/en\/","logo":{"@type":"ImageObject","inLanguage":"fr-FR","@id":"https:\/\/www.arspan.com\/en\/#\/schema\/logo\/image\/","url":"https:\/\/www.arspan.com\/wp-content\/uploads\/2020\/12\/logo_arspan.png","contentUrl":"https:\/\/www.arspan.com\/wp-content\/uploads\/2020\/12\/logo_arspan.png","width":386,"height":123,"caption":"ARS PAN INDUSTRIALE s.r.l. a socio unico"},"image":{"@id":"https:\/\/www.arspan.com\/en\/#\/schema\/logo\/image\/"}}]}},"_links":{"self":[{"href":"https:\/\/www.arspan.com\/fr\/wp-json\/wp\/v2\/pages\/6909","targetHints":{"allow":["GET"]}}],"collection":[{"href":"https:\/\/www.arspan.com\/fr\/wp-json\/wp\/v2\/pages"}],"about":[{"href":"https:\/\/www.arspan.com\/fr\/wp-json\/wp\/v2\/types\/page"}],"author":[{"embeddable":true,"href":"https:\/\/www.arspan.com\/fr\/wp-json\/wp\/v2\/users\/1"}],"replies":[{"embeddable":true,"href":"https:\/\/www.arspan.com\/fr\/wp-json\/wp\/v2\/comments?post=6909"}],"version-history":[{"count":4,"href":"https:\/\/www.arspan.com\/fr\/wp-json\/wp\/v2\/pages\/6909\/revisions"}],"predecessor-version":[{"id":17500,"href":"https:\/\/www.arspan.com\/fr\/wp-json\/wp\/v2\/pages\/6909\/revisions\/17500"}],"up":[{"embeddable":true,"href":"https:\/\/www.arspan.com\/fr\/wp-json\/wp\/v2\/pages\/7092"}],"wp:featuredmedia":[{"embeddable":true,"href":"https:\/\/www.arspan.com\/fr\/wp-json\/wp\/v2\/media\/6486"}],"wp:attachment":[{"href":"https:\/\/www.arspan.com\/fr\/wp-json\/wp\/v2\/media?parent=6909"}],"curies":[{"name":"wp","href":"https:\/\/api.w.org\/{rel}","templated":true}]}}