{"id":6910,"date":"2016-12-20T10:15:54","date_gmt":"2016-12-20T09:15:54","guid":{"rendered":"https:\/\/www.arspan.com\/?page_id=6910"},"modified":"2021-08-16T16:47:44","modified_gmt":"2021-08-16T14:47:44","slug":"machine-a-coupler-macaron","status":"publish","type":"page","link":"https:\/\/www.arspan.com\/fr\/produits\/macaron\/machine-a-coupler-macaron\/","title":{"rendered":"Robot d&rsquo;accouplement pour macaron"},"content":{"rendered":"\n<p><strong>Robot d\u2019accouplement macarons<\/strong>, constitu\u00e9 par des groupes <strong>d\u2019aligneurs<\/strong> biscuits synchronis\u00e9s \u00e0 une <strong>machine \u00e0 doser <\/strong>automatique et \u00e0 des <strong>robots<\/strong> <strong>de manipulation <\/strong>biscuits pour leur correcte superposition en phase de cr\u00e9ation du macaron.<\/p>\n\n\n\n<p>En plus, on peut avoir un <strong>robot automatique pour mise sur plaques des macarons<\/strong> fini. On peut avoir aussi un <strong>stockage automatique des plaques<\/strong> sur des chariots ou sur des tours sp\u00e9cificques.<\/p>\n\n\n\n<p><iframe loading=\"lazy\" src=\"https:\/\/www.youtube.com\/embed\/HHPLk9hZ-Ho\" width=\"560\" height=\"315\" frameborder=\"0\" allowfullscreen=\"allowfullscreen\" data-mce-fragment=\"1\"><\/iframe><\/p>\n","protected":false},"excerpt":{"rendered":"<p>Robot d\u2019accouplement macarons, constitu\u00e9 par des groupes d\u2019aligneurs biscuits synchronis\u00e9s \u00e0 une machine \u00e0 doser automatique et \u00e0 des robots de manipulation biscuits pour leur correcte superposition en phase de cr\u00e9ation du macaron. En plus, on peut avoir un robot automatique pour mise sur plaques des macarons fini. On peut avoir aussi un stockage automatique [&hellip;]<\/p>\n","protected":false},"author":1,"featured_media":15194,"parent":6909,"menu_order":65,"comment_status":"closed","ping_status":"closed","template":"page-tecnologia.php","meta":{"_acf_changed":false,"footnotes":""},"class_list":["post-6910","page","type-page","status-publish","has-post-thumbnail","hentry"],"acf":[],"yoast_head":"<!-- This site is optimized with the Yoast SEO plugin v27.5 - https:\/\/yoast.com\/product\/yoast-seo-wordpress\/ -->\n<title>Robot d&#039;accouplement pour macaron &#8211; Ars Pan Industriale<\/title>\n<meta name=\"description\" content=\"Accouplement macarons, constitu\u00e9 de groupes d\u2019aligneurs synchronis\u00e9s \u00e0 une machine \u00e0 couler automatique et \u00e0 des robots manipulation.\" \/>\n<meta name=\"robots\" content=\"index, follow, max-snippet:-1, max-image-preview:large, max-video-preview:-1\" \/>\n<link rel=\"canonical\" href=\"https:\/\/www.arspan.com\/fr\/produits\/macaron\/machine-a-coupler-macaron\/\" \/>\n<meta property=\"og:locale\" content=\"fr_FR\" \/>\n<meta property=\"og:type\" content=\"article\" \/>\n<meta property=\"og:title\" content=\"Robot d&#039;accouplement pour macaron &#8211; Ars Pan Industriale\" \/>\n<meta property=\"og:description\" content=\"Accouplement macarons, constitu\u00e9 de groupes d\u2019aligneurs synchronis\u00e9s \u00e0 une machine \u00e0 couler automatique et \u00e0 des robots manipulation.\" \/>\n<meta property=\"og:url\" content=\"https:\/\/www.arspan.com\/fr\/produits\/macaron\/machine-a-coupler-macaron\/\" \/>\n<meta property=\"og:site_name\" content=\"ArsPan\" \/>\n<meta property=\"article:modified_time\" content=\"2021-08-16T14:47:44+00:00\" \/>\n<meta property=\"og:image\" content=\"https:\/\/www.arspan.com\/wp-content\/uploads\/2020\/12\/galileo-macarons2.jpg\" \/>\n\t<meta property=\"og:image:width\" content=\"1458\" \/>\n\t<meta property=\"og:image:height\" content=\"850\" \/>\n\t<meta property=\"og:image:type\" content=\"image\/jpeg\" \/>\n<meta name=\"twitter:card\" content=\"summary_large_image\" \/>\n<meta name=\"twitter:label1\" content=\"Dur\u00e9e de lecture estim\u00e9e\" \/>\n\t<meta name=\"twitter:data1\" content=\"1 minute\" \/>\n<script type=\"application\/ld+json\" class=\"yoast-schema-graph\">{\"@context\":\"https:\\\/\\\/schema.org\",\"@graph\":[{\"@type\":\"WebPage\",\"@id\":\"https:\\\/\\\/www.arspan.com\\\/fr\\\/produits\\\/macaron\\\/machine-a-coupler-macaron\\\/\",\"url\":\"https:\\\/\\\/www.arspan.com\\\/fr\\\/produits\\\/macaron\\\/machine-a-coupler-macaron\\\/\",\"name\":\"Robot d'accouplement pour macaron &#8211; Ars Pan Industriale\",\"isPartOf\":{\"@id\":\"https:\\\/\\\/www.arspan.com\\\/en\\\/#website\"},\"primaryImageOfPage\":{\"@id\":\"https:\\\/\\\/www.arspan.com\\\/fr\\\/produits\\\/macaron\\\/machine-a-coupler-macaron\\\/#primaryimage\"},\"image\":{\"@id\":\"https:\\\/\\\/www.arspan.com\\\/fr\\\/produits\\\/macaron\\\/machine-a-coupler-macaron\\\/#primaryimage\"},\"thumbnailUrl\":\"https:\\\/\\\/www.arspan.com\\\/wp-content\\\/uploads\\\/2020\\\/12\\\/galileo-macarons2.jpg\",\"datePublished\":\"2016-12-20T09:15:54+00:00\",\"dateModified\":\"2021-08-16T14:47:44+00:00\",\"description\":\"Accouplement macarons, constitu\u00e9 de groupes d\u2019aligneurs synchronis\u00e9s \u00e0 une machine \u00e0 couler automatique et \u00e0 des robots manipulation.\",\"breadcrumb\":{\"@id\":\"https:\\\/\\\/www.arspan.com\\\/fr\\\/produits\\\/macaron\\\/machine-a-coupler-macaron\\\/#breadcrumb\"},\"inLanguage\":\"fr-FR\",\"potentialAction\":[{\"@type\":\"ReadAction\",\"target\":[\"https:\\\/\\\/www.arspan.com\\\/fr\\\/produits\\\/macaron\\\/machine-a-coupler-macaron\\\/\"]}]},{\"@type\":\"ImageObject\",\"inLanguage\":\"fr-FR\",\"@id\":\"https:\\\/\\\/www.arspan.com\\\/fr\\\/produits\\\/macaron\\\/machine-a-coupler-macaron\\\/#primaryimage\",\"url\":\"https:\\\/\\\/www.arspan.com\\\/wp-content\\\/uploads\\\/2020\\\/12\\\/galileo-macarons2.jpg\",\"contentUrl\":\"https:\\\/\\\/www.arspan.com\\\/wp-content\\\/uploads\\\/2020\\\/12\\\/galileo-macarons2.jpg\",\"width\":1458,\"height\":850},{\"@type\":\"BreadcrumbList\",\"@id\":\"https:\\\/\\\/www.arspan.com\\\/fr\\\/produits\\\/macaron\\\/machine-a-coupler-macaron\\\/#breadcrumb\",\"itemListElement\":[{\"@type\":\"ListItem\",\"position\":1,\"name\":\"\",\"item\":\"https:\\\/\\\/www.arspan.com\\\/fr\\\/\"},{\"@type\":\"ListItem\",\"position\":2,\"name\":\"Produits\",\"item\":\"https:\\\/\\\/www.arspan.com\\\/fr\\\/produits\\\/\"},{\"@type\":\"ListItem\",\"position\":3,\"name\":\"Macaron\",\"item\":\"https:\\\/\\\/www.arspan.com\\\/fr\\\/produits\\\/macaron\\\/\"},{\"@type\":\"ListItem\",\"position\":4,\"name\":\"Robot d&#8217;accouplement pour macaron\"}]},{\"@type\":\"WebSite\",\"@id\":\"https:\\\/\\\/www.arspan.com\\\/en\\\/#website\",\"url\":\"https:\\\/\\\/www.arspan.com\\\/en\\\/\",\"name\":\"ArsPan\",\"description\":\"\",\"publisher\":{\"@id\":\"https:\\\/\\\/www.arspan.com\\\/en\\\/#organization\"},\"potentialAction\":[{\"@type\":\"SearchAction\",\"target\":{\"@type\":\"EntryPoint\",\"urlTemplate\":\"https:\\\/\\\/www.arspan.com\\\/en\\\/?s={search_term_string}\"},\"query-input\":{\"@type\":\"PropertyValueSpecification\",\"valueRequired\":true,\"valueName\":\"search_term_string\"}}],\"inLanguage\":\"fr-FR\"},{\"@type\":\"Organization\",\"@id\":\"https:\\\/\\\/www.arspan.com\\\/en\\\/#organization\",\"name\":\"ARS PAN INDUSTRIALE s.r.l. a socio unico\",\"url\":\"https:\\\/\\\/www.arspan.com\\\/en\\\/\",\"logo\":{\"@type\":\"ImageObject\",\"inLanguage\":\"fr-FR\",\"@id\":\"https:\\\/\\\/www.arspan.com\\\/en\\\/#\\\/schema\\\/logo\\\/image\\\/\",\"url\":\"https:\\\/\\\/www.arspan.com\\\/wp-content\\\/uploads\\\/2020\\\/12\\\/logo_arspan.png\",\"contentUrl\":\"https:\\\/\\\/www.arspan.com\\\/wp-content\\\/uploads\\\/2020\\\/12\\\/logo_arspan.png\",\"width\":386,\"height\":123,\"caption\":\"ARS PAN INDUSTRIALE s.r.l. a socio unico\"},\"image\":{\"@id\":\"https:\\\/\\\/www.arspan.com\\\/en\\\/#\\\/schema\\\/logo\\\/image\\\/\"}}]}<\/script>\n<!-- \/ Yoast SEO plugin. -->","yoast_head_json":{"title":"Robot d'accouplement pour macaron &#8211; Ars Pan Industriale","description":"Accouplement macarons, constitu\u00e9 de groupes d\u2019aligneurs synchronis\u00e9s \u00e0 une machine \u00e0 couler automatique et \u00e0 des robots manipulation.","robots":{"index":"index","follow":"follow","max-snippet":"max-snippet:-1","max-image-preview":"max-image-preview:large","max-video-preview":"max-video-preview:-1"},"canonical":"https:\/\/www.arspan.com\/fr\/produits\/macaron\/machine-a-coupler-macaron\/","og_locale":"fr_FR","og_type":"article","og_title":"Robot d'accouplement pour macaron &#8211; Ars Pan Industriale","og_description":"Accouplement macarons, constitu\u00e9 de groupes d\u2019aligneurs synchronis\u00e9s \u00e0 une machine \u00e0 couler automatique et \u00e0 des robots manipulation.","og_url":"https:\/\/www.arspan.com\/fr\/produits\/macaron\/machine-a-coupler-macaron\/","og_site_name":"ArsPan","article_modified_time":"2021-08-16T14:47:44+00:00","og_image":[{"width":1458,"height":850,"url":"https:\/\/www.arspan.com\/wp-content\/uploads\/2020\/12\/galileo-macarons2.jpg","type":"image\/jpeg"}],"twitter_card":"summary_large_image","twitter_misc":{"Dur\u00e9e de lecture estim\u00e9e":"1 minute"},"schema":{"@context":"https:\/\/schema.org","@graph":[{"@type":"WebPage","@id":"https:\/\/www.arspan.com\/fr\/produits\/macaron\/machine-a-coupler-macaron\/","url":"https:\/\/www.arspan.com\/fr\/produits\/macaron\/machine-a-coupler-macaron\/","name":"Robot d'accouplement pour macaron &#8211; Ars Pan Industriale","isPartOf":{"@id":"https:\/\/www.arspan.com\/en\/#website"},"primaryImageOfPage":{"@id":"https:\/\/www.arspan.com\/fr\/produits\/macaron\/machine-a-coupler-macaron\/#primaryimage"},"image":{"@id":"https:\/\/www.arspan.com\/fr\/produits\/macaron\/machine-a-coupler-macaron\/#primaryimage"},"thumbnailUrl":"https:\/\/www.arspan.com\/wp-content\/uploads\/2020\/12\/galileo-macarons2.jpg","datePublished":"2016-12-20T09:15:54+00:00","dateModified":"2021-08-16T14:47:44+00:00","description":"Accouplement macarons, constitu\u00e9 de groupes d\u2019aligneurs synchronis\u00e9s \u00e0 une machine \u00e0 couler automatique et \u00e0 des robots manipulation.","breadcrumb":{"@id":"https:\/\/www.arspan.com\/fr\/produits\/macaron\/machine-a-coupler-macaron\/#breadcrumb"},"inLanguage":"fr-FR","potentialAction":[{"@type":"ReadAction","target":["https:\/\/www.arspan.com\/fr\/produits\/macaron\/machine-a-coupler-macaron\/"]}]},{"@type":"ImageObject","inLanguage":"fr-FR","@id":"https:\/\/www.arspan.com\/fr\/produits\/macaron\/machine-a-coupler-macaron\/#primaryimage","url":"https:\/\/www.arspan.com\/wp-content\/uploads\/2020\/12\/galileo-macarons2.jpg","contentUrl":"https:\/\/www.arspan.com\/wp-content\/uploads\/2020\/12\/galileo-macarons2.jpg","width":1458,"height":850},{"@type":"BreadcrumbList","@id":"https:\/\/www.arspan.com\/fr\/produits\/macaron\/machine-a-coupler-macaron\/#breadcrumb","itemListElement":[{"@type":"ListItem","position":1,"name":"","item":"https:\/\/www.arspan.com\/fr\/"},{"@type":"ListItem","position":2,"name":"Produits","item":"https:\/\/www.arspan.com\/fr\/produits\/"},{"@type":"ListItem","position":3,"name":"Macaron","item":"https:\/\/www.arspan.com\/fr\/produits\/macaron\/"},{"@type":"ListItem","position":4,"name":"Robot d&#8217;accouplement pour macaron"}]},{"@type":"WebSite","@id":"https:\/\/www.arspan.com\/en\/#website","url":"https:\/\/www.arspan.com\/en\/","name":"ArsPan","description":"","publisher":{"@id":"https:\/\/www.arspan.com\/en\/#organization"},"potentialAction":[{"@type":"SearchAction","target":{"@type":"EntryPoint","urlTemplate":"https:\/\/www.arspan.com\/en\/?s={search_term_string}"},"query-input":{"@type":"PropertyValueSpecification","valueRequired":true,"valueName":"search_term_string"}}],"inLanguage":"fr-FR"},{"@type":"Organization","@id":"https:\/\/www.arspan.com\/en\/#organization","name":"ARS PAN INDUSTRIALE s.r.l. a socio unico","url":"https:\/\/www.arspan.com\/en\/","logo":{"@type":"ImageObject","inLanguage":"fr-FR","@id":"https:\/\/www.arspan.com\/en\/#\/schema\/logo\/image\/","url":"https:\/\/www.arspan.com\/wp-content\/uploads\/2020\/12\/logo_arspan.png","contentUrl":"https:\/\/www.arspan.com\/wp-content\/uploads\/2020\/12\/logo_arspan.png","width":386,"height":123,"caption":"ARS PAN INDUSTRIALE s.r.l. a socio unico"},"image":{"@id":"https:\/\/www.arspan.com\/en\/#\/schema\/logo\/image\/"}}]}},"_links":{"self":[{"href":"https:\/\/www.arspan.com\/fr\/wp-json\/wp\/v2\/pages\/6910","targetHints":{"allow":["GET"]}}],"collection":[{"href":"https:\/\/www.arspan.com\/fr\/wp-json\/wp\/v2\/pages"}],"about":[{"href":"https:\/\/www.arspan.com\/fr\/wp-json\/wp\/v2\/types\/page"}],"author":[{"embeddable":true,"href":"https:\/\/www.arspan.com\/fr\/wp-json\/wp\/v2\/users\/1"}],"replies":[{"embeddable":true,"href":"https:\/\/www.arspan.com\/fr\/wp-json\/wp\/v2\/comments?post=6910"}],"version-history":[{"count":4,"href":"https:\/\/www.arspan.com\/fr\/wp-json\/wp\/v2\/pages\/6910\/revisions"}],"predecessor-version":[{"id":17502,"href":"https:\/\/www.arspan.com\/fr\/wp-json\/wp\/v2\/pages\/6910\/revisions\/17502"}],"up":[{"embeddable":true,"href":"https:\/\/www.arspan.com\/fr\/wp-json\/wp\/v2\/pages\/6909"}],"wp:featuredmedia":[{"embeddable":true,"href":"https:\/\/www.arspan.com\/fr\/wp-json\/wp\/v2\/media\/15194"}],"wp:attachment":[{"href":"https:\/\/www.arspan.com\/fr\/wp-json\/wp\/v2\/media?parent=6910"}],"curies":[{"name":"wp","href":"https:\/\/api.w.org\/{rel}","templated":true}]}}