{"id":6911,"date":"2016-11-09T17:44:02","date_gmt":"2016-11-09T16:44:02","guid":{"rendered":"https:\/\/www.arspan.com\/?page_id=6911"},"modified":"2021-08-16T17:02:18","modified_gmt":"2021-08-16T15:02:18","slug":"panettone","status":"publish","type":"page","link":"https:\/\/www.arspan.com\/fr\/produits\/panettone\/","title":{"rendered":"Panettone"},"content":{"rendered":"\n<h2 class=\"wp-block-heading\">Caract\u00e9ristiques du produit<\/h2>\n\n\n\n<p>Le <strong>panettone<\/strong> a typiquement une base cylindrique et il est contenu dans une corbeille en papier. Il est obtenu \u00e0 partir d\u2019une <strong>p\u00e2te ferment\u00e9e <\/strong>\u00e0 base d\u2019eau, de farine, de beurre, d\u2019\u0153ufs, \u00e0 laquelle on ajoute des fruits confits, des zestes d\u2019orange et de c\u00e8dre en parts \u00e9gales et des raisins secs.<\/p>\n\n\n\n<p>Le panettone typique de la <strong>tradition artisanale de Milan <\/strong>est un produit de four \u00e0 p\u00e2te tr\u00e8s souple, <strong>\u00e0 fermentation naturelle<\/strong>, ayant une forme cylindrique typique due \u00e0 la corbeille en papier de cuisson qui reste attach\u00e9 au produit fini. La <strong>produit fini <\/strong>pr\u00e9sente une structure interne <strong>tr\u00e8s alv\u00e9ol\u00e9e<\/strong> et un ar\u00f4me typique de la levure \u00e0 p\u00e2te acide.<\/p>\n\n\n\n<h2 class=\"wp-block-heading\">Ars Pan Industriale technologie de production<\/h2>\n\n\n\n<p>Notre equipement pour la production du panettone comprends\u00a0:<\/p>\n\n\n\n<ul class=\"wp-block-list\"><li>Machine diviseuse\/bouleuse <em>sans stress<\/em> avec le contr\u00f4le de poids<\/li><li>Etuve de fermentation pour panettone<\/li><li>Four \u00e0 tunnel de cuisson pour panettone<\/li><\/ul>\n","protected":false},"excerpt":{"rendered":"<p>Caract\u00e9ristiques du produit Le panettone a typiquement une base cylindrique et il est contenu dans une corbeille en papier. Il est obtenu \u00e0 partir d\u2019une p\u00e2te ferment\u00e9e \u00e0 base d\u2019eau, de farine, de beurre, d\u2019\u0153ufs, \u00e0 laquelle on ajoute des fruits confits, des zestes d\u2019orange et de c\u00e8dre en parts \u00e9gales et des raisins secs. [&hellip;]<\/p>\n","protected":false},"author":1,"featured_media":6496,"parent":7092,"menu_order":179,"comment_status":"closed","ping_status":"closed","template":"page-prodotti.php","meta":{"_acf_changed":false,"footnotes":""},"class_list":["post-6911","page","type-page","status-publish","has-post-thumbnail","hentry"],"acf":[],"yoast_head":"<!-- This site is optimized with the Yoast SEO plugin v27.5 - https:\/\/yoast.com\/product\/yoast-seo-wordpress\/ -->\n<title>Panettone: charact\u00e9ristiques et production &#8211; Ars Pan Industriale<\/title>\n<meta name=\"description\" content=\"Le panettone typique de la tradition milanaise est un produit de four \u00e0 p\u00e2te molle, \u00e0 levage naturel, ayant une forme cylindrique typique.\" \/>\n<meta name=\"robots\" content=\"index, follow, max-snippet:-1, max-image-preview:large, max-video-preview:-1\" \/>\n<link rel=\"canonical\" href=\"https:\/\/www.arspan.com\/fr\/produits\/panettone\/\" \/>\n<meta property=\"og:locale\" content=\"fr_FR\" \/>\n<meta property=\"og:type\" content=\"article\" \/>\n<meta property=\"og:title\" content=\"Panettone: charact\u00e9ristiques et production &#8211; Ars Pan Industriale\" \/>\n<meta property=\"og:description\" content=\"Le panettone typique de la tradition milanaise est un produit de four \u00e0 p\u00e2te molle, \u00e0 levage naturel, ayant une forme cylindrique typique.\" \/>\n<meta property=\"og:url\" content=\"https:\/\/www.arspan.com\/fr\/produits\/panettone\/\" \/>\n<meta property=\"og:site_name\" content=\"ArsPan\" \/>\n<meta property=\"article:modified_time\" content=\"2021-08-16T15:02:18+00:00\" \/>\n<meta property=\"og:image\" content=\"https:\/\/www.arspan.com\/wp-content\/uploads\/2020\/12\/arspan_panettone.jpg\" \/>\n\t<meta property=\"og:image:width\" content=\"1920\" \/>\n\t<meta property=\"og:image:height\" content=\"1080\" \/>\n\t<meta property=\"og:image:type\" content=\"image\/jpeg\" \/>\n<meta name=\"twitter:card\" content=\"summary_large_image\" \/>\n<meta name=\"twitter:label1\" content=\"Dur\u00e9e de lecture estim\u00e9e\" \/>\n\t<meta name=\"twitter:data1\" content=\"1 minute\" \/>\n<script type=\"application\/ld+json\" class=\"yoast-schema-graph\">{\"@context\":\"https:\\\/\\\/schema.org\",\"@graph\":[{\"@type\":\"WebPage\",\"@id\":\"https:\\\/\\\/www.arspan.com\\\/fr\\\/produits\\\/panettone\\\/\",\"url\":\"https:\\\/\\\/www.arspan.com\\\/fr\\\/produits\\\/panettone\\\/\",\"name\":\"Panettone: charact\u00e9ristiques et production &#8211; Ars Pan Industriale\",\"isPartOf\":{\"@id\":\"https:\\\/\\\/www.arspan.com\\\/en\\\/#website\"},\"primaryImageOfPage\":{\"@id\":\"https:\\\/\\\/www.arspan.com\\\/fr\\\/produits\\\/panettone\\\/#primaryimage\"},\"image\":{\"@id\":\"https:\\\/\\\/www.arspan.com\\\/fr\\\/produits\\\/panettone\\\/#primaryimage\"},\"thumbnailUrl\":\"https:\\\/\\\/www.arspan.com\\\/wp-content\\\/uploads\\\/2020\\\/12\\\/arspan_panettone.jpg\",\"datePublished\":\"2016-11-09T16:44:02+00:00\",\"dateModified\":\"2021-08-16T15:02:18+00:00\",\"description\":\"Le panettone typique de la tradition milanaise est un produit de four \u00e0 p\u00e2te molle, \u00e0 levage naturel, ayant une forme cylindrique typique.\",\"breadcrumb\":{\"@id\":\"https:\\\/\\\/www.arspan.com\\\/fr\\\/produits\\\/panettone\\\/#breadcrumb\"},\"inLanguage\":\"fr-FR\",\"potentialAction\":[{\"@type\":\"ReadAction\",\"target\":[\"https:\\\/\\\/www.arspan.com\\\/fr\\\/produits\\\/panettone\\\/\"]}]},{\"@type\":\"ImageObject\",\"inLanguage\":\"fr-FR\",\"@id\":\"https:\\\/\\\/www.arspan.com\\\/fr\\\/produits\\\/panettone\\\/#primaryimage\",\"url\":\"https:\\\/\\\/www.arspan.com\\\/wp-content\\\/uploads\\\/2020\\\/12\\\/arspan_panettone.jpg\",\"contentUrl\":\"https:\\\/\\\/www.arspan.com\\\/wp-content\\\/uploads\\\/2020\\\/12\\\/arspan_panettone.jpg\",\"width\":1920,\"height\":1080},{\"@type\":\"BreadcrumbList\",\"@id\":\"https:\\\/\\\/www.arspan.com\\\/fr\\\/produits\\\/panettone\\\/#breadcrumb\",\"itemListElement\":[{\"@type\":\"ListItem\",\"position\":1,\"name\":\"\",\"item\":\"https:\\\/\\\/www.arspan.com\\\/fr\\\/\"},{\"@type\":\"ListItem\",\"position\":2,\"name\":\"Produits\",\"item\":\"https:\\\/\\\/www.arspan.com\\\/fr\\\/produits\\\/\"},{\"@type\":\"ListItem\",\"position\":3,\"name\":\"Panettone\"}]},{\"@type\":\"WebSite\",\"@id\":\"https:\\\/\\\/www.arspan.com\\\/en\\\/#website\",\"url\":\"https:\\\/\\\/www.arspan.com\\\/en\\\/\",\"name\":\"ArsPan\",\"description\":\"\",\"publisher\":{\"@id\":\"https:\\\/\\\/www.arspan.com\\\/en\\\/#organization\"},\"potentialAction\":[{\"@type\":\"SearchAction\",\"target\":{\"@type\":\"EntryPoint\",\"urlTemplate\":\"https:\\\/\\\/www.arspan.com\\\/en\\\/?s={search_term_string}\"},\"query-input\":{\"@type\":\"PropertyValueSpecification\",\"valueRequired\":true,\"valueName\":\"search_term_string\"}}],\"inLanguage\":\"fr-FR\"},{\"@type\":\"Organization\",\"@id\":\"https:\\\/\\\/www.arspan.com\\\/en\\\/#organization\",\"name\":\"ARS PAN INDUSTRIALE s.r.l. a socio unico\",\"url\":\"https:\\\/\\\/www.arspan.com\\\/en\\\/\",\"logo\":{\"@type\":\"ImageObject\",\"inLanguage\":\"fr-FR\",\"@id\":\"https:\\\/\\\/www.arspan.com\\\/en\\\/#\\\/schema\\\/logo\\\/image\\\/\",\"url\":\"https:\\\/\\\/www.arspan.com\\\/wp-content\\\/uploads\\\/2020\\\/12\\\/logo_arspan.png\",\"contentUrl\":\"https:\\\/\\\/www.arspan.com\\\/wp-content\\\/uploads\\\/2020\\\/12\\\/logo_arspan.png\",\"width\":386,\"height\":123,\"caption\":\"ARS PAN INDUSTRIALE s.r.l. a socio unico\"},\"image\":{\"@id\":\"https:\\\/\\\/www.arspan.com\\\/en\\\/#\\\/schema\\\/logo\\\/image\\\/\"}}]}<\/script>\n<!-- \/ Yoast SEO plugin. -->","yoast_head_json":{"title":"Panettone: charact\u00e9ristiques et production &#8211; Ars Pan Industriale","description":"Le panettone typique de la tradition milanaise est un produit de four \u00e0 p\u00e2te molle, \u00e0 levage naturel, ayant une forme cylindrique typique.","robots":{"index":"index","follow":"follow","max-snippet":"max-snippet:-1","max-image-preview":"max-image-preview:large","max-video-preview":"max-video-preview:-1"},"canonical":"https:\/\/www.arspan.com\/fr\/produits\/panettone\/","og_locale":"fr_FR","og_type":"article","og_title":"Panettone: charact\u00e9ristiques et production &#8211; Ars Pan Industriale","og_description":"Le panettone typique de la tradition milanaise est un produit de four \u00e0 p\u00e2te molle, \u00e0 levage naturel, ayant une forme cylindrique typique.","og_url":"https:\/\/www.arspan.com\/fr\/produits\/panettone\/","og_site_name":"ArsPan","article_modified_time":"2021-08-16T15:02:18+00:00","og_image":[{"width":1920,"height":1080,"url":"https:\/\/www.arspan.com\/wp-content\/uploads\/2020\/12\/arspan_panettone.jpg","type":"image\/jpeg"}],"twitter_card":"summary_large_image","twitter_misc":{"Dur\u00e9e de lecture estim\u00e9e":"1 minute"},"schema":{"@context":"https:\/\/schema.org","@graph":[{"@type":"WebPage","@id":"https:\/\/www.arspan.com\/fr\/produits\/panettone\/","url":"https:\/\/www.arspan.com\/fr\/produits\/panettone\/","name":"Panettone: charact\u00e9ristiques et production &#8211; Ars Pan Industriale","isPartOf":{"@id":"https:\/\/www.arspan.com\/en\/#website"},"primaryImageOfPage":{"@id":"https:\/\/www.arspan.com\/fr\/produits\/panettone\/#primaryimage"},"image":{"@id":"https:\/\/www.arspan.com\/fr\/produits\/panettone\/#primaryimage"},"thumbnailUrl":"https:\/\/www.arspan.com\/wp-content\/uploads\/2020\/12\/arspan_panettone.jpg","datePublished":"2016-11-09T16:44:02+00:00","dateModified":"2021-08-16T15:02:18+00:00","description":"Le panettone typique de la tradition milanaise est un produit de four \u00e0 p\u00e2te molle, \u00e0 levage naturel, ayant une forme cylindrique typique.","breadcrumb":{"@id":"https:\/\/www.arspan.com\/fr\/produits\/panettone\/#breadcrumb"},"inLanguage":"fr-FR","potentialAction":[{"@type":"ReadAction","target":["https:\/\/www.arspan.com\/fr\/produits\/panettone\/"]}]},{"@type":"ImageObject","inLanguage":"fr-FR","@id":"https:\/\/www.arspan.com\/fr\/produits\/panettone\/#primaryimage","url":"https:\/\/www.arspan.com\/wp-content\/uploads\/2020\/12\/arspan_panettone.jpg","contentUrl":"https:\/\/www.arspan.com\/wp-content\/uploads\/2020\/12\/arspan_panettone.jpg","width":1920,"height":1080},{"@type":"BreadcrumbList","@id":"https:\/\/www.arspan.com\/fr\/produits\/panettone\/#breadcrumb","itemListElement":[{"@type":"ListItem","position":1,"name":"","item":"https:\/\/www.arspan.com\/fr\/"},{"@type":"ListItem","position":2,"name":"Produits","item":"https:\/\/www.arspan.com\/fr\/produits\/"},{"@type":"ListItem","position":3,"name":"Panettone"}]},{"@type":"WebSite","@id":"https:\/\/www.arspan.com\/en\/#website","url":"https:\/\/www.arspan.com\/en\/","name":"ArsPan","description":"","publisher":{"@id":"https:\/\/www.arspan.com\/en\/#organization"},"potentialAction":[{"@type":"SearchAction","target":{"@type":"EntryPoint","urlTemplate":"https:\/\/www.arspan.com\/en\/?s={search_term_string}"},"query-input":{"@type":"PropertyValueSpecification","valueRequired":true,"valueName":"search_term_string"}}],"inLanguage":"fr-FR"},{"@type":"Organization","@id":"https:\/\/www.arspan.com\/en\/#organization","name":"ARS PAN INDUSTRIALE s.r.l. a socio unico","url":"https:\/\/www.arspan.com\/en\/","logo":{"@type":"ImageObject","inLanguage":"fr-FR","@id":"https:\/\/www.arspan.com\/en\/#\/schema\/logo\/image\/","url":"https:\/\/www.arspan.com\/wp-content\/uploads\/2020\/12\/logo_arspan.png","contentUrl":"https:\/\/www.arspan.com\/wp-content\/uploads\/2020\/12\/logo_arspan.png","width":386,"height":123,"caption":"ARS PAN INDUSTRIALE s.r.l. a socio unico"},"image":{"@id":"https:\/\/www.arspan.com\/en\/#\/schema\/logo\/image\/"}}]}},"_links":{"self":[{"href":"https:\/\/www.arspan.com\/fr\/wp-json\/wp\/v2\/pages\/6911","targetHints":{"allow":["GET"]}}],"collection":[{"href":"https:\/\/www.arspan.com\/fr\/wp-json\/wp\/v2\/pages"}],"about":[{"href":"https:\/\/www.arspan.com\/fr\/wp-json\/wp\/v2\/types\/page"}],"author":[{"embeddable":true,"href":"https:\/\/www.arspan.com\/fr\/wp-json\/wp\/v2\/users\/1"}],"replies":[{"embeddable":true,"href":"https:\/\/www.arspan.com\/fr\/wp-json\/wp\/v2\/comments?post=6911"}],"version-history":[{"count":4,"href":"https:\/\/www.arspan.com\/fr\/wp-json\/wp\/v2\/pages\/6911\/revisions"}],"predecessor-version":[{"id":17506,"href":"https:\/\/www.arspan.com\/fr\/wp-json\/wp\/v2\/pages\/6911\/revisions\/17506"}],"up":[{"embeddable":true,"href":"https:\/\/www.arspan.com\/fr\/wp-json\/wp\/v2\/pages\/7092"}],"wp:featuredmedia":[{"embeddable":true,"href":"https:\/\/www.arspan.com\/fr\/wp-json\/wp\/v2\/media\/6496"}],"wp:attachment":[{"href":"https:\/\/www.arspan.com\/fr\/wp-json\/wp\/v2\/media?parent=6911"}],"curies":[{"name":"wp","href":"https:\/\/api.w.org\/{rel}","templated":true}]}}