{"id":6937,"date":"2020-10-28T15:04:36","date_gmt":"2020-10-28T14:04:36","guid":{"rendered":"https:\/\/www.arspan.com\/?page_id=6937"},"modified":"2021-08-16T17:21:46","modified_gmt":"2021-08-16T15:21:46","slug":"vasca-immersione-e-distributore-di-sale-sesamo","status":"publish","type":"page","link":"https:\/\/www.arspan.com\/fr\/produits\/brezel\/vasca-immersione-e-distributore-di-sale-sesamo\/","title":{"rendered":"Transport \u00e0 immersion du brezel dans l&rsquo;eau avec soda et distributeur de sel\/s\u00e9same"},"content":{"rendered":"\n<p>Une fois les Brezels viens d&rsquo;etre form\u00e9s, ils traversent un <strong>bain d\u2019eau chaude et de soda <\/strong>\u00e0 immersion totale.<\/p>\n\n\n\n<p>Dans une phase ult\u00e9rieure, \u00e0 la sortie de cette bain, des <strong>distributeurs de sel gros\/fin ou de s\u00e9same <\/strong>saupoudrent les Brezel avec la quantit\u00e9 desir\u00e9e.<\/p>\n\n\n\n<p>Des tapis, \u00e0 l\u2019aide d&rsquo;une <strong>pompe de recirculation<\/strong>, r\u00e9introduisent les exc\u00e8s de sel \/ s\u00e9same aux tr\u00e9mies distributrices.<\/p>\n","protected":false},"excerpt":{"rendered":"<p>Une fois les Brezels viens d&rsquo;etre form\u00e9s, ils traversent un bain d\u2019eau chaude et de soda \u00e0 immersion totale. Dans une phase ult\u00e9rieure, \u00e0 la sortie de cette bain, des distributeurs de sel gros\/fin ou de s\u00e9same saupoudrent les Brezel avec la quantit\u00e9 desir\u00e9e. Des tapis, \u00e0 l\u2019aide d&rsquo;une pompe de recirculation, r\u00e9introduisent les exc\u00e8s [&hellip;]<\/p>\n","protected":false},"author":1,"featured_media":15309,"parent":6962,"menu_order":68,"comment_status":"closed","ping_status":"closed","template":"page-tecnologia.php","meta":{"_acf_changed":false,"footnotes":""},"class_list":["post-6937","page","type-page","status-publish","has-post-thumbnail","hentry"],"acf":[],"yoast_head":"<!-- This site is optimized with the Yoast SEO plugin v27.3 - https:\/\/yoast.com\/product\/yoast-seo-wordpress\/ -->\n<title>Bassin de plong\u00e9e et distributeur de sel\/s\u00e9same &#8211; Ars Pan Industriale<\/title>\n<meta name=\"description\" content=\"Les brezels traversent un bain d\u2019eau chaude et de soude \u00e0 immersion totale, puis des distributeurs de sel ou s\u00e9same les arrosent.\u27060321 987788\" \/>\n<meta name=\"robots\" content=\"index, follow, max-snippet:-1, max-image-preview:large, max-video-preview:-1\" \/>\n<link rel=\"canonical\" href=\"https:\/\/www.arspan.com\/fr\/produits\/brezel\/vasca-immersione-e-distributore-di-sale-sesamo\/\" \/>\n<meta property=\"og:locale\" content=\"fr_FR\" \/>\n<meta property=\"og:type\" content=\"article\" \/>\n<meta property=\"og:title\" content=\"Bassin de plong\u00e9e et distributeur de sel\/s\u00e9same &#8211; Ars Pan Industriale\" \/>\n<meta property=\"og:description\" content=\"Les brezels traversent un bain d\u2019eau chaude et de soude \u00e0 immersion totale, puis des distributeurs de sel ou s\u00e9same les arrosent.\u27060321 987788\" \/>\n<meta property=\"og:url\" content=\"https:\/\/www.arspan.com\/fr\/produits\/brezel\/vasca-immersione-e-distributore-di-sale-sesamo\/\" \/>\n<meta property=\"og:site_name\" content=\"ArsPan\" \/>\n<meta property=\"article:modified_time\" content=\"2021-08-16T15:21:46+00:00\" \/>\n<meta property=\"og:image\" content=\"https:\/\/www.arspan.com\/wp-content\/uploads\/2021\/01\/arspan-saliere-per-produzione-brezel-pretzel-pane-pain-bread-panificazione.jpg\" \/>\n\t<meta property=\"og:image:width\" content=\"1710\" \/>\n\t<meta property=\"og:image:height\" content=\"848\" \/>\n\t<meta property=\"og:image:type\" content=\"image\/jpeg\" \/>\n<meta name=\"twitter:card\" content=\"summary_large_image\" \/>\n<meta name=\"twitter:label1\" content=\"Dur\u00e9e de lecture estim\u00e9e\" \/>\n\t<meta name=\"twitter:data1\" content=\"1 minute\" \/>\n<script type=\"application\/ld+json\" class=\"yoast-schema-graph\">{\"@context\":\"https:\\\/\\\/schema.org\",\"@graph\":[{\"@type\":\"WebPage\",\"@id\":\"https:\\\/\\\/www.arspan.com\\\/fr\\\/produits\\\/brezel\\\/vasca-immersione-e-distributore-di-sale-sesamo\\\/\",\"url\":\"https:\\\/\\\/www.arspan.com\\\/fr\\\/produits\\\/brezel\\\/vasca-immersione-e-distributore-di-sale-sesamo\\\/\",\"name\":\"Bassin de plong\u00e9e et distributeur de sel\\\/s\u00e9same &#8211; Ars Pan Industriale\",\"isPartOf\":{\"@id\":\"https:\\\/\\\/www.arspan.com\\\/en\\\/#website\"},\"primaryImageOfPage\":{\"@id\":\"https:\\\/\\\/www.arspan.com\\\/fr\\\/produits\\\/brezel\\\/vasca-immersione-e-distributore-di-sale-sesamo\\\/#primaryimage\"},\"image\":{\"@id\":\"https:\\\/\\\/www.arspan.com\\\/fr\\\/produits\\\/brezel\\\/vasca-immersione-e-distributore-di-sale-sesamo\\\/#primaryimage\"},\"thumbnailUrl\":\"https:\\\/\\\/www.arspan.com\\\/wp-content\\\/uploads\\\/2021\\\/01\\\/arspan-saliere-per-produzione-brezel-pretzel-pane-pain-bread-panificazione.jpg\",\"datePublished\":\"2020-10-28T14:04:36+00:00\",\"dateModified\":\"2021-08-16T15:21:46+00:00\",\"description\":\"Les brezels traversent un bain d\u2019eau chaude et de soude \u00e0 immersion totale, puis des distributeurs de sel ou s\u00e9same les arrosent.\u27060321 987788\",\"breadcrumb\":{\"@id\":\"https:\\\/\\\/www.arspan.com\\\/fr\\\/produits\\\/brezel\\\/vasca-immersione-e-distributore-di-sale-sesamo\\\/#breadcrumb\"},\"inLanguage\":\"fr-FR\",\"potentialAction\":[{\"@type\":\"ReadAction\",\"target\":[\"https:\\\/\\\/www.arspan.com\\\/fr\\\/produits\\\/brezel\\\/vasca-immersione-e-distributore-di-sale-sesamo\\\/\"]}]},{\"@type\":\"ImageObject\",\"inLanguage\":\"fr-FR\",\"@id\":\"https:\\\/\\\/www.arspan.com\\\/fr\\\/produits\\\/brezel\\\/vasca-immersione-e-distributore-di-sale-sesamo\\\/#primaryimage\",\"url\":\"https:\\\/\\\/www.arspan.com\\\/wp-content\\\/uploads\\\/2021\\\/01\\\/arspan-saliere-per-produzione-brezel-pretzel-pane-pain-bread-panificazione.jpg\",\"contentUrl\":\"https:\\\/\\\/www.arspan.com\\\/wp-content\\\/uploads\\\/2021\\\/01\\\/arspan-saliere-per-produzione-brezel-pretzel-pane-pain-bread-panificazione.jpg\",\"width\":1710,\"height\":848},{\"@type\":\"BreadcrumbList\",\"@id\":\"https:\\\/\\\/www.arspan.com\\\/fr\\\/produits\\\/brezel\\\/vasca-immersione-e-distributore-di-sale-sesamo\\\/#breadcrumb\",\"itemListElement\":[{\"@type\":\"ListItem\",\"position\":1,\"name\":\"\",\"item\":\"https:\\\/\\\/www.arspan.com\\\/fr\\\/\"},{\"@type\":\"ListItem\",\"position\":2,\"name\":\"Produits\",\"item\":\"https:\\\/\\\/www.arspan.com\\\/fr\\\/produits\\\/\"},{\"@type\":\"ListItem\",\"position\":3,\"name\":\"Brezel\",\"item\":\"https:\\\/\\\/www.arspan.com\\\/fr\\\/produits\\\/brezel\\\/\"},{\"@type\":\"ListItem\",\"position\":4,\"name\":\"Transport \u00e0 immersion du brezel dans l&#8217;eau avec soda et distributeur de sel\\\/s\u00e9same\"}]},{\"@type\":\"WebSite\",\"@id\":\"https:\\\/\\\/www.arspan.com\\\/en\\\/#website\",\"url\":\"https:\\\/\\\/www.arspan.com\\\/en\\\/\",\"name\":\"ArsPan\",\"description\":\"\",\"publisher\":{\"@id\":\"https:\\\/\\\/www.arspan.com\\\/en\\\/#organization\"},\"potentialAction\":[{\"@type\":\"SearchAction\",\"target\":{\"@type\":\"EntryPoint\",\"urlTemplate\":\"https:\\\/\\\/www.arspan.com\\\/en\\\/?s={search_term_string}\"},\"query-input\":{\"@type\":\"PropertyValueSpecification\",\"valueRequired\":true,\"valueName\":\"search_term_string\"}}],\"inLanguage\":\"fr-FR\"},{\"@type\":\"Organization\",\"@id\":\"https:\\\/\\\/www.arspan.com\\\/en\\\/#organization\",\"name\":\"ARS PAN INDUSTRIALE s.r.l. a socio unico\",\"url\":\"https:\\\/\\\/www.arspan.com\\\/en\\\/\",\"logo\":{\"@type\":\"ImageObject\",\"inLanguage\":\"fr-FR\",\"@id\":\"https:\\\/\\\/www.arspan.com\\\/en\\\/#\\\/schema\\\/logo\\\/image\\\/\",\"url\":\"https:\\\/\\\/www.arspan.com\\\/wp-content\\\/uploads\\\/2020\\\/12\\\/logo_arspan.png\",\"contentUrl\":\"https:\\\/\\\/www.arspan.com\\\/wp-content\\\/uploads\\\/2020\\\/12\\\/logo_arspan.png\",\"width\":386,\"height\":123,\"caption\":\"ARS PAN INDUSTRIALE s.r.l. a socio unico\"},\"image\":{\"@id\":\"https:\\\/\\\/www.arspan.com\\\/en\\\/#\\\/schema\\\/logo\\\/image\\\/\"}}]}<\/script>\n<!-- \/ Yoast SEO plugin. -->","yoast_head_json":{"title":"Bassin de plong\u00e9e et distributeur de sel\/s\u00e9same &#8211; Ars Pan Industriale","description":"Les brezels traversent un bain d\u2019eau chaude et de soude \u00e0 immersion totale, puis des distributeurs de sel ou s\u00e9same les arrosent.\u27060321 987788","robots":{"index":"index","follow":"follow","max-snippet":"max-snippet:-1","max-image-preview":"max-image-preview:large","max-video-preview":"max-video-preview:-1"},"canonical":"https:\/\/www.arspan.com\/fr\/produits\/brezel\/vasca-immersione-e-distributore-di-sale-sesamo\/","og_locale":"fr_FR","og_type":"article","og_title":"Bassin de plong\u00e9e et distributeur de sel\/s\u00e9same &#8211; Ars Pan Industriale","og_description":"Les brezels traversent un bain d\u2019eau chaude et de soude \u00e0 immersion totale, puis des distributeurs de sel ou s\u00e9same les arrosent.\u27060321 987788","og_url":"https:\/\/www.arspan.com\/fr\/produits\/brezel\/vasca-immersione-e-distributore-di-sale-sesamo\/","og_site_name":"ArsPan","article_modified_time":"2021-08-16T15:21:46+00:00","og_image":[{"width":1710,"height":848,"url":"https:\/\/www.arspan.com\/wp-content\/uploads\/2021\/01\/arspan-saliere-per-produzione-brezel-pretzel-pane-pain-bread-panificazione.jpg","type":"image\/jpeg"}],"twitter_card":"summary_large_image","twitter_misc":{"Dur\u00e9e de lecture estim\u00e9e":"1 minute"},"schema":{"@context":"https:\/\/schema.org","@graph":[{"@type":"WebPage","@id":"https:\/\/www.arspan.com\/fr\/produits\/brezel\/vasca-immersione-e-distributore-di-sale-sesamo\/","url":"https:\/\/www.arspan.com\/fr\/produits\/brezel\/vasca-immersione-e-distributore-di-sale-sesamo\/","name":"Bassin de plong\u00e9e et distributeur de sel\/s\u00e9same &#8211; Ars Pan Industriale","isPartOf":{"@id":"https:\/\/www.arspan.com\/en\/#website"},"primaryImageOfPage":{"@id":"https:\/\/www.arspan.com\/fr\/produits\/brezel\/vasca-immersione-e-distributore-di-sale-sesamo\/#primaryimage"},"image":{"@id":"https:\/\/www.arspan.com\/fr\/produits\/brezel\/vasca-immersione-e-distributore-di-sale-sesamo\/#primaryimage"},"thumbnailUrl":"https:\/\/www.arspan.com\/wp-content\/uploads\/2021\/01\/arspan-saliere-per-produzione-brezel-pretzel-pane-pain-bread-panificazione.jpg","datePublished":"2020-10-28T14:04:36+00:00","dateModified":"2021-08-16T15:21:46+00:00","description":"Les brezels traversent un bain d\u2019eau chaude et de soude \u00e0 immersion totale, puis des distributeurs de sel ou s\u00e9same les arrosent.\u27060321 987788","breadcrumb":{"@id":"https:\/\/www.arspan.com\/fr\/produits\/brezel\/vasca-immersione-e-distributore-di-sale-sesamo\/#breadcrumb"},"inLanguage":"fr-FR","potentialAction":[{"@type":"ReadAction","target":["https:\/\/www.arspan.com\/fr\/produits\/brezel\/vasca-immersione-e-distributore-di-sale-sesamo\/"]}]},{"@type":"ImageObject","inLanguage":"fr-FR","@id":"https:\/\/www.arspan.com\/fr\/produits\/brezel\/vasca-immersione-e-distributore-di-sale-sesamo\/#primaryimage","url":"https:\/\/www.arspan.com\/wp-content\/uploads\/2021\/01\/arspan-saliere-per-produzione-brezel-pretzel-pane-pain-bread-panificazione.jpg","contentUrl":"https:\/\/www.arspan.com\/wp-content\/uploads\/2021\/01\/arspan-saliere-per-produzione-brezel-pretzel-pane-pain-bread-panificazione.jpg","width":1710,"height":848},{"@type":"BreadcrumbList","@id":"https:\/\/www.arspan.com\/fr\/produits\/brezel\/vasca-immersione-e-distributore-di-sale-sesamo\/#breadcrumb","itemListElement":[{"@type":"ListItem","position":1,"name":"","item":"https:\/\/www.arspan.com\/fr\/"},{"@type":"ListItem","position":2,"name":"Produits","item":"https:\/\/www.arspan.com\/fr\/produits\/"},{"@type":"ListItem","position":3,"name":"Brezel","item":"https:\/\/www.arspan.com\/fr\/produits\/brezel\/"},{"@type":"ListItem","position":4,"name":"Transport \u00e0 immersion du brezel dans l&#8217;eau avec soda et distributeur de sel\/s\u00e9same"}]},{"@type":"WebSite","@id":"https:\/\/www.arspan.com\/en\/#website","url":"https:\/\/www.arspan.com\/en\/","name":"ArsPan","description":"","publisher":{"@id":"https:\/\/www.arspan.com\/en\/#organization"},"potentialAction":[{"@type":"SearchAction","target":{"@type":"EntryPoint","urlTemplate":"https:\/\/www.arspan.com\/en\/?s={search_term_string}"},"query-input":{"@type":"PropertyValueSpecification","valueRequired":true,"valueName":"search_term_string"}}],"inLanguage":"fr-FR"},{"@type":"Organization","@id":"https:\/\/www.arspan.com\/en\/#organization","name":"ARS PAN INDUSTRIALE s.r.l. a socio unico","url":"https:\/\/www.arspan.com\/en\/","logo":{"@type":"ImageObject","inLanguage":"fr-FR","@id":"https:\/\/www.arspan.com\/en\/#\/schema\/logo\/image\/","url":"https:\/\/www.arspan.com\/wp-content\/uploads\/2020\/12\/logo_arspan.png","contentUrl":"https:\/\/www.arspan.com\/wp-content\/uploads\/2020\/12\/logo_arspan.png","width":386,"height":123,"caption":"ARS PAN INDUSTRIALE s.r.l. a socio unico"},"image":{"@id":"https:\/\/www.arspan.com\/en\/#\/schema\/logo\/image\/"}}]}},"_links":{"self":[{"href":"https:\/\/www.arspan.com\/fr\/wp-json\/wp\/v2\/pages\/6937","targetHints":{"allow":["GET"]}}],"collection":[{"href":"https:\/\/www.arspan.com\/fr\/wp-json\/wp\/v2\/pages"}],"about":[{"href":"https:\/\/www.arspan.com\/fr\/wp-json\/wp\/v2\/types\/page"}],"author":[{"embeddable":true,"href":"https:\/\/www.arspan.com\/fr\/wp-json\/wp\/v2\/users\/1"}],"replies":[{"embeddable":true,"href":"https:\/\/www.arspan.com\/fr\/wp-json\/wp\/v2\/comments?post=6937"}],"version-history":[{"count":4,"href":"https:\/\/www.arspan.com\/fr\/wp-json\/wp\/v2\/pages\/6937\/revisions"}],"predecessor-version":[{"id":17512,"href":"https:\/\/www.arspan.com\/fr\/wp-json\/wp\/v2\/pages\/6937\/revisions\/17512"}],"up":[{"embeddable":true,"href":"https:\/\/www.arspan.com\/fr\/wp-json\/wp\/v2\/pages\/6962"}],"wp:featuredmedia":[{"embeddable":true,"href":"https:\/\/www.arspan.com\/fr\/wp-json\/wp\/v2\/media\/15309"}],"wp:attachment":[{"href":"https:\/\/www.arspan.com\/fr\/wp-json\/wp\/v2\/media?parent=6937"}],"curies":[{"name":"wp","href":"https:\/\/api.w.org\/{rel}","templated":true}]}}