{"id":6942,"date":"2016-12-20T16:45:44","date_gmt":"2016-12-20T15:45:44","guid":{"rendered":"https:\/\/www.arspan.com\/?page_id=6942"},"modified":"2021-08-16T17:41:04","modified_gmt":"2021-08-16T15:41:04","slug":"four-a-tunnel-pour-tourteau-fromage","status":"publish","type":"page","link":"https:\/\/www.arspan.com\/fr\/produits\/tourteau-fromage\/four-a-tunnel-pour-tourteau-fromage\/","title":{"rendered":"Four \u00e0 tunnel pour la cuisson du tourteau fromag\u00e9"},"content":{"rendered":"<p>Nos fours \u00e0 tunnel <strong>cyclothermes<\/strong> pour la cuisson du tourteau fromag\u00e9 peuvent \u00eatre de diff\u00e9rentes largeurs et longueurs utiles, selon les espaces disponibles chez nos clients ou selon les volumes des produits demand\u00e9s, avec des <strong>sols de cuisson habituellement \u00e0 tapis \u00e0 maille.<\/strong><\/p>\n<p>Le sol de cuisson est \u00e0 tapis \u00e0 maille <strong>renforc\u00e9<\/strong> ou \u00e0 maille <strong>standard<\/strong>, en fonction de la charge des produits \u00e0 cuire.<\/p>\n<p>Un syst\u00e8me automatique g\u00e8re les plaques \u00e0 l&rsquo;entr\u00e9e et \u00e0 la sortie du four et au syst\u00e8me de refroidissement du produit.<\/p>\n","protected":false},"excerpt":{"rendered":"<p>Nos fours \u00e0 tunnel cyclothermes pour la cuisson du tourteau fromag\u00e9 peuvent \u00eatre de diff\u00e9rentes largeurs et longueurs utiles, selon les espaces disponibles chez nos clients ou selon les volumes des produits demand\u00e9s, avec des sols de cuisson habituellement \u00e0 tapis \u00e0 maille. Le sol de cuisson est \u00e0 tapis \u00e0 maille renforc\u00e9 ou \u00e0 [&hellip;]<\/p>\n","protected":false},"author":1,"featured_media":16314,"parent":6963,"menu_order":71,"comment_status":"closed","ping_status":"closed","template":"page-tecnologia.php","meta":{"_acf_changed":false,"footnotes":""},"class_list":["post-6942","page","type-page","status-publish","has-post-thumbnail","hentry"],"acf":[],"yoast_head":"<!-- This site is optimized with the Yoast SEO plugin v27.3 - https:\/\/yoast.com\/product\/yoast-seo-wordpress\/ -->\n<title>Four \u00e0 tunnel pour la cuisson du tourteau fromag\u00e9 &#8211; Ars Pan Industriale<\/title>\n<meta name=\"description\" content=\"Nos fours \u00e0 tunnel pour le tourteau fromag\u00e9 peuvent \u00eatre de diff\u00e9rentes dimensions, avec des sols de cuisson habituellement \u00e0 filet.\" \/>\n<meta name=\"robots\" content=\"index, follow, max-snippet:-1, max-image-preview:large, max-video-preview:-1\" \/>\n<link rel=\"canonical\" href=\"https:\/\/www.arspan.com\/fr\/produits\/tourteau-fromage\/four-a-tunnel-pour-tourteau-fromage\/\" \/>\n<meta property=\"og:locale\" content=\"fr_FR\" \/>\n<meta property=\"og:type\" content=\"article\" \/>\n<meta property=\"og:title\" content=\"Four \u00e0 tunnel pour la cuisson du tourteau fromag\u00e9 &#8211; Ars Pan Industriale\" \/>\n<meta property=\"og:description\" content=\"Nos fours \u00e0 tunnel pour le tourteau fromag\u00e9 peuvent \u00eatre de diff\u00e9rentes dimensions, avec des sols de cuisson habituellement \u00e0 filet.\" \/>\n<meta property=\"og:url\" content=\"https:\/\/www.arspan.com\/fr\/produits\/tourteau-fromage\/four-a-tunnel-pour-tourteau-fromage\/\" \/>\n<meta property=\"og:site_name\" content=\"ArsPan\" \/>\n<meta property=\"article:modified_time\" content=\"2021-08-16T15:41:04+00:00\" \/>\n<meta property=\"og:image\" content=\"https:\/\/www.arspan.com\/wp-content\/uploads\/2021\/01\/arspan-forno-a-tunnel-di-cottura2500-1500.png\" \/>\n\t<meta property=\"og:image:width\" content=\"2500\" \/>\n\t<meta property=\"og:image:height\" content=\"1500\" \/>\n\t<meta property=\"og:image:type\" content=\"image\/png\" \/>\n<meta name=\"twitter:card\" content=\"summary_large_image\" \/>\n<meta name=\"twitter:label1\" content=\"Dur\u00e9e de lecture estim\u00e9e\" \/>\n\t<meta name=\"twitter:data1\" content=\"1 minute\" \/>\n<script type=\"application\/ld+json\" class=\"yoast-schema-graph\">{\"@context\":\"https:\\\/\\\/schema.org\",\"@graph\":[{\"@type\":\"WebPage\",\"@id\":\"https:\\\/\\\/www.arspan.com\\\/fr\\\/produits\\\/tourteau-fromage\\\/four-a-tunnel-pour-tourteau-fromage\\\/\",\"url\":\"https:\\\/\\\/www.arspan.com\\\/fr\\\/produits\\\/tourteau-fromage\\\/four-a-tunnel-pour-tourteau-fromage\\\/\",\"name\":\"Four \u00e0 tunnel pour la cuisson du tourteau fromag\u00e9 &#8211; Ars Pan Industriale\",\"isPartOf\":{\"@id\":\"https:\\\/\\\/www.arspan.com\\\/en\\\/#website\"},\"primaryImageOfPage\":{\"@id\":\"https:\\\/\\\/www.arspan.com\\\/fr\\\/produits\\\/tourteau-fromage\\\/four-a-tunnel-pour-tourteau-fromage\\\/#primaryimage\"},\"image\":{\"@id\":\"https:\\\/\\\/www.arspan.com\\\/fr\\\/produits\\\/tourteau-fromage\\\/four-a-tunnel-pour-tourteau-fromage\\\/#primaryimage\"},\"thumbnailUrl\":\"https:\\\/\\\/www.arspan.com\\\/wp-content\\\/uploads\\\/2021\\\/01\\\/arspan-forno-a-tunnel-di-cottura2500-1500.png\",\"datePublished\":\"2016-12-20T15:45:44+00:00\",\"dateModified\":\"2021-08-16T15:41:04+00:00\",\"description\":\"Nos fours \u00e0 tunnel pour le tourteau fromag\u00e9 peuvent \u00eatre de diff\u00e9rentes dimensions, avec des sols de cuisson habituellement \u00e0 filet.\",\"breadcrumb\":{\"@id\":\"https:\\\/\\\/www.arspan.com\\\/fr\\\/produits\\\/tourteau-fromage\\\/four-a-tunnel-pour-tourteau-fromage\\\/#breadcrumb\"},\"inLanguage\":\"fr-FR\",\"potentialAction\":[{\"@type\":\"ReadAction\",\"target\":[\"https:\\\/\\\/www.arspan.com\\\/fr\\\/produits\\\/tourteau-fromage\\\/four-a-tunnel-pour-tourteau-fromage\\\/\"]}]},{\"@type\":\"ImageObject\",\"inLanguage\":\"fr-FR\",\"@id\":\"https:\\\/\\\/www.arspan.com\\\/fr\\\/produits\\\/tourteau-fromage\\\/four-a-tunnel-pour-tourteau-fromage\\\/#primaryimage\",\"url\":\"https:\\\/\\\/www.arspan.com\\\/wp-content\\\/uploads\\\/2021\\\/01\\\/arspan-forno-a-tunnel-di-cottura2500-1500.png\",\"contentUrl\":\"https:\\\/\\\/www.arspan.com\\\/wp-content\\\/uploads\\\/2021\\\/01\\\/arspan-forno-a-tunnel-di-cottura2500-1500.png\",\"width\":2500,\"height\":1500},{\"@type\":\"BreadcrumbList\",\"@id\":\"https:\\\/\\\/www.arspan.com\\\/fr\\\/produits\\\/tourteau-fromage\\\/four-a-tunnel-pour-tourteau-fromage\\\/#breadcrumb\",\"itemListElement\":[{\"@type\":\"ListItem\",\"position\":1,\"name\":\"\",\"item\":\"https:\\\/\\\/www.arspan.com\\\/fr\\\/\"},{\"@type\":\"ListItem\",\"position\":2,\"name\":\"Produits\",\"item\":\"https:\\\/\\\/www.arspan.com\\\/fr\\\/produits\\\/\"},{\"@type\":\"ListItem\",\"position\":3,\"name\":\"Tourteau fromag\u00e9\",\"item\":\"https:\\\/\\\/www.arspan.com\\\/fr\\\/produits\\\/tourteau-fromage\\\/\"},{\"@type\":\"ListItem\",\"position\":4,\"name\":\"Four \u00e0 tunnel pour la cuisson du tourteau fromag\u00e9\"}]},{\"@type\":\"WebSite\",\"@id\":\"https:\\\/\\\/www.arspan.com\\\/en\\\/#website\",\"url\":\"https:\\\/\\\/www.arspan.com\\\/en\\\/\",\"name\":\"ArsPan\",\"description\":\"\",\"publisher\":{\"@id\":\"https:\\\/\\\/www.arspan.com\\\/en\\\/#organization\"},\"potentialAction\":[{\"@type\":\"SearchAction\",\"target\":{\"@type\":\"EntryPoint\",\"urlTemplate\":\"https:\\\/\\\/www.arspan.com\\\/en\\\/?s={search_term_string}\"},\"query-input\":{\"@type\":\"PropertyValueSpecification\",\"valueRequired\":true,\"valueName\":\"search_term_string\"}}],\"inLanguage\":\"fr-FR\"},{\"@type\":\"Organization\",\"@id\":\"https:\\\/\\\/www.arspan.com\\\/en\\\/#organization\",\"name\":\"ARS PAN INDUSTRIALE s.r.l. a socio unico\",\"url\":\"https:\\\/\\\/www.arspan.com\\\/en\\\/\",\"logo\":{\"@type\":\"ImageObject\",\"inLanguage\":\"fr-FR\",\"@id\":\"https:\\\/\\\/www.arspan.com\\\/en\\\/#\\\/schema\\\/logo\\\/image\\\/\",\"url\":\"https:\\\/\\\/www.arspan.com\\\/wp-content\\\/uploads\\\/2020\\\/12\\\/logo_arspan.png\",\"contentUrl\":\"https:\\\/\\\/www.arspan.com\\\/wp-content\\\/uploads\\\/2020\\\/12\\\/logo_arspan.png\",\"width\":386,\"height\":123,\"caption\":\"ARS PAN INDUSTRIALE s.r.l. a socio unico\"},\"image\":{\"@id\":\"https:\\\/\\\/www.arspan.com\\\/en\\\/#\\\/schema\\\/logo\\\/image\\\/\"}}]}<\/script>\n<!-- \/ Yoast SEO plugin. -->","yoast_head_json":{"title":"Four \u00e0 tunnel pour la cuisson du tourteau fromag\u00e9 &#8211; Ars Pan Industriale","description":"Nos fours \u00e0 tunnel pour le tourteau fromag\u00e9 peuvent \u00eatre de diff\u00e9rentes dimensions, avec des sols de cuisson habituellement \u00e0 filet.","robots":{"index":"index","follow":"follow","max-snippet":"max-snippet:-1","max-image-preview":"max-image-preview:large","max-video-preview":"max-video-preview:-1"},"canonical":"https:\/\/www.arspan.com\/fr\/produits\/tourteau-fromage\/four-a-tunnel-pour-tourteau-fromage\/","og_locale":"fr_FR","og_type":"article","og_title":"Four \u00e0 tunnel pour la cuisson du tourteau fromag\u00e9 &#8211; Ars Pan Industriale","og_description":"Nos fours \u00e0 tunnel pour le tourteau fromag\u00e9 peuvent \u00eatre de diff\u00e9rentes dimensions, avec des sols de cuisson habituellement \u00e0 filet.","og_url":"https:\/\/www.arspan.com\/fr\/produits\/tourteau-fromage\/four-a-tunnel-pour-tourteau-fromage\/","og_site_name":"ArsPan","article_modified_time":"2021-08-16T15:41:04+00:00","og_image":[{"width":2500,"height":1500,"url":"https:\/\/www.arspan.com\/wp-content\/uploads\/2021\/01\/arspan-forno-a-tunnel-di-cottura2500-1500.png","type":"image\/png"}],"twitter_card":"summary_large_image","twitter_misc":{"Dur\u00e9e de lecture estim\u00e9e":"1 minute"},"schema":{"@context":"https:\/\/schema.org","@graph":[{"@type":"WebPage","@id":"https:\/\/www.arspan.com\/fr\/produits\/tourteau-fromage\/four-a-tunnel-pour-tourteau-fromage\/","url":"https:\/\/www.arspan.com\/fr\/produits\/tourteau-fromage\/four-a-tunnel-pour-tourteau-fromage\/","name":"Four \u00e0 tunnel pour la cuisson du tourteau fromag\u00e9 &#8211; Ars Pan Industriale","isPartOf":{"@id":"https:\/\/www.arspan.com\/en\/#website"},"primaryImageOfPage":{"@id":"https:\/\/www.arspan.com\/fr\/produits\/tourteau-fromage\/four-a-tunnel-pour-tourteau-fromage\/#primaryimage"},"image":{"@id":"https:\/\/www.arspan.com\/fr\/produits\/tourteau-fromage\/four-a-tunnel-pour-tourteau-fromage\/#primaryimage"},"thumbnailUrl":"https:\/\/www.arspan.com\/wp-content\/uploads\/2021\/01\/arspan-forno-a-tunnel-di-cottura2500-1500.png","datePublished":"2016-12-20T15:45:44+00:00","dateModified":"2021-08-16T15:41:04+00:00","description":"Nos fours \u00e0 tunnel pour le tourteau fromag\u00e9 peuvent \u00eatre de diff\u00e9rentes dimensions, avec des sols de cuisson habituellement \u00e0 filet.","breadcrumb":{"@id":"https:\/\/www.arspan.com\/fr\/produits\/tourteau-fromage\/four-a-tunnel-pour-tourteau-fromage\/#breadcrumb"},"inLanguage":"fr-FR","potentialAction":[{"@type":"ReadAction","target":["https:\/\/www.arspan.com\/fr\/produits\/tourteau-fromage\/four-a-tunnel-pour-tourteau-fromage\/"]}]},{"@type":"ImageObject","inLanguage":"fr-FR","@id":"https:\/\/www.arspan.com\/fr\/produits\/tourteau-fromage\/four-a-tunnel-pour-tourteau-fromage\/#primaryimage","url":"https:\/\/www.arspan.com\/wp-content\/uploads\/2021\/01\/arspan-forno-a-tunnel-di-cottura2500-1500.png","contentUrl":"https:\/\/www.arspan.com\/wp-content\/uploads\/2021\/01\/arspan-forno-a-tunnel-di-cottura2500-1500.png","width":2500,"height":1500},{"@type":"BreadcrumbList","@id":"https:\/\/www.arspan.com\/fr\/produits\/tourteau-fromage\/four-a-tunnel-pour-tourteau-fromage\/#breadcrumb","itemListElement":[{"@type":"ListItem","position":1,"name":"","item":"https:\/\/www.arspan.com\/fr\/"},{"@type":"ListItem","position":2,"name":"Produits","item":"https:\/\/www.arspan.com\/fr\/produits\/"},{"@type":"ListItem","position":3,"name":"Tourteau fromag\u00e9","item":"https:\/\/www.arspan.com\/fr\/produits\/tourteau-fromage\/"},{"@type":"ListItem","position":4,"name":"Four \u00e0 tunnel pour la cuisson du tourteau fromag\u00e9"}]},{"@type":"WebSite","@id":"https:\/\/www.arspan.com\/en\/#website","url":"https:\/\/www.arspan.com\/en\/","name":"ArsPan","description":"","publisher":{"@id":"https:\/\/www.arspan.com\/en\/#organization"},"potentialAction":[{"@type":"SearchAction","target":{"@type":"EntryPoint","urlTemplate":"https:\/\/www.arspan.com\/en\/?s={search_term_string}"},"query-input":{"@type":"PropertyValueSpecification","valueRequired":true,"valueName":"search_term_string"}}],"inLanguage":"fr-FR"},{"@type":"Organization","@id":"https:\/\/www.arspan.com\/en\/#organization","name":"ARS PAN INDUSTRIALE s.r.l. a socio unico","url":"https:\/\/www.arspan.com\/en\/","logo":{"@type":"ImageObject","inLanguage":"fr-FR","@id":"https:\/\/www.arspan.com\/en\/#\/schema\/logo\/image\/","url":"https:\/\/www.arspan.com\/wp-content\/uploads\/2020\/12\/logo_arspan.png","contentUrl":"https:\/\/www.arspan.com\/wp-content\/uploads\/2020\/12\/logo_arspan.png","width":386,"height":123,"caption":"ARS PAN INDUSTRIALE s.r.l. a socio unico"},"image":{"@id":"https:\/\/www.arspan.com\/en\/#\/schema\/logo\/image\/"}}]}},"_links":{"self":[{"href":"https:\/\/www.arspan.com\/fr\/wp-json\/wp\/v2\/pages\/6942","targetHints":{"allow":["GET"]}}],"collection":[{"href":"https:\/\/www.arspan.com\/fr\/wp-json\/wp\/v2\/pages"}],"about":[{"href":"https:\/\/www.arspan.com\/fr\/wp-json\/wp\/v2\/types\/page"}],"author":[{"embeddable":true,"href":"https:\/\/www.arspan.com\/fr\/wp-json\/wp\/v2\/users\/1"}],"replies":[{"embeddable":true,"href":"https:\/\/www.arspan.com\/fr\/wp-json\/wp\/v2\/comments?post=6942"}],"version-history":[{"count":5,"href":"https:\/\/www.arspan.com\/fr\/wp-json\/wp\/v2\/pages\/6942\/revisions"}],"predecessor-version":[{"id":17519,"href":"https:\/\/www.arspan.com\/fr\/wp-json\/wp\/v2\/pages\/6942\/revisions\/17519"}],"up":[{"embeddable":true,"href":"https:\/\/www.arspan.com\/fr\/wp-json\/wp\/v2\/pages\/6963"}],"wp:featuredmedia":[{"embeddable":true,"href":"https:\/\/www.arspan.com\/fr\/wp-json\/wp\/v2\/media\/16314"}],"wp:attachment":[{"href":"https:\/\/www.arspan.com\/fr\/wp-json\/wp\/v2\/media?parent=6942"}],"curies":[{"name":"wp","href":"https:\/\/api.w.org\/{rel}","templated":true}]}}