{"id":6943,"date":"2016-12-20T16:42:55","date_gmt":"2016-12-20T15:42:55","guid":{"rendered":"https:\/\/www.arspan.com\/?page_id=6943"},"modified":"2021-08-16T17:46:04","modified_gmt":"2021-08-16T15:46:04","slug":"forno-a-tunnel-per-quiche-lorraine","status":"publish","type":"page","link":"https:\/\/www.arspan.com\/fr\/produits\/quiche-lorraine\/forno-a-tunnel-per-quiche-lorraine\/","title":{"rendered":"Four \u00e0 tunnel pour la cuisson de la quiche lorraine"},"content":{"rendered":"<p>Nos fours \u00e0 tunnel <strong>cyclothermes<\/strong> pour la cuisson de la quiche lorraine peuvent \u00eatre de diff\u00e9rentes largeurs et longueurs utiles, selon les espaces disponibles chez nos clients ou selon les volumes de produits demand\u00e9s, avec deux diff\u00e9rents <strong>sols de cuisson\u00a0:<\/strong><\/p>\n<ul>\n<li>sol de cuisson <strong>\u00e0 tapis \u00e0 maille<\/strong>, pour une cuisson plus \u00ab\u00a0douce\u00a0\u00bb<\/li>\n<li>sol de cuisson <strong>r\u00e9fractaire<\/strong>, pour une cuisson plus \u00ab\u00a0structur\u00e9e\u00a0\u00bb<\/li>\n<\/ul>\n\n\n<figure class=\"wp-block-embed is-type-video is-provider-youtube wp-block-embed-youtube wp-embed-aspect-16-9 wp-has-aspect-ratio\"><div class=\"wp-block-embed__wrapper\">\n<iframe loading=\"lazy\" title=\"Ars Pan Industriale: Forno per Quiche Lorraine\" width=\"500\" height=\"281\" src=\"https:\/\/www.youtube.com\/embed\/WqW6F6NVlwI?start=1&#038;feature=oembed\" frameborder=\"0\" allow=\"accelerometer; autoplay; clipboard-write; encrypted-media; gyroscope; picture-in-picture; web-share\" referrerpolicy=\"strict-origin-when-cross-origin\" allowfullscreen><\/iframe>\n<\/div><\/figure>\n","protected":false},"excerpt":{"rendered":"<p>Nos fours \u00e0 tunnel cyclothermes pour la cuisson de la quiche lorraine peuvent \u00eatre de diff\u00e9rentes largeurs et longueurs utiles, selon les espaces disponibles chez nos clients ou selon les volumes de produits demand\u00e9s, avec deux diff\u00e9rents sols de cuisson\u00a0: sol de cuisson \u00e0 tapis \u00e0 maille, pour une cuisson plus \u00ab\u00a0douce\u00a0\u00bb sol de cuisson [&hellip;]<\/p>\n","protected":false},"author":1,"featured_media":16314,"parent":6964,"menu_order":0,"comment_status":"closed","ping_status":"closed","template":"page-tecnologia.php","meta":{"_acf_changed":false,"footnotes":""},"class_list":["post-6943","page","type-page","status-publish","has-post-thumbnail","hentry"],"acf":[],"yoast_head":"<!-- This site is optimized with the Yoast SEO plugin v27.5 - https:\/\/yoast.com\/product\/yoast-seo-wordpress\/ -->\n<title>Four \u00e0 tunnel pour la cuisson de la quiche lorraine &#8211; Ars Pan Industriale<\/title>\n<meta name=\"description\" content=\"Nos fours \u00e0 tunnel cyclothermes pour la production de la quiche lorraine peuvent \u00eatre de diff\u00e9rentes largeurs et longueurs. \u2706 0321 987788\" \/>\n<meta name=\"robots\" content=\"index, follow, max-snippet:-1, max-image-preview:large, max-video-preview:-1\" \/>\n<link rel=\"canonical\" href=\"https:\/\/www.arspan.com\/fr\/produits\/quiche-lorraine\/forno-a-tunnel-per-quiche-lorraine\/\" \/>\n<meta property=\"og:locale\" content=\"fr_FR\" \/>\n<meta property=\"og:type\" content=\"article\" \/>\n<meta property=\"og:title\" content=\"Four \u00e0 tunnel pour la cuisson de la quiche lorraine &#8211; Ars Pan Industriale\" \/>\n<meta property=\"og:description\" content=\"Nos fours \u00e0 tunnel cyclothermes pour la production de la quiche lorraine peuvent \u00eatre de diff\u00e9rentes largeurs et longueurs. \u2706 0321 987788\" \/>\n<meta property=\"og:url\" content=\"https:\/\/www.arspan.com\/fr\/produits\/quiche-lorraine\/forno-a-tunnel-per-quiche-lorraine\/\" \/>\n<meta property=\"og:site_name\" content=\"ArsPan\" \/>\n<meta property=\"article:modified_time\" content=\"2021-08-16T15:46:04+00:00\" \/>\n<meta property=\"og:image\" content=\"https:\/\/www.arspan.com\/wp-content\/uploads\/2021\/01\/arspan-forno-a-tunnel-di-cottura2500-1500.png\" \/>\n\t<meta property=\"og:image:width\" content=\"2500\" \/>\n\t<meta property=\"og:image:height\" content=\"1500\" \/>\n\t<meta property=\"og:image:type\" content=\"image\/png\" \/>\n<meta name=\"twitter:card\" content=\"summary_large_image\" \/>\n<meta name=\"twitter:label1\" content=\"Dur\u00e9e de lecture estim\u00e9e\" \/>\n\t<meta name=\"twitter:data1\" content=\"1 minute\" \/>\n<script type=\"application\/ld+json\" class=\"yoast-schema-graph\">{\"@context\":\"https:\\\/\\\/schema.org\",\"@graph\":[{\"@type\":\"WebPage\",\"@id\":\"https:\\\/\\\/www.arspan.com\\\/fr\\\/produits\\\/quiche-lorraine\\\/forno-a-tunnel-per-quiche-lorraine\\\/\",\"url\":\"https:\\\/\\\/www.arspan.com\\\/fr\\\/produits\\\/quiche-lorraine\\\/forno-a-tunnel-per-quiche-lorraine\\\/\",\"name\":\"Four \u00e0 tunnel pour la cuisson de la quiche lorraine &#8211; Ars Pan Industriale\",\"isPartOf\":{\"@id\":\"https:\\\/\\\/www.arspan.com\\\/en\\\/#website\"},\"primaryImageOfPage\":{\"@id\":\"https:\\\/\\\/www.arspan.com\\\/fr\\\/produits\\\/quiche-lorraine\\\/forno-a-tunnel-per-quiche-lorraine\\\/#primaryimage\"},\"image\":{\"@id\":\"https:\\\/\\\/www.arspan.com\\\/fr\\\/produits\\\/quiche-lorraine\\\/forno-a-tunnel-per-quiche-lorraine\\\/#primaryimage\"},\"thumbnailUrl\":\"https:\\\/\\\/www.arspan.com\\\/wp-content\\\/uploads\\\/2021\\\/01\\\/arspan-forno-a-tunnel-di-cottura2500-1500.png\",\"datePublished\":\"2016-12-20T15:42:55+00:00\",\"dateModified\":\"2021-08-16T15:46:04+00:00\",\"description\":\"Nos fours \u00e0 tunnel cyclothermes pour la production de la quiche lorraine peuvent \u00eatre de diff\u00e9rentes largeurs et longueurs. \u2706 0321 987788\",\"breadcrumb\":{\"@id\":\"https:\\\/\\\/www.arspan.com\\\/fr\\\/produits\\\/quiche-lorraine\\\/forno-a-tunnel-per-quiche-lorraine\\\/#breadcrumb\"},\"inLanguage\":\"fr-FR\",\"potentialAction\":[{\"@type\":\"ReadAction\",\"target\":[\"https:\\\/\\\/www.arspan.com\\\/fr\\\/produits\\\/quiche-lorraine\\\/forno-a-tunnel-per-quiche-lorraine\\\/\"]}]},{\"@type\":\"ImageObject\",\"inLanguage\":\"fr-FR\",\"@id\":\"https:\\\/\\\/www.arspan.com\\\/fr\\\/produits\\\/quiche-lorraine\\\/forno-a-tunnel-per-quiche-lorraine\\\/#primaryimage\",\"url\":\"https:\\\/\\\/www.arspan.com\\\/wp-content\\\/uploads\\\/2021\\\/01\\\/arspan-forno-a-tunnel-di-cottura2500-1500.png\",\"contentUrl\":\"https:\\\/\\\/www.arspan.com\\\/wp-content\\\/uploads\\\/2021\\\/01\\\/arspan-forno-a-tunnel-di-cottura2500-1500.png\",\"width\":2500,\"height\":1500},{\"@type\":\"BreadcrumbList\",\"@id\":\"https:\\\/\\\/www.arspan.com\\\/fr\\\/produits\\\/quiche-lorraine\\\/forno-a-tunnel-per-quiche-lorraine\\\/#breadcrumb\",\"itemListElement\":[{\"@type\":\"ListItem\",\"position\":1,\"name\":\"\",\"item\":\"https:\\\/\\\/www.arspan.com\\\/fr\\\/\"},{\"@type\":\"ListItem\",\"position\":2,\"name\":\"Produits\",\"item\":\"https:\\\/\\\/www.arspan.com\\\/fr\\\/produits\\\/\"},{\"@type\":\"ListItem\",\"position\":3,\"name\":\"Quiche Lorraine\",\"item\":\"https:\\\/\\\/www.arspan.com\\\/fr\\\/produits\\\/quiche-lorraine\\\/\"},{\"@type\":\"ListItem\",\"position\":4,\"name\":\"Four \u00e0 tunnel pour la cuisson de la quiche lorraine\"}]},{\"@type\":\"WebSite\",\"@id\":\"https:\\\/\\\/www.arspan.com\\\/en\\\/#website\",\"url\":\"https:\\\/\\\/www.arspan.com\\\/en\\\/\",\"name\":\"ArsPan\",\"description\":\"\",\"publisher\":{\"@id\":\"https:\\\/\\\/www.arspan.com\\\/en\\\/#organization\"},\"potentialAction\":[{\"@type\":\"SearchAction\",\"target\":{\"@type\":\"EntryPoint\",\"urlTemplate\":\"https:\\\/\\\/www.arspan.com\\\/en\\\/?s={search_term_string}\"},\"query-input\":{\"@type\":\"PropertyValueSpecification\",\"valueRequired\":true,\"valueName\":\"search_term_string\"}}],\"inLanguage\":\"fr-FR\"},{\"@type\":\"Organization\",\"@id\":\"https:\\\/\\\/www.arspan.com\\\/en\\\/#organization\",\"name\":\"ARS PAN INDUSTRIALE s.r.l. a socio unico\",\"url\":\"https:\\\/\\\/www.arspan.com\\\/en\\\/\",\"logo\":{\"@type\":\"ImageObject\",\"inLanguage\":\"fr-FR\",\"@id\":\"https:\\\/\\\/www.arspan.com\\\/en\\\/#\\\/schema\\\/logo\\\/image\\\/\",\"url\":\"https:\\\/\\\/www.arspan.com\\\/wp-content\\\/uploads\\\/2020\\\/12\\\/logo_arspan.png\",\"contentUrl\":\"https:\\\/\\\/www.arspan.com\\\/wp-content\\\/uploads\\\/2020\\\/12\\\/logo_arspan.png\",\"width\":386,\"height\":123,\"caption\":\"ARS PAN INDUSTRIALE s.r.l. a socio unico\"},\"image\":{\"@id\":\"https:\\\/\\\/www.arspan.com\\\/en\\\/#\\\/schema\\\/logo\\\/image\\\/\"}}]}<\/script>\n<!-- \/ Yoast SEO plugin. -->","yoast_head_json":{"title":"Four \u00e0 tunnel pour la cuisson de la quiche lorraine &#8211; Ars Pan Industriale","description":"Nos fours \u00e0 tunnel cyclothermes pour la production de la quiche lorraine peuvent \u00eatre de diff\u00e9rentes largeurs et longueurs. \u2706 0321 987788","robots":{"index":"index","follow":"follow","max-snippet":"max-snippet:-1","max-image-preview":"max-image-preview:large","max-video-preview":"max-video-preview:-1"},"canonical":"https:\/\/www.arspan.com\/fr\/produits\/quiche-lorraine\/forno-a-tunnel-per-quiche-lorraine\/","og_locale":"fr_FR","og_type":"article","og_title":"Four \u00e0 tunnel pour la cuisson de la quiche lorraine &#8211; Ars Pan Industriale","og_description":"Nos fours \u00e0 tunnel cyclothermes pour la production de la quiche lorraine peuvent \u00eatre de diff\u00e9rentes largeurs et longueurs. \u2706 0321 987788","og_url":"https:\/\/www.arspan.com\/fr\/produits\/quiche-lorraine\/forno-a-tunnel-per-quiche-lorraine\/","og_site_name":"ArsPan","article_modified_time":"2021-08-16T15:46:04+00:00","og_image":[{"width":2500,"height":1500,"url":"https:\/\/www.arspan.com\/wp-content\/uploads\/2021\/01\/arspan-forno-a-tunnel-di-cottura2500-1500.png","type":"image\/png"}],"twitter_card":"summary_large_image","twitter_misc":{"Dur\u00e9e de lecture estim\u00e9e":"1 minute"},"schema":{"@context":"https:\/\/schema.org","@graph":[{"@type":"WebPage","@id":"https:\/\/www.arspan.com\/fr\/produits\/quiche-lorraine\/forno-a-tunnel-per-quiche-lorraine\/","url":"https:\/\/www.arspan.com\/fr\/produits\/quiche-lorraine\/forno-a-tunnel-per-quiche-lorraine\/","name":"Four \u00e0 tunnel pour la cuisson de la quiche lorraine &#8211; Ars Pan Industriale","isPartOf":{"@id":"https:\/\/www.arspan.com\/en\/#website"},"primaryImageOfPage":{"@id":"https:\/\/www.arspan.com\/fr\/produits\/quiche-lorraine\/forno-a-tunnel-per-quiche-lorraine\/#primaryimage"},"image":{"@id":"https:\/\/www.arspan.com\/fr\/produits\/quiche-lorraine\/forno-a-tunnel-per-quiche-lorraine\/#primaryimage"},"thumbnailUrl":"https:\/\/www.arspan.com\/wp-content\/uploads\/2021\/01\/arspan-forno-a-tunnel-di-cottura2500-1500.png","datePublished":"2016-12-20T15:42:55+00:00","dateModified":"2021-08-16T15:46:04+00:00","description":"Nos fours \u00e0 tunnel cyclothermes pour la production de la quiche lorraine peuvent \u00eatre de diff\u00e9rentes largeurs et longueurs. \u2706 0321 987788","breadcrumb":{"@id":"https:\/\/www.arspan.com\/fr\/produits\/quiche-lorraine\/forno-a-tunnel-per-quiche-lorraine\/#breadcrumb"},"inLanguage":"fr-FR","potentialAction":[{"@type":"ReadAction","target":["https:\/\/www.arspan.com\/fr\/produits\/quiche-lorraine\/forno-a-tunnel-per-quiche-lorraine\/"]}]},{"@type":"ImageObject","inLanguage":"fr-FR","@id":"https:\/\/www.arspan.com\/fr\/produits\/quiche-lorraine\/forno-a-tunnel-per-quiche-lorraine\/#primaryimage","url":"https:\/\/www.arspan.com\/wp-content\/uploads\/2021\/01\/arspan-forno-a-tunnel-di-cottura2500-1500.png","contentUrl":"https:\/\/www.arspan.com\/wp-content\/uploads\/2021\/01\/arspan-forno-a-tunnel-di-cottura2500-1500.png","width":2500,"height":1500},{"@type":"BreadcrumbList","@id":"https:\/\/www.arspan.com\/fr\/produits\/quiche-lorraine\/forno-a-tunnel-per-quiche-lorraine\/#breadcrumb","itemListElement":[{"@type":"ListItem","position":1,"name":"","item":"https:\/\/www.arspan.com\/fr\/"},{"@type":"ListItem","position":2,"name":"Produits","item":"https:\/\/www.arspan.com\/fr\/produits\/"},{"@type":"ListItem","position":3,"name":"Quiche Lorraine","item":"https:\/\/www.arspan.com\/fr\/produits\/quiche-lorraine\/"},{"@type":"ListItem","position":4,"name":"Four \u00e0 tunnel pour la cuisson de la quiche lorraine"}]},{"@type":"WebSite","@id":"https:\/\/www.arspan.com\/en\/#website","url":"https:\/\/www.arspan.com\/en\/","name":"ArsPan","description":"","publisher":{"@id":"https:\/\/www.arspan.com\/en\/#organization"},"potentialAction":[{"@type":"SearchAction","target":{"@type":"EntryPoint","urlTemplate":"https:\/\/www.arspan.com\/en\/?s={search_term_string}"},"query-input":{"@type":"PropertyValueSpecification","valueRequired":true,"valueName":"search_term_string"}}],"inLanguage":"fr-FR"},{"@type":"Organization","@id":"https:\/\/www.arspan.com\/en\/#organization","name":"ARS PAN INDUSTRIALE s.r.l. a socio unico","url":"https:\/\/www.arspan.com\/en\/","logo":{"@type":"ImageObject","inLanguage":"fr-FR","@id":"https:\/\/www.arspan.com\/en\/#\/schema\/logo\/image\/","url":"https:\/\/www.arspan.com\/wp-content\/uploads\/2020\/12\/logo_arspan.png","contentUrl":"https:\/\/www.arspan.com\/wp-content\/uploads\/2020\/12\/logo_arspan.png","width":386,"height":123,"caption":"ARS PAN INDUSTRIALE s.r.l. a socio unico"},"image":{"@id":"https:\/\/www.arspan.com\/en\/#\/schema\/logo\/image\/"}}]}},"_links":{"self":[{"href":"https:\/\/www.arspan.com\/fr\/wp-json\/wp\/v2\/pages\/6943","targetHints":{"allow":["GET"]}}],"collection":[{"href":"https:\/\/www.arspan.com\/fr\/wp-json\/wp\/v2\/pages"}],"about":[{"href":"https:\/\/www.arspan.com\/fr\/wp-json\/wp\/v2\/types\/page"}],"author":[{"embeddable":true,"href":"https:\/\/www.arspan.com\/fr\/wp-json\/wp\/v2\/users\/1"}],"replies":[{"embeddable":true,"href":"https:\/\/www.arspan.com\/fr\/wp-json\/wp\/v2\/comments?post=6943"}],"version-history":[{"count":7,"href":"https:\/\/www.arspan.com\/fr\/wp-json\/wp\/v2\/pages\/6943\/revisions"}],"predecessor-version":[{"id":17523,"href":"https:\/\/www.arspan.com\/fr\/wp-json\/wp\/v2\/pages\/6943\/revisions\/17523"}],"up":[{"embeddable":true,"href":"https:\/\/www.arspan.com\/fr\/wp-json\/wp\/v2\/pages\/6964"}],"wp:featuredmedia":[{"embeddable":true,"href":"https:\/\/www.arspan.com\/fr\/wp-json\/wp\/v2\/media\/16314"}],"wp:attachment":[{"href":"https:\/\/www.arspan.com\/fr\/wp-json\/wp\/v2\/media?parent=6943"}],"curies":[{"name":"wp","href":"https:\/\/api.w.org\/{rel}","templated":true}]}}