{"id":6944,"date":"2020-11-16T15:26:07","date_gmt":"2020-11-16T14:26:07","guid":{"rendered":"https:\/\/www.arspan.com\/?page_id=6944"},"modified":"2021-08-16T17:49:20","modified_gmt":"2021-08-16T15:49:20","slug":"automatismes-chargement-dechargement-four-a-tunnel","status":"publish","type":"page","link":"https:\/\/www.arspan.com\/fr\/produits\/quiche-lorraine\/automatismes-chargement-dechargement-four-a-tunnel\/","title":{"rendered":"Automatismes pour chargement et d\u00e9chargement du four \u00e0 tunnel"},"content":{"rendered":"\n<p><strong>Des syst\u00e8mes m\u00e9caniques synchronis\u00e9s<\/strong> avec les machines doseuses g\u00e8rent les diff\u00e9rents moules ou plaques pour le bon <strong>alignement<\/strong> requis \u00e0 <strong>l\u2019entr\u00e9e du four<\/strong>.<\/p>\n\n\n\n<p>Des <strong>syst\u00e8mes de transport et de poussoirs<\/strong> alimentent correctement le four.<\/p>\n\n\n\n<p>De m\u00eame, <strong>\u00e0 la sortie du four<\/strong> de cuisson, le produit est align\u00e9 et transport\u00e9 aux stations de refroidissement, avec des syst\u00e8mes similaires \u00e0 l\u2019entr\u00e9e.<\/p>\n\n\n\n<figure class=\"wp-block-embed is-type-video is-provider-youtube wp-block-embed-youtube wp-embed-aspect-16-9 wp-has-aspect-ratio\"><div class=\"wp-block-embed__wrapper\">\n<iframe loading=\"lazy\" title=\"Ars Pan Industriale: Forno per Quiche Lorraine\" width=\"500\" height=\"281\" src=\"https:\/\/www.youtube.com\/embed\/WqW6F6NVlwI?start=1&#038;feature=oembed\" frameborder=\"0\" allow=\"accelerometer; autoplay; clipboard-write; encrypted-media; gyroscope; picture-in-picture; web-share\" referrerpolicy=\"strict-origin-when-cross-origin\" allowfullscreen><\/iframe>\n<\/div><\/figure>\n","protected":false},"excerpt":{"rendered":"<p>Des syst\u00e8mes m\u00e9caniques synchronis\u00e9s avec les machines doseuses g\u00e8rent les diff\u00e9rents moules ou plaques pour le bon alignement requis \u00e0 l\u2019entr\u00e9e du four. Des syst\u00e8mes de transport et de poussoirs alimentent correctement le four. De m\u00eame, \u00e0 la sortie du four de cuisson, le produit est align\u00e9 et transport\u00e9 aux stations de refroidissement, avec des [&hellip;]<\/p>\n","protected":false},"author":1,"featured_media":11738,"parent":6964,"menu_order":1,"comment_status":"closed","ping_status":"closed","template":"page-tecnologia.php","meta":{"_acf_changed":false,"footnotes":""},"class_list":["post-6944","page","type-page","status-publish","has-post-thumbnail","hentry"],"acf":[],"yoast_head":"<!-- This site is optimized with the Yoast SEO plugin v27.5 - https:\/\/yoast.com\/product\/yoast-seo-wordpress\/ -->\n<title>Automatismes de chargement et d\u00e9charment four \u00e0 tunnel by Ars Pan<\/title>\n<meta name=\"description\" content=\"Syst\u00e8mes m\u00e9caniques synchronis\u00e9s avec les machines formatrices alignent\/g\u00e8rent les diff\u00e9rents moules ou plats pour l&#039;alignement \u00e0 l\u2019entr\u00e9e du four.\" \/>\n<meta name=\"robots\" content=\"index, follow, max-snippet:-1, max-image-preview:large, max-video-preview:-1\" \/>\n<link rel=\"canonical\" href=\"https:\/\/www.arspan.com\/fr\/produits\/quiche-lorraine\/automatismes-chargement-dechargement-four-a-tunnel\/\" \/>\n<meta property=\"og:locale\" content=\"fr_FR\" \/>\n<meta property=\"og:type\" content=\"article\" \/>\n<meta property=\"og:title\" content=\"Automatismes de chargement et d\u00e9charment four \u00e0 tunnel by Ars Pan\" \/>\n<meta property=\"og:description\" content=\"Syst\u00e8mes m\u00e9caniques synchronis\u00e9s avec les machines formatrices alignent\/g\u00e8rent les diff\u00e9rents moules ou plats pour l&#039;alignement \u00e0 l\u2019entr\u00e9e du four.\" \/>\n<meta property=\"og:url\" content=\"https:\/\/www.arspan.com\/fr\/produits\/quiche-lorraine\/automatismes-chargement-dechargement-four-a-tunnel\/\" \/>\n<meta property=\"og:site_name\" content=\"ArsPan\" \/>\n<meta property=\"article:modified_time\" content=\"2021-08-16T15:49:20+00:00\" \/>\n<meta property=\"og:image\" content=\"https:\/\/www.arspan.com\/wp-content\/uploads\/2020\/12\/arspan-automatismo-carico-e-scarico-forno-a-tunnel-quiche-lorraine.jpg\" \/>\n\t<meta property=\"og:image:width\" content=\"1768\" \/>\n\t<meta property=\"og:image:height\" content=\"858\" \/>\n\t<meta property=\"og:image:type\" content=\"image\/jpeg\" \/>\n<meta name=\"twitter:card\" content=\"summary_large_image\" \/>\n<meta name=\"twitter:label1\" content=\"Dur\u00e9e de lecture estim\u00e9e\" \/>\n\t<meta name=\"twitter:data1\" content=\"1 minute\" \/>\n<script type=\"application\/ld+json\" class=\"yoast-schema-graph\">{\"@context\":\"https:\\\/\\\/schema.org\",\"@graph\":[{\"@type\":\"WebPage\",\"@id\":\"https:\\\/\\\/www.arspan.com\\\/fr\\\/produits\\\/quiche-lorraine\\\/automatismes-chargement-dechargement-four-a-tunnel\\\/\",\"url\":\"https:\\\/\\\/www.arspan.com\\\/fr\\\/produits\\\/quiche-lorraine\\\/automatismes-chargement-dechargement-four-a-tunnel\\\/\",\"name\":\"Automatismes de chargement et d\u00e9charment four \u00e0 tunnel by Ars Pan\",\"isPartOf\":{\"@id\":\"https:\\\/\\\/www.arspan.com\\\/en\\\/#website\"},\"primaryImageOfPage\":{\"@id\":\"https:\\\/\\\/www.arspan.com\\\/fr\\\/produits\\\/quiche-lorraine\\\/automatismes-chargement-dechargement-four-a-tunnel\\\/#primaryimage\"},\"image\":{\"@id\":\"https:\\\/\\\/www.arspan.com\\\/fr\\\/produits\\\/quiche-lorraine\\\/automatismes-chargement-dechargement-four-a-tunnel\\\/#primaryimage\"},\"thumbnailUrl\":\"https:\\\/\\\/www.arspan.com\\\/wp-content\\\/uploads\\\/2020\\\/12\\\/arspan-automatismo-carico-e-scarico-forno-a-tunnel-quiche-lorraine.jpg\",\"datePublished\":\"2020-11-16T14:26:07+00:00\",\"dateModified\":\"2021-08-16T15:49:20+00:00\",\"description\":\"Syst\u00e8mes m\u00e9caniques synchronis\u00e9s avec les machines formatrices alignent\\\/g\u00e8rent les diff\u00e9rents moules ou plats pour l'alignement \u00e0 l\u2019entr\u00e9e du four.\",\"breadcrumb\":{\"@id\":\"https:\\\/\\\/www.arspan.com\\\/fr\\\/produits\\\/quiche-lorraine\\\/automatismes-chargement-dechargement-four-a-tunnel\\\/#breadcrumb\"},\"inLanguage\":\"fr-FR\",\"potentialAction\":[{\"@type\":\"ReadAction\",\"target\":[\"https:\\\/\\\/www.arspan.com\\\/fr\\\/produits\\\/quiche-lorraine\\\/automatismes-chargement-dechargement-four-a-tunnel\\\/\"]}]},{\"@type\":\"ImageObject\",\"inLanguage\":\"fr-FR\",\"@id\":\"https:\\\/\\\/www.arspan.com\\\/fr\\\/produits\\\/quiche-lorraine\\\/automatismes-chargement-dechargement-four-a-tunnel\\\/#primaryimage\",\"url\":\"https:\\\/\\\/www.arspan.com\\\/wp-content\\\/uploads\\\/2020\\\/12\\\/arspan-automatismo-carico-e-scarico-forno-a-tunnel-quiche-lorraine.jpg\",\"contentUrl\":\"https:\\\/\\\/www.arspan.com\\\/wp-content\\\/uploads\\\/2020\\\/12\\\/arspan-automatismo-carico-e-scarico-forno-a-tunnel-quiche-lorraine.jpg\",\"width\":1768,\"height\":858},{\"@type\":\"BreadcrumbList\",\"@id\":\"https:\\\/\\\/www.arspan.com\\\/fr\\\/produits\\\/quiche-lorraine\\\/automatismes-chargement-dechargement-four-a-tunnel\\\/#breadcrumb\",\"itemListElement\":[{\"@type\":\"ListItem\",\"position\":1,\"name\":\"\",\"item\":\"https:\\\/\\\/www.arspan.com\\\/fr\\\/\"},{\"@type\":\"ListItem\",\"position\":2,\"name\":\"Produits\",\"item\":\"https:\\\/\\\/www.arspan.com\\\/fr\\\/produits\\\/\"},{\"@type\":\"ListItem\",\"position\":3,\"name\":\"Quiche Lorraine\",\"item\":\"https:\\\/\\\/www.arspan.com\\\/fr\\\/produits\\\/quiche-lorraine\\\/\"},{\"@type\":\"ListItem\",\"position\":4,\"name\":\"Automatismes pour chargement et d\u00e9chargement du four \u00e0 tunnel\"}]},{\"@type\":\"WebSite\",\"@id\":\"https:\\\/\\\/www.arspan.com\\\/en\\\/#website\",\"url\":\"https:\\\/\\\/www.arspan.com\\\/en\\\/\",\"name\":\"ArsPan\",\"description\":\"\",\"publisher\":{\"@id\":\"https:\\\/\\\/www.arspan.com\\\/en\\\/#organization\"},\"potentialAction\":[{\"@type\":\"SearchAction\",\"target\":{\"@type\":\"EntryPoint\",\"urlTemplate\":\"https:\\\/\\\/www.arspan.com\\\/en\\\/?s={search_term_string}\"},\"query-input\":{\"@type\":\"PropertyValueSpecification\",\"valueRequired\":true,\"valueName\":\"search_term_string\"}}],\"inLanguage\":\"fr-FR\"},{\"@type\":\"Organization\",\"@id\":\"https:\\\/\\\/www.arspan.com\\\/en\\\/#organization\",\"name\":\"ARS PAN INDUSTRIALE s.r.l. a socio unico\",\"url\":\"https:\\\/\\\/www.arspan.com\\\/en\\\/\",\"logo\":{\"@type\":\"ImageObject\",\"inLanguage\":\"fr-FR\",\"@id\":\"https:\\\/\\\/www.arspan.com\\\/en\\\/#\\\/schema\\\/logo\\\/image\\\/\",\"url\":\"https:\\\/\\\/www.arspan.com\\\/wp-content\\\/uploads\\\/2020\\\/12\\\/logo_arspan.png\",\"contentUrl\":\"https:\\\/\\\/www.arspan.com\\\/wp-content\\\/uploads\\\/2020\\\/12\\\/logo_arspan.png\",\"width\":386,\"height\":123,\"caption\":\"ARS PAN INDUSTRIALE s.r.l. a socio unico\"},\"image\":{\"@id\":\"https:\\\/\\\/www.arspan.com\\\/en\\\/#\\\/schema\\\/logo\\\/image\\\/\"}}]}<\/script>\n<!-- \/ Yoast SEO plugin. -->","yoast_head_json":{"title":"Automatismes de chargement et d\u00e9charment four \u00e0 tunnel by Ars Pan","description":"Syst\u00e8mes m\u00e9caniques synchronis\u00e9s avec les machines formatrices alignent\/g\u00e8rent les diff\u00e9rents moules ou plats pour l'alignement \u00e0 l\u2019entr\u00e9e du four.","robots":{"index":"index","follow":"follow","max-snippet":"max-snippet:-1","max-image-preview":"max-image-preview:large","max-video-preview":"max-video-preview:-1"},"canonical":"https:\/\/www.arspan.com\/fr\/produits\/quiche-lorraine\/automatismes-chargement-dechargement-four-a-tunnel\/","og_locale":"fr_FR","og_type":"article","og_title":"Automatismes de chargement et d\u00e9charment four \u00e0 tunnel by Ars Pan","og_description":"Syst\u00e8mes m\u00e9caniques synchronis\u00e9s avec les machines formatrices alignent\/g\u00e8rent les diff\u00e9rents moules ou plats pour l'alignement \u00e0 l\u2019entr\u00e9e du four.","og_url":"https:\/\/www.arspan.com\/fr\/produits\/quiche-lorraine\/automatismes-chargement-dechargement-four-a-tunnel\/","og_site_name":"ArsPan","article_modified_time":"2021-08-16T15:49:20+00:00","og_image":[{"width":1768,"height":858,"url":"https:\/\/www.arspan.com\/wp-content\/uploads\/2020\/12\/arspan-automatismo-carico-e-scarico-forno-a-tunnel-quiche-lorraine.jpg","type":"image\/jpeg"}],"twitter_card":"summary_large_image","twitter_misc":{"Dur\u00e9e de lecture estim\u00e9e":"1 minute"},"schema":{"@context":"https:\/\/schema.org","@graph":[{"@type":"WebPage","@id":"https:\/\/www.arspan.com\/fr\/produits\/quiche-lorraine\/automatismes-chargement-dechargement-four-a-tunnel\/","url":"https:\/\/www.arspan.com\/fr\/produits\/quiche-lorraine\/automatismes-chargement-dechargement-four-a-tunnel\/","name":"Automatismes de chargement et d\u00e9charment four \u00e0 tunnel by Ars Pan","isPartOf":{"@id":"https:\/\/www.arspan.com\/en\/#website"},"primaryImageOfPage":{"@id":"https:\/\/www.arspan.com\/fr\/produits\/quiche-lorraine\/automatismes-chargement-dechargement-four-a-tunnel\/#primaryimage"},"image":{"@id":"https:\/\/www.arspan.com\/fr\/produits\/quiche-lorraine\/automatismes-chargement-dechargement-four-a-tunnel\/#primaryimage"},"thumbnailUrl":"https:\/\/www.arspan.com\/wp-content\/uploads\/2020\/12\/arspan-automatismo-carico-e-scarico-forno-a-tunnel-quiche-lorraine.jpg","datePublished":"2020-11-16T14:26:07+00:00","dateModified":"2021-08-16T15:49:20+00:00","description":"Syst\u00e8mes m\u00e9caniques synchronis\u00e9s avec les machines formatrices alignent\/g\u00e8rent les diff\u00e9rents moules ou plats pour l'alignement \u00e0 l\u2019entr\u00e9e du four.","breadcrumb":{"@id":"https:\/\/www.arspan.com\/fr\/produits\/quiche-lorraine\/automatismes-chargement-dechargement-four-a-tunnel\/#breadcrumb"},"inLanguage":"fr-FR","potentialAction":[{"@type":"ReadAction","target":["https:\/\/www.arspan.com\/fr\/produits\/quiche-lorraine\/automatismes-chargement-dechargement-four-a-tunnel\/"]}]},{"@type":"ImageObject","inLanguage":"fr-FR","@id":"https:\/\/www.arspan.com\/fr\/produits\/quiche-lorraine\/automatismes-chargement-dechargement-four-a-tunnel\/#primaryimage","url":"https:\/\/www.arspan.com\/wp-content\/uploads\/2020\/12\/arspan-automatismo-carico-e-scarico-forno-a-tunnel-quiche-lorraine.jpg","contentUrl":"https:\/\/www.arspan.com\/wp-content\/uploads\/2020\/12\/arspan-automatismo-carico-e-scarico-forno-a-tunnel-quiche-lorraine.jpg","width":1768,"height":858},{"@type":"BreadcrumbList","@id":"https:\/\/www.arspan.com\/fr\/produits\/quiche-lorraine\/automatismes-chargement-dechargement-four-a-tunnel\/#breadcrumb","itemListElement":[{"@type":"ListItem","position":1,"name":"","item":"https:\/\/www.arspan.com\/fr\/"},{"@type":"ListItem","position":2,"name":"Produits","item":"https:\/\/www.arspan.com\/fr\/produits\/"},{"@type":"ListItem","position":3,"name":"Quiche Lorraine","item":"https:\/\/www.arspan.com\/fr\/produits\/quiche-lorraine\/"},{"@type":"ListItem","position":4,"name":"Automatismes pour chargement et d\u00e9chargement du four \u00e0 tunnel"}]},{"@type":"WebSite","@id":"https:\/\/www.arspan.com\/en\/#website","url":"https:\/\/www.arspan.com\/en\/","name":"ArsPan","description":"","publisher":{"@id":"https:\/\/www.arspan.com\/en\/#organization"},"potentialAction":[{"@type":"SearchAction","target":{"@type":"EntryPoint","urlTemplate":"https:\/\/www.arspan.com\/en\/?s={search_term_string}"},"query-input":{"@type":"PropertyValueSpecification","valueRequired":true,"valueName":"search_term_string"}}],"inLanguage":"fr-FR"},{"@type":"Organization","@id":"https:\/\/www.arspan.com\/en\/#organization","name":"ARS PAN INDUSTRIALE s.r.l. a socio unico","url":"https:\/\/www.arspan.com\/en\/","logo":{"@type":"ImageObject","inLanguage":"fr-FR","@id":"https:\/\/www.arspan.com\/en\/#\/schema\/logo\/image\/","url":"https:\/\/www.arspan.com\/wp-content\/uploads\/2020\/12\/logo_arspan.png","contentUrl":"https:\/\/www.arspan.com\/wp-content\/uploads\/2020\/12\/logo_arspan.png","width":386,"height":123,"caption":"ARS PAN INDUSTRIALE s.r.l. a socio unico"},"image":{"@id":"https:\/\/www.arspan.com\/en\/#\/schema\/logo\/image\/"}}]}},"_links":{"self":[{"href":"https:\/\/www.arspan.com\/fr\/wp-json\/wp\/v2\/pages\/6944","targetHints":{"allow":["GET"]}}],"collection":[{"href":"https:\/\/www.arspan.com\/fr\/wp-json\/wp\/v2\/pages"}],"about":[{"href":"https:\/\/www.arspan.com\/fr\/wp-json\/wp\/v2\/types\/page"}],"author":[{"embeddable":true,"href":"https:\/\/www.arspan.com\/fr\/wp-json\/wp\/v2\/users\/1"}],"replies":[{"embeddable":true,"href":"https:\/\/www.arspan.com\/fr\/wp-json\/wp\/v2\/comments?post=6944"}],"version-history":[{"count":6,"href":"https:\/\/www.arspan.com\/fr\/wp-json\/wp\/v2\/pages\/6944\/revisions"}],"predecessor-version":[{"id":17525,"href":"https:\/\/www.arspan.com\/fr\/wp-json\/wp\/v2\/pages\/6944\/revisions\/17525"}],"up":[{"embeddable":true,"href":"https:\/\/www.arspan.com\/fr\/wp-json\/wp\/v2\/pages\/6964"}],"wp:featuredmedia":[{"embeddable":true,"href":"https:\/\/www.arspan.com\/fr\/wp-json\/wp\/v2\/media\/11738"}],"wp:attachment":[{"href":"https:\/\/www.arspan.com\/fr\/wp-json\/wp\/v2\/media?parent=6944"}],"curies":[{"name":"wp","href":"https:\/\/api.w.org\/{rel}","templated":true}]}}