{"id":6946,"date":"2020-11-16T15:58:49","date_gmt":"2020-11-16T14:58:49","guid":{"rendered":"https:\/\/www.arspan.com\/?page_id=6946"},"modified":"2021-08-16T18:03:42","modified_gmt":"2021-08-16T16:03:42","slug":"forno-a-tunnel-per-knackebrot","status":"publish","type":"page","link":"https:\/\/www.arspan.com\/fr\/produits\/knackebrot\/forno-a-tunnel-per-knackebrot\/","title":{"rendered":"Four \u00e0 tunnel pour la cuisson du Knackebrot"},"content":{"rendered":"\n<p>Nos fours \u00e0 tunnel pour la cuisson du <strong>Knackebrot<\/strong> sont \u00e0 <strong>air ventil\u00e9<\/strong> (chauffage \u00e0 convection) avec, en plus, un syst\u00e8me de chauffage \u00e0 <strong>lampes infrarouges.<\/strong><\/p>\n\n\n\n<p>La combinaison des deux <strong>technologies<\/strong> de cuisson garantit la bonne r\u00e9ussite du produit, donnant la texture <strong>croustillante<\/strong> d\u00e9sir\u00e9e.<\/p>\n\n\n\n<p>Le <strong>sol de cuisson<\/strong> est constitu\u00e9 par une bande <strong>en tapis \u00e0 maille <\/strong>pour la correcte circulation des airs chauds \u00e0 l\u2019int\u00e9rieur de la chambre de cuisson.<\/p>\n\n\n\n<figure class=\"wp-block-embed is-type-video is-provider-youtube wp-block-embed-youtube wp-embed-aspect-16-9 wp-has-aspect-ratio\"><div class=\"wp-block-embed__wrapper\">\n<iframe loading=\"lazy\" title=\"Ars Pan Industriale: Cella di lievitazione per Cracker\" width=\"500\" height=\"281\" src=\"https:\/\/www.youtube.com\/embed\/fe4wViGf70U?start=1&#038;feature=oembed\" frameborder=\"0\" allow=\"accelerometer; autoplay; clipboard-write; encrypted-media; gyroscope; picture-in-picture; web-share\" referrerpolicy=\"strict-origin-when-cross-origin\" allowfullscreen><\/iframe>\n<\/div><\/figure>\n","protected":false},"excerpt":{"rendered":"<p>Nos fours \u00e0 tunnel pour la cuisson du Knackebrot sont \u00e0 air ventil\u00e9 (chauffage \u00e0 convection) avec, en plus, un syst\u00e8me de chauffage \u00e0 lampes infrarouges. La combinaison des deux technologies de cuisson garantit la bonne r\u00e9ussite du produit, donnant la texture croustillante d\u00e9sir\u00e9e. Le sol de cuisson est constitu\u00e9 par une bande en tapis [&hellip;]<\/p>\n","protected":false},"author":1,"featured_media":11743,"parent":6965,"menu_order":1,"comment_status":"closed","ping_status":"closed","template":"page-tecnologia.php","meta":{"_acf_changed":false,"footnotes":""},"class_list":["post-6946","page","type-page","status-publish","has-post-thumbnail","hentry"],"acf":[],"yoast_head":"<!-- This site is optimized with the Yoast SEO plugin v27.3 - https:\/\/yoast.com\/product\/yoast-seo-wordpress\/ -->\n<title>Four \u00e0 tunnel pour la cuisson du Knackebrot &#8211; Ars Pan Industriale<\/title>\n<meta name=\"description\" content=\"Nos fours \u00e0 tunnel pour Kncockebrot sont \u00e0 air ventil\u00e9, avec support de lampes infrarouges pour garantir la bonne cuisson du produit.\" \/>\n<meta name=\"robots\" content=\"index, follow, max-snippet:-1, max-image-preview:large, max-video-preview:-1\" \/>\n<link rel=\"canonical\" href=\"https:\/\/www.arspan.com\/fr\/produits\/knackebrot\/forno-a-tunnel-per-knackebrot\/\" \/>\n<meta property=\"og:locale\" content=\"fr_FR\" \/>\n<meta property=\"og:type\" content=\"article\" \/>\n<meta property=\"og:title\" content=\"Four \u00e0 tunnel pour la cuisson du Knackebrot &#8211; Ars Pan Industriale\" \/>\n<meta property=\"og:description\" content=\"Nos fours \u00e0 tunnel pour Kncockebrot sont \u00e0 air ventil\u00e9, avec support de lampes infrarouges pour garantir la bonne cuisson du produit.\" \/>\n<meta property=\"og:url\" content=\"https:\/\/www.arspan.com\/fr\/produits\/knackebrot\/forno-a-tunnel-per-knackebrot\/\" \/>\n<meta property=\"og:site_name\" content=\"ArsPan\" \/>\n<meta property=\"article:modified_time\" content=\"2021-08-16T16:03:42+00:00\" \/>\n<meta property=\"og:image\" content=\"https:\/\/www.arspan.com\/wp-content\/uploads\/2020\/12\/arspan-forno-a-tunnel-produzione-knackebrot.jpg\" \/>\n\t<meta property=\"og:image:width\" content=\"1701\" \/>\n\t<meta property=\"og:image:height\" content=\"858\" \/>\n\t<meta property=\"og:image:type\" content=\"image\/jpeg\" \/>\n<meta name=\"twitter:card\" content=\"summary_large_image\" \/>\n<meta name=\"twitter:label1\" content=\"Dur\u00e9e de lecture estim\u00e9e\" \/>\n\t<meta name=\"twitter:data1\" content=\"1 minute\" \/>\n<script type=\"application\/ld+json\" class=\"yoast-schema-graph\">{\"@context\":\"https:\\\/\\\/schema.org\",\"@graph\":[{\"@type\":\"WebPage\",\"@id\":\"https:\\\/\\\/www.arspan.com\\\/fr\\\/produits\\\/knackebrot\\\/forno-a-tunnel-per-knackebrot\\\/\",\"url\":\"https:\\\/\\\/www.arspan.com\\\/fr\\\/produits\\\/knackebrot\\\/forno-a-tunnel-per-knackebrot\\\/\",\"name\":\"Four \u00e0 tunnel pour la cuisson du Knackebrot &#8211; Ars Pan Industriale\",\"isPartOf\":{\"@id\":\"https:\\\/\\\/www.arspan.com\\\/en\\\/#website\"},\"primaryImageOfPage\":{\"@id\":\"https:\\\/\\\/www.arspan.com\\\/fr\\\/produits\\\/knackebrot\\\/forno-a-tunnel-per-knackebrot\\\/#primaryimage\"},\"image\":{\"@id\":\"https:\\\/\\\/www.arspan.com\\\/fr\\\/produits\\\/knackebrot\\\/forno-a-tunnel-per-knackebrot\\\/#primaryimage\"},\"thumbnailUrl\":\"https:\\\/\\\/www.arspan.com\\\/wp-content\\\/uploads\\\/2020\\\/12\\\/arspan-forno-a-tunnel-produzione-knackebrot.jpg\",\"datePublished\":\"2020-11-16T14:58:49+00:00\",\"dateModified\":\"2021-08-16T16:03:42+00:00\",\"description\":\"Nos fours \u00e0 tunnel pour Kncockebrot sont \u00e0 air ventil\u00e9, avec support de lampes infrarouges pour garantir la bonne cuisson du produit.\",\"breadcrumb\":{\"@id\":\"https:\\\/\\\/www.arspan.com\\\/fr\\\/produits\\\/knackebrot\\\/forno-a-tunnel-per-knackebrot\\\/#breadcrumb\"},\"inLanguage\":\"fr-FR\",\"potentialAction\":[{\"@type\":\"ReadAction\",\"target\":[\"https:\\\/\\\/www.arspan.com\\\/fr\\\/produits\\\/knackebrot\\\/forno-a-tunnel-per-knackebrot\\\/\"]}]},{\"@type\":\"ImageObject\",\"inLanguage\":\"fr-FR\",\"@id\":\"https:\\\/\\\/www.arspan.com\\\/fr\\\/produits\\\/knackebrot\\\/forno-a-tunnel-per-knackebrot\\\/#primaryimage\",\"url\":\"https:\\\/\\\/www.arspan.com\\\/wp-content\\\/uploads\\\/2020\\\/12\\\/arspan-forno-a-tunnel-produzione-knackebrot.jpg\",\"contentUrl\":\"https:\\\/\\\/www.arspan.com\\\/wp-content\\\/uploads\\\/2020\\\/12\\\/arspan-forno-a-tunnel-produzione-knackebrot.jpg\",\"width\":1701,\"height\":858},{\"@type\":\"BreadcrumbList\",\"@id\":\"https:\\\/\\\/www.arspan.com\\\/fr\\\/produits\\\/knackebrot\\\/forno-a-tunnel-per-knackebrot\\\/#breadcrumb\",\"itemListElement\":[{\"@type\":\"ListItem\",\"position\":1,\"name\":\"\",\"item\":\"https:\\\/\\\/www.arspan.com\\\/fr\\\/\"},{\"@type\":\"ListItem\",\"position\":2,\"name\":\"Produits\",\"item\":\"https:\\\/\\\/www.arspan.com\\\/fr\\\/produits\\\/\"},{\"@type\":\"ListItem\",\"position\":3,\"name\":\"Knackebrot\",\"item\":\"https:\\\/\\\/www.arspan.com\\\/fr\\\/produits\\\/knackebrot\\\/\"},{\"@type\":\"ListItem\",\"position\":4,\"name\":\"Four \u00e0 tunnel pour la cuisson du Knackebrot\"}]},{\"@type\":\"WebSite\",\"@id\":\"https:\\\/\\\/www.arspan.com\\\/en\\\/#website\",\"url\":\"https:\\\/\\\/www.arspan.com\\\/en\\\/\",\"name\":\"ArsPan\",\"description\":\"\",\"publisher\":{\"@id\":\"https:\\\/\\\/www.arspan.com\\\/en\\\/#organization\"},\"potentialAction\":[{\"@type\":\"SearchAction\",\"target\":{\"@type\":\"EntryPoint\",\"urlTemplate\":\"https:\\\/\\\/www.arspan.com\\\/en\\\/?s={search_term_string}\"},\"query-input\":{\"@type\":\"PropertyValueSpecification\",\"valueRequired\":true,\"valueName\":\"search_term_string\"}}],\"inLanguage\":\"fr-FR\"},{\"@type\":\"Organization\",\"@id\":\"https:\\\/\\\/www.arspan.com\\\/en\\\/#organization\",\"name\":\"ARS PAN INDUSTRIALE s.r.l. a socio unico\",\"url\":\"https:\\\/\\\/www.arspan.com\\\/en\\\/\",\"logo\":{\"@type\":\"ImageObject\",\"inLanguage\":\"fr-FR\",\"@id\":\"https:\\\/\\\/www.arspan.com\\\/en\\\/#\\\/schema\\\/logo\\\/image\\\/\",\"url\":\"https:\\\/\\\/www.arspan.com\\\/wp-content\\\/uploads\\\/2020\\\/12\\\/logo_arspan.png\",\"contentUrl\":\"https:\\\/\\\/www.arspan.com\\\/wp-content\\\/uploads\\\/2020\\\/12\\\/logo_arspan.png\",\"width\":386,\"height\":123,\"caption\":\"ARS PAN INDUSTRIALE s.r.l. a socio unico\"},\"image\":{\"@id\":\"https:\\\/\\\/www.arspan.com\\\/en\\\/#\\\/schema\\\/logo\\\/image\\\/\"}}]}<\/script>\n<!-- \/ Yoast SEO plugin. -->","yoast_head_json":{"title":"Four \u00e0 tunnel pour la cuisson du Knackebrot &#8211; Ars Pan Industriale","description":"Nos fours \u00e0 tunnel pour Kncockebrot sont \u00e0 air ventil\u00e9, avec support de lampes infrarouges pour garantir la bonne cuisson du produit.","robots":{"index":"index","follow":"follow","max-snippet":"max-snippet:-1","max-image-preview":"max-image-preview:large","max-video-preview":"max-video-preview:-1"},"canonical":"https:\/\/www.arspan.com\/fr\/produits\/knackebrot\/forno-a-tunnel-per-knackebrot\/","og_locale":"fr_FR","og_type":"article","og_title":"Four \u00e0 tunnel pour la cuisson du Knackebrot &#8211; Ars Pan Industriale","og_description":"Nos fours \u00e0 tunnel pour Kncockebrot sont \u00e0 air ventil\u00e9, avec support de lampes infrarouges pour garantir la bonne cuisson du produit.","og_url":"https:\/\/www.arspan.com\/fr\/produits\/knackebrot\/forno-a-tunnel-per-knackebrot\/","og_site_name":"ArsPan","article_modified_time":"2021-08-16T16:03:42+00:00","og_image":[{"width":1701,"height":858,"url":"https:\/\/www.arspan.com\/wp-content\/uploads\/2020\/12\/arspan-forno-a-tunnel-produzione-knackebrot.jpg","type":"image\/jpeg"}],"twitter_card":"summary_large_image","twitter_misc":{"Dur\u00e9e de lecture estim\u00e9e":"1 minute"},"schema":{"@context":"https:\/\/schema.org","@graph":[{"@type":"WebPage","@id":"https:\/\/www.arspan.com\/fr\/produits\/knackebrot\/forno-a-tunnel-per-knackebrot\/","url":"https:\/\/www.arspan.com\/fr\/produits\/knackebrot\/forno-a-tunnel-per-knackebrot\/","name":"Four \u00e0 tunnel pour la cuisson du Knackebrot &#8211; Ars Pan Industriale","isPartOf":{"@id":"https:\/\/www.arspan.com\/en\/#website"},"primaryImageOfPage":{"@id":"https:\/\/www.arspan.com\/fr\/produits\/knackebrot\/forno-a-tunnel-per-knackebrot\/#primaryimage"},"image":{"@id":"https:\/\/www.arspan.com\/fr\/produits\/knackebrot\/forno-a-tunnel-per-knackebrot\/#primaryimage"},"thumbnailUrl":"https:\/\/www.arspan.com\/wp-content\/uploads\/2020\/12\/arspan-forno-a-tunnel-produzione-knackebrot.jpg","datePublished":"2020-11-16T14:58:49+00:00","dateModified":"2021-08-16T16:03:42+00:00","description":"Nos fours \u00e0 tunnel pour Kncockebrot sont \u00e0 air ventil\u00e9, avec support de lampes infrarouges pour garantir la bonne cuisson du produit.","breadcrumb":{"@id":"https:\/\/www.arspan.com\/fr\/produits\/knackebrot\/forno-a-tunnel-per-knackebrot\/#breadcrumb"},"inLanguage":"fr-FR","potentialAction":[{"@type":"ReadAction","target":["https:\/\/www.arspan.com\/fr\/produits\/knackebrot\/forno-a-tunnel-per-knackebrot\/"]}]},{"@type":"ImageObject","inLanguage":"fr-FR","@id":"https:\/\/www.arspan.com\/fr\/produits\/knackebrot\/forno-a-tunnel-per-knackebrot\/#primaryimage","url":"https:\/\/www.arspan.com\/wp-content\/uploads\/2020\/12\/arspan-forno-a-tunnel-produzione-knackebrot.jpg","contentUrl":"https:\/\/www.arspan.com\/wp-content\/uploads\/2020\/12\/arspan-forno-a-tunnel-produzione-knackebrot.jpg","width":1701,"height":858},{"@type":"BreadcrumbList","@id":"https:\/\/www.arspan.com\/fr\/produits\/knackebrot\/forno-a-tunnel-per-knackebrot\/#breadcrumb","itemListElement":[{"@type":"ListItem","position":1,"name":"","item":"https:\/\/www.arspan.com\/fr\/"},{"@type":"ListItem","position":2,"name":"Produits","item":"https:\/\/www.arspan.com\/fr\/produits\/"},{"@type":"ListItem","position":3,"name":"Knackebrot","item":"https:\/\/www.arspan.com\/fr\/produits\/knackebrot\/"},{"@type":"ListItem","position":4,"name":"Four \u00e0 tunnel pour la cuisson du Knackebrot"}]},{"@type":"WebSite","@id":"https:\/\/www.arspan.com\/en\/#website","url":"https:\/\/www.arspan.com\/en\/","name":"ArsPan","description":"","publisher":{"@id":"https:\/\/www.arspan.com\/en\/#organization"},"potentialAction":[{"@type":"SearchAction","target":{"@type":"EntryPoint","urlTemplate":"https:\/\/www.arspan.com\/en\/?s={search_term_string}"},"query-input":{"@type":"PropertyValueSpecification","valueRequired":true,"valueName":"search_term_string"}}],"inLanguage":"fr-FR"},{"@type":"Organization","@id":"https:\/\/www.arspan.com\/en\/#organization","name":"ARS PAN INDUSTRIALE s.r.l. a socio unico","url":"https:\/\/www.arspan.com\/en\/","logo":{"@type":"ImageObject","inLanguage":"fr-FR","@id":"https:\/\/www.arspan.com\/en\/#\/schema\/logo\/image\/","url":"https:\/\/www.arspan.com\/wp-content\/uploads\/2020\/12\/logo_arspan.png","contentUrl":"https:\/\/www.arspan.com\/wp-content\/uploads\/2020\/12\/logo_arspan.png","width":386,"height":123,"caption":"ARS PAN INDUSTRIALE s.r.l. a socio unico"},"image":{"@id":"https:\/\/www.arspan.com\/en\/#\/schema\/logo\/image\/"}}]}},"_links":{"self":[{"href":"https:\/\/www.arspan.com\/fr\/wp-json\/wp\/v2\/pages\/6946","targetHints":{"allow":["GET"]}}],"collection":[{"href":"https:\/\/www.arspan.com\/fr\/wp-json\/wp\/v2\/pages"}],"about":[{"href":"https:\/\/www.arspan.com\/fr\/wp-json\/wp\/v2\/types\/page"}],"author":[{"embeddable":true,"href":"https:\/\/www.arspan.com\/fr\/wp-json\/wp\/v2\/users\/1"}],"replies":[{"embeddable":true,"href":"https:\/\/www.arspan.com\/fr\/wp-json\/wp\/v2\/comments?post=6946"}],"version-history":[{"count":7,"href":"https:\/\/www.arspan.com\/fr\/wp-json\/wp\/v2\/pages\/6946\/revisions"}],"predecessor-version":[{"id":17534,"href":"https:\/\/www.arspan.com\/fr\/wp-json\/wp\/v2\/pages\/6946\/revisions\/17534"}],"up":[{"embeddable":true,"href":"https:\/\/www.arspan.com\/fr\/wp-json\/wp\/v2\/pages\/6965"}],"wp:featuredmedia":[{"embeddable":true,"href":"https:\/\/www.arspan.com\/fr\/wp-json\/wp\/v2\/media\/11743"}],"wp:attachment":[{"href":"https:\/\/www.arspan.com\/fr\/wp-json\/wp\/v2\/media?parent=6946"}],"curies":[{"name":"wp","href":"https:\/\/api.w.org\/{rel}","templated":true}]}}