{"id":6964,"date":"2016-11-09T17:47:49","date_gmt":"2016-11-09T16:47:49","guid":{"rendered":"https:\/\/www.arspan.com\/?page_id=6964"},"modified":"2021-08-16T17:44:18","modified_gmt":"2021-08-16T15:44:18","slug":"quiche-lorraine","status":"publish","type":"page","link":"https:\/\/www.arspan.com\/fr\/produits\/quiche-lorraine\/","title":{"rendered":"Quiche Lorraine"},"content":{"rendered":"\n<h2 class=\"wp-block-heading\">Caract\u00e9ristiques du produit<\/h2>\n\n\n\n<p>La <strong>quiche lorraine<\/strong> est une sorte de tarte sal\u00e9e de la cuisine fran\u00e7aise. Elle se pr\u00e9pare principalement avec des \u0153ufs et de la cr\u00e8me fra\u00eeche, qui guarnissent une p\u00e2te \u00e0 base de farine qui est cuite au four. La possibilit\u00e9 d\u2019inclure d\u2019autres aliments permet de cuisiner d\u2019innombrables variantes \u00e0 base de viande et de l\u00e9gumes.<\/p>\n\n\n\n<p>Aujourd\u2019hui, on peut la trouver <strong>cuite<\/strong> ou <strong>pr\u00e9cuite surgel\u00e9e<\/strong> sur le march\u00e9.<\/p>\n\n\n\n<h2 class=\"wp-block-heading\">Ars Pan Industriale technologie de production<\/h2>\n\n\n\n<p>Notre equipement pour la production de la quiche lorraine comprends\u00a0:<\/p>\n\n\n\n<ul class=\"wp-block-list\"><li>Four \u00e0 tunnel pour la cuisson de la quiche lorraine<\/li><li>Automatismes pour chargement et d\u00e9chargement du four tunnel<\/li><\/ul>\n","protected":false},"excerpt":{"rendered":"<p>Caract\u00e9ristiques du produit La quiche lorraine est une sorte de tarte sal\u00e9e de la cuisine fran\u00e7aise. Elle se pr\u00e9pare principalement avec des \u0153ufs et de la cr\u00e8me fra\u00eeche, qui guarnissent une p\u00e2te \u00e0 base de farine qui est cuite au four. La possibilit\u00e9 d\u2019inclure d\u2019autres aliments permet de cuisiner d\u2019innombrables variantes \u00e0 base de viande [&hellip;]<\/p>\n","protected":false},"author":1,"featured_media":6527,"parent":7092,"menu_order":188,"comment_status":"closed","ping_status":"closed","template":"page-prodotti.php","meta":{"_acf_changed":false,"footnotes":""},"class_list":["post-6964","page","type-page","status-publish","has-post-thumbnail","hentry"],"acf":[],"yoast_head":"<!-- This site is optimized with the Yoast SEO plugin v27.5 - https:\/\/yoast.com\/product\/yoast-seo-wordpress\/ -->\n<title>Quiche Lorraine: caract\u00e9ristiques et production &#8211; Ars Pan Industriale<\/title>\n<meta name=\"description\" content=\"La quiche lorraine est une sorte de tarte sal\u00e9e de la cuisine fran\u00e7aise, qui se pr\u00e9pare principalement avec des \u0153ufs et de la cr\u00e8me fra\u00eeche.\" \/>\n<meta name=\"robots\" content=\"index, follow, max-snippet:-1, max-image-preview:large, max-video-preview:-1\" \/>\n<link rel=\"canonical\" href=\"https:\/\/www.arspan.com\/fr\/produits\/quiche-lorraine\/\" \/>\n<meta property=\"og:locale\" content=\"fr_FR\" \/>\n<meta property=\"og:type\" content=\"article\" \/>\n<meta property=\"og:title\" content=\"Quiche Lorraine: caract\u00e9ristiques et production &#8211; Ars Pan Industriale\" \/>\n<meta property=\"og:description\" content=\"La quiche lorraine est une sorte de tarte sal\u00e9e de la cuisine fran\u00e7aise, qui se pr\u00e9pare principalement avec des \u0153ufs et de la cr\u00e8me fra\u00eeche.\" \/>\n<meta property=\"og:url\" content=\"https:\/\/www.arspan.com\/fr\/produits\/quiche-lorraine\/\" \/>\n<meta property=\"og:site_name\" content=\"ArsPan\" \/>\n<meta property=\"article:modified_time\" content=\"2021-08-16T15:44:18+00:00\" \/>\n<meta property=\"og:image\" content=\"https:\/\/www.arspan.com\/wp-content\/uploads\/2020\/12\/arspan_quiche-lorraine.jpg\" \/>\n\t<meta property=\"og:image:width\" content=\"1920\" \/>\n\t<meta property=\"og:image:height\" content=\"1080\" \/>\n\t<meta property=\"og:image:type\" content=\"image\/jpeg\" \/>\n<meta name=\"twitter:card\" content=\"summary_large_image\" \/>\n<meta name=\"twitter:label1\" content=\"Dur\u00e9e de lecture estim\u00e9e\" \/>\n\t<meta name=\"twitter:data1\" content=\"1 minute\" \/>\n<script type=\"application\/ld+json\" class=\"yoast-schema-graph\">{\"@context\":\"https:\\\/\\\/schema.org\",\"@graph\":[{\"@type\":\"WebPage\",\"@id\":\"https:\\\/\\\/www.arspan.com\\\/fr\\\/produits\\\/quiche-lorraine\\\/\",\"url\":\"https:\\\/\\\/www.arspan.com\\\/fr\\\/produits\\\/quiche-lorraine\\\/\",\"name\":\"Quiche Lorraine: caract\u00e9ristiques et production &#8211; Ars Pan Industriale\",\"isPartOf\":{\"@id\":\"https:\\\/\\\/www.arspan.com\\\/en\\\/#website\"},\"primaryImageOfPage\":{\"@id\":\"https:\\\/\\\/www.arspan.com\\\/fr\\\/produits\\\/quiche-lorraine\\\/#primaryimage\"},\"image\":{\"@id\":\"https:\\\/\\\/www.arspan.com\\\/fr\\\/produits\\\/quiche-lorraine\\\/#primaryimage\"},\"thumbnailUrl\":\"https:\\\/\\\/www.arspan.com\\\/wp-content\\\/uploads\\\/2020\\\/12\\\/arspan_quiche-lorraine.jpg\",\"datePublished\":\"2016-11-09T16:47:49+00:00\",\"dateModified\":\"2021-08-16T15:44:18+00:00\",\"description\":\"La quiche lorraine est une sorte de tarte sal\u00e9e de la cuisine fran\u00e7aise, qui se pr\u00e9pare principalement avec des \u0153ufs et de la cr\u00e8me fra\u00eeche.\",\"breadcrumb\":{\"@id\":\"https:\\\/\\\/www.arspan.com\\\/fr\\\/produits\\\/quiche-lorraine\\\/#breadcrumb\"},\"inLanguage\":\"fr-FR\",\"potentialAction\":[{\"@type\":\"ReadAction\",\"target\":[\"https:\\\/\\\/www.arspan.com\\\/fr\\\/produits\\\/quiche-lorraine\\\/\"]}]},{\"@type\":\"ImageObject\",\"inLanguage\":\"fr-FR\",\"@id\":\"https:\\\/\\\/www.arspan.com\\\/fr\\\/produits\\\/quiche-lorraine\\\/#primaryimage\",\"url\":\"https:\\\/\\\/www.arspan.com\\\/wp-content\\\/uploads\\\/2020\\\/12\\\/arspan_quiche-lorraine.jpg\",\"contentUrl\":\"https:\\\/\\\/www.arspan.com\\\/wp-content\\\/uploads\\\/2020\\\/12\\\/arspan_quiche-lorraine.jpg\",\"width\":1920,\"height\":1080},{\"@type\":\"BreadcrumbList\",\"@id\":\"https:\\\/\\\/www.arspan.com\\\/fr\\\/produits\\\/quiche-lorraine\\\/#breadcrumb\",\"itemListElement\":[{\"@type\":\"ListItem\",\"position\":1,\"name\":\"\",\"item\":\"https:\\\/\\\/www.arspan.com\\\/fr\\\/\"},{\"@type\":\"ListItem\",\"position\":2,\"name\":\"Produits\",\"item\":\"https:\\\/\\\/www.arspan.com\\\/fr\\\/produits\\\/\"},{\"@type\":\"ListItem\",\"position\":3,\"name\":\"Quiche Lorraine\"}]},{\"@type\":\"WebSite\",\"@id\":\"https:\\\/\\\/www.arspan.com\\\/en\\\/#website\",\"url\":\"https:\\\/\\\/www.arspan.com\\\/en\\\/\",\"name\":\"ArsPan\",\"description\":\"\",\"publisher\":{\"@id\":\"https:\\\/\\\/www.arspan.com\\\/en\\\/#organization\"},\"potentialAction\":[{\"@type\":\"SearchAction\",\"target\":{\"@type\":\"EntryPoint\",\"urlTemplate\":\"https:\\\/\\\/www.arspan.com\\\/en\\\/?s={search_term_string}\"},\"query-input\":{\"@type\":\"PropertyValueSpecification\",\"valueRequired\":true,\"valueName\":\"search_term_string\"}}],\"inLanguage\":\"fr-FR\"},{\"@type\":\"Organization\",\"@id\":\"https:\\\/\\\/www.arspan.com\\\/en\\\/#organization\",\"name\":\"ARS PAN INDUSTRIALE s.r.l. a socio unico\",\"url\":\"https:\\\/\\\/www.arspan.com\\\/en\\\/\",\"logo\":{\"@type\":\"ImageObject\",\"inLanguage\":\"fr-FR\",\"@id\":\"https:\\\/\\\/www.arspan.com\\\/en\\\/#\\\/schema\\\/logo\\\/image\\\/\",\"url\":\"https:\\\/\\\/www.arspan.com\\\/wp-content\\\/uploads\\\/2020\\\/12\\\/logo_arspan.png\",\"contentUrl\":\"https:\\\/\\\/www.arspan.com\\\/wp-content\\\/uploads\\\/2020\\\/12\\\/logo_arspan.png\",\"width\":386,\"height\":123,\"caption\":\"ARS PAN INDUSTRIALE s.r.l. a socio unico\"},\"image\":{\"@id\":\"https:\\\/\\\/www.arspan.com\\\/en\\\/#\\\/schema\\\/logo\\\/image\\\/\"}}]}<\/script>\n<!-- \/ Yoast SEO plugin. -->","yoast_head_json":{"title":"Quiche Lorraine: caract\u00e9ristiques et production &#8211; Ars Pan Industriale","description":"La quiche lorraine est une sorte de tarte sal\u00e9e de la cuisine fran\u00e7aise, qui se pr\u00e9pare principalement avec des \u0153ufs et de la cr\u00e8me fra\u00eeche.","robots":{"index":"index","follow":"follow","max-snippet":"max-snippet:-1","max-image-preview":"max-image-preview:large","max-video-preview":"max-video-preview:-1"},"canonical":"https:\/\/www.arspan.com\/fr\/produits\/quiche-lorraine\/","og_locale":"fr_FR","og_type":"article","og_title":"Quiche Lorraine: caract\u00e9ristiques et production &#8211; Ars Pan Industriale","og_description":"La quiche lorraine est une sorte de tarte sal\u00e9e de la cuisine fran\u00e7aise, qui se pr\u00e9pare principalement avec des \u0153ufs et de la cr\u00e8me fra\u00eeche.","og_url":"https:\/\/www.arspan.com\/fr\/produits\/quiche-lorraine\/","og_site_name":"ArsPan","article_modified_time":"2021-08-16T15:44:18+00:00","og_image":[{"width":1920,"height":1080,"url":"https:\/\/www.arspan.com\/wp-content\/uploads\/2020\/12\/arspan_quiche-lorraine.jpg","type":"image\/jpeg"}],"twitter_card":"summary_large_image","twitter_misc":{"Dur\u00e9e de lecture estim\u00e9e":"1 minute"},"schema":{"@context":"https:\/\/schema.org","@graph":[{"@type":"WebPage","@id":"https:\/\/www.arspan.com\/fr\/produits\/quiche-lorraine\/","url":"https:\/\/www.arspan.com\/fr\/produits\/quiche-lorraine\/","name":"Quiche Lorraine: caract\u00e9ristiques et production &#8211; Ars Pan Industriale","isPartOf":{"@id":"https:\/\/www.arspan.com\/en\/#website"},"primaryImageOfPage":{"@id":"https:\/\/www.arspan.com\/fr\/produits\/quiche-lorraine\/#primaryimage"},"image":{"@id":"https:\/\/www.arspan.com\/fr\/produits\/quiche-lorraine\/#primaryimage"},"thumbnailUrl":"https:\/\/www.arspan.com\/wp-content\/uploads\/2020\/12\/arspan_quiche-lorraine.jpg","datePublished":"2016-11-09T16:47:49+00:00","dateModified":"2021-08-16T15:44:18+00:00","description":"La quiche lorraine est une sorte de tarte sal\u00e9e de la cuisine fran\u00e7aise, qui se pr\u00e9pare principalement avec des \u0153ufs et de la cr\u00e8me fra\u00eeche.","breadcrumb":{"@id":"https:\/\/www.arspan.com\/fr\/produits\/quiche-lorraine\/#breadcrumb"},"inLanguage":"fr-FR","potentialAction":[{"@type":"ReadAction","target":["https:\/\/www.arspan.com\/fr\/produits\/quiche-lorraine\/"]}]},{"@type":"ImageObject","inLanguage":"fr-FR","@id":"https:\/\/www.arspan.com\/fr\/produits\/quiche-lorraine\/#primaryimage","url":"https:\/\/www.arspan.com\/wp-content\/uploads\/2020\/12\/arspan_quiche-lorraine.jpg","contentUrl":"https:\/\/www.arspan.com\/wp-content\/uploads\/2020\/12\/arspan_quiche-lorraine.jpg","width":1920,"height":1080},{"@type":"BreadcrumbList","@id":"https:\/\/www.arspan.com\/fr\/produits\/quiche-lorraine\/#breadcrumb","itemListElement":[{"@type":"ListItem","position":1,"name":"","item":"https:\/\/www.arspan.com\/fr\/"},{"@type":"ListItem","position":2,"name":"Produits","item":"https:\/\/www.arspan.com\/fr\/produits\/"},{"@type":"ListItem","position":3,"name":"Quiche Lorraine"}]},{"@type":"WebSite","@id":"https:\/\/www.arspan.com\/en\/#website","url":"https:\/\/www.arspan.com\/en\/","name":"ArsPan","description":"","publisher":{"@id":"https:\/\/www.arspan.com\/en\/#organization"},"potentialAction":[{"@type":"SearchAction","target":{"@type":"EntryPoint","urlTemplate":"https:\/\/www.arspan.com\/en\/?s={search_term_string}"},"query-input":{"@type":"PropertyValueSpecification","valueRequired":true,"valueName":"search_term_string"}}],"inLanguage":"fr-FR"},{"@type":"Organization","@id":"https:\/\/www.arspan.com\/en\/#organization","name":"ARS PAN INDUSTRIALE s.r.l. a socio unico","url":"https:\/\/www.arspan.com\/en\/","logo":{"@type":"ImageObject","inLanguage":"fr-FR","@id":"https:\/\/www.arspan.com\/en\/#\/schema\/logo\/image\/","url":"https:\/\/www.arspan.com\/wp-content\/uploads\/2020\/12\/logo_arspan.png","contentUrl":"https:\/\/www.arspan.com\/wp-content\/uploads\/2020\/12\/logo_arspan.png","width":386,"height":123,"caption":"ARS PAN INDUSTRIALE s.r.l. a socio unico"},"image":{"@id":"https:\/\/www.arspan.com\/en\/#\/schema\/logo\/image\/"}}]}},"_links":{"self":[{"href":"https:\/\/www.arspan.com\/fr\/wp-json\/wp\/v2\/pages\/6964","targetHints":{"allow":["GET"]}}],"collection":[{"href":"https:\/\/www.arspan.com\/fr\/wp-json\/wp\/v2\/pages"}],"about":[{"href":"https:\/\/www.arspan.com\/fr\/wp-json\/wp\/v2\/types\/page"}],"author":[{"embeddable":true,"href":"https:\/\/www.arspan.com\/fr\/wp-json\/wp\/v2\/users\/1"}],"replies":[{"embeddable":true,"href":"https:\/\/www.arspan.com\/fr\/wp-json\/wp\/v2\/comments?post=6964"}],"version-history":[{"count":4,"href":"https:\/\/www.arspan.com\/fr\/wp-json\/wp\/v2\/pages\/6964\/revisions"}],"predecessor-version":[{"id":17521,"href":"https:\/\/www.arspan.com\/fr\/wp-json\/wp\/v2\/pages\/6964\/revisions\/17521"}],"up":[{"embeddable":true,"href":"https:\/\/www.arspan.com\/fr\/wp-json\/wp\/v2\/pages\/7092"}],"wp:featuredmedia":[{"embeddable":true,"href":"https:\/\/www.arspan.com\/fr\/wp-json\/wp\/v2\/media\/6527"}],"wp:attachment":[{"href":"https:\/\/www.arspan.com\/fr\/wp-json\/wp\/v2\/media?parent=6964"}],"curies":[{"name":"wp","href":"https:\/\/api.w.org\/{rel}","templated":true}]}}