{"id":1821,"date":"2020-11-13T14:54:53","date_gmt":"2020-11-13T13:54:53","guid":{"rendered":"https:\/\/www.arspan.com\/?page_id=1821"},"modified":"2021-01-07T16:52:12","modified_gmt":"2021-01-07T15:52:12","slug":"macchina-di-testata-per-pancarre","status":"publish","type":"page","link":"https:\/\/www.arspan.com\/it\/prodotti\/pan-carre-fette-biscottate\/macchina-di-testata-per-pancarre\/","title":{"rendered":"Macchina di testata per pancarr\u00e8"},"content":{"rendered":"<p>Il gruppo di formatura di filoni di pasta per pancarr\u00e8 possono essere fatti in due modi:<\/p>\n<ul>\n<li>a mezzo di una <strong>spezza arrotondatrice<\/strong>, con riposo in <strong>puntatura <\/strong>della palla di pasta, e poi per mezzo di <strong>laminazione <\/strong>e <strong>filonatura<\/strong> con <strong>caricamento <\/strong>dello stampo<\/li>\n<li>a mezzo di una <strong>spezza arrotondatrice, <\/strong>con riposo di <strong>puntatura <\/strong>delle piccole palline di pasta, <strong>allineamento <\/strong>delle stesse in maniera compatta e, successivamente, <strong>caricamento <\/strong>nello stampo<\/li>\n<\/ul>\n","protected":false},"excerpt":{"rendered":"<p>Il gruppo di formatura di filoni di pasta per pancarr\u00e8 possono essere fatti in due modi: a mezzo di una spezza arrotondatrice, con riposo in puntatura della palla di pasta, e poi per mezzo di laminazione e filonatura con caricamento dello stampo a mezzo di una spezza arrotondatrice, con riposo di puntatura delle piccole palline [&hellip;]<\/p>\n","protected":false},"author":3,"featured_media":15291,"parent":990,"menu_order":51,"comment_status":"closed","ping_status":"closed","template":"page-tecnologia.php","meta":{"_acf_changed":false,"footnotes":""},"class_list":["post-1821","page","type-page","status-publish","has-post-thumbnail","hentry"],"acf":[],"yoast_head":"<!-- This site is optimized with the Yoast SEO plugin v27.5 - https:\/\/yoast.com\/product\/yoast-seo-wordpress\/ -->\n<title>Macchina di testata per pancarr\u00e8 &#8211; Ars Pan<\/title>\n<meta name=\"description\" content=\"Il gruppo di formatura di filoni di pasta per pancarr\u00e8 possono essere fatti a mezzo di una spezza arrotondatrice in due modi diversi. Scopri di pi\u00f9.\" \/>\n<meta name=\"robots\" content=\"index, follow, max-snippet:-1, max-image-preview:large, max-video-preview:-1\" \/>\n<link rel=\"canonical\" href=\"https:\/\/www.arspan.com\/it\/prodotti\/pan-carre-fette-biscottate\/macchina-di-testata-per-pancarre\/\" \/>\n<meta property=\"og:locale\" content=\"it_IT\" \/>\n<meta property=\"og:type\" content=\"article\" \/>\n<meta property=\"og:title\" content=\"Macchina di testata per pancarr\u00e8 &#8211; Ars Pan\" \/>\n<meta property=\"og:description\" content=\"Il gruppo di formatura di filoni di pasta per pancarr\u00e8 possono essere fatti a mezzo di una spezza arrotondatrice in due modi diversi. Scopri di pi\u00f9.\" \/>\n<meta property=\"og:url\" content=\"https:\/\/www.arspan.com\/it\/prodotti\/pan-carre-fette-biscottate\/macchina-di-testata-per-pancarre\/\" \/>\n<meta property=\"og:site_name\" content=\"Ars Pan\" \/>\n<meta property=\"article:modified_time\" content=\"2021-01-07T15:52:12+00:00\" \/>\n<meta property=\"og:image\" content=\"https:\/\/www.arspan.com\/wp-content\/uploads\/2021\/01\/arspan-macchina-di-testata-per-pancarre-toasted-bread-fette-biscottate.jpg\" \/>\n\t<meta property=\"og:image:width\" content=\"1709\" \/>\n\t<meta property=\"og:image:height\" content=\"848\" \/>\n\t<meta property=\"og:image:type\" content=\"image\/jpeg\" \/>\n<meta name=\"twitter:card\" content=\"summary_large_image\" \/>\n<script type=\"application\/ld+json\" class=\"yoast-schema-graph\">{\"@context\":\"https:\\\/\\\/schema.org\",\"@graph\":[{\"@type\":\"WebPage\",\"@id\":\"https:\\\/\\\/www.arspan.com\\\/it\\\/prodotti\\\/pan-carre-fette-biscottate\\\/macchina-di-testata-per-pancarre\\\/\",\"url\":\"https:\\\/\\\/www.arspan.com\\\/it\\\/prodotti\\\/pan-carre-fette-biscottate\\\/macchina-di-testata-per-pancarre\\\/\",\"name\":\"Macchina di testata per pancarr\u00e8 &#8211; Ars Pan\",\"isPartOf\":{\"@id\":\"https:\\\/\\\/www.arspan.com\\\/en\\\/#website\"},\"primaryImageOfPage\":{\"@id\":\"https:\\\/\\\/www.arspan.com\\\/it\\\/prodotti\\\/pan-carre-fette-biscottate\\\/macchina-di-testata-per-pancarre\\\/#primaryimage\"},\"image\":{\"@id\":\"https:\\\/\\\/www.arspan.com\\\/it\\\/prodotti\\\/pan-carre-fette-biscottate\\\/macchina-di-testata-per-pancarre\\\/#primaryimage\"},\"thumbnailUrl\":\"https:\\\/\\\/www.arspan.com\\\/wp-content\\\/uploads\\\/2021\\\/01\\\/arspan-macchina-di-testata-per-pancarre-toasted-bread-fette-biscottate.jpg\",\"datePublished\":\"2020-11-13T13:54:53+00:00\",\"dateModified\":\"2021-01-07T15:52:12+00:00\",\"description\":\"Il gruppo di formatura di filoni di pasta per pancarr\u00e8 possono essere fatti a mezzo di una spezza arrotondatrice in due modi diversi. Scopri di pi\u00f9.\",\"breadcrumb\":{\"@id\":\"https:\\\/\\\/www.arspan.com\\\/it\\\/prodotti\\\/pan-carre-fette-biscottate\\\/macchina-di-testata-per-pancarre\\\/#breadcrumb\"},\"inLanguage\":\"it-IT\",\"potentialAction\":[{\"@type\":\"ReadAction\",\"target\":[\"https:\\\/\\\/www.arspan.com\\\/it\\\/prodotti\\\/pan-carre-fette-biscottate\\\/macchina-di-testata-per-pancarre\\\/\"]}]},{\"@type\":\"ImageObject\",\"inLanguage\":\"it-IT\",\"@id\":\"https:\\\/\\\/www.arspan.com\\\/it\\\/prodotti\\\/pan-carre-fette-biscottate\\\/macchina-di-testata-per-pancarre\\\/#primaryimage\",\"url\":\"https:\\\/\\\/www.arspan.com\\\/wp-content\\\/uploads\\\/2021\\\/01\\\/arspan-macchina-di-testata-per-pancarre-toasted-bread-fette-biscottate.jpg\",\"contentUrl\":\"https:\\\/\\\/www.arspan.com\\\/wp-content\\\/uploads\\\/2021\\\/01\\\/arspan-macchina-di-testata-per-pancarre-toasted-bread-fette-biscottate.jpg\",\"width\":1709,\"height\":848},{\"@type\":\"BreadcrumbList\",\"@id\":\"https:\\\/\\\/www.arspan.com\\\/it\\\/prodotti\\\/pan-carre-fette-biscottate\\\/macchina-di-testata-per-pancarre\\\/#breadcrumb\",\"itemListElement\":[{\"@type\":\"ListItem\",\"position\":1,\"name\":\"\",\"item\":\"https:\\\/\\\/www.arspan.com\\\/it\\\/\"},{\"@type\":\"ListItem\",\"position\":2,\"name\":\"Prodotti\",\"item\":\"https:\\\/\\\/www.arspan.com\\\/it\\\/prodotti\\\/\"},{\"@type\":\"ListItem\",\"position\":3,\"name\":\"Pan carr\u00e9 \\\/ Fette biscottate\",\"item\":\"https:\\\/\\\/www.arspan.com\\\/it\\\/prodotti\\\/pan-carre-fette-biscottate\\\/\"},{\"@type\":\"ListItem\",\"position\":4,\"name\":\"Macchina di testata per pancarr\u00e8\"}]},{\"@type\":\"WebSite\",\"@id\":\"https:\\\/\\\/www.arspan.com\\\/en\\\/#website\",\"url\":\"https:\\\/\\\/www.arspan.com\\\/en\\\/\",\"name\":\"Ars Pan\",\"description\":\"\",\"publisher\":{\"@id\":\"https:\\\/\\\/www.arspan.com\\\/en\\\/#organization\"},\"potentialAction\":[{\"@type\":\"SearchAction\",\"target\":{\"@type\":\"EntryPoint\",\"urlTemplate\":\"https:\\\/\\\/www.arspan.com\\\/en\\\/?s={search_term_string}\"},\"query-input\":{\"@type\":\"PropertyValueSpecification\",\"valueRequired\":true,\"valueName\":\"search_term_string\"}}],\"inLanguage\":\"it-IT\"},{\"@type\":\"Organization\",\"@id\":\"https:\\\/\\\/www.arspan.com\\\/en\\\/#organization\",\"name\":\"ARS PAN INDUSTRIALE s.r.l. a socio unico\",\"url\":\"https:\\\/\\\/www.arspan.com\\\/en\\\/\",\"logo\":{\"@type\":\"ImageObject\",\"inLanguage\":\"it-IT\",\"@id\":\"https:\\\/\\\/www.arspan.com\\\/en\\\/#\\\/schema\\\/logo\\\/image\\\/\",\"url\":\"https:\\\/\\\/www.arspan.com\\\/wp-content\\\/uploads\\\/2020\\\/12\\\/logo_arspan.png\",\"contentUrl\":\"https:\\\/\\\/www.arspan.com\\\/wp-content\\\/uploads\\\/2020\\\/12\\\/logo_arspan.png\",\"width\":386,\"height\":123,\"caption\":\"ARS PAN INDUSTRIALE s.r.l. a socio unico\"},\"image\":{\"@id\":\"https:\\\/\\\/www.arspan.com\\\/en\\\/#\\\/schema\\\/logo\\\/image\\\/\"}}]}<\/script>\n<!-- \/ Yoast SEO plugin. -->","yoast_head_json":{"title":"Macchina di testata per pancarr\u00e8 &#8211; Ars Pan","description":"Il gruppo di formatura di filoni di pasta per pancarr\u00e8 possono essere fatti a mezzo di una spezza arrotondatrice in due modi diversi. Scopri di pi\u00f9.","robots":{"index":"index","follow":"follow","max-snippet":"max-snippet:-1","max-image-preview":"max-image-preview:large","max-video-preview":"max-video-preview:-1"},"canonical":"https:\/\/www.arspan.com\/it\/prodotti\/pan-carre-fette-biscottate\/macchina-di-testata-per-pancarre\/","og_locale":"it_IT","og_type":"article","og_title":"Macchina di testata per pancarr\u00e8 &#8211; Ars Pan","og_description":"Il gruppo di formatura di filoni di pasta per pancarr\u00e8 possono essere fatti a mezzo di una spezza arrotondatrice in due modi diversi. Scopri di pi\u00f9.","og_url":"https:\/\/www.arspan.com\/it\/prodotti\/pan-carre-fette-biscottate\/macchina-di-testata-per-pancarre\/","og_site_name":"Ars Pan","article_modified_time":"2021-01-07T15:52:12+00:00","og_image":[{"width":1709,"height":848,"url":"https:\/\/www.arspan.com\/wp-content\/uploads\/2021\/01\/arspan-macchina-di-testata-per-pancarre-toasted-bread-fette-biscottate.jpg","type":"image\/jpeg"}],"twitter_card":"summary_large_image","schema":{"@context":"https:\/\/schema.org","@graph":[{"@type":"WebPage","@id":"https:\/\/www.arspan.com\/it\/prodotti\/pan-carre-fette-biscottate\/macchina-di-testata-per-pancarre\/","url":"https:\/\/www.arspan.com\/it\/prodotti\/pan-carre-fette-biscottate\/macchina-di-testata-per-pancarre\/","name":"Macchina di testata per pancarr\u00e8 &#8211; Ars Pan","isPartOf":{"@id":"https:\/\/www.arspan.com\/en\/#website"},"primaryImageOfPage":{"@id":"https:\/\/www.arspan.com\/it\/prodotti\/pan-carre-fette-biscottate\/macchina-di-testata-per-pancarre\/#primaryimage"},"image":{"@id":"https:\/\/www.arspan.com\/it\/prodotti\/pan-carre-fette-biscottate\/macchina-di-testata-per-pancarre\/#primaryimage"},"thumbnailUrl":"https:\/\/www.arspan.com\/wp-content\/uploads\/2021\/01\/arspan-macchina-di-testata-per-pancarre-toasted-bread-fette-biscottate.jpg","datePublished":"2020-11-13T13:54:53+00:00","dateModified":"2021-01-07T15:52:12+00:00","description":"Il gruppo di formatura di filoni di pasta per pancarr\u00e8 possono essere fatti a mezzo di una spezza arrotondatrice in due modi diversi. Scopri di pi\u00f9.","breadcrumb":{"@id":"https:\/\/www.arspan.com\/it\/prodotti\/pan-carre-fette-biscottate\/macchina-di-testata-per-pancarre\/#breadcrumb"},"inLanguage":"it-IT","potentialAction":[{"@type":"ReadAction","target":["https:\/\/www.arspan.com\/it\/prodotti\/pan-carre-fette-biscottate\/macchina-di-testata-per-pancarre\/"]}]},{"@type":"ImageObject","inLanguage":"it-IT","@id":"https:\/\/www.arspan.com\/it\/prodotti\/pan-carre-fette-biscottate\/macchina-di-testata-per-pancarre\/#primaryimage","url":"https:\/\/www.arspan.com\/wp-content\/uploads\/2021\/01\/arspan-macchina-di-testata-per-pancarre-toasted-bread-fette-biscottate.jpg","contentUrl":"https:\/\/www.arspan.com\/wp-content\/uploads\/2021\/01\/arspan-macchina-di-testata-per-pancarre-toasted-bread-fette-biscottate.jpg","width":1709,"height":848},{"@type":"BreadcrumbList","@id":"https:\/\/www.arspan.com\/it\/prodotti\/pan-carre-fette-biscottate\/macchina-di-testata-per-pancarre\/#breadcrumb","itemListElement":[{"@type":"ListItem","position":1,"name":"","item":"https:\/\/www.arspan.com\/it\/"},{"@type":"ListItem","position":2,"name":"Prodotti","item":"https:\/\/www.arspan.com\/it\/prodotti\/"},{"@type":"ListItem","position":3,"name":"Pan carr\u00e9 \/ Fette biscottate","item":"https:\/\/www.arspan.com\/it\/prodotti\/pan-carre-fette-biscottate\/"},{"@type":"ListItem","position":4,"name":"Macchina di testata per pancarr\u00e8"}]},{"@type":"WebSite","@id":"https:\/\/www.arspan.com\/en\/#website","url":"https:\/\/www.arspan.com\/en\/","name":"Ars Pan","description":"","publisher":{"@id":"https:\/\/www.arspan.com\/en\/#organization"},"potentialAction":[{"@type":"SearchAction","target":{"@type":"EntryPoint","urlTemplate":"https:\/\/www.arspan.com\/en\/?s={search_term_string}"},"query-input":{"@type":"PropertyValueSpecification","valueRequired":true,"valueName":"search_term_string"}}],"inLanguage":"it-IT"},{"@type":"Organization","@id":"https:\/\/www.arspan.com\/en\/#organization","name":"ARS PAN INDUSTRIALE s.r.l. a socio unico","url":"https:\/\/www.arspan.com\/en\/","logo":{"@type":"ImageObject","inLanguage":"it-IT","@id":"https:\/\/www.arspan.com\/en\/#\/schema\/logo\/image\/","url":"https:\/\/www.arspan.com\/wp-content\/uploads\/2020\/12\/logo_arspan.png","contentUrl":"https:\/\/www.arspan.com\/wp-content\/uploads\/2020\/12\/logo_arspan.png","width":386,"height":123,"caption":"ARS PAN INDUSTRIALE s.r.l. a socio unico"},"image":{"@id":"https:\/\/www.arspan.com\/en\/#\/schema\/logo\/image\/"}}]}},"_links":{"self":[{"href":"https:\/\/www.arspan.com\/it\/wp-json\/wp\/v2\/pages\/1821","targetHints":{"allow":["GET"]}}],"collection":[{"href":"https:\/\/www.arspan.com\/it\/wp-json\/wp\/v2\/pages"}],"about":[{"href":"https:\/\/www.arspan.com\/it\/wp-json\/wp\/v2\/types\/page"}],"author":[{"embeddable":true,"href":"https:\/\/www.arspan.com\/it\/wp-json\/wp\/v2\/users\/3"}],"replies":[{"embeddable":true,"href":"https:\/\/www.arspan.com\/it\/wp-json\/wp\/v2\/comments?post=1821"}],"version-history":[{"count":4,"href":"https:\/\/www.arspan.com\/it\/wp-json\/wp\/v2\/pages\/1821\/revisions"}],"predecessor-version":[{"id":11631,"href":"https:\/\/www.arspan.com\/it\/wp-json\/wp\/v2\/pages\/1821\/revisions\/11631"}],"up":[{"embeddable":true,"href":"https:\/\/www.arspan.com\/it\/wp-json\/wp\/v2\/pages\/990"}],"wp:featuredmedia":[{"embeddable":true,"href":"https:\/\/www.arspan.com\/it\/wp-json\/wp\/v2\/media\/15291"}],"wp:attachment":[{"href":"https:\/\/www.arspan.com\/it\/wp-json\/wp\/v2\/media?parent=1821"}],"curies":[{"name":"wp","href":"https:\/\/api.w.org\/{rel}","templated":true}]}}