{"id":403,"date":"2016-12-16T15:24:29","date_gmt":"2016-12-16T14:24:29","guid":{"rendered":"https:\/\/www.arspan.com\/it\/?page_id=403"},"modified":"2021-01-29T14:10:47","modified_gmt":"2021-01-29T13:10:47","slug":"macchina-di-testata-per-baguette","status":"publish","type":"page","link":"https:\/\/www.arspan.com\/it\/prodotti\/baguette\/macchina-di-testata-per-baguette\/","title":{"rendered":"Macchina di testata per baguette"},"content":{"rendered":"\n<p>Il processo produttivo di formazione della baguette prevede <strong>due modalit\u00e0<\/strong> <strong>di formazione<\/strong> della stessa:<\/p>\n\n\n\n<ul class=\"wp-block-list\"><li>baguette proveniente da una <strong>palla di pasta<\/strong>, successivamente riposata e allungata in pi\u00f9 fasi<\/li><li>baguette proveniente da una <strong>banda di pasta laminata<\/strong>, con un successivo semplice allungamento<\/li><\/ul>\n\n\n\n<p>Le due modalit\u00e0 differiscono per il <strong>risultato finale<\/strong> desiderato di una baguette pi\u00f9 o meno alveolata e, di conseguenza, pi\u00f9 o meno rustica.<\/p>\n\n\n\n<p>Le nostre macchine per baguette possono avere un <strong><em>range<\/em> di produzione da 600 baguettes\/ora fino a 6000 baguettes\/ora<\/strong>. Gestiscono impasti molli e riposati con <strong>80% di acqua<\/strong>. Le nostre tramogge e i sistemi di laminazione sono concepiti per non stressare la pasta e garantire una precisione del peso.<\/p>\n\n\n\n<p>Possono essere utilizzate in <strong>panifici artigianali<\/strong> o abbinate a impianti completamente automatici per la <strong>grande industria.<\/strong><\/p>\n","protected":false},"excerpt":{"rendered":"<p>Il processo produttivo di formazione della baguette prevede due modalit\u00e0 di formazione della stessa: baguette proveniente da una palla di pasta, successivamente riposata e allungata in pi\u00f9 fasi baguette proveniente da una banda di pasta laminata, con un successivo semplice allungamento Le due modalit\u00e0 differiscono per il risultato finale desiderato di una baguette pi\u00f9 o [&hellip;]<\/p>\n","protected":false},"author":2,"featured_media":15260,"parent":19,"menu_order":21,"comment_status":"closed","ping_status":"closed","template":"page-tecnologia.php","meta":{"_acf_changed":false,"footnotes":""},"class_list":["post-403","page","type-page","status-publish","has-post-thumbnail","hentry"],"acf":[],"yoast_head":"<!-- This site is optimized with the Yoast SEO plugin v27.5 - https:\/\/yoast.com\/product\/yoast-seo-wordpress\/ -->\n<title>Macchina di testata per baguette &#8211; Ars Pan Industriale<\/title>\n<meta name=\"description\" content=\"Le nostre macchine per baguette possono avere un range di produzione da 600 baguettes\/ora fino a 6000 baguettes\/ora.\" \/>\n<meta name=\"robots\" content=\"index, follow, max-snippet:-1, max-image-preview:large, max-video-preview:-1\" \/>\n<link rel=\"canonical\" href=\"https:\/\/www.arspan.com\/it\/prodotti\/baguette\/macchina-di-testata-per-baguette\/\" \/>\n<meta property=\"og:locale\" content=\"it_IT\" \/>\n<meta property=\"og:type\" content=\"article\" \/>\n<meta property=\"og:title\" content=\"Macchina di testata per baguette &#8211; Ars Pan Industriale\" \/>\n<meta property=\"og:description\" content=\"Le nostre macchine per baguette possono avere un range di produzione da 600 baguettes\/ora fino a 6000 baguettes\/ora.\" \/>\n<meta property=\"og:url\" content=\"https:\/\/www.arspan.com\/it\/prodotti\/baguette\/macchina-di-testata-per-baguette\/\" \/>\n<meta property=\"og:site_name\" content=\"Ars Pan\" \/>\n<meta property=\"article:modified_time\" content=\"2021-01-29T13:10:47+00:00\" \/>\n<meta property=\"og:image\" content=\"https:\/\/www.arspan.com\/wp-content\/uploads\/2021\/01\/arspan-macchina-di-testata-per-baguettes-pane-pain-bread-panificazione.jpg\" \/>\n\t<meta property=\"og:image:width\" content=\"1693\" \/>\n\t<meta property=\"og:image:height\" content=\"858\" \/>\n\t<meta property=\"og:image:type\" content=\"image\/jpeg\" \/>\n<meta name=\"twitter:card\" content=\"summary_large_image\" \/>\n<meta name=\"twitter:label1\" content=\"Tempo di lettura stimato\" \/>\n\t<meta name=\"twitter:data1\" content=\"1 minuto\" \/>\n<script type=\"application\/ld+json\" class=\"yoast-schema-graph\">{\"@context\":\"https:\\\/\\\/schema.org\",\"@graph\":[{\"@type\":\"WebPage\",\"@id\":\"https:\\\/\\\/www.arspan.com\\\/it\\\/prodotti\\\/baguette\\\/macchina-di-testata-per-baguette\\\/\",\"url\":\"https:\\\/\\\/www.arspan.com\\\/it\\\/prodotti\\\/baguette\\\/macchina-di-testata-per-baguette\\\/\",\"name\":\"Macchina di testata per baguette &#8211; Ars Pan Industriale\",\"isPartOf\":{\"@id\":\"https:\\\/\\\/www.arspan.com\\\/en\\\/#website\"},\"primaryImageOfPage\":{\"@id\":\"https:\\\/\\\/www.arspan.com\\\/it\\\/prodotti\\\/baguette\\\/macchina-di-testata-per-baguette\\\/#primaryimage\"},\"image\":{\"@id\":\"https:\\\/\\\/www.arspan.com\\\/it\\\/prodotti\\\/baguette\\\/macchina-di-testata-per-baguette\\\/#primaryimage\"},\"thumbnailUrl\":\"https:\\\/\\\/www.arspan.com\\\/wp-content\\\/uploads\\\/2021\\\/01\\\/arspan-macchina-di-testata-per-baguettes-pane-pain-bread-panificazione.jpg\",\"datePublished\":\"2016-12-16T14:24:29+00:00\",\"dateModified\":\"2021-01-29T13:10:47+00:00\",\"description\":\"Le nostre macchine per baguette possono avere un range di produzione da 600 baguettes\\\/ora fino a 6000 baguettes\\\/ora.\",\"breadcrumb\":{\"@id\":\"https:\\\/\\\/www.arspan.com\\\/it\\\/prodotti\\\/baguette\\\/macchina-di-testata-per-baguette\\\/#breadcrumb\"},\"inLanguage\":\"it-IT\",\"potentialAction\":[{\"@type\":\"ReadAction\",\"target\":[\"https:\\\/\\\/www.arspan.com\\\/it\\\/prodotti\\\/baguette\\\/macchina-di-testata-per-baguette\\\/\"]}]},{\"@type\":\"ImageObject\",\"inLanguage\":\"it-IT\",\"@id\":\"https:\\\/\\\/www.arspan.com\\\/it\\\/prodotti\\\/baguette\\\/macchina-di-testata-per-baguette\\\/#primaryimage\",\"url\":\"https:\\\/\\\/www.arspan.com\\\/wp-content\\\/uploads\\\/2021\\\/01\\\/arspan-macchina-di-testata-per-baguettes-pane-pain-bread-panificazione.jpg\",\"contentUrl\":\"https:\\\/\\\/www.arspan.com\\\/wp-content\\\/uploads\\\/2021\\\/01\\\/arspan-macchina-di-testata-per-baguettes-pane-pain-bread-panificazione.jpg\",\"width\":1693,\"height\":858},{\"@type\":\"BreadcrumbList\",\"@id\":\"https:\\\/\\\/www.arspan.com\\\/it\\\/prodotti\\\/baguette\\\/macchina-di-testata-per-baguette\\\/#breadcrumb\",\"itemListElement\":[{\"@type\":\"ListItem\",\"position\":1,\"name\":\"\",\"item\":\"https:\\\/\\\/www.arspan.com\\\/it\\\/\"},{\"@type\":\"ListItem\",\"position\":2,\"name\":\"Prodotti\",\"item\":\"https:\\\/\\\/www.arspan.com\\\/it\\\/prodotti\\\/\"},{\"@type\":\"ListItem\",\"position\":3,\"name\":\"Baguette\",\"item\":\"https:\\\/\\\/www.arspan.com\\\/it\\\/prodotti\\\/baguette\\\/\"},{\"@type\":\"ListItem\",\"position\":4,\"name\":\"Macchina di testata per baguette\"}]},{\"@type\":\"WebSite\",\"@id\":\"https:\\\/\\\/www.arspan.com\\\/en\\\/#website\",\"url\":\"https:\\\/\\\/www.arspan.com\\\/en\\\/\",\"name\":\"Ars Pan\",\"description\":\"\",\"publisher\":{\"@id\":\"https:\\\/\\\/www.arspan.com\\\/en\\\/#organization\"},\"potentialAction\":[{\"@type\":\"SearchAction\",\"target\":{\"@type\":\"EntryPoint\",\"urlTemplate\":\"https:\\\/\\\/www.arspan.com\\\/en\\\/?s={search_term_string}\"},\"query-input\":{\"@type\":\"PropertyValueSpecification\",\"valueRequired\":true,\"valueName\":\"search_term_string\"}}],\"inLanguage\":\"it-IT\"},{\"@type\":\"Organization\",\"@id\":\"https:\\\/\\\/www.arspan.com\\\/en\\\/#organization\",\"name\":\"ARS PAN INDUSTRIALE s.r.l. a socio unico\",\"url\":\"https:\\\/\\\/www.arspan.com\\\/en\\\/\",\"logo\":{\"@type\":\"ImageObject\",\"inLanguage\":\"it-IT\",\"@id\":\"https:\\\/\\\/www.arspan.com\\\/en\\\/#\\\/schema\\\/logo\\\/image\\\/\",\"url\":\"https:\\\/\\\/www.arspan.com\\\/wp-content\\\/uploads\\\/2020\\\/12\\\/logo_arspan.png\",\"contentUrl\":\"https:\\\/\\\/www.arspan.com\\\/wp-content\\\/uploads\\\/2020\\\/12\\\/logo_arspan.png\",\"width\":386,\"height\":123,\"caption\":\"ARS PAN INDUSTRIALE s.r.l. a socio unico\"},\"image\":{\"@id\":\"https:\\\/\\\/www.arspan.com\\\/en\\\/#\\\/schema\\\/logo\\\/image\\\/\"}}]}<\/script>\n<!-- \/ Yoast SEO plugin. -->","yoast_head_json":{"title":"Macchina di testata per baguette &#8211; Ars Pan Industriale","description":"Le nostre macchine per baguette possono avere un range di produzione da 600 baguettes\/ora fino a 6000 baguettes\/ora.","robots":{"index":"index","follow":"follow","max-snippet":"max-snippet:-1","max-image-preview":"max-image-preview:large","max-video-preview":"max-video-preview:-1"},"canonical":"https:\/\/www.arspan.com\/it\/prodotti\/baguette\/macchina-di-testata-per-baguette\/","og_locale":"it_IT","og_type":"article","og_title":"Macchina di testata per baguette &#8211; Ars Pan Industriale","og_description":"Le nostre macchine per baguette possono avere un range di produzione da 600 baguettes\/ora fino a 6000 baguettes\/ora.","og_url":"https:\/\/www.arspan.com\/it\/prodotti\/baguette\/macchina-di-testata-per-baguette\/","og_site_name":"Ars Pan","article_modified_time":"2021-01-29T13:10:47+00:00","og_image":[{"width":1693,"height":858,"url":"https:\/\/www.arspan.com\/wp-content\/uploads\/2021\/01\/arspan-macchina-di-testata-per-baguettes-pane-pain-bread-panificazione.jpg","type":"image\/jpeg"}],"twitter_card":"summary_large_image","twitter_misc":{"Tempo di lettura stimato":"1 minuto"},"schema":{"@context":"https:\/\/schema.org","@graph":[{"@type":"WebPage","@id":"https:\/\/www.arspan.com\/it\/prodotti\/baguette\/macchina-di-testata-per-baguette\/","url":"https:\/\/www.arspan.com\/it\/prodotti\/baguette\/macchina-di-testata-per-baguette\/","name":"Macchina di testata per baguette &#8211; Ars Pan Industriale","isPartOf":{"@id":"https:\/\/www.arspan.com\/en\/#website"},"primaryImageOfPage":{"@id":"https:\/\/www.arspan.com\/it\/prodotti\/baguette\/macchina-di-testata-per-baguette\/#primaryimage"},"image":{"@id":"https:\/\/www.arspan.com\/it\/prodotti\/baguette\/macchina-di-testata-per-baguette\/#primaryimage"},"thumbnailUrl":"https:\/\/www.arspan.com\/wp-content\/uploads\/2021\/01\/arspan-macchina-di-testata-per-baguettes-pane-pain-bread-panificazione.jpg","datePublished":"2016-12-16T14:24:29+00:00","dateModified":"2021-01-29T13:10:47+00:00","description":"Le nostre macchine per baguette possono avere un range di produzione da 600 baguettes\/ora fino a 6000 baguettes\/ora.","breadcrumb":{"@id":"https:\/\/www.arspan.com\/it\/prodotti\/baguette\/macchina-di-testata-per-baguette\/#breadcrumb"},"inLanguage":"it-IT","potentialAction":[{"@type":"ReadAction","target":["https:\/\/www.arspan.com\/it\/prodotti\/baguette\/macchina-di-testata-per-baguette\/"]}]},{"@type":"ImageObject","inLanguage":"it-IT","@id":"https:\/\/www.arspan.com\/it\/prodotti\/baguette\/macchina-di-testata-per-baguette\/#primaryimage","url":"https:\/\/www.arspan.com\/wp-content\/uploads\/2021\/01\/arspan-macchina-di-testata-per-baguettes-pane-pain-bread-panificazione.jpg","contentUrl":"https:\/\/www.arspan.com\/wp-content\/uploads\/2021\/01\/arspan-macchina-di-testata-per-baguettes-pane-pain-bread-panificazione.jpg","width":1693,"height":858},{"@type":"BreadcrumbList","@id":"https:\/\/www.arspan.com\/it\/prodotti\/baguette\/macchina-di-testata-per-baguette\/#breadcrumb","itemListElement":[{"@type":"ListItem","position":1,"name":"","item":"https:\/\/www.arspan.com\/it\/"},{"@type":"ListItem","position":2,"name":"Prodotti","item":"https:\/\/www.arspan.com\/it\/prodotti\/"},{"@type":"ListItem","position":3,"name":"Baguette","item":"https:\/\/www.arspan.com\/it\/prodotti\/baguette\/"},{"@type":"ListItem","position":4,"name":"Macchina di testata per baguette"}]},{"@type":"WebSite","@id":"https:\/\/www.arspan.com\/en\/#website","url":"https:\/\/www.arspan.com\/en\/","name":"Ars Pan","description":"","publisher":{"@id":"https:\/\/www.arspan.com\/en\/#organization"},"potentialAction":[{"@type":"SearchAction","target":{"@type":"EntryPoint","urlTemplate":"https:\/\/www.arspan.com\/en\/?s={search_term_string}"},"query-input":{"@type":"PropertyValueSpecification","valueRequired":true,"valueName":"search_term_string"}}],"inLanguage":"it-IT"},{"@type":"Organization","@id":"https:\/\/www.arspan.com\/en\/#organization","name":"ARS PAN INDUSTRIALE s.r.l. a socio unico","url":"https:\/\/www.arspan.com\/en\/","logo":{"@type":"ImageObject","inLanguage":"it-IT","@id":"https:\/\/www.arspan.com\/en\/#\/schema\/logo\/image\/","url":"https:\/\/www.arspan.com\/wp-content\/uploads\/2020\/12\/logo_arspan.png","contentUrl":"https:\/\/www.arspan.com\/wp-content\/uploads\/2020\/12\/logo_arspan.png","width":386,"height":123,"caption":"ARS PAN INDUSTRIALE s.r.l. a socio unico"},"image":{"@id":"https:\/\/www.arspan.com\/en\/#\/schema\/logo\/image\/"}}]}},"_links":{"self":[{"href":"https:\/\/www.arspan.com\/it\/wp-json\/wp\/v2\/pages\/403","targetHints":{"allow":["GET"]}}],"collection":[{"href":"https:\/\/www.arspan.com\/it\/wp-json\/wp\/v2\/pages"}],"about":[{"href":"https:\/\/www.arspan.com\/it\/wp-json\/wp\/v2\/types\/page"}],"author":[{"embeddable":true,"href":"https:\/\/www.arspan.com\/it\/wp-json\/wp\/v2\/users\/2"}],"replies":[{"embeddable":true,"href":"https:\/\/www.arspan.com\/it\/wp-json\/wp\/v2\/comments?post=403"}],"version-history":[{"count":8,"href":"https:\/\/www.arspan.com\/it\/wp-json\/wp\/v2\/pages\/403\/revisions"}],"predecessor-version":[{"id":16270,"href":"https:\/\/www.arspan.com\/it\/wp-json\/wp\/v2\/pages\/403\/revisions\/16270"}],"up":[{"embeddable":true,"href":"https:\/\/www.arspan.com\/it\/wp-json\/wp\/v2\/pages\/19"}],"wp:featuredmedia":[{"embeddable":true,"href":"https:\/\/www.arspan.com\/it\/wp-json\/wp\/v2\/media\/15260"}],"wp:attachment":[{"href":"https:\/\/www.arspan.com\/it\/wp-json\/wp\/v2\/media?parent=403"}],"curies":[{"name":"wp","href":"https:\/\/api.w.org\/{rel}","templated":true}]}}