{"id":93,"date":"2016-11-09T17:48:21","date_gmt":"2016-11-09T16:48:21","guid":{"rendered":"https:\/\/www.arspan.com\/it\/?page_id=93"},"modified":"2021-08-12T12:28:46","modified_gmt":"2021-08-12T10:28:46","slug":"cracker","status":"publish","type":"page","link":"https:\/\/www.arspan.com\/it\/prodotti\/cracker\/","title":{"rendered":"Knackebrot"},"content":{"rendered":"\n<h2 class=\"wp-block-heading\">Caratteristiche prodotto<\/h2>\n\n\n\n<p>Il <strong>Knackebrot<\/strong> \u00e8 un tipico pane croccante svedese.<\/p>\n\n\n\n<p>La parola&nbsp;<strong><em>kn\u00e4cke<\/em>&nbsp;<\/strong>\u00e8 un suono&nbsp;onomatopeico&nbsp;che imita il rumore del pane croccante che si spezza.<\/p>\n\n\n\n<p>Il Knackebrot \u00e8 un prodotto <strong>ricco di fibre<\/strong>. tendenzialmente consumato durante la <strong>prima colazione<\/strong> o anche come <strong>snack <\/strong>durante la giornata. Pu\u00f2 essere cosparso da semi di lino, semi di papavero e sesamo.<\/p>\n\n\n\n<h2 class=\"wp-block-heading\">Tecnologia di produzione Ars Pan Industriale<\/h2>\n\n\n\n<p>I nostri impianti per la produzione del Knackebrot comprendono tutte le fasi del processo:<\/p>\n\n\n\n<ul class=\"wp-block-list\"><li>Taglio a ultrasuono per Knackebrot<\/li><li>Cella di lievitazione per Knackebrot<\/li><li>Forno a tunnel per cottura Knackebrot<\/li><\/ul>\n","protected":false},"excerpt":{"rendered":"<p>Caratteristiche prodotto Il Knackebrot \u00e8 un tipico pane croccante svedese. La parola&nbsp;kn\u00e4cke&nbsp;\u00e8 un suono&nbsp;onomatopeico&nbsp;che imita il rumore del pane croccante che si spezza. Il Knackebrot \u00e8 un prodotto ricco di fibre. tendenzialmente consumato durante la prima colazione o anche come snack durante la giornata. Pu\u00f2 essere cosparso da semi di lino, semi di papavero e [&hellip;]<\/p>\n","protected":false},"author":1,"featured_media":6536,"parent":9,"menu_order":189,"comment_status":"closed","ping_status":"closed","template":"page-prodotti.php","meta":{"_acf_changed":false,"footnotes":""},"class_list":["post-93","page","type-page","status-publish","has-post-thumbnail","hentry"],"acf":[],"yoast_head":"<!-- This site is optimized with the Yoast SEO plugin v27.4 - https:\/\/yoast.com\/product\/yoast-seo-wordpress\/ -->\n<title>Tecnologia produzione Knackebrot &#8211; Ars Pan, Macchine panificazione<\/title>\n<meta name=\"description\" content=\"Il Knackebrot \u00e8 un tipico pane croccante svedese: un prodotto ricco di fibre, tendenzialmente consumato durante la prima colazione.\" \/>\n<meta name=\"robots\" content=\"index, follow, max-snippet:-1, max-image-preview:large, max-video-preview:-1\" \/>\n<link rel=\"canonical\" href=\"https:\/\/www.arspan.com\/it\/prodotti\/cracker\/\" \/>\n<meta property=\"og:locale\" content=\"it_IT\" \/>\n<meta property=\"og:type\" content=\"article\" \/>\n<meta property=\"og:title\" content=\"Tecnologia produzione Knackebrot &#8211; Ars Pan, Macchine panificazione\" \/>\n<meta property=\"og:description\" content=\"Il Knackebrot \u00e8 un tipico pane croccante svedese: un prodotto ricco di fibre, tendenzialmente consumato durante la prima colazione.\" \/>\n<meta property=\"og:url\" content=\"https:\/\/www.arspan.com\/it\/prodotti\/cracker\/\" \/>\n<meta property=\"og:site_name\" content=\"Ars Pan\" \/>\n<meta property=\"article:modified_time\" content=\"2021-08-12T10:28:46+00:00\" \/>\n<meta property=\"og:image\" content=\"https:\/\/www.arspan.com\/wp-content\/uploads\/2020\/12\/arspan_cracker.jpg\" \/>\n\t<meta property=\"og:image:width\" content=\"1920\" \/>\n\t<meta property=\"og:image:height\" content=\"1080\" \/>\n\t<meta property=\"og:image:type\" content=\"image\/jpeg\" \/>\n<meta name=\"twitter:card\" content=\"summary_large_image\" \/>\n<meta name=\"twitter:label1\" content=\"Tempo di lettura stimato\" \/>\n\t<meta name=\"twitter:data1\" content=\"1 minuto\" \/>\n<script type=\"application\/ld+json\" class=\"yoast-schema-graph\">{\"@context\":\"https:\\\/\\\/schema.org\",\"@graph\":[{\"@type\":\"WebPage\",\"@id\":\"https:\\\/\\\/www.arspan.com\\\/it\\\/prodotti\\\/cracker\\\/\",\"url\":\"https:\\\/\\\/www.arspan.com\\\/it\\\/prodotti\\\/cracker\\\/\",\"name\":\"Tecnologia produzione Knackebrot &#8211; Ars Pan, Macchine panificazione\",\"isPartOf\":{\"@id\":\"https:\\\/\\\/www.arspan.com\\\/en\\\/#website\"},\"primaryImageOfPage\":{\"@id\":\"https:\\\/\\\/www.arspan.com\\\/it\\\/prodotti\\\/cracker\\\/#primaryimage\"},\"image\":{\"@id\":\"https:\\\/\\\/www.arspan.com\\\/it\\\/prodotti\\\/cracker\\\/#primaryimage\"},\"thumbnailUrl\":\"https:\\\/\\\/www.arspan.com\\\/wp-content\\\/uploads\\\/2020\\\/12\\\/arspan_cracker.jpg\",\"datePublished\":\"2016-11-09T16:48:21+00:00\",\"dateModified\":\"2021-08-12T10:28:46+00:00\",\"description\":\"Il Knackebrot \u00e8 un tipico pane croccante svedese: un prodotto ricco di fibre, tendenzialmente consumato durante la prima colazione.\",\"breadcrumb\":{\"@id\":\"https:\\\/\\\/www.arspan.com\\\/it\\\/prodotti\\\/cracker\\\/#breadcrumb\"},\"inLanguage\":\"it-IT\",\"potentialAction\":[{\"@type\":\"ReadAction\",\"target\":[\"https:\\\/\\\/www.arspan.com\\\/it\\\/prodotti\\\/cracker\\\/\"]}]},{\"@type\":\"ImageObject\",\"inLanguage\":\"it-IT\",\"@id\":\"https:\\\/\\\/www.arspan.com\\\/it\\\/prodotti\\\/cracker\\\/#primaryimage\",\"url\":\"https:\\\/\\\/www.arspan.com\\\/wp-content\\\/uploads\\\/2020\\\/12\\\/arspan_cracker.jpg\",\"contentUrl\":\"https:\\\/\\\/www.arspan.com\\\/wp-content\\\/uploads\\\/2020\\\/12\\\/arspan_cracker.jpg\",\"width\":1920,\"height\":1080},{\"@type\":\"BreadcrumbList\",\"@id\":\"https:\\\/\\\/www.arspan.com\\\/it\\\/prodotti\\\/cracker\\\/#breadcrumb\",\"itemListElement\":[{\"@type\":\"ListItem\",\"position\":1,\"name\":\"\",\"item\":\"https:\\\/\\\/www.arspan.com\\\/it\\\/\"},{\"@type\":\"ListItem\",\"position\":2,\"name\":\"Prodotti\",\"item\":\"https:\\\/\\\/www.arspan.com\\\/it\\\/prodotti\\\/\"},{\"@type\":\"ListItem\",\"position\":3,\"name\":\"Knackebrot\"}]},{\"@type\":\"WebSite\",\"@id\":\"https:\\\/\\\/www.arspan.com\\\/en\\\/#website\",\"url\":\"https:\\\/\\\/www.arspan.com\\\/en\\\/\",\"name\":\"Ars Pan\",\"description\":\"\",\"publisher\":{\"@id\":\"https:\\\/\\\/www.arspan.com\\\/en\\\/#organization\"},\"potentialAction\":[{\"@type\":\"SearchAction\",\"target\":{\"@type\":\"EntryPoint\",\"urlTemplate\":\"https:\\\/\\\/www.arspan.com\\\/en\\\/?s={search_term_string}\"},\"query-input\":{\"@type\":\"PropertyValueSpecification\",\"valueRequired\":true,\"valueName\":\"search_term_string\"}}],\"inLanguage\":\"it-IT\"},{\"@type\":\"Organization\",\"@id\":\"https:\\\/\\\/www.arspan.com\\\/en\\\/#organization\",\"name\":\"ARS PAN INDUSTRIALE s.r.l. a socio unico\",\"url\":\"https:\\\/\\\/www.arspan.com\\\/en\\\/\",\"logo\":{\"@type\":\"ImageObject\",\"inLanguage\":\"it-IT\",\"@id\":\"https:\\\/\\\/www.arspan.com\\\/en\\\/#\\\/schema\\\/logo\\\/image\\\/\",\"url\":\"https:\\\/\\\/www.arspan.com\\\/wp-content\\\/uploads\\\/2020\\\/12\\\/logo_arspan.png\",\"contentUrl\":\"https:\\\/\\\/www.arspan.com\\\/wp-content\\\/uploads\\\/2020\\\/12\\\/logo_arspan.png\",\"width\":386,\"height\":123,\"caption\":\"ARS PAN INDUSTRIALE s.r.l. a socio unico\"},\"image\":{\"@id\":\"https:\\\/\\\/www.arspan.com\\\/en\\\/#\\\/schema\\\/logo\\\/image\\\/\"}}]}<\/script>\n<!-- \/ Yoast SEO plugin. -->","yoast_head_json":{"title":"Tecnologia produzione Knackebrot &#8211; Ars Pan, Macchine panificazione","description":"Il Knackebrot \u00e8 un tipico pane croccante svedese: un prodotto ricco di fibre, tendenzialmente consumato durante la prima colazione.","robots":{"index":"index","follow":"follow","max-snippet":"max-snippet:-1","max-image-preview":"max-image-preview:large","max-video-preview":"max-video-preview:-1"},"canonical":"https:\/\/www.arspan.com\/it\/prodotti\/cracker\/","og_locale":"it_IT","og_type":"article","og_title":"Tecnologia produzione Knackebrot &#8211; Ars Pan, Macchine panificazione","og_description":"Il Knackebrot \u00e8 un tipico pane croccante svedese: un prodotto ricco di fibre, tendenzialmente consumato durante la prima colazione.","og_url":"https:\/\/www.arspan.com\/it\/prodotti\/cracker\/","og_site_name":"Ars Pan","article_modified_time":"2021-08-12T10:28:46+00:00","og_image":[{"width":1920,"height":1080,"url":"https:\/\/www.arspan.com\/wp-content\/uploads\/2020\/12\/arspan_cracker.jpg","type":"image\/jpeg"}],"twitter_card":"summary_large_image","twitter_misc":{"Tempo di lettura stimato":"1 minuto"},"schema":{"@context":"https:\/\/schema.org","@graph":[{"@type":"WebPage","@id":"https:\/\/www.arspan.com\/it\/prodotti\/cracker\/","url":"https:\/\/www.arspan.com\/it\/prodotti\/cracker\/","name":"Tecnologia produzione Knackebrot &#8211; Ars Pan, Macchine panificazione","isPartOf":{"@id":"https:\/\/www.arspan.com\/en\/#website"},"primaryImageOfPage":{"@id":"https:\/\/www.arspan.com\/it\/prodotti\/cracker\/#primaryimage"},"image":{"@id":"https:\/\/www.arspan.com\/it\/prodotti\/cracker\/#primaryimage"},"thumbnailUrl":"https:\/\/www.arspan.com\/wp-content\/uploads\/2020\/12\/arspan_cracker.jpg","datePublished":"2016-11-09T16:48:21+00:00","dateModified":"2021-08-12T10:28:46+00:00","description":"Il Knackebrot \u00e8 un tipico pane croccante svedese: un prodotto ricco di fibre, tendenzialmente consumato durante la prima colazione.","breadcrumb":{"@id":"https:\/\/www.arspan.com\/it\/prodotti\/cracker\/#breadcrumb"},"inLanguage":"it-IT","potentialAction":[{"@type":"ReadAction","target":["https:\/\/www.arspan.com\/it\/prodotti\/cracker\/"]}]},{"@type":"ImageObject","inLanguage":"it-IT","@id":"https:\/\/www.arspan.com\/it\/prodotti\/cracker\/#primaryimage","url":"https:\/\/www.arspan.com\/wp-content\/uploads\/2020\/12\/arspan_cracker.jpg","contentUrl":"https:\/\/www.arspan.com\/wp-content\/uploads\/2020\/12\/arspan_cracker.jpg","width":1920,"height":1080},{"@type":"BreadcrumbList","@id":"https:\/\/www.arspan.com\/it\/prodotti\/cracker\/#breadcrumb","itemListElement":[{"@type":"ListItem","position":1,"name":"","item":"https:\/\/www.arspan.com\/it\/"},{"@type":"ListItem","position":2,"name":"Prodotti","item":"https:\/\/www.arspan.com\/it\/prodotti\/"},{"@type":"ListItem","position":3,"name":"Knackebrot"}]},{"@type":"WebSite","@id":"https:\/\/www.arspan.com\/en\/#website","url":"https:\/\/www.arspan.com\/en\/","name":"Ars Pan","description":"","publisher":{"@id":"https:\/\/www.arspan.com\/en\/#organization"},"potentialAction":[{"@type":"SearchAction","target":{"@type":"EntryPoint","urlTemplate":"https:\/\/www.arspan.com\/en\/?s={search_term_string}"},"query-input":{"@type":"PropertyValueSpecification","valueRequired":true,"valueName":"search_term_string"}}],"inLanguage":"it-IT"},{"@type":"Organization","@id":"https:\/\/www.arspan.com\/en\/#organization","name":"ARS PAN INDUSTRIALE s.r.l. a socio unico","url":"https:\/\/www.arspan.com\/en\/","logo":{"@type":"ImageObject","inLanguage":"it-IT","@id":"https:\/\/www.arspan.com\/en\/#\/schema\/logo\/image\/","url":"https:\/\/www.arspan.com\/wp-content\/uploads\/2020\/12\/logo_arspan.png","contentUrl":"https:\/\/www.arspan.com\/wp-content\/uploads\/2020\/12\/logo_arspan.png","width":386,"height":123,"caption":"ARS PAN INDUSTRIALE s.r.l. a socio unico"},"image":{"@id":"https:\/\/www.arspan.com\/en\/#\/schema\/logo\/image\/"}}]}},"_links":{"self":[{"href":"https:\/\/www.arspan.com\/it\/wp-json\/wp\/v2\/pages\/93","targetHints":{"allow":["GET"]}}],"collection":[{"href":"https:\/\/www.arspan.com\/it\/wp-json\/wp\/v2\/pages"}],"about":[{"href":"https:\/\/www.arspan.com\/it\/wp-json\/wp\/v2\/types\/page"}],"author":[{"embeddable":true,"href":"https:\/\/www.arspan.com\/it\/wp-json\/wp\/v2\/users\/1"}],"replies":[{"embeddable":true,"href":"https:\/\/www.arspan.com\/it\/wp-json\/wp\/v2\/comments?post=93"}],"version-history":[{"count":4,"href":"https:\/\/www.arspan.com\/it\/wp-json\/wp\/v2\/pages\/93\/revisions"}],"predecessor-version":[{"id":17275,"href":"https:\/\/www.arspan.com\/it\/wp-json\/wp\/v2\/pages\/93\/revisions\/17275"}],"up":[{"embeddable":true,"href":"https:\/\/www.arspan.com\/it\/wp-json\/wp\/v2\/pages\/9"}],"wp:featuredmedia":[{"embeddable":true,"href":"https:\/\/www.arspan.com\/it\/wp-json\/wp\/v2\/media\/6536"}],"wp:attachment":[{"href":"https:\/\/www.arspan.com\/it\/wp-json\/wp\/v2\/media?parent=93"}],"curies":[{"name":"wp","href":"https:\/\/api.w.org\/{rel}","templated":true}]}}