{"id":990,"date":"2017-01-23T10:34:23","date_gmt":"2017-01-23T09:34:23","guid":{"rendered":"https:\/\/www.arspan.com\/?page_id=990\/"},"modified":"2021-08-12T12:24:49","modified_gmt":"2021-08-12T10:24:49","slug":"pan-carre-fette-biscottate","status":"publish","type":"page","link":"https:\/\/www.arspan.com\/it\/prodotti\/pan-carre-fette-biscottate\/","title":{"rendered":"Pan carr\u00e9 \/ Fette biscottate"},"content":{"rendered":"\n<h2 class=\"wp-block-heading\">Caratteristiche prodotto<\/h2>\n\n\n\n<p>Il <strong>pancarr\u00e9<\/strong>, dal francese pain carr\u00e9, detto anche <strong>pane in cassetta<\/strong>, <strong>pan bauletto<\/strong>, <strong>pane da sandwich<\/strong>, <strong>pane da tramezzini<\/strong>, <strong>pane da toast<\/strong> \u00e8 un tipo di pane, spesso contenente burro o grassi vegetali, generalmente usato per la preparazione di toast o per la tostatura in generale.<\/p>\n\n\n\n<p>Il pan carr\u00e9, una volta raffreddato e tostato in maniera opportuna, d\u00e0 origine alla <strong>fetta biscottata<\/strong>, tradizionalmente consumata durante la <strong>prima colazione.<\/strong><\/p>\n\n\n\n<h2 class=\"wp-block-heading\">Tecnologia di produzione Ars Pan Industriale<\/h2>\n\n\n\n<p>I nostri impianti per la produzione del pancarr\u00e8 e delle fette biscottate comprendono tutte le fasi del processo:<\/p>\n\n\n\n<ul class=\"wp-block-list\"><li>Macchina di testata per pancarr\u00e8<\/li><li>Cella di lievitazione per pancarr\u00e8<\/li><li>Forno a tunnel per pancarr\u00e8<\/li><li>Forno di tostatura per fette biscottate<\/li><\/ul>\n","protected":false},"excerpt":{"rendered":"<p>Caratteristiche prodotto Il pancarr\u00e9, dal francese pain carr\u00e9, detto anche pane in cassetta, pan bauletto, pane da sandwich, pane da tramezzini, pane da toast \u00e8 un tipo di pane, spesso contenente burro o grassi vegetali, generalmente usato per la preparazione di toast o per la tostatura in generale. Il pan carr\u00e9, una volta raffreddato e [&hellip;]<\/p>\n","protected":false},"author":1,"featured_media":6467,"parent":9,"menu_order":163,"comment_status":"closed","ping_status":"closed","template":"page-prodotti.php","meta":{"_acf_changed":false,"footnotes":""},"class_list":["post-990","page","type-page","status-publish","has-post-thumbnail","hentry"],"acf":[],"yoast_head":"<!-- This site is optimized with the Yoast SEO plugin v27.5 - https:\/\/yoast.com\/product\/yoast-seo-wordpress\/ -->\n<title>Tecnologia per la produzione del Pancarr\u00e9 &#8211; Ars Pan<\/title>\n<meta name=\"description\" content=\"Il pancarr\u00e9 \u00e8 un tipo di pane generalmente usato per la preparazione di toast o per la tostatura in generale.\" \/>\n<meta name=\"robots\" content=\"index, follow, max-snippet:-1, max-image-preview:large, max-video-preview:-1\" \/>\n<link rel=\"canonical\" href=\"https:\/\/www.arspan.com\/it\/prodotti\/pan-carre-fette-biscottate\/\" \/>\n<meta property=\"og:locale\" content=\"it_IT\" \/>\n<meta property=\"og:type\" content=\"article\" \/>\n<meta property=\"og:title\" content=\"Tecnologia per la produzione del Pancarr\u00e9 &#8211; Ars Pan\" \/>\n<meta property=\"og:description\" content=\"Il pancarr\u00e9 \u00e8 un tipo di pane generalmente usato per la preparazione di toast o per la tostatura in generale.\" \/>\n<meta property=\"og:url\" content=\"https:\/\/www.arspan.com\/it\/prodotti\/pan-carre-fette-biscottate\/\" \/>\n<meta property=\"og:site_name\" content=\"Ars Pan\" \/>\n<meta property=\"article:modified_time\" content=\"2021-08-12T10:24:49+00:00\" \/>\n<meta property=\"og:image\" content=\"https:\/\/www.arspan.com\/wp-content\/uploads\/2020\/12\/arspan_fette-biscottate-pancarre.jpg\" \/>\n\t<meta property=\"og:image:width\" content=\"1920\" \/>\n\t<meta property=\"og:image:height\" content=\"1080\" \/>\n\t<meta property=\"og:image:type\" content=\"image\/jpeg\" \/>\n<meta name=\"twitter:card\" content=\"summary_large_image\" \/>\n<meta name=\"twitter:label1\" content=\"Tempo di lettura stimato\" \/>\n\t<meta name=\"twitter:data1\" content=\"1 minuto\" \/>\n<script type=\"application\/ld+json\" class=\"yoast-schema-graph\">{\"@context\":\"https:\\\/\\\/schema.org\",\"@graph\":[{\"@type\":\"WebPage\",\"@id\":\"https:\\\/\\\/www.arspan.com\\\/it\\\/prodotti\\\/pan-carre-fette-biscottate\\\/\",\"url\":\"https:\\\/\\\/www.arspan.com\\\/it\\\/prodotti\\\/pan-carre-fette-biscottate\\\/\",\"name\":\"Tecnologia per la produzione del Pancarr\u00e9 &#8211; Ars Pan\",\"isPartOf\":{\"@id\":\"https:\\\/\\\/www.arspan.com\\\/en\\\/#website\"},\"primaryImageOfPage\":{\"@id\":\"https:\\\/\\\/www.arspan.com\\\/it\\\/prodotti\\\/pan-carre-fette-biscottate\\\/#primaryimage\"},\"image\":{\"@id\":\"https:\\\/\\\/www.arspan.com\\\/it\\\/prodotti\\\/pan-carre-fette-biscottate\\\/#primaryimage\"},\"thumbnailUrl\":\"https:\\\/\\\/www.arspan.com\\\/wp-content\\\/uploads\\\/2020\\\/12\\\/arspan_fette-biscottate-pancarre.jpg\",\"datePublished\":\"2017-01-23T09:34:23+00:00\",\"dateModified\":\"2021-08-12T10:24:49+00:00\",\"description\":\"Il pancarr\u00e9 \u00e8 un tipo di pane generalmente usato per la preparazione di toast o per la tostatura in generale.\",\"breadcrumb\":{\"@id\":\"https:\\\/\\\/www.arspan.com\\\/it\\\/prodotti\\\/pan-carre-fette-biscottate\\\/#breadcrumb\"},\"inLanguage\":\"it-IT\",\"potentialAction\":[{\"@type\":\"ReadAction\",\"target\":[\"https:\\\/\\\/www.arspan.com\\\/it\\\/prodotti\\\/pan-carre-fette-biscottate\\\/\"]}]},{\"@type\":\"ImageObject\",\"inLanguage\":\"it-IT\",\"@id\":\"https:\\\/\\\/www.arspan.com\\\/it\\\/prodotti\\\/pan-carre-fette-biscottate\\\/#primaryimage\",\"url\":\"https:\\\/\\\/www.arspan.com\\\/wp-content\\\/uploads\\\/2020\\\/12\\\/arspan_fette-biscottate-pancarre.jpg\",\"contentUrl\":\"https:\\\/\\\/www.arspan.com\\\/wp-content\\\/uploads\\\/2020\\\/12\\\/arspan_fette-biscottate-pancarre.jpg\",\"width\":1920,\"height\":1080},{\"@type\":\"BreadcrumbList\",\"@id\":\"https:\\\/\\\/www.arspan.com\\\/it\\\/prodotti\\\/pan-carre-fette-biscottate\\\/#breadcrumb\",\"itemListElement\":[{\"@type\":\"ListItem\",\"position\":1,\"name\":\"\",\"item\":\"https:\\\/\\\/www.arspan.com\\\/it\\\/\"},{\"@type\":\"ListItem\",\"position\":2,\"name\":\"Prodotti\",\"item\":\"https:\\\/\\\/www.arspan.com\\\/it\\\/prodotti\\\/\"},{\"@type\":\"ListItem\",\"position\":3,\"name\":\"Pan carr\u00e9 \\\/ Fette biscottate\"}]},{\"@type\":\"WebSite\",\"@id\":\"https:\\\/\\\/www.arspan.com\\\/en\\\/#website\",\"url\":\"https:\\\/\\\/www.arspan.com\\\/en\\\/\",\"name\":\"Ars Pan\",\"description\":\"\",\"publisher\":{\"@id\":\"https:\\\/\\\/www.arspan.com\\\/en\\\/#organization\"},\"potentialAction\":[{\"@type\":\"SearchAction\",\"target\":{\"@type\":\"EntryPoint\",\"urlTemplate\":\"https:\\\/\\\/www.arspan.com\\\/en\\\/?s={search_term_string}\"},\"query-input\":{\"@type\":\"PropertyValueSpecification\",\"valueRequired\":true,\"valueName\":\"search_term_string\"}}],\"inLanguage\":\"it-IT\"},{\"@type\":\"Organization\",\"@id\":\"https:\\\/\\\/www.arspan.com\\\/en\\\/#organization\",\"name\":\"ARS PAN INDUSTRIALE s.r.l. a socio unico\",\"url\":\"https:\\\/\\\/www.arspan.com\\\/en\\\/\",\"logo\":{\"@type\":\"ImageObject\",\"inLanguage\":\"it-IT\",\"@id\":\"https:\\\/\\\/www.arspan.com\\\/en\\\/#\\\/schema\\\/logo\\\/image\\\/\",\"url\":\"https:\\\/\\\/www.arspan.com\\\/wp-content\\\/uploads\\\/2020\\\/12\\\/logo_arspan.png\",\"contentUrl\":\"https:\\\/\\\/www.arspan.com\\\/wp-content\\\/uploads\\\/2020\\\/12\\\/logo_arspan.png\",\"width\":386,\"height\":123,\"caption\":\"ARS PAN INDUSTRIALE s.r.l. a socio unico\"},\"image\":{\"@id\":\"https:\\\/\\\/www.arspan.com\\\/en\\\/#\\\/schema\\\/logo\\\/image\\\/\"}}]}<\/script>\n<!-- \/ Yoast SEO plugin. -->","yoast_head_json":{"title":"Tecnologia per la produzione del Pancarr\u00e9 &#8211; Ars Pan","description":"Il pancarr\u00e9 \u00e8 un tipo di pane generalmente usato per la preparazione di toast o per la tostatura in generale.","robots":{"index":"index","follow":"follow","max-snippet":"max-snippet:-1","max-image-preview":"max-image-preview:large","max-video-preview":"max-video-preview:-1"},"canonical":"https:\/\/www.arspan.com\/it\/prodotti\/pan-carre-fette-biscottate\/","og_locale":"it_IT","og_type":"article","og_title":"Tecnologia per la produzione del Pancarr\u00e9 &#8211; Ars Pan","og_description":"Il pancarr\u00e9 \u00e8 un tipo di pane generalmente usato per la preparazione di toast o per la tostatura in generale.","og_url":"https:\/\/www.arspan.com\/it\/prodotti\/pan-carre-fette-biscottate\/","og_site_name":"Ars Pan","article_modified_time":"2021-08-12T10:24:49+00:00","og_image":[{"width":1920,"height":1080,"url":"https:\/\/www.arspan.com\/wp-content\/uploads\/2020\/12\/arspan_fette-biscottate-pancarre.jpg","type":"image\/jpeg"}],"twitter_card":"summary_large_image","twitter_misc":{"Tempo di lettura stimato":"1 minuto"},"schema":{"@context":"https:\/\/schema.org","@graph":[{"@type":"WebPage","@id":"https:\/\/www.arspan.com\/it\/prodotti\/pan-carre-fette-biscottate\/","url":"https:\/\/www.arspan.com\/it\/prodotti\/pan-carre-fette-biscottate\/","name":"Tecnologia per la produzione del Pancarr\u00e9 &#8211; Ars Pan","isPartOf":{"@id":"https:\/\/www.arspan.com\/en\/#website"},"primaryImageOfPage":{"@id":"https:\/\/www.arspan.com\/it\/prodotti\/pan-carre-fette-biscottate\/#primaryimage"},"image":{"@id":"https:\/\/www.arspan.com\/it\/prodotti\/pan-carre-fette-biscottate\/#primaryimage"},"thumbnailUrl":"https:\/\/www.arspan.com\/wp-content\/uploads\/2020\/12\/arspan_fette-biscottate-pancarre.jpg","datePublished":"2017-01-23T09:34:23+00:00","dateModified":"2021-08-12T10:24:49+00:00","description":"Il pancarr\u00e9 \u00e8 un tipo di pane generalmente usato per la preparazione di toast o per la tostatura in generale.","breadcrumb":{"@id":"https:\/\/www.arspan.com\/it\/prodotti\/pan-carre-fette-biscottate\/#breadcrumb"},"inLanguage":"it-IT","potentialAction":[{"@type":"ReadAction","target":["https:\/\/www.arspan.com\/it\/prodotti\/pan-carre-fette-biscottate\/"]}]},{"@type":"ImageObject","inLanguage":"it-IT","@id":"https:\/\/www.arspan.com\/it\/prodotti\/pan-carre-fette-biscottate\/#primaryimage","url":"https:\/\/www.arspan.com\/wp-content\/uploads\/2020\/12\/arspan_fette-biscottate-pancarre.jpg","contentUrl":"https:\/\/www.arspan.com\/wp-content\/uploads\/2020\/12\/arspan_fette-biscottate-pancarre.jpg","width":1920,"height":1080},{"@type":"BreadcrumbList","@id":"https:\/\/www.arspan.com\/it\/prodotti\/pan-carre-fette-biscottate\/#breadcrumb","itemListElement":[{"@type":"ListItem","position":1,"name":"","item":"https:\/\/www.arspan.com\/it\/"},{"@type":"ListItem","position":2,"name":"Prodotti","item":"https:\/\/www.arspan.com\/it\/prodotti\/"},{"@type":"ListItem","position":3,"name":"Pan carr\u00e9 \/ Fette biscottate"}]},{"@type":"WebSite","@id":"https:\/\/www.arspan.com\/en\/#website","url":"https:\/\/www.arspan.com\/en\/","name":"Ars Pan","description":"","publisher":{"@id":"https:\/\/www.arspan.com\/en\/#organization"},"potentialAction":[{"@type":"SearchAction","target":{"@type":"EntryPoint","urlTemplate":"https:\/\/www.arspan.com\/en\/?s={search_term_string}"},"query-input":{"@type":"PropertyValueSpecification","valueRequired":true,"valueName":"search_term_string"}}],"inLanguage":"it-IT"},{"@type":"Organization","@id":"https:\/\/www.arspan.com\/en\/#organization","name":"ARS PAN INDUSTRIALE s.r.l. a socio unico","url":"https:\/\/www.arspan.com\/en\/","logo":{"@type":"ImageObject","inLanguage":"it-IT","@id":"https:\/\/www.arspan.com\/en\/#\/schema\/logo\/image\/","url":"https:\/\/www.arspan.com\/wp-content\/uploads\/2020\/12\/logo_arspan.png","contentUrl":"https:\/\/www.arspan.com\/wp-content\/uploads\/2020\/12\/logo_arspan.png","width":386,"height":123,"caption":"ARS PAN INDUSTRIALE s.r.l. a socio unico"},"image":{"@id":"https:\/\/www.arspan.com\/en\/#\/schema\/logo\/image\/"}}]}},"_links":{"self":[{"href":"https:\/\/www.arspan.com\/it\/wp-json\/wp\/v2\/pages\/990","targetHints":{"allow":["GET"]}}],"collection":[{"href":"https:\/\/www.arspan.com\/it\/wp-json\/wp\/v2\/pages"}],"about":[{"href":"https:\/\/www.arspan.com\/it\/wp-json\/wp\/v2\/types\/page"}],"author":[{"embeddable":true,"href":"https:\/\/www.arspan.com\/it\/wp-json\/wp\/v2\/users\/1"}],"replies":[{"embeddable":true,"href":"https:\/\/www.arspan.com\/it\/wp-json\/wp\/v2\/comments?post=990"}],"version-history":[{"count":7,"href":"https:\/\/www.arspan.com\/it\/wp-json\/wp\/v2\/pages\/990\/revisions"}],"predecessor-version":[{"id":17267,"href":"https:\/\/www.arspan.com\/it\/wp-json\/wp\/v2\/pages\/990\/revisions\/17267"}],"up":[{"embeddable":true,"href":"https:\/\/www.arspan.com\/it\/wp-json\/wp\/v2\/pages\/9"}],"wp:featuredmedia":[{"embeddable":true,"href":"https:\/\/www.arspan.com\/it\/wp-json\/wp\/v2\/media\/6467"}],"wp:attachment":[{"href":"https:\/\/www.arspan.com\/it\/wp-json\/wp\/v2\/media?parent=990"}],"curies":[{"name":"wp","href":"https:\/\/api.w.org\/{rel}","templated":true}]}}